{"id":68287009,"date":"2023-04-04T17:27:36","date_gmt":"2023-04-04T15:27:36","guid":{"rendered":"https:\/\/kraftwerk-shop.cc\/?post_type=product&#038;p=68287009"},"modified":"2026-02-15T00:43:19","modified_gmt":"2026-02-14T23:43:19","slug":"pedal-commander-pedalbox-jeep-gladiator","status":"publish","type":"product","link":"https:\/\/kraftwerk-shop.cc\/pl\/produkt\/pedal-commander-pedalbox-jeep-gladiator\/","title":{"rendered":"Peda\u0142 Commander dla Jeep Gladiator"},"content":{"rendered":"<h1 class=\"h2 product-single__title\">Tuner peda\u0142u przyspieszenia PC78 od Pedal Commander dla Jeep Gladiator<\/h1>\n<div class=\"product-single__description rte\">\n<p>&nbsp;<\/p>\n<p>Jest to sprytna skrzynka tuningowa peda\u0142u przyspieszenia, kt\u00f3ra nie ingeruje w zarz\u0105dzanie silnikiem, a jedynie prze\u0142\u0105cza si\u0119 mi\u0119dzy peda\u0142em przyspieszenia a d\u017awigni\u0105 przepustnicy.<\/p>\n<ul>\n<li>Funkcja Plug-and-Play: pojazd jest gotowy do ponownego u\u017cycia w ci\u0105gu zaledwie kilku minut, bez konieczno\u015bci posiadania specjalistycznej wiedzy.<\/li>\n<li>Gwarancja pojazdu pozostaje nienaruszona, nie jest to tuning silnika.<\/li>\n<li>Sterowanie odbywa si\u0119 za pomoc\u0105 przycisk\u00f3w na urz\u0105dzeniu lub aplikacji Pedal Commander na smartfonie.<\/li>\n<\/ul>\n<p>&nbsp;<\/p>\n<p>Do wyboru s\u0105 cztery r\u00f3\u017cne tryby jazdy (ECO, CITY, SPORT i SPORT+)<\/p>\n<ul>\n<li><strong>ECO-MODE:<\/strong> Jest to najbardziej idealny tryb do jazdy w z\u0142ych warunkach pogodowych i terenowych. Zapewnia najbezpieczniejsz\u0105 reakcj\u0119 przepustnicy. Ci\u0105g\u0142e korzystanie z trybu Eco pomaga oszcz\u0119dza\u0107 paliwo.<\/li>\n<li><strong>TRYB MIEJSKI:<\/strong>\u00a0Jest to tryb najbardziej zbli\u017cony do standardowej reakcji przepustnicy.<\/li>\n<li><strong>TRYB SPORT:<\/strong>\u00a0Tryb ten zapewnia dynamiczn\u0105 jazd\u0119.<\/li>\n<li><strong>TRYB SPORT<\/strong>Mo\u017ce by\u0107 r\u00f3wnie\u017c zdefiniowany jako tryb wy\u015bcigowy.<\/li>\n<\/ul>\n<\/div>\n<p>&nbsp;<\/p>\n<p><strong>Odpowiedni dla:<\/strong><\/p>\n<table width=\"749\">\n<tbody>\n<tr>\n<td width=\"262\"><strong>Marka <\/strong><\/td>\n<td width=\"158\"><strong>Model<br \/>\n<\/strong><\/td>\n<td width=\"134\"><strong>Wariant<\/strong><\/td>\n<td width=\"112\"><strong>Silnik<\/strong><\/td>\n<td width=\"83\"><strong>Rok<\/strong><\/td>\n<\/tr>\n<tr>\n<td width=\"262\">Jeep<\/td>\n<td width=\"158\">Gladiator<\/td>\n<td width=\"134\">JT<\/td>\n<td width=\"112\">3.0 Diesel<\/td>\n<td width=\"83\">2020 \u2013<\/td>\n<\/tr>\n<tr>\n<td width=\"262\">Jeep<\/td>\n<td width=\"158\">Gladiator<\/td>\n<td width=\"134\">JT<\/td>\n<td width=\"112\">3.6L Pentastar V6<\/td>\n<td width=\"83\">2020 \u2013<\/td>\n<\/tr>\n<\/tbody>\n<\/table>\n<p>&nbsp;<\/p>\n<p><iframe loading=\"lazy\" title=\"Skrzynka tuningowa peda\u0142u przepustnicy \/ kontroler reakcji przepustnicy od Pedal Commander\" src=\"https:\/\/www.youtube.com\/embed\/q3iPV2YuwXU\" width=\"882\" height=\"496\" frameborder=\"0\" allowfullscreen=\"allowfullscreen\"><\/iframe><\/p>","protected":false},"excerpt":{"rendered":"<p>2020+<\/p>","protected":false},"featured_media":68287013,"comment_status":"open","ping_status":"closed","template":"","meta":{"_acf_changed":false},"product_brand":[],"product_cat":[3014],"product_tag":[420,89,169,4845,996,875,4842,4890,4844,2217,2934,50,4841,4843,4879,170,186,4868,4889,198],"class_list":{"0":"post-68287009","1":"product","2":"type-product","3":"status-publish","4":"has-post-thumbnail","6":"product_cat-gladiator-36-programmiergeraete","7":"product_tag-420","8":"product_tag-3-0","9":"product_tag-3-6","10":"product_tag-bluetooth","11":"product_tag-booster","12":"product_tag-diesel","13":"product_tag-gaspedal","14":"product_tag-gaspedalbooster","15":"product_tag-gaspedaltuning","16":"product_tag-gladiator","17":"product_tag-harder","18":"product_tag-jeep","19":"product_tag-padal-box","20":"product_tag-pedal-commander","21":"product_tag-pedalbox","22":"product_tag-pentastar","23":"product_tag-performance","24":"product_tag-throttle-booster","25":"product_tag-tuningbox","26":"product_tag-v6","27":"product_shipping_class-deutschlandohne","29":"first","30":"outofstock","31":"taxable","32":"shipping-taxable","33":"purchasable","34":"product-type-simple"},"bundled_by":[],"bundle_stock_status":"outofstock","bundle_stock_quantity":0,"bundle_virtual":false,"bundle_layout":"","bundle_add_to_cart_form_location":"","bundle_editable_in_cart":false,"bundle_sold_individually_context":"","bundle_item_grouping":"","bundle_min_size":"","bundle_max_size":"","bundle_price":[],"bundled_items":[],"bundle_sell_ids":[],"exclude_global_add_ons":[],"addons":[],"acf":[],"_links":{"self":[{"href":"https:\/\/kraftwerk-shop.cc\/pl\/wp-json\/wp\/v2\/product\/68287009","targetHints":{"allow":["GET"]}}],"collection":[{"href":"https:\/\/kraftwerk-shop.cc\/pl\/wp-json\/wp\/v2\/product"}],"about":[{"href":"https:\/\/kraftwerk-shop.cc\/pl\/wp-json\/wp\/v2\/types\/product"}],"replies":[{"embeddable":true,"href":"https:\/\/kraftwerk-shop.cc\/pl\/wp-json\/wp\/v2\/comments?post=68287009"}],"version-history":[{"count":0,"href":"https:\/\/kraftwerk-shop.cc\/pl\/wp-json\/wp\/v2\/product\/68287009\/revisions"}],"wp:featuredmedia":[{"embeddable":true,"href":"https:\/\/kraftwerk-shop.cc\/pl\/wp-json\/wp\/v2\/media\/68287013"}],"wp:attachment":[{"href":"https:\/\/kraftwerk-shop.cc\/pl\/wp-json\/wp\/v2\/media?parent=68287009"}],"wp:term":[{"taxonomy":"product_brand","embeddable":true,"href":"https:\/\/kraftwerk-shop.cc\/pl\/wp-json\/wp\/v2\/product_brand?post=68287009"},{"taxonomy":"product_cat","embeddable":true,"href":"https:\/\/kraftwerk-shop.cc\/pl\/wp-json\/wp\/v2\/product_cat?post=68287009"},{"taxonomy":"product_tag","embeddable":true,"href":"https:\/\/kraftwerk-shop.cc\/pl\/wp-json\/wp\/v2\/product_tag?post=68287009"}],"curies":[{"name":"wp","href":"https:\/\/api.w.org\/{rel}","templated":true}]}}