{"id":68287042,"date":"2023-04-04T18:13:23","date_gmt":"2023-04-04T16:13:23","guid":{"rendered":"https:\/\/kraftwerk-shop.cc\/?post_type=product&#038;p=68287042"},"modified":"2026-02-15T00:53:41","modified_gmt":"2026-02-14T23:53:41","slug":"pedalbox-tuning-ram-1500-trx","status":"publish","type":"product","link":"https:\/\/kraftwerk-shop.cc\/pl\/produkt\/pedalbox-tuning-ram-1500-trx\/","title":{"rendered":"Peda\u0142 Commander dla RAM 1500 5. generacji"},"content":{"rendered":"<h1 class=\"h2 product-single__title\">Tuner peda\u0142u przyspieszenia PC78 od Pedal Commander dla RAM 1500 5. generacji<\/h1>\n<div class=\"product-single__description rte\">\n<p>&nbsp;<\/p>\n<p>Jest to sprytna skrzynka tuningowa peda\u0142u przyspieszenia, kt\u00f3ra nie ingeruje w zarz\u0105dzanie silnikiem, a jedynie prze\u0142\u0105cza si\u0119 mi\u0119dzy peda\u0142em przyspieszenia a d\u017awigni\u0105 przepustnicy.<\/p>\n<ul>\n<li>Funkcja Plug-and-Play: pojazd jest gotowy do ponownego u\u017cycia w ci\u0105gu zaledwie kilku minut, bez konieczno\u015bci posiadania specjalistycznej wiedzy.<\/li>\n<li>Gwarancja pojazdu pozostaje nienaruszona, nie jest to tuning silnika.<\/li>\n<li>Sterowanie odbywa si\u0119 za pomoc\u0105 przycisk\u00f3w na urz\u0105dzeniu lub aplikacji Pedal Commander na smartfonie.<\/li>\n<\/ul>\n<p>&nbsp;<\/p>\n<p>Do wyboru s\u0105 cztery r\u00f3\u017cne tryby jazdy (ECO, CITY, SPORT i SPORT+)<\/p>\n<ul>\n<li><strong>ECO-MODE:<\/strong> Jest to najbardziej idealny tryb do jazdy w z\u0142ych warunkach pogodowych i terenowych. Zapewnia najbezpieczniejsz\u0105 reakcj\u0119 przepustnicy. Ci\u0105g\u0142e korzystanie z trybu Eco pomaga oszcz\u0119dza\u0107 paliwo.<\/li>\n<li><strong>TRYB MIEJSKI:<\/strong>\u00a0Jest to tryb najbardziej zbli\u017cony do standardowej reakcji przepustnicy.<\/li>\n<li><strong>TRYB SPORT:<\/strong>\u00a0Tryb ten zapewnia dynamiczn\u0105 jazd\u0119.<\/li>\n<li><strong>TRYB SPORT<\/strong>Mo\u017ce by\u0107 r\u00f3wnie\u017c zdefiniowany jako tryb wy\u015bcigowy.<\/li>\n<\/ul>\n<\/div>\n<p>&nbsp;<\/p>\n<p><strong>Odpowiedni dla:<\/strong><\/p>\n<table width=\"749\">\n<tbody>\n<tr>\n<td width=\"262\"><strong>Marka <\/strong><\/td>\n<td width=\"158\"><strong>Model<br \/>\n<\/strong><\/td>\n<td width=\"134\"><strong>Wariant<\/strong><\/td>\n<td width=\"112\"><strong>Silnik<\/strong><\/td>\n<td width=\"83\"><strong>Rok<\/strong><\/td>\n<\/tr>\n<tr>\n<td width=\"262\">RAM<\/td>\n<td width=\"158\">1500<\/td>\n<td width=\"134\">5. generacja<\/td>\n<td width=\"112\">3.0 Diesel, 3.6, 5.7, 6.2 TRX<\/td>\n<td width=\"83\">2019 \u2013<\/td>\n<\/tr>\n<\/tbody>\n<\/table>\n<p>&nbsp;<\/p>\n<p>&nbsp;<\/p>\n<p><iframe loading=\"lazy\" title=\"Skrzynka tuningowa peda\u0142u przepustnicy \/ kontroler reakcji przepustnicy od Pedal Commander\" src=\"https:\/\/www.youtube.com\/embed\/q3iPV2YuwXU\" width=\"882\" height=\"496\" frameborder=\"0\" allowfullscreen=\"allowfullscreen\"><\/iframe><\/p>","protected":false},"excerpt":{"rendered":"<p>2019+<\/p>","protected":false},"featured_media":68287044,"comment_status":"open","ping_status":"closed","template":"","meta":{"_acf_changed":false},"product_brand":[],"product_cat":[4241,19690,5020,2705],"product_tag":[475,419,420,89,169,4891,91,4966,101,4845,996,49,4965,4842,4890,4844,56,2934,4841,4843,4963,4879,4962,4964,170,186,4865,4444,4868,2353,4889,198,194],"class_list":{"0":"post-68287042","1":"product","2":"type-product","3":"status-publish","4":"has-post-thumbnail","6":"product_cat-1500-ecodiesel-programmiergeraete","7":"product_cat-1500-36-dt-programmiergeraete","8":"product_cat-1500-57-dt-programmiergeraete","9":"product_cat-trx-programmiergeraete","10":"product_tag-475","11":"product_tag-419","12":"product_tag-420","13":"product_tag-3-0","14":"product_tag-3-6","15":"product_tag-5-generation","16":"product_tag-5-7","17":"product_tag-5-gen","18":"product_tag-6-2","19":"product_tag-bluetooth","20":"product_tag-booster","21":"product_tag-dodge","22":"product_tag-dodge-ram","23":"product_tag-gaspedal","24":"product_tag-gaspedalbooster","25":"product_tag-gaspedaltuning","26":"product_tag-grand-cherokee","27":"product_tag-harder","28":"product_tag-padal-box","29":"product_tag-pedal-commander","30":"product_tag-pedalbooster","31":"product_tag-pedalbox","32":"product_tag-pedalboxtuning","33":"product_tag-pedaltuning","34":"product_tag-pentastar","35":"product_tag-performance","36":"product_tag-powerbox","37":"product_tag-ram-trx","38":"product_tag-throttle-booster","39":"product_tag-trx","40":"product_tag-tuningbox","41":"product_tag-v6","42":"product_tag-v8","43":"product_shipping_class-deutschlandohne","45":"first","46":"outofstock","47":"taxable","48":"shipping-taxable","49":"purchasable","50":"product-type-simple"},"bundled_by":[],"bundle_stock_status":"outofstock","bundle_stock_quantity":0,"bundle_virtual":false,"bundle_layout":"","bundle_add_to_cart_form_location":"","bundle_editable_in_cart":false,"bundle_sold_individually_context":"","bundle_item_grouping":"","bundle_min_size":"","bundle_max_size":"","bundle_price":[],"bundled_items":[],"bundle_sell_ids":[],"exclude_global_add_ons":[],"addons":[],"acf":[],"_links":{"self":[{"href":"https:\/\/kraftwerk-shop.cc\/pl\/wp-json\/wp\/v2\/product\/68287042","targetHints":{"allow":["GET"]}}],"collection":[{"href":"https:\/\/kraftwerk-shop.cc\/pl\/wp-json\/wp\/v2\/product"}],"about":[{"href":"https:\/\/kraftwerk-shop.cc\/pl\/wp-json\/wp\/v2\/types\/product"}],"replies":[{"embeddable":true,"href":"https:\/\/kraftwerk-shop.cc\/pl\/wp-json\/wp\/v2\/comments?post=68287042"}],"version-history":[{"count":0,"href":"https:\/\/kraftwerk-shop.cc\/pl\/wp-json\/wp\/v2\/product\/68287042\/revisions"}],"wp:featuredmedia":[{"embeddable":true,"href":"https:\/\/kraftwerk-shop.cc\/pl\/wp-json\/wp\/v2\/media\/68287044"}],"wp:attachment":[{"href":"https:\/\/kraftwerk-shop.cc\/pl\/wp-json\/wp\/v2\/media?parent=68287042"}],"wp:term":[{"taxonomy":"product_brand","embeddable":true,"href":"https:\/\/kraftwerk-shop.cc\/pl\/wp-json\/wp\/v2\/product_brand?post=68287042"},{"taxonomy":"product_cat","embeddable":true,"href":"https:\/\/kraftwerk-shop.cc\/pl\/wp-json\/wp\/v2\/product_cat?post=68287042"},{"taxonomy":"product_tag","embeddable":true,"href":"https:\/\/kraftwerk-shop.cc\/pl\/wp-json\/wp\/v2\/product_tag?post=68287042"}],"curies":[{"name":"wp","href":"https:\/\/api.w.org\/{rel}","templated":true}]}}