{"id":68287533,"date":"2023-04-21T12:28:09","date_gmt":"2023-04-21T10:28:09","guid":{"rendered":"https:\/\/kraftwerk-shop.cc\/?post_type=product&#038;p=68287533"},"modified":"2026-02-15T00:51:38","modified_gmt":"2026-02-14T23:51:38","slug":"borla-x-pipe-60548-corvette-c7","status":"publish","type":"product","link":"https:\/\/kraftwerk-shop.cc\/pl\/produkt\/borla-x-pipe-60548-corvette-c7\/","title":{"rendered":"Borla X-Pipe Corvette C7"},"content":{"rendered":"<p>Nadaje si\u0119 do Chevrolet Corvette C7 z lub bez zawor\u00f3w AFM i \/ lub zawor\u00f3w NPP.<\/p>\n<p>Rura BORLA\u00ae X-Pipe 60548 doskonale wsp\u00f3\u0142pracuje z fabrycznymi katalizatorami i systemami BORLA\u00ae Axle-Back we wszystkich modelach Corvette C7, w tym Stingray, Grand Sport i Z06.<br \/>\nTa wysokowydajna rura X zapewnia wi\u0119ksz\u0105 moc i doskona\u0142y d\u017awi\u0119k.<br \/>\nWykonany z wysokiej jako\u015bci stali nierdzewnej T-304, aby zapewni\u0107 najlepsz\u0105 wydajno\u015b\u0107 i trwa\u0142o\u015b\u0107.<\/p>\n<p>Niezwykle g\u0142adkie rurki o \u015brednicy 2,75\u2033 maksymalizuj\u0105 przep\u0142yw i wydajno\u015b\u0107, a precyzyjna obr\u00f3bka CNC zapewnia dok\u0142adne dopasowanie.<\/p>","protected":false},"excerpt":{"rendered":"<p>Passend f\u00fcr Chevrolet Corvette C7 mit oder ohne AFM-Ventile und \/ oder NPP-Ventile. Die BORLA\u00ae X-Pipe 60548 funktioniert perfekt zwischen<\/p>","protected":false},"featured_media":68287535,"comment_status":"open","ping_status":"closed","template":"","meta":{"_acf_changed":false},"product_brand":[17170],"product_cat":[3125],"product_tag":[101,4957,1032,3087,189,281,20273,3583,4784],"class_list":{"0":"post-68287533","1":"product","2":"type-product","3":"status-publish","4":"has-post-thumbnail","6":"product_brand-borla","7":"product_cat-corvette-c7-abgasanlage","8":"product_tag-6-2","9":"product_tag-4957","10":"product_tag-borla","11":"product_tag-c7","12":"product_tag-chevrolet","13":"product_tag-corvette","14":"product_tag-keintuev","15":"product_tag-stingray","16":"product_tag-x-pipe","17":"product_shipping_class-paket-l","19":"first","20":"onbackorder","21":"taxable","22":"shipping-taxable","23":"purchasable","24":"product-type-simple"},"bundled_by":[],"bundle_stock_status":"onbackorder","bundle_stock_quantity":0,"bundle_virtual":false,"bundle_layout":"","bundle_add_to_cart_form_location":"","bundle_editable_in_cart":false,"bundle_sold_individually_context":"","bundle_item_grouping":"","bundle_min_size":"","bundle_max_size":"","bundle_price":[],"bundled_items":[],"bundle_sell_ids":[],"exclude_global_add_ons":[],"addons":[],"acf":[],"_links":{"self":[{"href":"https:\/\/kraftwerk-shop.cc\/pl\/wp-json\/wp\/v2\/product\/68287533","targetHints":{"allow":["GET"]}}],"collection":[{"href":"https:\/\/kraftwerk-shop.cc\/pl\/wp-json\/wp\/v2\/product"}],"about":[{"href":"https:\/\/kraftwerk-shop.cc\/pl\/wp-json\/wp\/v2\/types\/product"}],"replies":[{"embeddable":true,"href":"https:\/\/kraftwerk-shop.cc\/pl\/wp-json\/wp\/v2\/comments?post=68287533"}],"version-history":[{"count":0,"href":"https:\/\/kraftwerk-shop.cc\/pl\/wp-json\/wp\/v2\/product\/68287533\/revisions"}],"wp:featuredmedia":[{"embeddable":true,"href":"https:\/\/kraftwerk-shop.cc\/pl\/wp-json\/wp\/v2\/media\/68287535"}],"wp:attachment":[{"href":"https:\/\/kraftwerk-shop.cc\/pl\/wp-json\/wp\/v2\/media?parent=68287533"}],"wp:term":[{"taxonomy":"product_brand","embeddable":true,"href":"https:\/\/kraftwerk-shop.cc\/pl\/wp-json\/wp\/v2\/product_brand?post=68287533"},{"taxonomy":"product_cat","embeddable":true,"href":"https:\/\/kraftwerk-shop.cc\/pl\/wp-json\/wp\/v2\/product_cat?post=68287533"},{"taxonomy":"product_tag","embeddable":true,"href":"https:\/\/kraftwerk-shop.cc\/pl\/wp-json\/wp\/v2\/product_tag?post=68287533"}],"curies":[{"name":"wp","href":"https:\/\/api.w.org\/{rel}","templated":true}]}}