{"id":68288331,"date":"2023-05-01T14:19:05","date_gmt":"2023-05-01T12:19:05","guid":{"rendered":"https:\/\/kraftwerk-shop.cc\/?post_type=product&#038;p=68288331"},"modified":"2026-02-20T20:12:38","modified_gmt":"2026-02-20T19:12:38","slug":"olej-sprezarkowy-whipple-3-litry-sprezarka","status":"publish","type":"product","link":"https:\/\/kraftwerk-shop.cc\/pl\/produkt\/whipple-kompressoroel-3-liter-kompressor\/","title":{"rendered":"Olej spr\u0119\u017carkowy Whipple do spr\u0119\u017carek 3,0 l"},"content":{"rendered":"<h1>Olej spr\u0119\u017carkowy Whipple do spr\u0119\u017carek 3,0 l<\/h1>\n<p>&nbsp;<\/p>\n<p>Olej do spr\u0119\u017carek Whipple to specjalnie opracowany \u015brodek smarny przeznaczony do stosowania w spr\u0119\u017carkach Whipple o pojemno\u015bci 3,0 litr\u00f3w. Jest to olej syntetyczny o wysokiej lepko\u015bci i doskona\u0142ej stabilno\u015bci temperaturowej, kt\u00f3ry chroni spr\u0119\u017cark\u0119 przy wysokich pr\u0119dko\u015bciach i temperaturach.<\/p>\n<p>Olej Whipple Supercharger zapewnia doskona\u0142e smarowanie wszystkich ruchomych cz\u0119\u015bci spr\u0119\u017carki, w tym wirnika i obudowy \u0142o\u017cyska. Zmniejsza tarcie i zu\u017cycie, co wyd\u0142u\u017ca \u017cywotno\u015b\u0107 spr\u0119\u017carki. Ponadto jest odporny na utlenianie i korozj\u0119, co zapewnia d\u0142u\u017csz\u0105 \u017cywotno\u015b\u0107.<\/p>\n<p>Olej ten zosta\u0142 specjalnie opracowany i przetestowany do u\u017cytku w 3-litrowych spr\u0119\u017carkach Whipple, aby zapewni\u0107 optymaln\u0105 wydajno\u015b\u0107 i \u017cywotno\u015b\u0107. Spe\u0142nia on surowe wymagania Whipple Performance i jest wa\u017cnym elementem konserwacji i piel\u0119gnacji spr\u0119\u017carki.<\/p>\n<p>&nbsp;<\/p>\n<ul>\n<li>Olej do spr\u0119\u017carek Whipple, 120 ml z nakr\u0119tk\u0105 u\u0142atwiaj\u0105c\u0105 nalewanie<\/li>\n<li>Zalecane dla spr\u0119\u017carek 3.0 Whipple<\/li>\n<li>Precyzyjnie nape\u0142niony do wymaganej ilo\u015bci<\/li>\n<\/ul>","protected":false},"excerpt":{"rendered":"<p>Whipple Kompressor\u00f6l f\u00fcr 3.0 Liter Kompressoren &nbsp; Das Whipple Kompressor\u00f6l ist ein speziell formuliertes Schmiermittel, das f\u00fcr den Einsatz in<\/p>","protected":false},"featured_media":68288434,"comment_status":"open","ping_status":"closed","template":"","meta":{"_acf_changed":false},"product_brand":[19061],"product_cat":[2509,4979,2529,1794,2508,2528,2585,1792,2511,5158,2551,2709,1795,2553,2708,2552,2510,2554,4804,2555,2556,2669,2557,1513,5015,2701],"product_tag":[89,242,1393,406,655,246,376],"class_list":{"0":"post-68288331","1":"product","2":"type-product","3":"status-publish","4":"has-post-thumbnail","6":"product_brand-whipple","7":"product_cat-300c-57-2005-2010-kompressor","8":"product_cat-300c-57-2011-2023-kompressor","9":"product_cat-300c-61-kompressor","10":"product_cat-300c-64-kompressor","11":"product_cat-challenger-57-kompressor","12":"product_cat-challenger-61-kompressor","13":"product_cat-challenger-hellcat-kompressor","14":"product_cat-challenger-64-kompressor","15":"product_cat-charger-57-kompressor","16":"product_cat-charger-57-2011-2023-kompressor","17":"product_cat-charger-61-kompressor","18":"product_cat-charger-hellcat-kompressor","19":"product_cat-charger-64-kompressor","20":"product_cat-durango-57-kompressor","21":"product_cat-durango-hellcat-kompressor","22":"product_cat-durango-64-kompressor","23":"product_cat-magnum-57-kompressor","24":"product_cat-magnum-61-kompressor","25":"product_cat-grand-cherokee-57-2005-2010-kompressor","26":"product_cat-grand-cherokee-57-2011-2021-kompressor","27":"product_cat-grand-cherokee-61-kompressor","28":"product_cat-trackhawk-kompressor","29":"product_cat-grand-cherokee-64-kompressor","30":"product_cat-1500-57-2009-2018-classic-kompressor","31":"product_cat-1500-57-dt-kompressor","32":"product_cat-trx-kompressor","33":"product_tag-3-0","34":"product_tag-kompressor","35":"product_tag-kompressoroel","36":"product_tag-oel","37":"product_tag-oelwechsel","38":"product_tag-supercharger","39":"product_tag-whipple","40":"product_shipping_class-deutschlandohne","42":"first","43":"instock","44":"taxable","45":"shipping-taxable","46":"purchasable","47":"product-type-simple"},"bundled_by":[],"bundle_stock_status":"instock","bundle_stock_quantity":2,"bundle_virtual":false,"bundle_layout":"","bundle_add_to_cart_form_location":"","bundle_editable_in_cart":false,"bundle_sold_individually_context":"","bundle_item_grouping":"","bundle_min_size":"","bundle_max_size":"","bundle_price":[],"bundled_items":[],"bundle_sell_ids":[],"exclude_global_add_ons":[],"addons":[],"acf":[],"_links":{"self":[{"href":"https:\/\/kraftwerk-shop.cc\/pl\/wp-json\/wp\/v2\/product\/68288331","targetHints":{"allow":["GET"]}}],"collection":[{"href":"https:\/\/kraftwerk-shop.cc\/pl\/wp-json\/wp\/v2\/product"}],"about":[{"href":"https:\/\/kraftwerk-shop.cc\/pl\/wp-json\/wp\/v2\/types\/product"}],"replies":[{"embeddable":true,"href":"https:\/\/kraftwerk-shop.cc\/pl\/wp-json\/wp\/v2\/comments?post=68288331"}],"version-history":[{"count":0,"href":"https:\/\/kraftwerk-shop.cc\/pl\/wp-json\/wp\/v2\/product\/68288331\/revisions"}],"wp:featuredmedia":[{"embeddable":true,"href":"https:\/\/kraftwerk-shop.cc\/pl\/wp-json\/wp\/v2\/media\/68288434"}],"wp:attachment":[{"href":"https:\/\/kraftwerk-shop.cc\/pl\/wp-json\/wp\/v2\/media?parent=68288331"}],"wp:term":[{"taxonomy":"product_brand","embeddable":true,"href":"https:\/\/kraftwerk-shop.cc\/pl\/wp-json\/wp\/v2\/product_brand?post=68288331"},{"taxonomy":"product_cat","embeddable":true,"href":"https:\/\/kraftwerk-shop.cc\/pl\/wp-json\/wp\/v2\/product_cat?post=68288331"},{"taxonomy":"product_tag","embeddable":true,"href":"https:\/\/kraftwerk-shop.cc\/pl\/wp-json\/wp\/v2\/product_tag?post=68288331"}],"curies":[{"name":"wp","href":"https:\/\/api.w.org\/{rel}","templated":true}]}}