{"id":68288918,"date":"2023-05-14T12:24:15","date_gmt":"2023-05-14T10:24:15","guid":{"rendered":"https:\/\/kraftwerk-shop.cc\/?post_type=product&#038;p=68288918"},"modified":"2026-02-15T00:48:16","modified_gmt":"2026-02-14T23:48:16","slug":"stainless-work-kolektor-wydechowy-s-corvette-c7","status":"publish","type":"product","link":"https:\/\/kraftwerk-shop.cc\/pl\/produkt\/stainless-works-faecherkruemmer-corvette-c7\/","title":{"rendered":"Kolektor Stainless Works 1 7\/8\u2033 + wysokoprzep\u0142ywowe katalizatory Corvette C7"},"content":{"rendered":"<h1>Kolektor Stainless Works 1 7\/8\u2033 z wysokoprzep\u0142ywowymi katalizatorami i rur\u0105 X dla Chevroleta Corvette C7<\/h1>\n<p>&nbsp;<\/p>\n<p>Popraw d\u017awi\u0119k i osi\u0105gi swojej Corvette C7 dzi\u0119ki wysokiej jako\u015bci kolektorom Stainless Works.<br \/>\nRury g\u0142\u00f3wne o \u015brednicy 1-7\/8\" optymalizuj\u0105 przep\u0142yw spalin i zapewniaj\u0105 wy\u017csz\u0105 wydajno\u015b\u0107.<br \/>\nOpr\u00f3cz katalizator\u00f3w o wysokim przep\u0142ywie, kolektory te zawieraj\u0105 rur\u0119 X, kt\u00f3ra umo\u017cliwia idealne po\u0142\u0105czenie ze standardowym uk\u0142adem wydechowym.<\/p>\n<p>System rozdzielacza jest dostarczany w stanie gotowym do monta\u017cu wraz ze wszystkimi niezb\u0119dnymi zaciskami, przed\u0142u\u017ckami do sond lambda, \u015brubami itp.<\/p>\n<p>Zestawy rozdzielaczy s\u0105 spawane metod\u0105 TIG z odpornej na korozj\u0119 stali nierdzewnej 304 w najnowocze\u015bniejszym zak\u0142adzie w Streetsboro w stanie Ohio, aby zapewni\u0107 jako\u015b\u0107 i trwa\u0142o\u015b\u0107.<\/p>\n<p>&nbsp;<\/p>\n<p>&nbsp;<\/p>\n<p><strong>Odpowiedni dla:<\/strong><\/p>\n<table width=\"800\">\n<tbody>\n<tr>\n<td width=\"133\"><strong>Rok<\/strong><\/td>\n<td width=\"83\"><strong>Marka<\/strong><\/td>\n<td width=\"146\"><strong>Model<\/strong><\/td>\n<td width=\"438\"><strong>Silnik<\/strong><\/td>\n<\/tr>\n<tr>\n<td width=\"133\">2014\u20132019<\/td>\n<td width=\"83\">Chevrolet<\/td>\n<td width=\"146\">Corvette C7<\/td>\n<td width=\"438\">6.2<\/td>\n<\/tr>\n<\/tbody>\n<\/table>\n<p>&nbsp;<\/p>\n<p><strong>Zakres dostawy:<\/strong><\/p>\n<ul>\n<li>Kolektor Longtube 1 7\/8\u2033 Stainless Works<\/li>\n<li>Katalizatory o wysokim przep\u0142ywie (tylko do u\u017cytku ulicznego, nie do sport\u00f3w motorowych)<\/li>\n<li>Materia\u0142 instalacyjny<\/li>\n<\/ul>\n<p>&nbsp;<\/p>","protected":false},"excerpt":{"rendered":"<p>Stainless Works 1 7\/8&#8243; F\u00e4cherkr\u00fcmmer mit High-Flow Katalysatoren und X-Pipe f\u00fcr Chevrolet Corvette C7 &nbsp; Verbessern Sie den Sound und<\/p>","protected":false},"featured_media":68288924,"comment_status":"open","ping_status":"closed","template":"","meta":{"_acf_changed":false},"product_brand":[17173],"product_cat":[3125,3024],"product_tag":[101,1035,546,3087,5032,189,190,281,662,543,586,532,529,20273,550,545,583,3055,547,553,291,4079,3026,1303],"class_list":{"0":"post-68288918","1":"product","2":"type-product","3":"status-publish","4":"has-post-thumbnail","6":"product_brand-stainless-works","7":"product_cat-corvette-c7-abgasanlage","8":"product_cat-nicht-nach-eu","9":"product_tag-6-2","10":"product_tag-abgasanlage","11":"product_tag-auspuff","12":"product_tag-c7","13":"product_tag-c7188cat","14":"product_tag-chevrolet","15":"product_tag-chevy","16":"product_tag-corvette","17":"product_tag-edelstahl","18":"product_tag-faecherkruemmer","19":"product_tag-high-flow","20":"product_tag-kat","21":"product_tag-katalysator","22":"product_tag-keintuev","23":"product_tag-kruemmer","24":"product_tag-longtube","25":"product_tag-metallkat","26":"product_tag-sportabgasanlage","27":"product_tag-sportauspuff","28":"product_tag-sportkatalysator","29":"product_tag-ss","30":"product_tag-stainless","31":"product_tag-stainlessworks","32":"product_tag-works","33":"product_shipping_class-spedition-1","35":"first","36":"onbackorder","37":"taxable","38":"shipping-taxable","39":"purchasable","40":"product-type-simple"},"bundled_by":[],"bundle_stock_status":"onbackorder","bundle_stock_quantity":0,"bundle_virtual":false,"bundle_layout":"","bundle_add_to_cart_form_location":"","bundle_editable_in_cart":false,"bundle_sold_individually_context":"","bundle_item_grouping":"","bundle_min_size":"","bundle_max_size":"","bundle_price":[],"bundled_items":[],"bundle_sell_ids":[],"exclude_global_add_ons":[],"addons":[],"acf":[],"_links":{"self":[{"href":"https:\/\/kraftwerk-shop.cc\/pl\/wp-json\/wp\/v2\/product\/68288918","targetHints":{"allow":["GET"]}}],"collection":[{"href":"https:\/\/kraftwerk-shop.cc\/pl\/wp-json\/wp\/v2\/product"}],"about":[{"href":"https:\/\/kraftwerk-shop.cc\/pl\/wp-json\/wp\/v2\/types\/product"}],"replies":[{"embeddable":true,"href":"https:\/\/kraftwerk-shop.cc\/pl\/wp-json\/wp\/v2\/comments?post=68288918"}],"version-history":[{"count":0,"href":"https:\/\/kraftwerk-shop.cc\/pl\/wp-json\/wp\/v2\/product\/68288918\/revisions"}],"wp:featuredmedia":[{"embeddable":true,"href":"https:\/\/kraftwerk-shop.cc\/pl\/wp-json\/wp\/v2\/media\/68288924"}],"wp:attachment":[{"href":"https:\/\/kraftwerk-shop.cc\/pl\/wp-json\/wp\/v2\/media?parent=68288918"}],"wp:term":[{"taxonomy":"product_brand","embeddable":true,"href":"https:\/\/kraftwerk-shop.cc\/pl\/wp-json\/wp\/v2\/product_brand?post=68288918"},{"taxonomy":"product_cat","embeddable":true,"href":"https:\/\/kraftwerk-shop.cc\/pl\/wp-json\/wp\/v2\/product_cat?post=68288918"},{"taxonomy":"product_tag","embeddable":true,"href":"https:\/\/kraftwerk-shop.cc\/pl\/wp-json\/wp\/v2\/product_tag?post=68288918"}],"curies":[{"name":"wp","href":"https:\/\/api.w.org\/{rel}","templated":true}]}}