{"id":68288952,"date":"2023-05-14T15:59:25","date_gmt":"2023-05-14T13:59:25","guid":{"rendered":"https:\/\/kraftwerk-shop.cc\/?post_type=product&#038;p=68288952"},"modified":"2026-02-15T00:46:49","modified_gmt":"2026-02-14T23:46:49","slug":"uklad-wydechowy-borla-11862-corvette-c7","status":"publish","type":"product","link":"https:\/\/kraftwerk-shop.cc\/pl\/produkt\/borla-auspuffanlage-11862-corvette-c7\/","title":{"rendered":"Uk\u0142ad wydechowy BORLA S-Type Corvette C7 Stingray"},"content":{"rendered":"<h1>Uk\u0142ad wydechowy BORLA S-Type 11862 Axle-Back dla Chevrolet Corvette C7 Stingray<\/h1>\n<p><strong>Z zaworami AFM, bez zawor\u00f3w NPP<\/strong><\/p>\n<p>&nbsp;<\/p>\n<p>G\u0142\u0119boki, mocny d\u017awi\u0119k jest g\u0142o\u015bniejszy ni\u017c standardowy uk\u0142ad wydechowy Corvette C7 i podkre\u015bla charakter silnika.<br \/>\nChocia\u017c nie jest to dozwolone, d\u017awi\u0119k nie jest tak g\u0142o\u015bny, aby powodowa\u0107 problemy.<\/p>\n<p><strong>Uk\u0142ad wydechowy S-Type jest \u015brodkowym z trzech wariant\u00f3w d\u017awi\u0119kowych Borla.<\/strong><\/p>\n<p>Podczas opracowywania tego uk\u0142adu wydechowego priorytetem by\u0142a aerodynamika i aerodynamika, a nast\u0119pnie in\u017cynieria d\u017awi\u0119ku.<br \/>\nTo skomplikowane podej\u015bcie, kt\u00f3re jest rzadko praktykowane w bran\u017cy, oznacza, \u017ce moc i moment obrotowy nie s\u0105 po\u015bwi\u0119cane na rzecz d\u017awi\u0119ku, ale s\u0105 ze sob\u0105 zharmonizowane.<br \/>\nTo szczeg\u00f3lne osi\u0105gni\u0119cie Borli. Nie zawsze jest rozpoznawalny na pierwszy rzut oka - ale to du\u017ca r\u00f3\u017cnica mi\u0119dzy przeci\u0119tno\u015bci\u0105 a techniczn\u0105 doskona\u0142o\u015bci\u0105.<\/p>\n<p>W przypadku wielu innych uk\u0142ad\u00f3w wydechowych koszty rozwoju s\u0105 utrzymywane na niskim poziomie, a uwag\u0119 zwraca si\u0119 jedynie na d\u017awi\u0119k. W rezultacie uk\u0142ady te cz\u0119sto brzmi\u0105 dobrze, ale powoduj\u0105 utrat\u0119 mocy i dlatego nie zas\u0142uguj\u0105 na miano \"sportowego uk\u0142adu wydechowego\".<\/p>\n<p>Powiniene\u015b by\u0107 tego \u015bwiadomy. Dzi\u0119ki tej wiedzy mo\u017cesz podj\u0105\u0107 \u015bwiadom\u0105 decyzj\u0119 za lub przeciw konkretnemu sportowemu uk\u0142adowi wydechowemu.<\/p>\n<p>Sportowe uk\u0142ady wydechowe Borla s\u0105 produkowane z wysokostopowej stali nierdzewnej serii T304 zgodnie z ameryka\u0144skim standardem AISI.<\/p>\n<p>&nbsp;<\/p>\n<table border=\"0\" width=\"513\" cellspacing=\"0\" cellpadding=\"0\">\n<colgroup>\n<col \/>\n<col \/> <\/colgroup>\n<tbody>\n<tr>\n<td style=\"height: 21px; width: 223px;\" height=\"21\">Typ uk\u0142adu wydechowego<\/td>\n<td style=\"width: 291px;\">O\u015b tylna<\/td>\n<\/tr>\n<tr>\n<td style=\"height: 21px; width: 223px;\" height=\"21\">\u015arednica rury<\/td>\n<td style=\"width: 291px;\">2,75 cala do 2 cali<\/td>\n<\/tr>\n<tr>\n<td style=\"height: 21px; width: 223px;\" height=\"21\">Rura wydechowa<\/td>\n<td>4,25\u2033 poczw\u00f3rne centralne tylne wyj\u015bcie<\/td>\n<\/tr>\n<\/tbody>\n<\/table>\n<p>Nie nadaje si\u0119 do <a class=\"feature-title\">Grand Sport z manualn\u0105 skrzyni\u0105 bieg\u00f3w!<\/a><\/p>\n<p>&nbsp;<\/p>\n<p><iframe loading=\"lazy\" title=\"Uk\u0142ady wydechowe Borla dla Corvette C7 bez NPP\" width=\"500\" height=\"281\" src=\"https:\/\/www.youtube.com\/embed\/-7ee7KCQ4DU?feature=oembed\" frameborder=\"0\" allow=\"accelerometer; autoplay; clipboard-write; encrypted-media; gyroscope; picture-in-picture; web-share\" referrerpolicy=\"strict-origin-when-cross-origin\" allowfullscreen><\/iframe><\/p>\n<p>&nbsp;<\/p>\n<p>&nbsp;<\/p>","protected":false},"excerpt":{"rendered":"<p>Z zaworami AFM, bez zawor\u00f3w NPP<\/p>","protected":false},"featured_media":68288956,"comment_status":"open","ping_status":"closed","template":"","meta":{"_acf_changed":false},"product_brand":[17170],"product_cat":[3125,3024],"product_tag":[5035,1046,1035,1036,546,1037,5034,1032,2443,3087,189,190,281,429,1043,1039,1042,532,529,441,20273,1040,1044,1033,1045,1041,547,1034,1038,3583,233],"class_list":{"0":"post-68288952","1":"product","2":"type-product","3":"status-publish","4":"has-post-thumbnail","6":"product_brand-borla","7":"product_cat-corvette-c7-abgasanlage","8":"product_cat-nicht-nach-eu","9":"product_tag-5035","10":"product_tag-abe","11":"product_tag-abgasanlage","12":"product_tag-abgassystem","13":"product_tag-auspuff","14":"product_tag-auspuffsystem","15":"product_tag-axle-back","16":"product_tag-borla","17":"product_tag-borla-exhaust","18":"product_tag-c7","19":"product_tag-chevrolet","20":"product_tag-chevy","21":"product_tag-corvette","22":"product_tag-deutschland","23":"product_tag-endrohr","24":"product_tag-endschalldaempfer","25":"product_tag-endtopf","26":"product_tag-kat","27":"product_tag-katalysator","28":"product_tag-kaufen","29":"product_tag-keintuev","30":"product_tag-laut","31":"product_tag-mittelschalldaempfer","32":"product_tag-s-type","33":"product_tag-sound","34":"product_tag-sport","35":"product_tag-sportauspuff","36":"product_tag-sportauspuffanlage","37":"product_tag-sportendschalldaempfer","38":"product_tag-stingray","39":"product_tag-tuning","40":"product_shipping_class-spedition-1","42":"first","43":"onbackorder","44":"taxable","45":"shipping-taxable","46":"purchasable","47":"product-type-simple"},"bundled_by":[],"bundle_stock_status":"onbackorder","bundle_stock_quantity":0,"bundle_virtual":false,"bundle_layout":"","bundle_add_to_cart_form_location":"","bundle_editable_in_cart":false,"bundle_sold_individually_context":"","bundle_item_grouping":"","bundle_min_size":"","bundle_max_size":"","bundle_price":[],"bundled_items":[],"bundle_sell_ids":[],"exclude_global_add_ons":[],"addons":[],"acf":[],"_links":{"self":[{"href":"https:\/\/kraftwerk-shop.cc\/pl\/wp-json\/wp\/v2\/product\/68288952","targetHints":{"allow":["GET"]}}],"collection":[{"href":"https:\/\/kraftwerk-shop.cc\/pl\/wp-json\/wp\/v2\/product"}],"about":[{"href":"https:\/\/kraftwerk-shop.cc\/pl\/wp-json\/wp\/v2\/types\/product"}],"replies":[{"embeddable":true,"href":"https:\/\/kraftwerk-shop.cc\/pl\/wp-json\/wp\/v2\/comments?post=68288952"}],"version-history":[{"count":0,"href":"https:\/\/kraftwerk-shop.cc\/pl\/wp-json\/wp\/v2\/product\/68288952\/revisions"}],"wp:featuredmedia":[{"embeddable":true,"href":"https:\/\/kraftwerk-shop.cc\/pl\/wp-json\/wp\/v2\/media\/68288956"}],"wp:attachment":[{"href":"https:\/\/kraftwerk-shop.cc\/pl\/wp-json\/wp\/v2\/media?parent=68288952"}],"wp:term":[{"taxonomy":"product_brand","embeddable":true,"href":"https:\/\/kraftwerk-shop.cc\/pl\/wp-json\/wp\/v2\/product_brand?post=68288952"},{"taxonomy":"product_cat","embeddable":true,"href":"https:\/\/kraftwerk-shop.cc\/pl\/wp-json\/wp\/v2\/product_cat?post=68288952"},{"taxonomy":"product_tag","embeddable":true,"href":"https:\/\/kraftwerk-shop.cc\/pl\/wp-json\/wp\/v2\/product_tag?post=68288952"}],"curies":[{"name":"wp","href":"https:\/\/api.w.org\/{rel}","templated":true}]}}