{"id":68289026,"date":"2023-05-18T17:13:28","date_gmt":"2023-05-18T15:13:28","guid":{"rendered":"https:\/\/kraftwerk-shop.cc\/?post_type=product&#038;p=68289026"},"modified":"2026-02-15T01:00:01","modified_gmt":"2026-02-15T00:00:01","slug":"awe-uklad-wydechowy-durango-srt-hellcat","status":"publish","type":"product","link":"https:\/\/kraftwerk-shop.cc\/pl\/produkt\/awe-abgasanlage-durango-srt-hellcat\/","title":{"rendered":"Uk\u0142ad wydechowy AWE Durango SRT &amp; Hellcat"},"content":{"rendered":"<h1>Uk\u0142ad wydechowy AWE \/ sportowy uk\u0142ad wydechowy dla Dodge Durango SRT i Hellcat<\/h1>\n<p>&nbsp;<\/p>\n<ul>\n<li>Dost\u0119pny jako wyrafinowana wersja Touring Edition i niesforna wersja Track Edition<\/li>\n<li>Precyzyjnie wykonana tuba B we wszystkich wersjach zapewnia g\u0142\u0119bokie, bogate brzmienie.<\/li>\n<li>Zaprojektowany, skonstruowany i wyprodukowany przez AWE w USA<\/li>\n<li>Maksymalny wzrost momentu obrotowego o 9 NM i 4 KM na ko\u0142ach (SRT) lub 5 NM i 10 KM (Hellcat).<\/li>\n<li>Waga Track Edition: 22 kg, Touring: 28,2 kg, Series: 33,6 kg<\/li>\n<li>Wersja Touring Edition jest wyposa\u017cona w opatentowan\u0105 technologi\u0119 Drone-Cancelling 180 Technology\u00ae, kt\u00f3ra zosta\u0142a opracowana specjalnie dla silnika Hemi V8<\/li>\n<li>R\u0119cznie wykonany z 3\u2033 gi\u0119tej CNC stali nierdzewnej T304L o grubo\u015bci 0,065\u2033 wyprodukowanej w USA.<\/li>\n<li>Mniej znaczy wi\u0119cej: czysta, prosta konstrukcja zapewniaj\u0105ca maksymaln\u0105 wydajno\u015b\u0107<\/li>\n<li>\u0141atwa instalacja<\/li>\n<li>Idealne dopasowanie<\/li>\n<li>Do wyboru s\u0105 dwie ko\u0144c\u00f3wki rur wydechowych o \u015brednicy 5\u2033 w kolorze chromowanego srebra lub diamentowej czerni<\/li>\n<\/ul>\n<h3><\/h3>\n<p>&nbsp;<\/p>\n<p><strong>Uk\u0142ad wydechowy Touring Edition<\/strong><\/p>\n<p>Touring Edition dla Dodge Durango to 3-calowy uk\u0142ad wydechowy ze stali nierdzewnej o pe\u0142nej d\u0142ugo\u015bci, kt\u00f3ry zapewnia optymaln\u0105 wydajno\u015b\u0107 bez dron\u00f3w w ca\u0142ym zakresie obrot\u00f3w. Dzi\u0119ki precyzyjnie wykonanej rurze H i opatentowanemu przez AWE rozwi\u0105zaniu do redukcji dron\u00f3w, 180 Technology\u00ae, uk\u0142ad wydechowy Touring Edition zapewnia g\u0142\u0119boki, bogaty d\u017awi\u0119k silnika.<\/p>\n<p>Doskona\u0142y d\u017awi\u0119k dzi\u0119ki technologii AWE 180 Technology\u00ae<\/p>\n<p>Gdy gazy wydechowe opuszczaj\u0105 silnik HEMI i wp\u0142ywaj\u0105 do rezonatora wyposa\u017conego w technologi\u0119 AWE 180 Technology\u00ae, s\u0105 one kierowane przez strategicznie rozmieszczone otwory do kom\u00f3r refleksyjnych.<br \/>\nFale d\u017awi\u0119kowe przenoszone przez gazy spalinowe odbijaj\u0105 si\u0119 od \u015bcian kom\u00f3r refleksyjnych. Kontroluj\u0105c rozmiar i po\u0142o\u017cenie otwor\u00f3w i kom\u00f3r, kontrolujemy r\u00f3wnie\u017c, kiedy fale d\u017awi\u0119kowe opuszczaj\u0105 komory.<br \/>\nOkre\u015blony punkt w czasie, w kt\u00f3rym odbite fale d\u017awi\u0119kowe ponownie wchodz\u0105 do g\u0142\u00f3wnego strumienia spalin, tworzy fal\u0119 d\u017awi\u0119kow\u0105, kt\u00f3ra jest o sto osiemdziesi\u0105t stopni poza faz\u0105, eliminuj\u0105c problematyczne cz\u0119stotliwo\u015bci.<\/p>\n<p>&nbsp;<\/p>\n<p><strong>Uk\u0142ad wydechowy Track Edition<\/strong><\/p>\n<p>Dla tych, kt\u00f3rzy lubi\u0105, gdy ich Dodge Durango jest szorstki i wytrzyma\u0142y, Track Edition jest w\u0142a\u015bnie tym.<br \/>\nTrack Edition ma t\u0119 sam\u0105 zintegrowan\u0105 rur\u0119 H i precyzyjn\u0105 technologi\u0119, co Touring Edition, ale bez opatentowanej przez AWE technologii 180 Technology\u00ae do t\u0142umienia dron\u00f3w.<\/p>\n<p>Rezonatory 180 Technology\u00ae z ty\u0142u zosta\u0142y zast\u0105pione prostymi sekcjami Track Edition. W rezultacie ta wersja jest znana z tego, \u017ce staje si\u0119 (naprawd\u0119) agresywna podczas przyspieszania i zwalniania w \u015brednim zakresie i dla wielu mo\u017ce by\u0107 zbyt g\u0142o\u015bna. Zosta\u0142e\u015b ostrze\u017cony.<\/p>\n<p>&nbsp;<\/p>\n<p><strong>Zestawy do konwersji<\/strong><\/p>\n<p>U\u0142atwili\u015bmy konwersj\u0119 mi\u0119dzy wersjami Track i Touring Edition na wypadek, gdyby\u015b zdecydowa\u0142 si\u0119 zmieni\u0107 g\u0142o\u015bno\u015b\u0107 w p\u00f3\u017aniejszym terminie.<br \/>\nW tym celu prosimy o bezpo\u015bredni kontakt.<\/p>\n<p>&nbsp;<\/p>\n<p><strong>Opcje rury wydechowej<\/strong><\/p>\n<p>Uk\u0142ady wydechowe Touring Edition i Track Edition s\u0105 dost\u0119pne z dwu\u015bciennymi 5-calowymi rurami wydechowymi w kolorze diamentowej czerni lub chromowanego srebra. Je\u015bli wolisz by\u0107 niepozorny, uk\u0142ady wydechowe AWE s\u0105 r\u00f3wnie\u017c dost\u0119pne z fabrycznymi rurami wydechowymi.<br \/>\nW modelu Tackhawk mo\u017cna u\u017cywa\u0107 wy\u0142\u0105cznie oryginalnych rur wydechowych.<\/p>\n<p>&nbsp;<\/p>\n<p><strong>Co wchodzi w zakres dostawy?<\/strong><\/p>\n<p>Kompletny uk\u0142ad wydechowy Touring lub Track Edition oraz wszystkie cz\u0119\u015bci niezb\u0119dne do monta\u017cu.<\/p>\n<p>&nbsp;<\/p>\n<p>&nbsp;<\/p>\n<p><strong>Odpowiedni dla:<\/strong><\/p>\n<table width=\"507\">\n<tbody>\n<tr>\n<td width=\"83\"><strong>Rok<\/strong><\/td>\n<td width=\"76\"><strong>Marka<\/strong><\/td>\n<td width=\"142\"><strong>Model<\/strong><\/td>\n<td width=\"123\"><strong>Wariant<\/strong><\/td>\n<td width=\"83\"><strong>Silnik<\/strong><\/td>\n<\/tr>\n<tr>\n<td width=\"83\">2018\u20132024<\/td>\n<td width=\"76\">Dodge<\/td>\n<td width=\"142\">Durango<\/td>\n<td width=\"123\">SRT<\/td>\n<td width=\"83\">V8 6.4 L<\/td>\n<\/tr>\n<tr>\n<td width=\"83\">2021\u20132025<\/td>\n<td width=\"76\">Dodge<\/td>\n<td width=\"142\">Durango<\/td>\n<td width=\"123\">Hellcat<\/td>\n<td width=\"83\">V8 6.2L<\/td>\n<\/tr>\n<\/tbody>\n<\/table>\n<p>&nbsp;<\/p>\n<p><iframe loading=\"lazy\" title=\"Uk\u0142ad wydechowy AWE Dodge Durango\" width=\"500\" height=\"281\" src=\"https:\/\/www.youtube.com\/embed\/yySbe56cj8U?feature=oembed\" frameborder=\"0\" allow=\"accelerometer; autoplay; clipboard-write; encrypted-media; gyroscope; picture-in-picture; web-share\" referrerpolicy=\"strict-origin-when-cross-origin\" allowfullscreen><\/iframe><\/p>\n<p><iframe loading=\"lazy\" title=\"Uk\u0142ad wydechowy AWE Dodge Durango SRT 392\" width=\"500\" height=\"281\" src=\"https:\/\/www.youtube.com\/embed\/oBVCD_EQhgQ?feature=oembed\" frameborder=\"0\" allow=\"accelerometer; autoplay; clipboard-write; encrypted-media; gyroscope; picture-in-picture; web-share\" referrerpolicy=\"strict-origin-when-cross-origin\" allowfullscreen><\/iframe><\/p>\n<p><iframe loading=\"lazy\" title=\"Uk\u0142ad wydechowy AWE Durango Hellcat\" width=\"500\" height=\"281\" src=\"https:\/\/www.youtube.com\/embed\/KsSiC36Hzq8?feature=oembed\" frameborder=\"0\" allow=\"accelerometer; autoplay; clipboard-write; encrypted-media; gyroscope; picture-in-picture; web-share\" referrerpolicy=\"strict-origin-when-cross-origin\" allowfullscreen><\/iframe><\/p>\n<p>&nbsp;<\/p>\n<p>&nbsp;<\/p>","protected":false},"excerpt":{"rendered":"<p>AWE Abgasanlage \/ Sportauspuff f\u00fcr Dodge Durango SRT &amp; Hellcat &nbsp; Erh\u00e4ltlich als anspruchsvolle Touring Edition und unb\u00e4ndige Track Edition<\/p>","protected":false},"featured_media":68289043,"comment_status":"open","ping_status":"closed","template":"","meta":{"_acf_changed":false},"product_brand":[],"product_cat":[3024,6599,6585],"product_tag":[252,419,420,2066,2373,4526,5041,5044,5042,5043,101,93,1035,1036,546,2909,3971,1047,2210,1052,49,95,2976,2342,204,100,126,20273,1040,2435,2899,547,1034,1038,96,1057,2439,5045],"class_list":{"0":"post-68289026","1":"product","2":"type-product","3":"status-publish","4":"has-post-thumbnail","6":"product_cat-nicht-nach-eu","7":"product_cat-durango-hellcat-abgasanlage-catback","8":"product_cat-durango-64-abgasanlage-catback","9":"product_tag-252","10":"product_tag-419","11":"product_tag-420","12":"product_tag-2066","13":"product_tag-2373","14":"product_tag-4526","15":"product_tag-3015-32952","16":"product_tag-3015-33952","17":"product_tag-3020-32952","18":"product_tag-3020-33952","19":"product_tag-6-2","20":"product_tag-6-4","21":"product_tag-abgasanlage","22":"product_tag-abgassystem","23":"product_tag-auspuff","24":"product_tag-awe","25":"product_tag-awe-exhaust","26":"product_tag-cat-back","27":"product_tag-catback","28":"product_tag-delete","29":"product_tag-dodge","30":"product_tag-durango","31":"product_tag-edition","32":"product_tag-entfernung","33":"product_tag-ersatz","34":"product_tag-hellcat","35":"product_tag-hemi","36":"product_tag-keintuev","37":"product_tag-laut","38":"product_tag-rohr","39":"product_tag-schalldaempfer","40":"product_tag-sportauspuff","41":"product_tag-sportauspuffanlage","42":"product_tag-sportendschalldaempfer","43":"product_tag-srt","44":"product_tag-touring","45":"product_tag-track","46":"product_tag-track-edition","47":"product_shipping_class-spedition-1","49":"first","50":"onbackorder","51":"taxable","52":"shipping-taxable","53":"purchasable","54":"product-type-variable"},"bundled_by":[],"bundle_stock_status":"onbackorder","bundle_stock_quantity":0,"bundle_virtual":false,"bundle_layout":"","bundle_add_to_cart_form_location":"","bundle_editable_in_cart":false,"bundle_sold_individually_context":"","bundle_item_grouping":"","bundle_min_size":"","bundle_max_size":"","bundle_price":[],"bundled_items":[],"bundle_sell_ids":[],"exclude_global_add_ons":[],"addons":[],"acf":[],"_links":{"self":[{"href":"https:\/\/kraftwerk-shop.cc\/pl\/wp-json\/wp\/v2\/product\/68289026","targetHints":{"allow":["GET"]}}],"collection":[{"href":"https:\/\/kraftwerk-shop.cc\/pl\/wp-json\/wp\/v2\/product"}],"about":[{"href":"https:\/\/kraftwerk-shop.cc\/pl\/wp-json\/wp\/v2\/types\/product"}],"replies":[{"embeddable":true,"href":"https:\/\/kraftwerk-shop.cc\/pl\/wp-json\/wp\/v2\/comments?post=68289026"}],"version-history":[{"count":0,"href":"https:\/\/kraftwerk-shop.cc\/pl\/wp-json\/wp\/v2\/product\/68289026\/revisions"}],"wp:featuredmedia":[{"embeddable":true,"href":"https:\/\/kraftwerk-shop.cc\/pl\/wp-json\/wp\/v2\/media\/68289043"}],"wp:attachment":[{"href":"https:\/\/kraftwerk-shop.cc\/pl\/wp-json\/wp\/v2\/media?parent=68289026"}],"wp:term":[{"taxonomy":"product_brand","embeddable":true,"href":"https:\/\/kraftwerk-shop.cc\/pl\/wp-json\/wp\/v2\/product_brand?post=68289026"},{"taxonomy":"product_cat","embeddable":true,"href":"https:\/\/kraftwerk-shop.cc\/pl\/wp-json\/wp\/v2\/product_cat?post=68289026"},{"taxonomy":"product_tag","embeddable":true,"href":"https:\/\/kraftwerk-shop.cc\/pl\/wp-json\/wp\/v2\/product_tag?post=68289026"}],"curies":[{"name":"wp","href":"https:\/\/api.w.org\/{rel}","templated":true}]}}