{"id":68289229,"date":"2023-05-21T22:12:18","date_gmt":"2023-05-21T20:12:18","guid":{"rendered":"https:\/\/kraftwerk-shop.cc\/?post_type=product&#038;p=68289229"},"modified":"2026-02-15T00:51:38","modified_gmt":"2026-02-14T23:51:38","slug":"mishimoto-aluminiowa-chlodnica-corvette-c7","status":"publish","type":"product","link":"https:\/\/kraftwerk-shop.cc\/pl\/produkt\/mishimoto-aluminiumkuehler-corvette-c7\/","title":{"rendered":"Aluminiowa ch\u0142odnica Mishimoto Corvette C7"},"content":{"rendered":"<h1>Aluminiowa ch\u0142odnica Mishimoto do Chevroleta Corvette C7 Stingray i Z06<\/h1>\n<p>&nbsp;<\/p>\n<p>Aluminiowa ch\u0142odnica Mishimoto do podwozia Corvette C7 zosta\u0142a zaprojektowana tak, aby przewy\u017csza\u0107 fabryczn\u0105 ch\u0142odnic\u0119 i wytrzyma\u0107 ca\u0142e \u017cycie podczas jazdy na pe\u0142nym gazie i codziennego u\u017cytkowania.<br \/>\nZmodernizuj swoj\u0105 Corvette z delikatnych plastikowych zbiornik\u00f3w ko\u0144cowych ch\u0142odnicy na solidn\u0105, w pe\u0142ni spawan\u0105 aluminiow\u0105 konstrukcj\u0119.<br \/>\nNigdy wi\u0119cej nie martw si\u0119 p\u0119kni\u0119tym plastikiem lub nieszczelnymi w\u0119\u017cami, kt\u00f3re pozostawiaj\u0105 ci\u0119 na poboczu drogi lub przedwcze\u015bnie ko\u0144cz\u0105 dzie\u0144 na torze.<br \/>\nCh\u0142odnica Mishimoto C7 jest wykonana w ca\u0142o\u015bci z aluminium i ma powierzchni\u0119 zwi\u0119kszon\u0105 o 56 %, a tak\u017ce zwi\u0119kszon\u0105 pojemno\u015b\u0107 p\u0142ynu ch\u0142odz\u0105cego.<br \/>\nZosta\u0142 zaprojektowany tak, aby wytrzyma\u0107 nawet najtrudniejsze warunki.<br \/>\nObrabiane CNC wloty i wyloty zapewniaj\u0105 bezpieczne mocowanie w\u0119\u017cy bez wyciek\u00f3w.<br \/>\nJak ka\u017cda ch\u0142odnica Mishimoto, ta ch\u0142odnica jest bezpo\u015brednim rozwi\u0105zaniem, wi\u0119c instalacja jest tak prosta, jak usuni\u0119cie cz\u0119\u015bci fabrycznej i zainstalowanie nowej aluminiowej ch\u0142odnicy Mishimoto.<\/p>\n<p>&nbsp;<\/p>\n<p><strong>W\u0142a\u015bciwo\u015bci:<\/strong><\/p>\n<ul>\n<li>Bezpo\u015brednie dopasowanie do Corvette C7 Stingray i Z06<\/li>\n<li>Ca\u0142kowicie aluminiowa konstrukcja z trwa\u0142ymi, spawanymi metod\u0105 TIG pojemnikami na ch\u0142odziwo<\/li>\n<li>Dwurz\u0119dowy, lutowany rdze\u0144 aluminiowy o grubo\u015bci 2\u2033 zapewnia idealn\u0105 temperatur\u0119 p\u0142ynu ch\u0142odz\u0105cego zar\u00f3wno na drodze, jak i na torze wy\u015bcigowym.<\/li>\n<li>Zwi\u0119ksza obj\u0119to\u015b\u0107 rdzenia o 38 % dla wy\u017cszej wydajno\u015bci ch\u0142odzenia<\/li>\n<li>Zawiera magnetyczny korek spustowy do zbierania metalowych zanieczyszcze\u0144\/fragment\u00f3w w uk\u0142adzie ch\u0142odzenia.<\/li>\n<\/ul>\n<p>&nbsp;<\/p>\n<p><strong>Odpowiedni dla:<\/strong><\/p>\n<table width=\"776\">\n<tbody>\n<tr>\n<td width=\"178\"><strong>Rok<\/strong><\/td>\n<td width=\"226\"><strong>Marka<\/strong><\/td>\n<td width=\"120\"><strong>Model<\/strong><\/td>\n<td width=\"172\"><strong>Wariant<\/strong><\/td>\n<td width=\"80\"><strong>Silnik<\/strong><\/td>\n<\/tr>\n<tr>\n<td width=\"178\">2014-2019<\/td>\n<td width=\"226\">Chevrolet<\/td>\n<td width=\"120\">Corvette<\/td>\n<td width=\"172\">(C7) Stingray<\/td>\n<td width=\"80\">V8 6.2L<\/td>\n<\/tr>\n<tr>\n<td width=\"178\">2015-2019<\/td>\n<td width=\"226\">Chevrolet<\/td>\n<td width=\"120\">Corvette<\/td>\n<td width=\"172\">(C7) Z06<\/td>\n<td width=\"80\">V8 6.2L<\/td>\n<\/tr>\n<\/tbody>\n<\/table>\n<p>&nbsp;<\/p>\n<p><iframe loading=\"lazy\" title=\"Ch\u0142odnica Corvette C7 Performance\" width=\"500\" height=\"281\" src=\"https:\/\/www.youtube.com\/embed\/eVm69zYqKps?feature=oembed\" frameborder=\"0\" allow=\"accelerometer; autoplay; clipboard-write; encrypted-media; gyroscope; picture-in-picture; web-share\" referrerpolicy=\"strict-origin-when-cross-origin\" allowfullscreen><\/iframe><\/p>\n<p>&nbsp;<\/p>","protected":false},"excerpt":{"rendered":"<p>Aluminiowa ch\u0142odnica Mishimoto do Chevrolet Corvette C7 Stingray i Z06 Aluminiowa ch\u0142odnica Mishimoto do podwozia Corvette C7 jest tak<\/p>","protected":false},"featured_media":68289233,"comment_status":"open","ping_status":"closed","template":"","meta":{"_acf_changed":false},"product_brand":[18924],"product_cat":[5082],"product_tag":[101,4533,3087,189,190,281,405,269,274,5083,4534,3583,216,3736,283],"class_list":{"0":"post-68289229","1":"product","2":"type-product","3":"status-publish","4":"has-post-thumbnail","6":"product_brand-mishimoto","7":"product_cat-corvette-c7-kuehlung","8":"product_tag-6-2","9":"product_tag-aluminiumkuehler","10":"product_tag-c7","11":"product_tag-chevrolet","12":"product_tag-chevy","13":"product_tag-corvette","14":"product_tag-kuehler","15":"product_tag-kuehlwasser","16":"product_tag-mishimoto","17":"product_tag-mmrad-c7-14","18":"product_tag-motorkuehler","19":"product_tag-stingray","20":"product_tag-upgrade","21":"product_tag-wasserkuehler","22":"product_tag-z06","23":"product_shipping_class-paket-l","25":"first","26":"onbackorder","27":"taxable","28":"shipping-taxable","29":"purchasable","30":"product-type-simple"},"bundled_by":[],"bundle_stock_status":"onbackorder","bundle_stock_quantity":0,"bundle_virtual":false,"bundle_layout":"","bundle_add_to_cart_form_location":"","bundle_editable_in_cart":false,"bundle_sold_individually_context":"","bundle_item_grouping":"","bundle_min_size":"","bundle_max_size":"","bundle_price":[],"bundled_items":[],"bundle_sell_ids":[],"exclude_global_add_ons":[],"addons":[],"acf":[],"_links":{"self":[{"href":"https:\/\/kraftwerk-shop.cc\/pl\/wp-json\/wp\/v2\/product\/68289229","targetHints":{"allow":["GET"]}}],"collection":[{"href":"https:\/\/kraftwerk-shop.cc\/pl\/wp-json\/wp\/v2\/product"}],"about":[{"href":"https:\/\/kraftwerk-shop.cc\/pl\/wp-json\/wp\/v2\/types\/product"}],"replies":[{"embeddable":true,"href":"https:\/\/kraftwerk-shop.cc\/pl\/wp-json\/wp\/v2\/comments?post=68289229"}],"version-history":[{"count":0,"href":"https:\/\/kraftwerk-shop.cc\/pl\/wp-json\/wp\/v2\/product\/68289229\/revisions"}],"wp:featuredmedia":[{"embeddable":true,"href":"https:\/\/kraftwerk-shop.cc\/pl\/wp-json\/wp\/v2\/media\/68289233"}],"wp:attachment":[{"href":"https:\/\/kraftwerk-shop.cc\/pl\/wp-json\/wp\/v2\/media?parent=68289229"}],"wp:term":[{"taxonomy":"product_brand","embeddable":true,"href":"https:\/\/kraftwerk-shop.cc\/pl\/wp-json\/wp\/v2\/product_brand?post=68289229"},{"taxonomy":"product_cat","embeddable":true,"href":"https:\/\/kraftwerk-shop.cc\/pl\/wp-json\/wp\/v2\/product_cat?post=68289229"},{"taxonomy":"product_tag","embeddable":true,"href":"https:\/\/kraftwerk-shop.cc\/pl\/wp-json\/wp\/v2\/product_tag?post=68289229"}],"curies":[{"name":"wp","href":"https:\/\/api.w.org\/{rel}","templated":true}]}}