{"id":68289246,"date":"2023-05-21T23:37:12","date_gmt":"2023-05-21T21:37:12","guid":{"rendered":"https:\/\/kraftwerk-shop.cc\/?post_type=product&#038;p=68289246"},"modified":"2026-03-06T12:43:54","modified_gmt":"2026-03-06T11:43:54","slug":"mishimoto-racing-termostat-corvette-c7","status":"publish","type":"product","link":"https:\/\/kraftwerk-shop.cc\/pl\/produkt\/mishimoto-racing-thermostat-corvette-c7\/","title":{"rendered":"Mishimoto Racing termostat Corvette C7"},"content":{"rendered":"<h1>Termostat Mishimoto 82 stopnie do Chevroleta Corvette C7 Stingray, Grand Sport i Z06<\/h1>\n<p>&nbsp;<\/p>\n<p>Je\u015bli twoja Vette jest nieco gor\u0105ca, obni\u017c temperatur\u0119 za pomoc\u0105 termostatu 82 stopnie.<\/p>\n<p>Mishimoto opracowa\u0142o termostat specjalnie dla Corvette C7 Stingray, Grand Sport i Z06.<br \/>\nTermostat Mishimoto Corvette C7 idealnie pasuje do obudowy termostatu OEM i zapewnia lepsze ch\u0142odzenie silnika. Zalecany do pojazd\u00f3w poruszaj\u0105cych si\u0119 w gor\u0105cym klimacie lub w ruchu stop-and-go.<br \/>\nPo ca\u0142kowitym rozgrzaniu silnika termostat Viper otwiera si\u0119 w ni\u017cszej temperaturze ni\u017c standardowy termostat, umo\u017cliwiaj\u0105c szybszy przep\u0142yw p\u0142ynu ch\u0142odz\u0105cego przez silnik, obni\u017caj\u0105c temperatur\u0119 silnika i utrzymuj\u0105c go w ni\u017cszej temperaturze, poprawiaj\u0105c d\u0142ugoterminow\u0105 niezawodno\u015b\u0107 element\u00f3w ch\u0142odz\u0105cych pojazdu.<\/p>\n<p>Instalacja jest prosta i wymaga jedynie wymiany starej jednostki OEM oraz instalacji nowego termostatu.<br \/>\nInstalacja mo\u017ce by\u0107 przeprowadzona przy u\u017cyciu prostych narz\u0119dzi i wymaga jedynie umiarkowanych umiej\u0119tno\u015bci manualnych.<\/p>\n<p>Zalecany do pojazd\u00f3w drogowych, kt\u00f3re wymagaj\u0105 dodatkowego ch\u0142odzenia.<\/p>\n<p>&nbsp;<\/p>\n<p><strong>Odpowiedni dla:<\/strong><\/p>\n<table width=\"776\">\n<tbody>\n<tr>\n<td width=\"178\"><strong>Rok<\/strong><\/td>\n<td width=\"226\"><strong>Marka<\/strong><\/td>\n<td width=\"120\"><strong>Model<\/strong><\/td>\n<td width=\"172\"><strong>Wariant<\/strong><\/td>\n<td width=\"80\"><strong>Silnik<\/strong><\/td>\n<\/tr>\n<tr>\n<td width=\"178\">2014-2019<\/td>\n<td width=\"226\">Chevrolet<\/td>\n<td width=\"120\">Corvette<\/td>\n<td width=\"172\">(C7) Stingray<\/td>\n<td width=\"80\">V8 6.2L<\/td>\n<\/tr>\n<tr>\n<td width=\"178\">2015-2019<\/td>\n<td width=\"226\">Chevrolet<\/td>\n<td width=\"120\">Corvette<\/td>\n<td width=\"172\">(C7) Z06<\/td>\n<td width=\"80\">V8 6.2L<\/td>\n<\/tr>\n<\/tbody>\n<\/table>\n<p>&nbsp;<\/p>\n<p>&nbsp;<\/p>","protected":false},"excerpt":{"rendered":"<p>82 stopnie<\/p>","protected":false},"featured_media":68289249,"comment_status":"open","ping_status":"closed","template":"","meta":{"_acf_changed":false},"product_brand":[18924],"product_cat":[5082],"product_tag":[295,101,296,5085,4533,3087,189,190,281,266,405,269,274,5084,4534,3583,267,216,3736,283],"class_list":{"0":"post-68289246","1":"product","2":"type-product","3":"status-publish","4":"has-post-thumbnail","6":"product_brand-mishimoto","7":"product_cat-corvette-c7-kuehlung","8":"product_tag-295","9":"product_tag-6-2","10":"product_tag-296","11":"product_tag-82-grad","12":"product_tag-aluminiumkuehler","13":"product_tag-c7","14":"product_tag-chevrolet","15":"product_tag-chevy","16":"product_tag-corvette","17":"product_tag-grad","18":"product_tag-kuehler","19":"product_tag-kuehlwasser","20":"product_tag-mishimoto","21":"product_tag-mmts-vet-180","22":"product_tag-motorkuehler","23":"product_tag-stingray","24":"product_tag-thermostat","25":"product_tag-upgrade","26":"product_tag-wasserkuehler","27":"product_tag-z06","29":"first","30":"instock","31":"taxable","32":"shipping-taxable","33":"purchasable","34":"product-type-simple"},"bundled_by":[],"bundle_stock_status":"instock","bundle_stock_quantity":2,"bundle_virtual":false,"bundle_layout":"","bundle_add_to_cart_form_location":"","bundle_editable_in_cart":false,"bundle_sold_individually_context":"","bundle_item_grouping":"","bundle_min_size":"","bundle_max_size":"","bundle_price":[],"bundled_items":[],"bundle_sell_ids":[],"exclude_global_add_ons":[],"addons":[],"acf":[],"_links":{"self":[{"href":"https:\/\/kraftwerk-shop.cc\/pl\/wp-json\/wp\/v2\/product\/68289246","targetHints":{"allow":["GET"]}}],"collection":[{"href":"https:\/\/kraftwerk-shop.cc\/pl\/wp-json\/wp\/v2\/product"}],"about":[{"href":"https:\/\/kraftwerk-shop.cc\/pl\/wp-json\/wp\/v2\/types\/product"}],"replies":[{"embeddable":true,"href":"https:\/\/kraftwerk-shop.cc\/pl\/wp-json\/wp\/v2\/comments?post=68289246"}],"version-history":[{"count":0,"href":"https:\/\/kraftwerk-shop.cc\/pl\/wp-json\/wp\/v2\/product\/68289246\/revisions"}],"wp:featuredmedia":[{"embeddable":true,"href":"https:\/\/kraftwerk-shop.cc\/pl\/wp-json\/wp\/v2\/media\/68289249"}],"wp:attachment":[{"href":"https:\/\/kraftwerk-shop.cc\/pl\/wp-json\/wp\/v2\/media?parent=68289246"}],"wp:term":[{"taxonomy":"product_brand","embeddable":true,"href":"https:\/\/kraftwerk-shop.cc\/pl\/wp-json\/wp\/v2\/product_brand?post=68289246"},{"taxonomy":"product_cat","embeddable":true,"href":"https:\/\/kraftwerk-shop.cc\/pl\/wp-json\/wp\/v2\/product_cat?post=68289246"},{"taxonomy":"product_tag","embeddable":true,"href":"https:\/\/kraftwerk-shop.cc\/pl\/wp-json\/wp\/v2\/product_tag?post=68289246"}],"curies":[{"name":"wp","href":"https:\/\/api.w.org\/{rel}","templated":true}]}}