{"id":68289268,"date":"2023-05-22T13:36:51","date_gmt":"2023-05-22T11:36:51","guid":{"rendered":"https:\/\/kraftwerk-shop.cc\/?post_type=product&#038;p=68289268"},"modified":"2026-02-15T00:55:12","modified_gmt":"2026-02-14T23:55:12","slug":"mbrp-s70423cf-chevrolet-corvette-c8","status":"publish","type":"product","link":"https:\/\/kraftwerk-shop.cc\/pl\/produkt\/mbrp-s70423cf-chevrolet-corvette-c8\/","title":{"rendered":"MBRP S70423CF Cat-Back Race Profile Chevrolet Corvette C8"},"content":{"rendered":"<h1>Wy\u015bcigowy uk\u0142ad wydechowy MBRP Cat-Back dla Chevrolet Corvette C8<\/h1>\n<p>&nbsp;<\/p>\n<p>Sportowy uk\u0142ad wydechowy MBRP uwalnia pe\u0142ny potencja\u0142 mocy i momentu obrotowego pojazdu i zapewnia, \u017ce RAM jest szybszy, p\u0142ynniejszy i g\u0142o\u015bniejszy na drodze.<\/p>\n<p>Ka\u017cdy uk\u0142ad wydechowy MBRP jest dostrojony i zaprojektowany tak, aby zapewni\u0107 najwy\u017csz\u0105 wydajno\u015b\u0107 pojazdu. Wykonany z wytrzyma\u0142ej stali nierdzewnej T304. Ka\u017cda sekcja rury jest r\u00f3wnomiernie wygi\u0119ta, aby zwi\u0119kszy\u0107 przep\u0142yw spalin. Tylny t\u0142umik zosta\u0142 zaprojektowany tak, aby zapewni\u0107 optymalny d\u017awi\u0119k i zminimalizowa\u0107 ci\u015bnienie wsteczne.<\/p>\n<p>Instalacja uk\u0142adu wydechowego MBRP jest prosta i nie wymaga spawania ani wiercenia w poje\u017adzie. Ka\u017cdy uk\u0142ad wykorzystuje istniej\u0105ce punkty monta\u017cowe.<\/p>\n<p>&nbsp;<\/p>\n<p>&nbsp;<\/p>\n<p>Uk\u0142ad wydechowy typu cat-back MBRP S51053CF Race Profile 3\u2033 wykonany ze stali nierdzewnej T304 z rurami wydechowymi o kraw\u0119dziach z w\u0142\u00f3kna w\u0119glowego jest odpowiedni dla nast\u0119puj\u0105cych modeli:<\/p>\n<table width=\"449\">\n<tbody>\n<tr>\n<td width=\"115\"><strong>Marka<\/strong><\/td>\n<td width=\"145\"><strong>Model<\/strong><\/td>\n<td width=\"106\">Silnik<\/td>\n<td width=\"83\"><strong>Rok<\/strong><\/td>\n<\/tr>\n<tr>\n<td>Chevrolet<\/td>\n<td>Corvette C8 (Z51, Z51 Performance, Stingray)<\/td>\n<td>6.2<\/td>\n<td>2020\u20132023<\/td>\n<\/tr>\n<tr>\n<td>Chevrolet<\/td>\n<td>Corvette C8 (Z51 Special Edition)<\/td>\n<td>6.2<\/td>\n<td>2022<\/td>\n<\/tr>\n<\/tbody>\n<\/table>\n<p>&nbsp;<\/p>\n<p><iframe loading=\"lazy\" title=\"MBRP S70403CF Sportowy uk\u0142ad wydechowy Chevrolet Corvette C8\" src=\"https:\/\/www.youtube.com\/embed\/7Acef7kUOKg\" width=\"882\" height=\"496\" frameborder=\"0\" allowfullscreen=\"allowfullscreen\"><\/iframe><\/p>\n<p><iframe loading=\"lazy\" title=\"Info MBRP S70403CF Uk\u0142ad wydechowy Chevrolet Corvette C8\" src=\"https:\/\/www.youtube.com\/embed\/BtpsZED3rPo\" width=\"882\" height=\"496\" frameborder=\"0\" allowfullscreen=\"allowfullscreen\"><\/iframe><\/p>\n<p>&nbsp;<\/p>\n<p>&nbsp;<\/p>\n<p>&nbsp;<\/p>","protected":false},"excerpt":{"rendered":"<p>2020\u20132023<\/p>","protected":false},"featured_media":68289270,"comment_status":"open","ping_status":"closed","template":"","meta":{"_acf_changed":false},"product_brand":[17169],"product_cat":[3024,3136],"product_tag":[4024,4023,101,1035,1036,546,1037,3285,773,1047,2210,189,281,3999,2786,2934,532,529,20273,2211,2931,6924,1181,5086,7039,547,1034,1038,3583,233,4005,7040,7041],"class_list":{"0":"post-68289268","1":"product","2":"type-product","3":"status-publish","4":"has-post-thumbnail","6":"product_brand-mbrp","7":"product_cat-nicht-nach-eu","8":"product_cat-corvette-c8-abgasanlage","9":"product_tag-3zoll","10":"product_tag-4023","11":"product_tag-6-2","12":"product_tag-abgasanlage","13":"product_tag-abgassystem","14":"product_tag-auspuff","15":"product_tag-auspuffsystem","16":"product_tag-c8","17":"product_tag-carbon","18":"product_tag-cat-back","19":"product_tag-catback","20":"product_tag-chevrolet","21":"product_tag-corvette","22":"product_tag-corvette-c8","23":"product_tag-exhaust","24":"product_tag-harder","25":"product_tag-kat","26":"product_tag-katalysator","27":"product_tag-keintuev","28":"product_tag-klang","29":"product_tag-mbrp","30":"product_tag-mbrp10","31":"product_tag-race","32":"product_tag-s70403cf","33":"product_tag-s70423cf","34":"product_tag-sportauspuff","35":"product_tag-sportauspuffanlage","36":"product_tag-sportendschalldaempfer","37":"product_tag-stingray","38":"product_tag-tuning","39":"product_tag-z51","40":"product_tag-z51-performance","41":"product_tag-z51-special-edition","42":"product_shipping_class-spedition-1","44":"first","45":"onbackorder","46":"taxable","47":"shipping-taxable","48":"purchasable","49":"product-type-simple"},"bundled_by":[],"bundle_stock_status":"onbackorder","bundle_stock_quantity":0,"bundle_virtual":false,"bundle_layout":"","bundle_add_to_cart_form_location":"","bundle_editable_in_cart":false,"bundle_sold_individually_context":"","bundle_item_grouping":"","bundle_min_size":"","bundle_max_size":"","bundle_price":[],"bundled_items":[],"bundle_sell_ids":[],"exclude_global_add_ons":[],"addons":[],"acf":[],"_links":{"self":[{"href":"https:\/\/kraftwerk-shop.cc\/pl\/wp-json\/wp\/v2\/product\/68289268","targetHints":{"allow":["GET"]}}],"collection":[{"href":"https:\/\/kraftwerk-shop.cc\/pl\/wp-json\/wp\/v2\/product"}],"about":[{"href":"https:\/\/kraftwerk-shop.cc\/pl\/wp-json\/wp\/v2\/types\/product"}],"replies":[{"embeddable":true,"href":"https:\/\/kraftwerk-shop.cc\/pl\/wp-json\/wp\/v2\/comments?post=68289268"}],"version-history":[{"count":0,"href":"https:\/\/kraftwerk-shop.cc\/pl\/wp-json\/wp\/v2\/product\/68289268\/revisions"}],"wp:featuredmedia":[{"embeddable":true,"href":"https:\/\/kraftwerk-shop.cc\/pl\/wp-json\/wp\/v2\/media\/68289270"}],"wp:attachment":[{"href":"https:\/\/kraftwerk-shop.cc\/pl\/wp-json\/wp\/v2\/media?parent=68289268"}],"wp:term":[{"taxonomy":"product_brand","embeddable":true,"href":"https:\/\/kraftwerk-shop.cc\/pl\/wp-json\/wp\/v2\/product_brand?post=68289268"},{"taxonomy":"product_cat","embeddable":true,"href":"https:\/\/kraftwerk-shop.cc\/pl\/wp-json\/wp\/v2\/product_cat?post=68289268"},{"taxonomy":"product_tag","embeddable":true,"href":"https:\/\/kraftwerk-shop.cc\/pl\/wp-json\/wp\/v2\/product_tag?post=68289268"}],"curies":[{"name":"wp","href":"https:\/\/api.w.org\/{rel}","templated":true}]}}