{"id":68289486,"date":"2023-06-04T13:40:49","date_gmt":"2023-06-04T11:40:49","guid":{"rendered":"https:\/\/kraftwerk-shop.cc\/?post_type=product&#038;p=68289486"},"modified":"2026-03-06T12:43:53","modified_gmt":"2026-03-06T11:43:53","slug":"mishimoto-racing-termostat-camaro","status":"publish","type":"product","link":"https:\/\/kraftwerk-shop.cc\/pl\/produkt\/mishimoto-racing-thermostat-camaro\/","title":{"rendered":"Mishimoto Racing termostat Camaro SS"},"content":{"rendered":"<h1>Termostat Mishimoto 82 stopnie dla Chevroleta Camaro LT1<\/h1>\n<p>&nbsp;<\/p>\n<p>Je\u015bli Camaro jest nieco gor\u0105ce, obni\u017c temperatur\u0119 za pomoc\u0105 termostatu 82 stopni.<\/p>\n<p>Mishimoto opracowa\u0142o termostat specjalnie dla Chevroleta Camaro LT1.<br \/>\nTermostat idealnie pasuje do obudowy termostatu OEM i zapewnia lepsze ch\u0142odzenie silnika. Zalecany do pojazd\u00f3w poruszaj\u0105cych si\u0119 w gor\u0105cym klimacie lub w ruchu typu stop-and-go.<br \/>\nPo ca\u0142kowitym rozgrzaniu silnika termostat Viper otwiera si\u0119 w ni\u017cszej temperaturze ni\u017c standardowy termostat, umo\u017cliwiaj\u0105c szybszy przep\u0142yw p\u0142ynu ch\u0142odz\u0105cego przez silnik, obni\u017caj\u0105c temperatur\u0119 silnika i utrzymuj\u0105c go w ni\u017cszej temperaturze, poprawiaj\u0105c d\u0142ugoterminow\u0105 niezawodno\u015b\u0107 element\u00f3w ch\u0142odz\u0105cych pojazdu.<\/p>\n<p>Instalacja jest prosta i wymaga jedynie wymiany starej jednostki OEM oraz instalacji nowego termostatu.<br \/>\nInstalacja mo\u017ce by\u0107 przeprowadzona przy u\u017cyciu prostych narz\u0119dzi i wymaga jedynie umiarkowanych umiej\u0119tno\u015bci manualnych.<\/p>\n<p>Zalecany do pojazd\u00f3w drogowych, kt\u00f3re wymagaj\u0105 dodatkowego ch\u0142odzenia.<\/p>\n<p>&nbsp;<\/p>\n<p><strong>Odpowiedni dla:<\/strong><\/p>\n<table width=\"408\">\n<tbody>\n<tr>\n<td width=\"126\"><strong>Rok<\/strong><\/td>\n<td width=\"116\"><strong>Marka<\/strong><\/td>\n<td width=\"102\"><strong>Model<\/strong><\/td>\n<td width=\"64\"><strong>Silnik<\/strong><\/td>\n<\/tr>\n<tr>\n<td>2016\u20132023<\/td>\n<td>Chevrolet<\/td>\n<td>Camaro<\/td>\n<td>6.2 LT1<\/td>\n<\/tr>\n<\/tbody>\n<\/table>\n<p>&nbsp;<\/p>\n<p><strong>\u00a0<\/strong><\/p>\n<p>&nbsp;<\/p>\n<p>&nbsp;<\/p>","protected":false},"excerpt":{"rendered":"<p>82 stopnie<\/p>","protected":false},"featured_media":68289490,"comment_status":"open","ping_status":"closed","template":"","meta":{"_acf_changed":false},"product_brand":[18924],"product_cat":[5145],"product_tag":[295,101,296,5085,4533,191,189,190,266,405,269,898,274,4534,3583,267,216,3736,283],"class_list":{"0":"post-68289486","1":"product","2":"type-product","3":"status-publish","4":"has-post-thumbnail","6":"product_brand-mishimoto","7":"product_cat-camaro-62-2016-kuehlung","8":"product_tag-295","9":"product_tag-6-2","10":"product_tag-296","11":"product_tag-82-grad","12":"product_tag-aluminiumkuehler","13":"product_tag-camaro","14":"product_tag-chevrolet","15":"product_tag-chevy","16":"product_tag-grad","17":"product_tag-kuehler","18":"product_tag-kuehlwasser","19":"product_tag-lt1","20":"product_tag-mishimoto","21":"product_tag-motorkuehler","22":"product_tag-stingray","23":"product_tag-thermostat","24":"product_tag-upgrade","25":"product_tag-wasserkuehler","26":"product_tag-z06","28":"first","29":"instock","30":"taxable","31":"shipping-taxable","32":"purchasable","33":"product-type-simple"},"bundled_by":[],"bundle_stock_status":"instock","bundle_stock_quantity":2,"bundle_virtual":false,"bundle_layout":"","bundle_add_to_cart_form_location":"","bundle_editable_in_cart":false,"bundle_sold_individually_context":"","bundle_item_grouping":"","bundle_min_size":"","bundle_max_size":"","bundle_price":[],"bundled_items":[],"bundle_sell_ids":[],"exclude_global_add_ons":[],"addons":[],"acf":[],"_links":{"self":[{"href":"https:\/\/kraftwerk-shop.cc\/pl\/wp-json\/wp\/v2\/product\/68289486","targetHints":{"allow":["GET"]}}],"collection":[{"href":"https:\/\/kraftwerk-shop.cc\/pl\/wp-json\/wp\/v2\/product"}],"about":[{"href":"https:\/\/kraftwerk-shop.cc\/pl\/wp-json\/wp\/v2\/types\/product"}],"replies":[{"embeddable":true,"href":"https:\/\/kraftwerk-shop.cc\/pl\/wp-json\/wp\/v2\/comments?post=68289486"}],"version-history":[{"count":0,"href":"https:\/\/kraftwerk-shop.cc\/pl\/wp-json\/wp\/v2\/product\/68289486\/revisions"}],"wp:featuredmedia":[{"embeddable":true,"href":"https:\/\/kraftwerk-shop.cc\/pl\/wp-json\/wp\/v2\/media\/68289490"}],"wp:attachment":[{"href":"https:\/\/kraftwerk-shop.cc\/pl\/wp-json\/wp\/v2\/media?parent=68289486"}],"wp:term":[{"taxonomy":"product_brand","embeddable":true,"href":"https:\/\/kraftwerk-shop.cc\/pl\/wp-json\/wp\/v2\/product_brand?post=68289486"},{"taxonomy":"product_cat","embeddable":true,"href":"https:\/\/kraftwerk-shop.cc\/pl\/wp-json\/wp\/v2\/product_cat?post=68289486"},{"taxonomy":"product_tag","embeddable":true,"href":"https:\/\/kraftwerk-shop.cc\/pl\/wp-json\/wp\/v2\/product_tag?post=68289486"}],"curies":[{"name":"wp","href":"https:\/\/api.w.org\/{rel}","templated":true}]}}