{"id":68289956,"date":"2023-06-09T13:52:46","date_gmt":"2023-06-09T11:52:46","guid":{"rendered":"https:\/\/kraftwerk-shop.cc\/?post_type=product&#038;p=68289956"},"modified":"2026-02-15T00:01:14","modified_gmt":"2026-02-14T23:01:14","slug":"termostat-wyscigowy-dodge-viper","status":"publish","type":"product","link":"https:\/\/kraftwerk-shop.cc\/pl\/produkt\/racing-thermostat-dodge-viper\/","title":{"rendered":"Termostat wy\u015bcigowy Dodge Viper"},"content":{"rendered":"<h1>Termostat wy\u015bcigowy 77 stopni dla Dodge Viper<\/h1>\n<p>&nbsp;<\/p>\n<p>Je\u015bli Viper jest nieco gor\u0105cy, obni\u017c temperatur\u0119 za pomoc\u0105 termostatu 77 stopni.<\/p>\n<p>Termostat idealnie pasuje do obudowy termostatu OEM i zapewnia lepsze ch\u0142odzenie silnika. Zalecany do pojazd\u00f3w poruszaj\u0105cych si\u0119 w gor\u0105cym klimacie lub w ruchu typu stop-and-go.<br \/>\nPo ca\u0142kowitym rozgrzaniu silnika termostat Viper otwiera si\u0119 w ni\u017cszej temperaturze ni\u017c standardowy termostat, umo\u017cliwiaj\u0105c szybszy przep\u0142yw p\u0142ynu ch\u0142odz\u0105cego przez silnik, obni\u017caj\u0105c temperatur\u0119 silnika i utrzymuj\u0105c go w ni\u017cszej temperaturze, poprawiaj\u0105c d\u0142ugoterminow\u0105 niezawodno\u015b\u0107 element\u00f3w ch\u0142odz\u0105cych pojazdu.<\/p>\n<p>Instalacja jest prosta i wymaga jedynie wymiany starej jednostki OEM oraz instalacji nowego termostatu.<br \/>\nInstalacja mo\u017ce by\u0107 przeprowadzona przy u\u017cyciu prostych narz\u0119dzi i wymaga jedynie umiarkowanych umiej\u0119tno\u015bci manualnych.<\/p>\n<p>Zalecany do pojazd\u00f3w drogowych, kt\u00f3re wymagaj\u0105 dodatkowego ch\u0142odzenia.<\/p>\n<p>&nbsp;<\/p>\n<p>&nbsp;<\/p>\n<p><strong>Numer por\u00f3wnawczy Mopar:<\/strong> 5037344AA<\/p>\n<p>&nbsp;<\/p>\n<p><strong>Odpowiedni dla:<\/strong><\/p>\n<table width=\"721\">\n<tbody>\n<tr>\n<td width=\"64\"><strong>Rok<\/strong><\/td>\n<td width=\"83\"><strong>Marka<\/strong><\/td>\n<td width=\"146\"><strong>Model<\/strong><\/td>\n<td width=\"293\"><strong>Wersja<\/strong><\/td>\n<td width=\"135\"><strong>Silnik<\/strong><\/td>\n<\/tr>\n<tr>\n<td width=\"64\">2017<\/td>\n<td width=\"83\">Dodge<\/td>\n<td width=\"146\">Viper<\/td>\n<td width=\"293\">ACR, GTS, SRT<\/td>\n<td width=\"135\">8.4L<\/td>\n<\/tr>\n<tr>\n<td width=\"64\">2016<\/td>\n<td width=\"83\">Dodge<\/td>\n<td width=\"146\">Viper<\/td>\n<td width=\"293\">ACR, GTC, GTS, SRT<\/td>\n<td width=\"135\">8.4L<\/td>\n<\/tr>\n<tr>\n<td width=\"64\">2015<\/td>\n<td width=\"83\">Dodge<\/td>\n<td width=\"146\">Viper<\/td>\n<td width=\"293\">GT, GTS<\/td>\n<td width=\"135\">8.4L<\/td>\n<\/tr>\n<tr>\n<td width=\"64\">2014<\/td>\n<td width=\"83\">SRT<\/td>\n<td width=\"146\">Viper<\/td>\n<td width=\"293\">Base, GTS<\/td>\n<td width=\"135\">8.4L<\/td>\n<\/tr>\n<tr>\n<td width=\"64\">2013<\/td>\n<td width=\"83\">SRT<\/td>\n<td width=\"146\">Viper<\/td>\n<td width=\"293\">Base, GTS<\/td>\n<td width=\"135\">8.4L<\/td>\n<\/tr>\n<tr>\n<td width=\"64\">2010<\/td>\n<td width=\"83\">Dodge<\/td>\n<td width=\"146\">Viper<\/td>\n<td width=\"293\">SRT-10, SRT-10 ACR<\/td>\n<td width=\"135\">8.4L<\/td>\n<\/tr>\n<tr>\n<td width=\"64\">2009<\/td>\n<td width=\"83\">Dodge<\/td>\n<td width=\"146\">Viper<\/td>\n<td width=\"293\">SRT-10, SRT-10 ACR<\/td>\n<td width=\"135\">8.4L<\/td>\n<\/tr>\n<tr>\n<td width=\"64\">2008<\/td>\n<td width=\"83\">Dodge<\/td>\n<td width=\"146\">Viper<\/td>\n<td width=\"293\">SRT-10<\/td>\n<td width=\"135\">8.4L<\/td>\n<\/tr>\n<tr>\n<td width=\"64\">2006<\/td>\n<td width=\"83\">Dodge<\/td>\n<td width=\"146\">Ram 1500<\/td>\n<td width=\"293\">SRT-10<\/td>\n<td width=\"135\">8.3L<\/td>\n<\/tr>\n<tr>\n<td width=\"64\">2005<\/td>\n<td width=\"83\">Dodge<\/td>\n<td width=\"146\">Ram 1500<\/td>\n<td width=\"293\">SRT-10<\/td>\n<td width=\"135\">8.3L<\/td>\n<\/tr>\n<tr>\n<td width=\"64\">2005<\/td>\n<td width=\"83\">Dodge<\/td>\n<td width=\"146\">Viper<\/td>\n<td width=\"293\">SRT-10<\/td>\n<td width=\"135\">8.3L<\/td>\n<\/tr>\n<tr>\n<td width=\"64\">2004<\/td>\n<td width=\"83\">Dodge<\/td>\n<td width=\"146\">Viper<\/td>\n<td width=\"293\">SRT-10<\/td>\n<td width=\"135\">8.3L<\/td>\n<\/tr>\n<tr>\n<td width=\"64\">2003<\/td>\n<td width=\"83\">Dodge<\/td>\n<td width=\"146\">Viper<\/td>\n<td width=\"293\">SRT-10<\/td>\n<td width=\"135\">8.3L<\/td>\n<\/tr>\n<\/tbody>\n<\/table>","protected":false},"excerpt":{"rendered":"<p>Termostat wy\u015bcigowy 77 stopni dla Dodge Viper Je\u015bli tw\u00f3j Viper dzia\u0142a troch\u0119 gor\u0105co, obni\u017c temperatur\u0119 za pomoc\u0105<\/p>","protected":false},"featured_media":68355073,"comment_status":"open","ping_status":"closed","template":"","meta":{"_acf_changed":false},"product_brand":[],"product_cat":[8066,8067],"product_tag":[18320,5180,5182,5181,49,1111,31,96,1097,267,559],"class_list":{"0":"post-68289956","1":"product","2":"type-product","3":"status-publish","4":"has-post-thumbnail","6":"product_cat-viper-83-kuehlung","7":"product_cat-viper-84-kuehlung","8":"product_tag-05037344aa","9":"product_tag-5037344aa","10":"product_tag-77-grad","11":"product_tag-acr","12":"product_tag-dodge","13":"product_tag-gts","14":"product_tag-mopar","15":"product_tag-srt","16":"product_tag-srt-10","17":"product_tag-thermostat","18":"product_tag-viper","19":"product_shipping_class-deutschlandohne","21":"first","22":"instock","23":"taxable","24":"shipping-taxable","25":"purchasable","26":"product-type-simple"},"bundled_by":[],"bundle_stock_status":"instock","bundle_stock_quantity":1,"bundle_virtual":false,"bundle_layout":"","bundle_add_to_cart_form_location":"","bundle_editable_in_cart":false,"bundle_sold_individually_context":"","bundle_item_grouping":"","bundle_min_size":"","bundle_max_size":"","bundle_price":[],"bundled_items":[],"bundle_sell_ids":[],"exclude_global_add_ons":[],"addons":[],"acf":[],"_links":{"self":[{"href":"https:\/\/kraftwerk-shop.cc\/pl\/wp-json\/wp\/v2\/product\/68289956","targetHints":{"allow":["GET"]}}],"collection":[{"href":"https:\/\/kraftwerk-shop.cc\/pl\/wp-json\/wp\/v2\/product"}],"about":[{"href":"https:\/\/kraftwerk-shop.cc\/pl\/wp-json\/wp\/v2\/types\/product"}],"replies":[{"embeddable":true,"href":"https:\/\/kraftwerk-shop.cc\/pl\/wp-json\/wp\/v2\/comments?post=68289956"}],"version-history":[{"count":0,"href":"https:\/\/kraftwerk-shop.cc\/pl\/wp-json\/wp\/v2\/product\/68289956\/revisions"}],"wp:featuredmedia":[{"embeddable":true,"href":"https:\/\/kraftwerk-shop.cc\/pl\/wp-json\/wp\/v2\/media\/68355073"}],"wp:attachment":[{"href":"https:\/\/kraftwerk-shop.cc\/pl\/wp-json\/wp\/v2\/media?parent=68289956"}],"wp:term":[{"taxonomy":"product_brand","embeddable":true,"href":"https:\/\/kraftwerk-shop.cc\/pl\/wp-json\/wp\/v2\/product_brand?post=68289956"},{"taxonomy":"product_cat","embeddable":true,"href":"https:\/\/kraftwerk-shop.cc\/pl\/wp-json\/wp\/v2\/product_cat?post=68289956"},{"taxonomy":"product_tag","embeddable":true,"href":"https:\/\/kraftwerk-shop.cc\/pl\/wp-json\/wp\/v2\/product_tag?post=68289956"}],"curies":[{"name":"wp","href":"https:\/\/api.w.org\/{rel}","templated":true}]}}