{"id":68290055,"date":"2023-06-11T01:20:18","date_gmt":"2023-06-10T23:20:18","guid":{"rendered":"https:\/\/kraftwerk-shop.cc\/?post_type=product&#038;p=68290055"},"modified":"2026-02-15T00:48:20","modified_gmt":"2026-02-14T23:48:20","slug":"chlodnica-oleju-skrzyni-biegow-bladerunner-ram-trx","status":"publish","type":"product","link":"https:\/\/kraftwerk-shop.cc\/pl\/produkt\/bladerunner-getriebeoelkuehler-ram-trx\/","title":{"rendered":"Zestaw ch\u0142odnicy oleju przek\u0142adniowego BladeRunner RAM TRX"},"content":{"rendered":"<h1>Zestaw ch\u0142odnicy oleju przek\u0142adniowego BladeRunner 46-80006 do RAM TRX<\/h1>\n<p>&nbsp;<\/p>\n<p><strong>Historyczna konstrukcja p\u0142ytowa:<\/strong><br \/>\nTa ch\u0142odnica oleju przek\u0142adniowego BladeRunner wykorzystuje trwa\u0142\u0105, lutowan\u0105, w ca\u0142o\u015bci aluminiow\u0105 konstrukcj\u0119 p\u0142ytow\u0105, kt\u00f3ra zapewnia wy\u017csz\u0105 wydajno\u015b\u0107 i ni\u017cszy spadek ci\u015bnienia ni\u017c standardowa konstrukcja rurowo-\u017cebrowa.<\/p>\n<p><strong>Dodatkowe ch\u0142odzenie:<\/strong><br \/>\nZaprojektowany do pracy w po\u0142\u0105czeniu z oryginalnym wyposa\u017ceniem pojazdu. Zapewnia ni\u017csze temperatury oleju przek\u0142adniowego, zmniejszaj\u0105c jego zu\u017cycie i wyd\u0142u\u017caj\u0105c \u017cywotno\u015b\u0107 oleju.<\/p>\n<p><strong>Prosta instalacja:<\/strong><br \/>\nZestaw ch\u0142odnicy oleju przek\u0142adniowego BladeRunner umo\u017cliwia \u0142atw\u0105 instalacj\u0119 dzi\u0119ki adapterom przewod\u00f3w przek\u0142adniowych typu plug-and-play, wspornikom do bezpo\u015bredniego monta\u017cu, osprz\u0119towi monta\u017cowemu ze stali nierdzewnej i szczelnym z\u0142\u0105czom AN. Nie jest wymagane ci\u0119cie ani modyfikacja fabrycznego osprz\u0119tu.<\/p>\n<p><strong>Indywidualny wygl\u0105d:<\/strong><br \/>\nTrwa\u0142e czarne wyko\u0144czenie z laserowo wygrawerowanym logo aFe POWER z przodu i anodyzowanymi na czarno aluminiowymi z\u0142\u0105czami AN zapewnia elegancki wygl\u0105d.<\/p>\n<p>&nbsp;<\/p>\n<p><strong>Odpowiedni dla:<\/strong><\/p>\n<table width=\"751\">\n<tbody>\n<tr>\n<td width=\"116\"><strong>Rok<\/strong><\/td>\n<td width=\"104\"><strong>Marka<\/strong><\/td>\n<td width=\"359\"><strong>Model<\/strong><\/td>\n<td width=\"172\"><strong>Silnik<\/strong><\/td>\n<\/tr>\n<tr>\n<td width=\"116\">2021-2023<\/td>\n<td width=\"104\">RAM<\/td>\n<td width=\"359\">1500 TRX<\/td>\n<td width=\"172\">V8 6.2L (sc)<\/td>\n<\/tr>\n<\/tbody>\n<\/table>\n<p>&nbsp;<\/p>","protected":false},"excerpt":{"rendered":"<p>Zestaw ch\u0142odnicy oleju przek\u0142adniowego BladeRunner 46-80006 do RAM TRX Konstrukcja p\u0142ytowa: Ta ch\u0142odnica oleju przek\u0142adniowego BladeRunner wykorzystuje trwa\u0142\u0105, lutowan\u0105, ca\u0142kowicie aluminiow\u0105 konstrukcj\u0119 p\u0142ytow\u0105, kt\u00f3ra zapewnia wy\u017csz\u0105 wydajno\u015b\u0107.<\/p>","protected":false},"featured_media":68290058,"comment_status":"open","ping_status":"closed","template":"","meta":{"_acf_changed":false},"product_brand":[16879],"product_cat":[2702],"product_tag":[5196,16880,498,2441,5197,115,3606,405,664,86,2353],"class_list":{"0":"post-68290055","1":"product","2":"type-product","3":"status-publish","4":"has-post-thumbnail","6":"product_brand-afe-power","7":"product_cat-trx-kuehlung","8":"product_tag-46-80006","9":"product_tag-advanced-flow-engineering","10":"product_tag-afe","11":"product_tag-afe-power","12":"product_tag-bladerunner","13":"product_tag-getriebe","14":"product_tag-getriebeoelkuehler","15":"product_tag-kuehler","16":"product_tag-kuehlung","17":"product_tag-ram","18":"product_tag-trx","20":"first","21":"instock","22":"taxable","23":"shipping-taxable","24":"purchasable","25":"product-type-simple"},"bundled_by":[],"bundle_stock_status":"instock","bundle_stock_quantity":1,"bundle_virtual":false,"bundle_layout":"","bundle_add_to_cart_form_location":"","bundle_editable_in_cart":false,"bundle_sold_individually_context":"","bundle_item_grouping":"","bundle_min_size":"","bundle_max_size":"","bundle_price":[],"bundled_items":[],"bundle_sell_ids":[],"exclude_global_add_ons":[],"addons":[],"acf":[],"_links":{"self":[{"href":"https:\/\/kraftwerk-shop.cc\/pl\/wp-json\/wp\/v2\/product\/68290055","targetHints":{"allow":["GET"]}}],"collection":[{"href":"https:\/\/kraftwerk-shop.cc\/pl\/wp-json\/wp\/v2\/product"}],"about":[{"href":"https:\/\/kraftwerk-shop.cc\/pl\/wp-json\/wp\/v2\/types\/product"}],"replies":[{"embeddable":true,"href":"https:\/\/kraftwerk-shop.cc\/pl\/wp-json\/wp\/v2\/comments?post=68290055"}],"version-history":[{"count":0,"href":"https:\/\/kraftwerk-shop.cc\/pl\/wp-json\/wp\/v2\/product\/68290055\/revisions"}],"wp:featuredmedia":[{"embeddable":true,"href":"https:\/\/kraftwerk-shop.cc\/pl\/wp-json\/wp\/v2\/media\/68290058"}],"wp:attachment":[{"href":"https:\/\/kraftwerk-shop.cc\/pl\/wp-json\/wp\/v2\/media?parent=68290055"}],"wp:term":[{"taxonomy":"product_brand","embeddable":true,"href":"https:\/\/kraftwerk-shop.cc\/pl\/wp-json\/wp\/v2\/product_brand?post=68290055"},{"taxonomy":"product_cat","embeddable":true,"href":"https:\/\/kraftwerk-shop.cc\/pl\/wp-json\/wp\/v2\/product_cat?post=68290055"},{"taxonomy":"product_tag","embeddable":true,"href":"https:\/\/kraftwerk-shop.cc\/pl\/wp-json\/wp\/v2\/product_tag?post=68290055"}],"curies":[{"name":"wp","href":"https:\/\/api.w.org\/{rel}","templated":true}]}}