{"id":68290301,"date":"2023-06-20T12:03:29","date_gmt":"2023-06-20T10:03:29","guid":{"rendered":"https:\/\/kraftwerk-shop.cc\/?post_type=product&#038;p=68290301"},"modified":"2026-02-15T00:46:54","modified_gmt":"2026-02-14T23:46:54","slug":"mbrp-s7035blk-uklad-wydechowy-chevrolet-camaro","status":"publish","type":"product","link":"https:\/\/kraftwerk-shop.cc\/pl\/produkt\/mbrp-s7035blk-auspuff-chevrolet-camaro\/","title":{"rendered":"Uk\u0142ad wydechowy MBRP S7035BLK Street Series Chevrolet Camaro V8 6.2 z manualn\u0105 skrzyni\u0105 bieg\u00f3w"},"content":{"rendered":"<h1>Sportowy uk\u0142ad wydechowy MBRP S7035BLK Street Series dla Chevroleta Camaro V8 6.2 z manualn\u0105 skrzyni\u0105 bieg\u00f3w<\/h1>\n<p>&nbsp;<\/p>\n<p>Sportowy uk\u0142ad wydechowy MBRP uwalnia pe\u0142ny potencja\u0142 mocy i momentu obrotowego pojazdu i zapewnia, \u017ce RAM jest szybszy, p\u0142ynniejszy i g\u0142o\u015bniejszy na drodze.<\/p>\n<p>Ka\u017cdy uk\u0142ad wydechowy MBRP jest dostrojony i zaprojektowany tak, aby zapewni\u0107 najwy\u017csz\u0105 wydajno\u015b\u0107 pojazdu. Wykonany z wytrzyma\u0142ej stali aluminiowanej. Ka\u017cda sekcja rury jest r\u00f3wnomiernie wygi\u0119ta, aby zwi\u0119kszy\u0107 przep\u0142yw spalin. Tylny t\u0142umik zosta\u0142 zaprojektowany tak, aby zapewni\u0107 optymalny d\u017awi\u0119k i zminimalizowa\u0107 ci\u015bnienie wsteczne.<\/p>\n<p>Instalacja uk\u0142adu wydechowego MBRP jest prosta i nie wymaga spawania ani wiercenia w poje\u017adzie. Ka\u017cdy uk\u0142ad wykorzystuje istniej\u0105ce punkty monta\u017cowe.<\/p>\n<p>Seria Street oferuje agresywny d\u017awi\u0119k przy pe\u0142nym obci\u0105\u017ceniu i przyjemny, mocny d\u017awi\u0119k ameryka\u0144skiego samochodu przy cz\u0119\u015bciowym obci\u0105\u017ceniu.<\/p>\n<p>&nbsp;<\/p>\n<p>&nbsp;<\/p>\n<p>Uk\u0142ad wydechowy typu cat-back MBRP S7035BLK Street Series 3\u2033 pasuje do nast\u0119puj\u0105cych modeli:<\/p>\n<table width=\"449\">\n<tbody>\n<tr>\n<td style=\"width: 74.65px;\"><strong>Marka<\/strong><\/td>\n<td style=\"width: 68.5333px;\"><strong>Model<\/strong><\/td>\n<td style=\"width: 209.917px;\"><strong>Silnik<\/strong><\/td>\n<td style=\"width: 66.7333px;\"><strong>Rok<\/strong><\/td>\n<\/tr>\n<tr>\n<td style=\"width: 74.65px;\">Chevrolet<\/td>\n<td style=\"width: 68.5333px;\">Camaro<\/td>\n<td style=\"width: 209.917px;\">6.2 V8 z manualn\u0105 skrzyni\u0105 bieg\u00f3w, <strong>brak<\/strong> Kabriolet, <strong>brak<\/strong> Funkcja NPP<\/td>\n<td style=\"width: 66.7333px;\">2016\u20132023<\/td>\n<\/tr>\n<\/tbody>\n<\/table>\n<p>&nbsp;<\/p>\n<p><iframe loading=\"lazy\" title=\"Wydech MBRP Performance\" src=\"https:\/\/www.youtube.com\/embed\/iFTl7hvtz-c\" width=\"882\" height=\"496\" frameborder=\"0\" allowfullscreen=\"allowfullscreen\"><\/iframe><\/p>","protected":false},"excerpt":{"rendered":"<p>2016\u20132023<\/p>","protected":false},"featured_media":68290303,"comment_status":"open","ping_status":"closed","template":"","meta":{"_acf_changed":false},"product_brand":[17169],"product_cat":[3024,3073],"product_tag":[250,251,252,419,420,2066,2373,4526,4097,1035,1036,546,1037,191,1047,2210,189,1039,1042,2786,2934,532,529,20273,1040,2208,2931,6924,1044,5217,547,1034,1038,291,2215,194],"class_list":{"0":"post-68290301","1":"product","2":"type-product","3":"status-publish","4":"has-post-thumbnail","6":"product_brand-mbrp","7":"product_cat-nicht-nach-eu","8":"product_cat-camaro-62-2016-abgasanlage","9":"product_tag-250","10":"product_tag-251","11":"product_tag-252","12":"product_tag-419","13":"product_tag-420","14":"product_tag-2066","15":"product_tag-2373","16":"product_tag-4526","17":"product_tag-6-2-ss","18":"product_tag-abgasanlage","19":"product_tag-abgassystem","20":"product_tag-auspuff","21":"product_tag-auspuffsystem","22":"product_tag-camaro","23":"product_tag-cat-back","24":"product_tag-catback","25":"product_tag-chevrolet","26":"product_tag-endschalldaempfer","27":"product_tag-endtopf","28":"product_tag-exhaust","29":"product_tag-harder","30":"product_tag-kat","31":"product_tag-katalysator","32":"product_tag-keintuev","33":"product_tag-laut","34":"product_tag-lauter","35":"product_tag-mbrp","36":"product_tag-mbrp10","37":"product_tag-mittelschalldaempfer","38":"product_tag-s7035blk","39":"product_tag-sportauspuff","40":"product_tag-sportauspuffanlage","41":"product_tag-sportendschalldaempfer","42":"product_tag-ss","43":"product_tag-street","44":"product_tag-v8","45":"product_shipping_class-spedition-1","47":"first","48":"onbackorder","49":"taxable","50":"shipping-taxable","51":"purchasable","52":"product-type-simple"},"bundled_by":[],"bundle_stock_status":"onbackorder","bundle_stock_quantity":0,"bundle_virtual":false,"bundle_layout":"","bundle_add_to_cart_form_location":"","bundle_editable_in_cart":false,"bundle_sold_individually_context":"","bundle_item_grouping":"","bundle_min_size":"","bundle_max_size":"","bundle_price":[],"bundled_items":[],"bundle_sell_ids":[],"exclude_global_add_ons":[],"addons":[],"acf":[],"_links":{"self":[{"href":"https:\/\/kraftwerk-shop.cc\/pl\/wp-json\/wp\/v2\/product\/68290301","targetHints":{"allow":["GET"]}}],"collection":[{"href":"https:\/\/kraftwerk-shop.cc\/pl\/wp-json\/wp\/v2\/product"}],"about":[{"href":"https:\/\/kraftwerk-shop.cc\/pl\/wp-json\/wp\/v2\/types\/product"}],"replies":[{"embeddable":true,"href":"https:\/\/kraftwerk-shop.cc\/pl\/wp-json\/wp\/v2\/comments?post=68290301"}],"version-history":[{"count":0,"href":"https:\/\/kraftwerk-shop.cc\/pl\/wp-json\/wp\/v2\/product\/68290301\/revisions"}],"wp:featuredmedia":[{"embeddable":true,"href":"https:\/\/kraftwerk-shop.cc\/pl\/wp-json\/wp\/v2\/media\/68290303"}],"wp:attachment":[{"href":"https:\/\/kraftwerk-shop.cc\/pl\/wp-json\/wp\/v2\/media?parent=68290301"}],"wp:term":[{"taxonomy":"product_brand","embeddable":true,"href":"https:\/\/kraftwerk-shop.cc\/pl\/wp-json\/wp\/v2\/product_brand?post=68290301"},{"taxonomy":"product_cat","embeddable":true,"href":"https:\/\/kraftwerk-shop.cc\/pl\/wp-json\/wp\/v2\/product_cat?post=68290301"},{"taxonomy":"product_tag","embeddable":true,"href":"https:\/\/kraftwerk-shop.cc\/pl\/wp-json\/wp\/v2\/product_tag?post=68290301"}],"curies":[{"name":"wp","href":"https:\/\/api.w.org\/{rel}","templated":true}]}}