{"id":68290493,"date":"2023-06-29T14:49:25","date_gmt":"2023-06-29T12:49:25","guid":{"rendered":"https:\/\/kraftwerk-shop.cc\/?post_type=product&#038;p=68290493"},"modified":"2026-02-15T00:49:44","modified_gmt":"2026-02-14T23:49:44","slug":"magnaflow-19097-sportowy-wydech-mustang","status":"publish","type":"product","link":"https:\/\/kraftwerk-shop.cc\/pl\/produkt\/magnaflow-19097-sportauspuff-mustang\/","title":{"rendered":"Uk\u0142ad wydechowy typu cat-back MagnaFlow Street Series Ford Mustang 2.3 EcoBoost"},"content":{"rendered":"<h1>Uk\u0142ad wydechowy typu cat-back MagnaFlow Street Series dla Forda Mustanga<\/h1>\n<p>Zaanga\u017cowanie MagnaFlow w projektowanie i produkcj\u0119 najlepszych sportowych uk\u0142ad\u00f3w wydechowych zapewnia doskona\u0142y d\u017awi\u0119k i wra\u017cenia z jazdy. Wykonane z wysokiej jako\u015bci materia\u0142\u00f3w, zaprojektowane z my\u015bl\u0105 o optymalnym dopasowaniu i wydajno\u015bci.<\/p>\n<p>Uk\u0142ad wydechowy Street Series ze stali nierdzewnej zapewnia potwierdzony na hamowni wzrost osi\u0105g\u00f3w przy przyjemnym d\u017awi\u0119ku we wn\u0119trzu i pot\u0119\u017cnym d\u017awi\u0119ku na zewn\u0105trz.<\/p>\n<p><img decoding=\"async\" class=\"alignnone size-medium wp-image-68261131\" src=\"https:\/\/kraftwerk-shop.cc\/wp-content\/uploads\/2022\/01\/16929_Jeep_Street-300x132.jpg\" alt=\"D\u017awi\u0119k Magnaflow 16929 Jeep Grand Cherokee\" width=\"300\" height=\"132\" \/><\/p>\n<p>MagnaFlow Street Series 19097 pasuje do nast\u0119puj\u0105cych modeli:<\/p>\n<p>&nbsp;<\/p>\n<table width=\"449\">\n<tbody>\n<tr>\n<td width=\"115\"><strong>Marka<\/strong><\/td>\n<td width=\"145\"><strong>Model<\/strong><\/td>\n<td width=\"106\"><strong>Silnik<\/strong><\/td>\n<td width=\"83\"><strong>Rok<\/strong><\/td>\n<\/tr>\n<tr>\n<td>Ford<\/td>\n<td>Mustang EcoBoost<\/td>\n<td>L4 2.3<\/td>\n<td>2015\u20132023<\/td>\n<\/tr>\n<tr>\n<td>Ford<\/td>\n<td>Mustang EcoBoost Premium<\/td>\n<td>L4 2.3<\/td>\n<td>2015\u20132023<\/td>\n<\/tr>\n<\/tbody>\n<\/table>\n<p><iframe loading=\"lazy\" title=\"Sportowy uk\u0142ad wydechowy MagnaFlow Ford Mustang GT, Premium, Bullitt, Mach 1\" src=\"https:\/\/www.youtube.com\/embed\/tYXIG7gjPIs\" width=\"882\" height=\"496\" frameborder=\"0\" allowfullscreen=\"allowfullscreen\"><\/iframe><\/p>\n<p>&nbsp;<\/p>","protected":false},"excerpt":{"rendered":"<p>2015\u20132023<\/p>","protected":false},"featured_media":68290495,"comment_status":"open","ping_status":"closed","template":"","meta":{"_acf_changed":false},"product_brand":[18925],"product_cat":[4031,3024],"product_tag":[5225,5226,252,419,420,2066,2373,4526,1035,1036,546,1037,3954,1047,2210,429,3873,662,1043,1039,1042,917,2212,2934,532,529,20273,1040,4584,2062,1044,3872,4587,794,1045,547,1034,1038,2215,233,2139,2137],"class_list":{"0":"post-68290493","1":"product","2":"type-product","3":"status-publish","4":"has-post-thumbnail","6":"product_brand-magnaflow","7":"product_cat-mustang-23-ecoboost-abgasanlage","8":"product_cat-nicht-nach-eu","9":"product_tag-5225","10":"product_tag-2-3-ecoboost","11":"product_tag-252","12":"product_tag-419","13":"product_tag-420","14":"product_tag-2066","15":"product_tag-2373","16":"product_tag-4526","17":"product_tag-abgasanlage","18":"product_tag-abgassystem","19":"product_tag-auspuff","20":"product_tag-auspuffsystem","21":"product_tag-bullitt","22":"product_tag-cat-back","23":"product_tag-catback","24":"product_tag-deutschland","25":"product_tag-ecoboost","26":"product_tag-edelstahl","27":"product_tag-endrohr","28":"product_tag-endschalldaempfer","29":"product_tag-endtopf","30":"product_tag-ford","31":"product_tag-gutachten","32":"product_tag-harder","33":"product_tag-kat","34":"product_tag-katalysator","35":"product_tag-keintuev","36":"product_tag-laut","37":"product_tag-mach-1","38":"product_tag-magnaflow","39":"product_tag-mittelschalldaempfer","40":"product_tag-mustang","41":"product_tag-mustang-gt","42":"product_tag-premium","43":"product_tag-sound","44":"product_tag-sportauspuff","45":"product_tag-sportauspuffanlage","46":"product_tag-sportendschalldaempfer","47":"product_tag-street","48":"product_tag-tuning","49":"product_tag-tuev","50":"product_tag-zulassung","51":"product_shipping_class-spedition-1","53":"first","54":"onbackorder","55":"taxable","56":"shipping-taxable","57":"purchasable","58":"product-type-simple"},"bundled_by":[],"bundle_stock_status":"onbackorder","bundle_stock_quantity":0,"bundle_virtual":false,"bundle_layout":"","bundle_add_to_cart_form_location":"","bundle_editable_in_cart":false,"bundle_sold_individually_context":"","bundle_item_grouping":"","bundle_min_size":"","bundle_max_size":"","bundle_price":[],"bundled_items":[],"bundle_sell_ids":[],"exclude_global_add_ons":[],"addons":[],"acf":[],"_links":{"self":[{"href":"https:\/\/kraftwerk-shop.cc\/pl\/wp-json\/wp\/v2\/product\/68290493","targetHints":{"allow":["GET"]}}],"collection":[{"href":"https:\/\/kraftwerk-shop.cc\/pl\/wp-json\/wp\/v2\/product"}],"about":[{"href":"https:\/\/kraftwerk-shop.cc\/pl\/wp-json\/wp\/v2\/types\/product"}],"replies":[{"embeddable":true,"href":"https:\/\/kraftwerk-shop.cc\/pl\/wp-json\/wp\/v2\/comments?post=68290493"}],"version-history":[{"count":0,"href":"https:\/\/kraftwerk-shop.cc\/pl\/wp-json\/wp\/v2\/product\/68290493\/revisions"}],"wp:featuredmedia":[{"embeddable":true,"href":"https:\/\/kraftwerk-shop.cc\/pl\/wp-json\/wp\/v2\/media\/68290495"}],"wp:attachment":[{"href":"https:\/\/kraftwerk-shop.cc\/pl\/wp-json\/wp\/v2\/media?parent=68290493"}],"wp:term":[{"taxonomy":"product_brand","embeddable":true,"href":"https:\/\/kraftwerk-shop.cc\/pl\/wp-json\/wp\/v2\/product_brand?post=68290493"},{"taxonomy":"product_cat","embeddable":true,"href":"https:\/\/kraftwerk-shop.cc\/pl\/wp-json\/wp\/v2\/product_cat?post=68290493"},{"taxonomy":"product_tag","embeddable":true,"href":"https:\/\/kraftwerk-shop.cc\/pl\/wp-json\/wp\/v2\/product_tag?post=68290493"}],"curies":[{"name":"wp","href":"https:\/\/api.w.org\/{rel}","templated":true}]}}