{"id":68291308,"date":"2023-08-16T14:40:28","date_gmt":"2023-08-16T12:40:28","guid":{"rendered":"https:\/\/kraftwerk-shop.cc\/?post_type=product&#038;p=68291308"},"modified":"2026-03-12T14:02:54","modified_gmt":"2026-03-12T13:02:54","slug":"paragon-reibringe-grand-cherokee-trackhawk-durango-hellcat","status":"publish","type":"product","link":"https:\/\/kraftwerk-shop.cc\/pl\/produkt\/paragon-reibringe-grand-cherokee-trackhawk-durango-hellcat\/","title":{"rendered":"Pier\u015bcienie cierne Paragon Performance Grand Cherokee Trackhawk i Durango Hellcat"},"content":{"rendered":"<h1>Pier\u015bcienie cierne Paragon Performance do Jeep Grand Cherokee 6.2 Trackhawk i Dodge Durango 6.2 Hellcat (o\u015b przednia)<\/h1>\n<p>&nbsp;<\/p>\n<p>Te pier\u015bcienie cierne s\u0105 bezpo\u015brednimi zamiennikami 2-cz\u0119\u015bciowych tarcz hamulcowych Paragon Performance, a tak\u017ce oryginalnych tarcz hamulcowych Jeep Trackhawk i Durango Hellcat.<\/p>\n<p>Pier\u015bcienie cierne Paragon Performance oferuj\u0105 doskona\u0142\u0105 skuteczno\u015b\u0107 hamowania i ch\u0142odzenia zoptymalizowan\u0105 do u\u017cytku na torze. Kierunkowa p\u0142etwa wentylacyjna wytwarza zasysanie i turbulencje oraz kieruje ch\u0142odne powietrze przez tarcz\u0119 hamulcow\u0105, aby poprawi\u0107 rozpraszanie ciep\u0142a i zwi\u0119kszy\u0107 odporno\u015b\u0107 na p\u0119kanie w trudnych warunkach torowych.<\/p>\n<p>Pier\u015bcienie cierne s\u0105 wykonane z CM-250, specjalnego stopu odlewniczego o wysokiej zawarto\u015bci w\u0119gla, kt\u00f3ry zapewnia optymalny zgryz, w\u0142a\u015bciwo\u015bci termiczne, odporno\u015b\u0107 na wysokie temperatury i trwa\u0142o\u015b\u0107.<br \/>\nPier\u015bcienie tarczy hamulcowej s\u0105 poddawane obr\u00f3bce cieplnej w celu zmniejszenia napr\u0119\u017ce\u0144 w tarczy hamulcowej, a tym samym zapobiegania odkszta\u0142ceniom i wibracjom.<br \/>\nS\u0105 one nast\u0119pnie poddawane najnowocze\u015bniejszej obr\u00f3bce powierzchniowej CBN, aby zapewni\u0107 lepsze docieranie z nowymi klockami hamulcowymi.<\/p>\n<p>Wibracje s\u0105 zredukowane, poniewa\u017c bicie boczne tarczy hamulcowej jest utrzymywane w granicach 0,03 mm, a wywa\u017cenie w granicach 2 gram\u00f3w.<br \/>\nWszystkie pier\u015bcienie cierne zosta\u0142y poddane rygorystycznym kontrolom jako\u015bci i testom, aby zapewni\u0107, \u017ce tarcze hamulcowe nadaj\u0105 si\u0119 do okre\u015blonego celu.<br \/>\nDwucz\u0119\u015bciowa konstrukcja umo\u017cliwia termiczne rozszerzanie si\u0119 tarczy hamulcowej, jednocze\u015bnie minimalizuj\u0105c odkszta\u0142cenia i zapewniaj\u0105c, \u017ce tarcza hamulcowa jest wy\u015brodkowana w stosunku do klock\u00f3w hamulcowych.<br \/>\nSzczelinowa tarcza hamulcowa poprawia stabilno\u015b\u0107 hamowania, utrzymuj\u0105c czyst\u0105 powierzchni\u0119 styku i rozpraszaj\u0105c ciep\u0142o i gazy generowane, gdy klocki hamulcowe wchodz\u0105 w kontakt z tarcz\u0105 hamulcow\u0105.<br \/>\nSzczelinowe tarcze hamulcowe maj\u0105 zdecydowan\u0105 przewag\u0119 nad go\u0142ymi tarczami hamulcowymi w mokrych lub deszczowych warunkach, poniewa\u017c zapobiegaj\u0105 tworzeniu si\u0119 filmu wodnego mi\u0119dzy klockiem hamulcowym a tarcz\u0105 hamulcow\u0105.<\/p>\n<p>Ze wzgl\u0119du na du\u017c\u0105 mas\u0119 pojazdu i brak skutecznego ch\u0142odzenia hamulc\u00f3w, przedwczesne p\u0119kni\u0119cia standardowych tarcz hamulcowych nie s\u0105 rzadko\u015bci\u0105 po u\u017cyciu na torze wy\u015bcigowym lub przy intensywnym u\u017cytkowaniu.<br \/>\nTarcze hamulcowe Paragon Performance mog\u0105 by\u0107 skutecznym rozwi\u0105zaniem tego problemu, jednocze\u015bnie poprawiaj\u0105c wyczucie peda\u0142u i modulacj\u0119 hamulca.<\/p>\n<p>&nbsp;<\/p>\n<p><strong>W\u0142a\u015bciwo\u015bci:<\/strong><\/p>\n<ul>\n<li>Kierunkowe \u017cebra wentylacyjne dla optymalnej wydajno\u015bci ch\u0142odzenia, pracuj\u0105 do 30 % ch\u0142odniej ni\u017c tarcze hamulcowe O.E. i zwi\u0119kszaj\u0105 wydajno\u015b\u0107 ch\u0142odzenia nawet o 30%.<\/li>\n<li>W pe\u0142ni p\u0142ywaj\u0105ca 2-cz\u0119\u015bciowa konstrukcja<\/li>\n<li>Minimalizuje zanik hamulc\u00f3w i wibracje podczas d\u0142u\u017cszych podr\u00f3\u017cy<\/li>\n<li>\u015arednica 400 mm<\/li>\n<\/ul>\n<p>&nbsp;<\/p>\n<p><strong>Zakres dostawy:<\/strong><\/p>\n<ul>\n<li>Jedna para (2 sztuki) pier\u015bcieni ciernych Paragon Performance 400 mm x 36 mm<\/li>\n<li>Osprz\u0119t mocuj\u0105cy (szpule ze stali nierdzewnej, \u015bruby, nakr\u0119tki)<\/li>\n<li>Szczeg\u00f3\u0142owa instrukcja instalacji (j\u0119zyk niemiecki)<\/li>\n<\/ul>\n<p>&nbsp;<\/p>\n<p>&nbsp;<\/p>\n<p><strong>Liczby por\u00f3wnawcze Mopar<\/strong>68305562AA, 68305562AB<\/p>\n<p>&nbsp;<\/p>\n<p><strong>Odpowiedni dla:<\/strong><\/p>\n<table width=\"403\">\n<tbody>\n<tr>\n<td width=\"67\">Dodge<\/td>\n<td width=\"116\">Durango<\/td>\n<td width=\"123\">6.2 Hellcat<\/td>\n<td width=\"97\">2021\u20132026<\/td>\n<\/tr>\n<tr>\n<td width=\"67\">Jeep<\/td>\n<td width=\"116\">Grand Cherokee<\/td>\n<td width=\"123\">6.2 Trackhawk<\/td>\n<td width=\"97\">2018\u20132021<\/td>\n<\/tr>\n<\/tbody>\n<\/table>\n<p>&nbsp;<\/p>\n<p>Cena dotyczy 2 pier\u015bcieni ciernych (jedna para).<\/p>","protected":false},"excerpt":{"rendered":"<p>Pier\u015bcienie cierne 400 mm (1 para)<\/p>","protected":false},"featured_media":68291317,"comment_status":"open","ping_status":"closed","template":"","meta":{"_acf_changed":false},"product_brand":[17982],"product_cat":[17930,17963],"product_tag":[252,419,420,2066,2373,4526,2758,2759,2757,2756,940,4582,795,796,10807,49,95,4443,692,56,100,50,4426,36,31,4627,4628,794,4580,797,96,102,842,841,673],"class_list":{"0":"post-68291308","1":"product","2":"type-product","3":"status-publish","4":"has-post-thumbnail","6":"product_brand-paragon-performance","7":"product_cat-durango-hellcat-bremsscheiben-vorne","8":"product_cat-trackhawk-bremsscheiben-vorne","9":"product_tag-252","10":"product_tag-419","11":"product_tag-420","12":"product_tag-2066","13":"product_tag-2373","14":"product_tag-4526","15":"product_tag-400-mm","16":"product_tag-400mm","17":"product_tag-68305562aa","18":"product_tag-68305562ab","19":"product_tag-aftermarket","20":"product_tag-bobbins","21":"product_tag-bremse","22":"product_tag-bremsscheibe","23":"product_tag-bremsscheiben-fuer-jeep-trackhawk","24":"product_tag-dodge","25":"product_tag-durango","26":"product_tag-durango-hellcat","27":"product_tag-ersatzteil","28":"product_tag-grand-cherokee","29":"product_tag-hellcat","30":"product_tag-jeep","31":"product_tag-jeep-trackhawk","32":"product_tag-kraftwerk","33":"product_tag-mopar","34":"product_tag-paragon","35":"product_tag-paragon-performance","36":"product_tag-premium","37":"product_tag-reibring","38":"product_tag-sportbremsscheibe","39":"product_tag-srt","40":"product_tag-trackhawk","41":"product_tag-vorderachse","42":"product_tag-vorne","43":"product_tag-zubehoer","44":"product_shipping_class-deutschlandohne","46":"first","47":"onbackorder","48":"taxable","49":"shipping-taxable","50":"purchasable","51":"product-type-simple"},"bundled_by":[],"bundle_stock_status":"onbackorder","bundle_stock_quantity":0,"bundle_virtual":false,"bundle_layout":"","bundle_add_to_cart_form_location":"","bundle_editable_in_cart":false,"bundle_sold_individually_context":"","bundle_item_grouping":"","bundle_min_size":"","bundle_max_size":"","bundle_price":[],"bundled_items":[],"bundle_sell_ids":[],"exclude_global_add_ons":[],"addons":[],"acf":[],"_links":{"self":[{"href":"https:\/\/kraftwerk-shop.cc\/pl\/wp-json\/wp\/v2\/product\/68291308","targetHints":{"allow":["GET"]}}],"collection":[{"href":"https:\/\/kraftwerk-shop.cc\/pl\/wp-json\/wp\/v2\/product"}],"about":[{"href":"https:\/\/kraftwerk-shop.cc\/pl\/wp-json\/wp\/v2\/types\/product"}],"replies":[{"embeddable":true,"href":"https:\/\/kraftwerk-shop.cc\/pl\/wp-json\/wp\/v2\/comments?post=68291308"}],"version-history":[{"count":0,"href":"https:\/\/kraftwerk-shop.cc\/pl\/wp-json\/wp\/v2\/product\/68291308\/revisions"}],"wp:featuredmedia":[{"embeddable":true,"href":"https:\/\/kraftwerk-shop.cc\/pl\/wp-json\/wp\/v2\/media\/68291317"}],"wp:attachment":[{"href":"https:\/\/kraftwerk-shop.cc\/pl\/wp-json\/wp\/v2\/media?parent=68291308"}],"wp:term":[{"taxonomy":"product_brand","embeddable":true,"href":"https:\/\/kraftwerk-shop.cc\/pl\/wp-json\/wp\/v2\/product_brand?post=68291308"},{"taxonomy":"product_cat","embeddable":true,"href":"https:\/\/kraftwerk-shop.cc\/pl\/wp-json\/wp\/v2\/product_cat?post=68291308"},{"taxonomy":"product_tag","embeddable":true,"href":"https:\/\/kraftwerk-shop.cc\/pl\/wp-json\/wp\/v2\/product_tag?post=68291308"}],"curies":[{"name":"wp","href":"https:\/\/api.w.org\/{rel}","templated":true}]}}