{"id":68291501,"date":"2021-09-15T16:39:07","date_gmt":"2021-09-15T14:39:07","guid":{"rendered":"https:\/\/kraftwerk-shop.cc\/?post_type=product&#038;p=68291501"},"modified":"2026-02-15T00:51:05","modified_gmt":"2026-02-14T23:51:05","slug":"wentylacja-pokrywy-zaworow-57-hemi-64-srt","status":"publish","type":"product","link":"https:\/\/kraftwerk-shop.cc\/pl\/produkt\/ventildeckelentlueftung-57-hemi-64-srt\/","title":{"rendered":"Wentylacja pokrywy zawor\u00f3w 5.7 Hemi 6.1 SRT8 i 6.4 SRT (czarna)"},"content":{"rendered":"<h1>Otwarty odpowietrznik pokrywy zawor\u00f3w do Chrysler, Dodge i Jeep 5.7 Hemi, 6.1 SRT8 i 6.4 SRT, filtr z czarn\u0105 pokryw\u0105<\/h1>\n<p>&nbsp;<\/p>\n<p>Odpowietrznik pokrywy zawor\u00f3w mo\u017cna po prostu zainstalowa\u0107 w miejscu korka wlewu oleju bez \u017cadnych modyfikacji pojazdu. Umo\u017cliwia to skuteczn\u0105 wentylacj\u0119 skrzyni korbowej, a tym samym zapewnia optymalne dzia\u0142anie silnika.<br \/>\nDzi\u0119ki temu rozwi\u0105zaniu mo\u017cliwe jest zast\u0105pienie korka wlewu oleju odpowietrznikiem pokrywy zawor\u00f3w bez konieczno\u015bci dokonywania dodatkowych modyfikacji pojazdu. Jest to praktyczne i wydajne rozwi\u0105zanie optymalizuj\u0105ce wykorzystanie odpowietrznika pokrywy zawor\u00f3w w modelach z silnikami 5.7 Hemi, 6.1 SRT8 i 6.4 SRT.<\/p>\n<p>Dolna cz\u0119\u015b\u0107 odpowietrznika jest obrabiana CNC z k\u0119s\u00f3w aluminium w celu precyzyjnego dopasowania, a do\u0142\u0105czony silikonowy O-ring zosta\u0142 specjalnie zaprojektowany, aby zapobiec wyciekom oleju z dolnej cz\u0119\u015bci odpowietrznika.<br \/>\nPodstawa filtra jest poddana mikroobr\u00f3bce w celu ochrony powierzchni i zapewnienia dobrego wygl\u0105du, a tak\u017ce mo\u017ce by\u0107 \u0142atwo wypolerowana r\u0119cznie do lustrzanego wygl\u0105du.<br \/>\nWyjmowany element filtruj\u0105cy jest wysokiej jako\u015bci elementem wielokrotnego u\u017cytku firmy S &amp; B Filters i jest bezpiecznie utrzymywany w podstawie filtra za pomoc\u0105 specjalnie wykonanego rowka ustalaj\u0105cego w g\u00f3rnej cz\u0119\u015bci podstawy filtra.<\/p>\n<p>Celem wentylacji pokrywy zawor\u00f3w jest zapobieganie niepo\u017c\u0105danemu wzrostowi ci\u015bnienia w skrzyni korbowej i zapewnienie maksymalnej cyrkulacji powietrza otoczenia w skrzyni korbowej w celu obni\u017cenia temperatury oleju.<br \/>\nInstalacja tego odpowietrznika przyczynia si\u0119 do wyd\u0142u\u017cenia \u017cywotno\u015bci oleju silnikowego i zmniejsza ryzyko uszkodzenia uszczelek silnika z powodu nadmiernego ci\u015bnienia w skrzyni korbowej.<br \/>\nTakie odpowietrzenie zmniejsza skuteczno\u015b\u0107 systemu PCV pojazdu i nie jest zgodne z normami emisji spalin.<\/p>\n<p>&nbsp;<\/p>\n<p><strong>\u00a0<\/strong><\/p>\n<p><strong>Nadaje si\u0119 do tych modeli z korkiem wlewu oleju z gwintem:<\/strong><\/p>\n<table width=\"529\">\n<tbody>\n<tr>\n<td width=\"115\"><strong>Marka<\/strong><\/td>\n<td width=\"145\"><strong>Model<\/strong><\/td>\n<td width=\"106\"><strong>Silnik<\/strong><\/td>\n<td width=\"163\"><strong>Rok<\/strong><\/td>\n<\/tr>\n<tr>\n<td width=\"115\">Chrysler<\/td>\n<td width=\"145\">300C<\/td>\n<td width=\"106\">5.7<\/td>\n<td width=\"163\">2005\u20132023<\/td>\n<\/tr>\n<tr>\n<td width=\"115\">Chrysler<\/td>\n<td width=\"145\">300C<\/td>\n<td width=\"106\">6.1<\/td>\n<td width=\"163\">2005\u20132010<\/td>\n<\/tr>\n<tr>\n<td width=\"115\">Chrysler<\/td>\n<td width=\"145\">300C<\/td>\n<td width=\"106\">6.4<\/td>\n<td width=\"163\">2012\u20132023<\/td>\n<\/tr>\n<tr>\n<td width=\"115\">Dodge<\/td>\n<td width=\"145\">Challenger<\/td>\n<td width=\"106\">5.7<\/td>\n<td width=\"163\">2008\u20132023<\/td>\n<\/tr>\n<tr>\n<td width=\"115\">Dodge<\/td>\n<td width=\"145\">Challenger<\/td>\n<td width=\"106\">6.1<\/td>\n<td width=\"163\">2008\u20132010<\/td>\n<\/tr>\n<tr>\n<td width=\"115\">Dodge<\/td>\n<td width=\"145\">Challenger<\/td>\n<td width=\"106\">6.4<\/td>\n<td width=\"163\">2011\u20132023<\/td>\n<\/tr>\n<tr>\n<td width=\"115\">Dodge<\/td>\n<td width=\"145\">Charger<\/td>\n<td width=\"106\">5.7<\/td>\n<td width=\"163\">2005\u20132023<\/td>\n<\/tr>\n<tr>\n<td width=\"115\">Dodge<\/td>\n<td width=\"145\">Charger<\/td>\n<td width=\"106\">6.1<\/td>\n<td width=\"163\">2005\u20132010<\/td>\n<\/tr>\n<tr>\n<td width=\"115\">Dodge<\/td>\n<td width=\"145\">Charger<\/td>\n<td width=\"106\">6.4<\/td>\n<td width=\"163\">2011\u20132023<\/td>\n<\/tr>\n<tr>\n<td width=\"115\">Dodge<\/td>\n<td width=\"145\">Durango<\/td>\n<td width=\"106\">5.7<\/td>\n<td width=\"163\">2013\u20132025<\/td>\n<\/tr>\n<tr>\n<td width=\"115\">Dodge<\/td>\n<td width=\"145\">Durango<\/td>\n<td width=\"106\">6.4<\/td>\n<td width=\"163\">2018\u20132024<\/td>\n<\/tr>\n<tr>\n<td width=\"115\">Dodge<\/td>\n<td width=\"145\">Magnum<\/td>\n<td width=\"106\">5.7<\/td>\n<td width=\"163\">2005\u20132008<\/td>\n<\/tr>\n<tr>\n<td width=\"115\">Dodge<\/td>\n<td width=\"145\">Magnum<\/td>\n<td width=\"106\">6.1<\/td>\n<td width=\"163\">2006\u20132008<\/td>\n<\/tr>\n<tr>\n<td width=\"115\">Jeep<\/td>\n<td width=\"145\">Commander<\/td>\n<td width=\"106\">5.7<\/td>\n<td width=\"163\">2006\u20132010<\/td>\n<\/tr>\n<tr>\n<td width=\"115\">Jeep<\/td>\n<td width=\"145\">Grand Cherokee<\/td>\n<td width=\"106\">5.7<\/td>\n<td width=\"163\">2005\u20132021<\/td>\n<\/tr>\n<tr>\n<td width=\"115\">Jeep<\/td>\n<td width=\"145\">Grand Cherokee<\/td>\n<td width=\"106\">6.1<\/td>\n<td width=\"163\">2005\u20132010<\/td>\n<\/tr>\n<tr>\n<td width=\"115\">Jeep<\/td>\n<td width=\"145\">Grand Cherokee<\/td>\n<td width=\"106\">6.4<\/td>\n<td width=\"163\">2011\u20132021<\/td>\n<\/tr>\n<\/tbody>\n<\/table>\n<p>Nie nadaje si\u0119 do 6.2 Hellcat!<\/p>","protected":false},"excerpt":{"rendered":"<p>Offene Ventildeckelentl\u00fcftung f\u00fcr Chrysler, Dodge und Jeep 5.7 Hemi, 6.1 SRT8 und 6.4 SRT, Filter mit schwarzem Deckel &nbsp; Die<\/p>","protected":false},"featured_media":68299220,"comment_status":"open","ping_status":"closed","template":"","meta":{"_acf_changed":false},"product_brand":[19068],"product_cat":[6708,6723,6683,6488,6728,6688,6483,6713,6733,6693,6493,6738,6498,1715,6697,19348,6718,6743,6702,6503,6508],"product_tag":[52,91,92,54,53,48,536,94,49,3853,3854,155,56,50,4425,3505,84,55,157,148,153,154,156],"class_list":{"0":"post-68291501","1":"product","2":"type-product","3":"status-publish","4":"has-post-thumbnail","6":"product_brand-kraftwerk","7":"product_cat-300c-57-2005-2010-nockenwelle-ventiltrieb","8":"product_cat-300c-57-2011-2023-nockenwelle-ventiltrieb","9":"product_cat-300c-61-nockenwelle-ventiltrieb","10":"product_cat-300c-64-nockenwelle-ventiltrieb","11":"product_cat-challenger-57-nockenwelle-ventiltrieb","12":"product_cat-challenger-61-nockenwelle-ventiltrieb","13":"product_cat-challenger-64-nockenwelle-ventiltrieb","14":"product_cat-charger-57-nockenwelle-ventiltrieb","15":"product_cat-charger-57-2011-2023-nockenwelle-ventiltrieb","16":"product_cat-charger-61-nockenwelle-ventiltrieb","17":"product_cat-charger-64-nockenwelle-ventiltrieb","18":"product_cat-durango-57-nockenwelle-ventiltrieb","19":"product_cat-durango-64-nockenwelle-ventiltrieb","20":"product_cat-magnum-57-motor","21":"product_cat-magnum-61-nockenwelle-ventiltrieb","22":"product_cat-commander-57-nockenwelle-ventiltrieb","23":"product_cat-grand-cherokee-57-2005-2010-nockenwelle-ventiltrieb","24":"product_cat-grand-cherokee-57-2011-2021-nockenwelle-ventiltrieb","25":"product_cat-grand-cherokee-61-nockenwelle-ventiltrieb","26":"product_cat-grand-cherokee-64-nockenwelle-ventiltrieb","27":"product_cat-wrangler-64-nockenwelle-ventiltrieb","28":"product_tag-300c","29":"product_tag-5-7","30":"product_tag-6-1","31":"product_tag-challenger","32":"product_tag-charger","33":"product_tag-chrysler","34":"product_tag-chrysler-300c","35":"product_tag-commander","36":"product_tag-dodge","37":"product_tag-dodge-challenger","38":"product_tag-dodge-charger","39":"product_tag-entlueftung","40":"product_tag-grand-cherokee","41":"product_tag-jeep","42":"product_tag-jeep-grand-cherokee","43":"product_tag-kurbelgehaeuse","44":"product_tag-kurbelgehaeuseentlueftung","45":"product_tag-magnum","46":"product_tag-metco","47":"product_tag-schwarz","48":"product_tag-valve-cover-breather","49":"product_tag-ventildeckel","50":"product_tag-ventildeckelentlueftung","52":"first","53":"outofstock","54":"taxable","55":"shipping-taxable","56":"purchasable","57":"product-type-simple"},"bundled_by":[],"bundle_stock_status":"outofstock","bundle_stock_quantity":0,"bundle_virtual":false,"bundle_layout":"","bundle_add_to_cart_form_location":"","bundle_editable_in_cart":false,"bundle_sold_individually_context":"","bundle_item_grouping":"","bundle_min_size":"","bundle_max_size":"","bundle_price":[],"bundled_items":[],"bundle_sell_ids":[],"exclude_global_add_ons":[],"addons":[],"acf":[],"_links":{"self":[{"href":"https:\/\/kraftwerk-shop.cc\/pl\/wp-json\/wp\/v2\/product\/68291501","targetHints":{"allow":["GET"]}}],"collection":[{"href":"https:\/\/kraftwerk-shop.cc\/pl\/wp-json\/wp\/v2\/product"}],"about":[{"href":"https:\/\/kraftwerk-shop.cc\/pl\/wp-json\/wp\/v2\/types\/product"}],"replies":[{"embeddable":true,"href":"https:\/\/kraftwerk-shop.cc\/pl\/wp-json\/wp\/v2\/comments?post=68291501"}],"version-history":[{"count":0,"href":"https:\/\/kraftwerk-shop.cc\/pl\/wp-json\/wp\/v2\/product\/68291501\/revisions"}],"wp:featuredmedia":[{"embeddable":true,"href":"https:\/\/kraftwerk-shop.cc\/pl\/wp-json\/wp\/v2\/media\/68299220"}],"wp:attachment":[{"href":"https:\/\/kraftwerk-shop.cc\/pl\/wp-json\/wp\/v2\/media?parent=68291501"}],"wp:term":[{"taxonomy":"product_brand","embeddable":true,"href":"https:\/\/kraftwerk-shop.cc\/pl\/wp-json\/wp\/v2\/product_brand?post=68291501"},{"taxonomy":"product_cat","embeddable":true,"href":"https:\/\/kraftwerk-shop.cc\/pl\/wp-json\/wp\/v2\/product_cat?post=68291501"},{"taxonomy":"product_tag","embeddable":true,"href":"https:\/\/kraftwerk-shop.cc\/pl\/wp-json\/wp\/v2\/product_tag?post=68291501"}],"curies":[{"name":"wp","href":"https:\/\/api.w.org\/{rel}","templated":true}]}}