{"id":68291507,"date":"2021-09-17T12:55:00","date_gmt":"2021-09-17T10:55:00","guid":{"rendered":"https:\/\/kraftwerk-shop.cc\/?post_type=product&#038;p=68291507"},"modified":"2026-03-12T13:05:21","modified_gmt":"2026-03-12T12:05:21","slug":"sportowe-katalizatory-dodge-challenger-charger-srt-hellcat","status":"publish","type":"product","link":"https:\/\/kraftwerk-shop.cc\/pl\/produkt\/sportkatalysatoren-dodge-challenger-charger-srt-hellcat\/","title":{"rendered":"Sportowe katalizatory Stainless Works Dodge Challenger \/ Charger 6.4 SRT &amp; Hellcat"},"content":{"rendered":"<h1>Gotowe do pod\u0142\u0105czenia sportowe katalizatory dla Dodge Challenger i Charger 6.4 SRT i Hellcat<\/h1>\n<p>&nbsp;<\/p>\n<p>Sportowe katalizatory Stainless Works dla Dodge Challenger \/ Charger 6.4 SRT i Hellcat oferuj\u0105 lepsz\u0105 wydajno\u015b\u0107 dzi\u0119ki metalowym katalizatorom 200 CPI i 3-calowym rurom wykonanym z wysokiej jako\u015bci stali nierdzewnej 304.<br \/>\nTe sportowe katalizatory s\u0105 gotowe do pod\u0142\u0105czenia do standardowych kolektor\u00f3w i oryginalnego uk\u0142adu wydechowego lub uk\u0142ad\u00f3w akcesori\u00f3w wykorzystuj\u0105cych oryginalne z\u0142\u0105cza.<br \/>\nNadaj\u0105 si\u0119 do pojazd\u00f3w o mocy do ok. 750 KM.<br \/>\nNale\u017cy pami\u0119ta\u0107, \u017ce ten artyku\u0142 nie posiada certyfikatu T\u00dcV ani ABE.<\/p>\n<p>&nbsp;<\/p>\n<ul>\n<li>Katalizatory metalowe 200 CPI<\/li>\n<li>3-calowe rury ze stali nierdzewnej 304<\/li>\n<li>Gotowy do pod\u0142\u0105czenia do standardowych kolektor\u00f3w i oryginalnego uk\u0142adu wydechowego lub system\u00f3w akcesori\u00f3w wykorzystuj\u0105cych oryginalne z\u0142\u0105cza.<\/li>\n<li>odpowiednie do ok. 750 KM<\/li>\n<li>Artyku\u0142 nie posiada certyfikatu T\u00dcV ani ABE<\/li>\n<\/ul>\n<p>&nbsp;<\/p>\n<p><strong>Odpowiedni dla:<\/strong><\/p>\n<table width=\"437\">\n<tbody>\n<tr>\n<td width=\"83\"><strong>Marka<\/strong><\/td>\n<td width=\"122\"><strong>Model<\/strong><\/td>\n<td width=\"136\"><strong>Silnik<\/strong><\/td>\n<td width=\"96\"><strong>Rok<\/strong><\/td>\n<\/tr>\n<tr>\n<td width=\"83\">Dodge<\/td>\n<td width=\"122\">Challenger<\/td>\n<td width=\"136\">6.2 Hellcat<\/td>\n<td width=\"96\">2015\u20132023<\/td>\n<\/tr>\n<tr>\n<td width=\"83\">Dodge<\/td>\n<td width=\"122\">Challenger<\/td>\n<td>6.4<\/td>\n<td width=\"96\">2011\u20132023<\/td>\n<\/tr>\n<tr>\n<td width=\"83\">Dodge<\/td>\n<td width=\"122\">Charger<\/td>\n<td width=\"136\">6.2 Hellcat<\/td>\n<td width=\"96\">2015\u20132023<\/td>\n<\/tr>\n<tr>\n<td width=\"83\">Dodge<\/td>\n<td width=\"122\">Charger<\/td>\n<td>6.4<\/td>\n<td width=\"96\">2011\u20132023<\/td>\n<\/tr>\n<\/tbody>\n<\/table>\n<p>&nbsp;<\/p>","protected":false},"excerpt":{"rendered":"<p>2015\u20132023<\/p>","protected":false},"featured_media":68291508,"comment_status":"open","ping_status":"closed","template":"","meta":{"_acf_changed":false},"product_brand":[17173],"product_cat":[6594,6521,6597,6559],"product_tag":[217,101,93,54,53,49,3853,3854,100,126,586,3027,532,529,20273,36,583,584,582,527,553,96,3025,3026],"class_list":{"0":"post-68291507","1":"product","2":"type-product","3":"status-publish","4":"has-post-thumbnail","6":"product_brand-stainless-works","7":"product_cat-challenger-hellcat-abgaskruemmer-katalysatoren","8":"product_cat-challenger-64-abgaskruemmer-katalysatoren","9":"product_cat-charger-hellcat-abgaskruemmer-katalysatoren","10":"product_cat-charger-64-abgaskruemmer-katalysatoren","11":"product_tag-217","12":"product_tag-6-2","13":"product_tag-6-4","14":"product_tag-challenger","15":"product_tag-charger","16":"product_tag-dodge","17":"product_tag-dodge-challenger","18":"product_tag-dodge-charger","19":"product_tag-hellcat","20":"product_tag-hemi","21":"product_tag-high-flow","22":"product_tag-hm64cat","23":"product_tag-kat","24":"product_tag-katalysator","25":"product_tag-keintuev","26":"product_tag-kraftwerk","27":"product_tag-metallkat","28":"product_tag-metallkatalysator","29":"product_tag-rennkat","30":"product_tag-sportkat","31":"product_tag-sportkatalysator","32":"product_tag-srt","33":"product_tag-stainless-works","34":"product_tag-stainlessworks","35":"product_shipping_class-paketversand-l","37":"first","38":"instock","39":"taxable","40":"shipping-taxable","41":"purchasable","42":"product-type-simple"},"bundled_by":[],"bundle_stock_status":"instock","bundle_stock_quantity":1,"bundle_virtual":false,"bundle_layout":"","bundle_add_to_cart_form_location":"","bundle_editable_in_cart":false,"bundle_sold_individually_context":"","bundle_item_grouping":"","bundle_min_size":"","bundle_max_size":"","bundle_price":[],"bundled_items":[],"bundle_sell_ids":[],"exclude_global_add_ons":[],"addons":[],"acf":[],"_links":{"self":[{"href":"https:\/\/kraftwerk-shop.cc\/pl\/wp-json\/wp\/v2\/product\/68291507","targetHints":{"allow":["GET"]}}],"collection":[{"href":"https:\/\/kraftwerk-shop.cc\/pl\/wp-json\/wp\/v2\/product"}],"about":[{"href":"https:\/\/kraftwerk-shop.cc\/pl\/wp-json\/wp\/v2\/types\/product"}],"replies":[{"embeddable":true,"href":"https:\/\/kraftwerk-shop.cc\/pl\/wp-json\/wp\/v2\/comments?post=68291507"}],"version-history":[{"count":0,"href":"https:\/\/kraftwerk-shop.cc\/pl\/wp-json\/wp\/v2\/product\/68291507\/revisions"}],"wp:featuredmedia":[{"embeddable":true,"href":"https:\/\/kraftwerk-shop.cc\/pl\/wp-json\/wp\/v2\/media\/68291508"}],"wp:attachment":[{"href":"https:\/\/kraftwerk-shop.cc\/pl\/wp-json\/wp\/v2\/media?parent=68291507"}],"wp:term":[{"taxonomy":"product_brand","embeddable":true,"href":"https:\/\/kraftwerk-shop.cc\/pl\/wp-json\/wp\/v2\/product_brand?post=68291507"},{"taxonomy":"product_cat","embeddable":true,"href":"https:\/\/kraftwerk-shop.cc\/pl\/wp-json\/wp\/v2\/product_cat?post=68291507"},{"taxonomy":"product_tag","embeddable":true,"href":"https:\/\/kraftwerk-shop.cc\/pl\/wp-json\/wp\/v2\/product_tag?post=68291507"}],"curies":[{"name":"wp","href":"https:\/\/api.w.org\/{rel}","templated":true}]}}