{"id":68292446,"date":"2023-09-18T13:39:02","date_gmt":"2023-09-18T11:39:02","guid":{"rendered":"https:\/\/kraftwerk-shop.cc\/?post_type=product&#038;p=68292446"},"modified":"2026-03-23T12:16:29","modified_gmt":"2026-03-23T11:16:29","slug":"jl-3016p-oil-catch-can-ford-f150","status":"publish","type":"product","link":"https:\/\/kraftwerk-shop.cc\/pl\/produkt\/jl-3016p-oil-catch-can-ford-f150\/","title":{"rendered":"J&amp;L Oil Catch Can Ford F-150 2.7, 3.5 i 5.0 - strona pasa\u017cera"},"content":{"rendered":"<h1>J&amp;L 3016P-B Oil Catch Can dla Ford F-150 - strona pasa\u017cera<\/h1>\n<ul>\n<li>Pojemno\u015b\u0107 90 ml<\/li>\n<li>Solidna konstrukcja z k\u0119s\u00f3w<\/li>\n<li>Szybkoz\u0142\u0105cza PCV w stylu OEM<\/li>\n<li>Wielostopniowy system filtracji, kt\u00f3ry wychwytuje najdrobniejsze opary i zatrzymuje je w \u0142atwo wyjmowanym pojemniku, jednocze\u015bnie przepuszczaj\u0105c czyste powietrze do przewodu wlotowego.<\/li>\n<\/ul>\n<p>&nbsp;<\/p>\n<p><strong>Jak dzia\u0142a system?<\/strong><\/p>\n<p>Gdy ci\u015bnienie ze skrzyni korbowej jest odprowadzane przez przew\u00f3d dolotowy, du\u017ce ilo\u015bci oleju dostaj\u0105 si\u0119 do kolektora dolotowego i kolektor\u00f3w dolotowych w postaci opar\u00f3w, a nawet rozcie\u0144czaj\u0105 benzyn\u0119, powoduj\u0105c spadek liczby oktanowej.<br \/>\nZjawisko to wyst\u0119puje we wszystkich silnikach i jest jeszcze bardziej widoczne w pojazdach z wymuszonym do\u0142adowaniem (do\u0142adowaniem i turbospr\u0119\u017cark\u0105), poniewa\u017c wzrasta ci\u015bnienie w skrzyni korbowej.<br \/>\nAby temu przeciwdzia\u0142a\u0107, opracowano separator oleju o w\u0142asnej konstrukcji.<br \/>\nWykonany z litego aluminium k\u0119sowego, jest to solidna cz\u0119\u015b\u0107. Posiada rade\u0142kowan\u0105 podstaw\u0119 zbiornika, kt\u00f3ra u\u0142atwia spuszczanie zu\u017cytego oleju oraz uszczelk\u0119 O-ring, kt\u00f3ra zapobiega wyciekom.<\/p>\n<p>Filtracja sk\u0142ada si\u0119 z sita ze stali nierdzewnej o drobnych oczkach, kt\u00f3re wychwytuje drobne opary oleju i uwalnia je, gdy tylko s\u0105 wystarczaj\u0105co ci\u0119\u017ckie, aby opa\u015b\u0107.<br \/>\nS\u0105 one nast\u0119pnie przepuszczane przez aluminiowy filtr o strukturze plastra miodu 1\/2\u2033 i grubo\u015bci 1\/16\u2033, gdzie staj\u0105 si\u0119 coraz wi\u0119ksze i ostatecznie spadaj\u0105 do pojemnika.<br \/>\nJe\u015bli olej przedostanie si\u0119 przez filtr, jest zbyt ci\u0119\u017cki, aby przedosta\u0107 si\u0119 do uk\u0142adu dolotowego.<br \/>\nPojemnik zbiorczy mie\u015bci 90 ml p\u0142ynu. Mo\u017ce to nie wydawa\u0107 si\u0119 du\u017co, ale w uk\u0142adzie PCV nie powinno by\u0107 a\u017c tyle oleju.<\/p>\n<p>&nbsp;<\/p>\n<p><strong>Odpowiedni dla:<br \/>\n<\/strong><\/p>\n<table width=\"498\">\n<tbody>\n<tr>\n<td width=\"94\">Ford<\/td>\n<td width=\"158\">F-150<\/td>\n<td width=\"134\">5.0<\/td>\n<td width=\"112\">2011 - 2023<\/td>\n<\/tr>\n<tr>\n<td width=\"94\">Ford<\/td>\n<td width=\"158\">F-150<\/td>\n<td width=\"134\">Do\u0142adowanie 5.0 Roush\/Whipple<\/td>\n<td width=\"112\">2011\u20132023<\/td>\n<\/tr>\n<tr>\n<td width=\"94\">Ford<\/td>\n<td width=\"158\">F-150<\/td>\n<td width=\"134\">3.5 EcoBoost<\/td>\n<td width=\"112\">2011\u20132023<\/td>\n<\/tr>\n<tr>\n<td width=\"94\">Ford<\/td>\n<td width=\"158\">F-150 Raptor<\/td>\n<td width=\"134\">3.5 EcoBoost<\/td>\n<td width=\"112\">2017\u20132023<\/td>\n<\/tr>\n<tr>\n<td width=\"94\">Ford<\/td>\n<td width=\"158\">F-150 Expedition<\/td>\n<td width=\"134\">3.5 EcoBoost<\/td>\n<td width=\"112\">2018\u20132021<\/td>\n<\/tr>\n<tr>\n<td width=\"94\">Ford<\/td>\n<td width=\"158\">F-150<\/td>\n<td width=\"134\">2.7 EcoBoost<\/td>\n<td width=\"112\">2015\u20132023<\/td>\n<\/tr>\n<\/tbody>\n<\/table>\n<p>&nbsp;<\/p>\n<p><strong>Zakres dostawy:<\/strong><\/p>\n<ul>\n<li>Oil Catch Can (czarny) dla strony pasa\u017cera<\/li>\n<li>Wspornik<\/li>\n<li>W\u0119\u017ce<\/li>\n<li>Po\u0142\u0105czenia<\/li>\n<li>Instrukcja obs\u0142ugi&lt;<iframe loading=\"lazy\" title=\"J&amp;L 3016P Oil Catch Can (separator oleju) Ford F-150 2011-2023\" src=\"https:\/\/www.youtube.com\/embed\/qh0IRLAp-Uk\" width=\"882\" height=\"496\" frameborder=\"0\" allowfullscreen=\"allowfullscreen\"><\/iframe>\/li&gt;<\/li>\n<\/ul>","protected":false},"excerpt":{"rendered":"<p>J&amp;L 3016P-B Oil Catch Can f\u00fcr Ford F-150 &#8211; Beifahrerseite 90 ml Kapazit\u00e4t Solide Billet-Ausf\u00fchrung OEM-Stil Schnellanschluss PCV Anschl\u00fcsse Mehrstufiges<\/p>","protected":false},"featured_media":68292449,"comment_status":"open","ping_status":"closed","template":"","meta":{"_acf_changed":false},"product_brand":[17171],"product_cat":[6294,6295,6571,6296],"product_tag":[87,88,6289,6288,4030,3954,3873,4632,917,6290,2934,3245,903,1093,2444,36,84,82,85,3243,406,83,3242,4781,3244,246,194,376],"class_list":{"0":"post-68292446","1":"product","2":"type-product","3":"status-publish","4":"has-post-thumbnail","6":"product_brand-jl","7":"product_cat-f-150-27-ecoboost-oil-catch-can","8":"product_cat-f-150-35-ecoboost-oil-catch-can","9":"product_cat-f-150-35-ecoboost-raptor-oil-catch-can","10":"product_cat-f-150-50-2015-oil-catch-can","11":"product_tag-2-7","12":"product_tag-3-5","13":"product_tag-3016p","14":"product_tag-3016p-b","15":"product_tag-5-0","16":"product_tag-bullitt","17":"product_tag-ecoboost","18":"product_tag-f-150","19":"product_tag-ford","20":"product_tag-ford-f-150","21":"product_tag-harder","22":"product_tag-jl-oil-separator-co","23":"product_tag-jl","24":"product_tag-jlt","25":"product_tag-jlt-performance","26":"product_tag-kraftwerk","27":"product_tag-kurbelgehaeuseentlueftung","28":"product_tag-oil-catch-can","29":"product_tag-oil-catch-tank","30":"product_tag-oil-separator","31":"product_tag-oel","32":"product_tag-oelabscheider","33":"product_tag-osc","34":"product_tag-raptor","35":"product_tag-separator","36":"product_tag-supercharger","37":"product_tag-v8","38":"product_tag-whipple","40":"first","41":"instock","42":"taxable","43":"shipping-taxable","44":"purchasable","45":"product-type-simple"},"bundled_by":[],"bundle_stock_status":"instock","bundle_stock_quantity":1,"bundle_virtual":false,"bundle_layout":"","bundle_add_to_cart_form_location":"","bundle_editable_in_cart":false,"bundle_sold_individually_context":"","bundle_item_grouping":"","bundle_min_size":"","bundle_max_size":"","bundle_price":[],"bundled_items":[],"bundle_sell_ids":[],"exclude_global_add_ons":[],"addons":[],"acf":[],"_links":{"self":[{"href":"https:\/\/kraftwerk-shop.cc\/pl\/wp-json\/wp\/v2\/product\/68292446","targetHints":{"allow":["GET"]}}],"collection":[{"href":"https:\/\/kraftwerk-shop.cc\/pl\/wp-json\/wp\/v2\/product"}],"about":[{"href":"https:\/\/kraftwerk-shop.cc\/pl\/wp-json\/wp\/v2\/types\/product"}],"replies":[{"embeddable":true,"href":"https:\/\/kraftwerk-shop.cc\/pl\/wp-json\/wp\/v2\/comments?post=68292446"}],"version-history":[{"count":0,"href":"https:\/\/kraftwerk-shop.cc\/pl\/wp-json\/wp\/v2\/product\/68292446\/revisions"}],"wp:featuredmedia":[{"embeddable":true,"href":"https:\/\/kraftwerk-shop.cc\/pl\/wp-json\/wp\/v2\/media\/68292449"}],"wp:attachment":[{"href":"https:\/\/kraftwerk-shop.cc\/pl\/wp-json\/wp\/v2\/media?parent=68292446"}],"wp:term":[{"taxonomy":"product_brand","embeddable":true,"href":"https:\/\/kraftwerk-shop.cc\/pl\/wp-json\/wp\/v2\/product_brand?post=68292446"},{"taxonomy":"product_cat","embeddable":true,"href":"https:\/\/kraftwerk-shop.cc\/pl\/wp-json\/wp\/v2\/product_cat?post=68292446"},{"taxonomy":"product_tag","embeddable":true,"href":"https:\/\/kraftwerk-shop.cc\/pl\/wp-json\/wp\/v2\/product_tag?post=68292446"}],"curies":[{"name":"wp","href":"https:\/\/api.w.org\/{rel}","templated":true}]}}