{"id":68292507,"date":"2023-09-19T12:49:43","date_gmt":"2023-09-19T10:49:43","guid":{"rendered":"https:\/\/kraftwerk-shop.cc\/?post_type=product&#038;p=68292507"},"modified":"2026-02-15T01:02:16","modified_gmt":"2026-02-15T00:02:16","slug":"mbrp-s72533cf-wydech-ford-mustang-s650","status":"publish","type":"product","link":"https:\/\/kraftwerk-shop.cc\/pl\/produkt\/mbrp-s72533cf-auspuff-ford-mustang-s650\/","title":{"rendered":"MBRP Cat-Back Race Profile Ford Mustang S650 GT 5.0"},"content":{"rendered":"<h1>Wy\u015bcigowy uk\u0142ad wydechowy MBRP S72533CF Cat-Back dla Forda Mustanga S650 GT 5.0<\/h1>\n<p>&nbsp;<\/p>\n<p>Sportowy uk\u0142ad wydechowy MBRP uwalnia pe\u0142ny potencja\u0142 mocy i momentu obrotowego pojazdu i zapewnia, \u017ce RAM jest szybszy, p\u0142ynniejszy i g\u0142o\u015bniejszy na drodze.<\/p>\n<p>Ka\u017cdy uk\u0142ad wydechowy MBRP jest dostrojony i zaprojektowany tak, aby zapewni\u0107 najwy\u017csz\u0105 wydajno\u015b\u0107 pojazdu. Wykonany z wytrzyma\u0142ej stali nierdzewnej T304. Ka\u017cda sekcja rury jest r\u00f3wnomiernie wygi\u0119ta, aby zwi\u0119kszy\u0107 przep\u0142yw spalin. Tylny t\u0142umik zosta\u0142 zaprojektowany tak, aby zapewni\u0107 optymalny d\u017awi\u0119k i zminimalizowa\u0107 ci\u015bnienie wsteczne.<\/p>\n<p>Instalacja uk\u0142adu wydechowego MBRP jest prosta i nie wymaga spawania ani wiercenia w poje\u017adzie. Ka\u017cdy uk\u0142ad wykorzystuje istniej\u0105ce punkty monta\u017cowe.<\/p>\n<p>&nbsp;<\/p>\n<p>&nbsp;<\/p>\n<p>Uk\u0142ad wydechowy typu cat-back MBRP S51053CF Race Profile 3\u2033 wykonany ze stali nierdzewnej T304 z rurami wydechowymi o kraw\u0119dziach z w\u0142\u00f3kna w\u0119glowego jest odpowiedni dla nast\u0119puj\u0105cych modeli:<\/p>\n<table width=\"449\">\n<tbody>\n<tr>\n<td width=\"115\"><strong>Marka<\/strong><\/td>\n<td width=\"145\"><strong>Model<\/strong><\/td>\n<td width=\"106\"><strong>Silnik<\/strong><\/td>\n<td width=\"83\"><strong>Rok<\/strong><\/td>\n<\/tr>\n<tr>\n<td>Ford<\/td>\n<td>Mustang S650 GT (<strong>brak kabrioletu<\/strong>)<\/td>\n<td>5.0<\/td>\n<td>2024 - 2026<\/td>\n<\/tr>\n<\/tbody>\n<\/table>\n<p>&nbsp;<\/p>","protected":false},"excerpt":{"rendered":"<p>Stal nierdzewna T304, w\u0119glowe rury wydechowe<\/p>\n<p>2024 - 2026<\/p>","protected":false},"featured_media":68292509,"comment_status":"open","ping_status":"closed","template":"","meta":{"_acf_changed":false},"product_brand":[17169],"product_cat":[3024,4033],"product_tag":[6297,4024,4023,1035,1036,546,1037,1047,2210,662,1039,1042,2786,917,784,3962,2934,532,529,20273,2211,2931,6924,3872,6300,6299,6302,547,1034,1038,2215,233],"class_list":{"0":"post-68292507","1":"product","2":"type-product","3":"status-publish","4":"has-post-thumbnail","6":"product_brand-mbrp","7":"product_cat-nicht-nach-eu","8":"product_cat-mustang-50-gt-abgasanlage","9":"product_tag-6297","10":"product_tag-3zoll","11":"product_tag-4023","12":"product_tag-abgasanlage","13":"product_tag-abgassystem","14":"product_tag-auspuff","15":"product_tag-auspuffsystem","16":"product_tag-cat-back","17":"product_tag-catback","18":"product_tag-edelstahl","19":"product_tag-endschalldaempfer","20":"product_tag-endtopf","21":"product_tag-exhaust","22":"product_tag-ford","23":"product_tag-gt","24":"product_tag-gt-5-0","25":"product_tag-harder","26":"product_tag-kat","27":"product_tag-katalysator","28":"product_tag-keintuev","29":"product_tag-klang","30":"product_tag-mbrp","31":"product_tag-mbrp10","32":"product_tag-mustang","33":"product_tag-s650","34":"product_tag-s7253","35":"product_tag-s72533cf","36":"product_tag-sportauspuff","37":"product_tag-sportauspuffanlage","38":"product_tag-sportendschalldaempfer","39":"product_tag-street","40":"product_tag-tuning","41":"product_shipping_class-spedition-1","43":"first","44":"onbackorder","45":"taxable","46":"shipping-taxable","47":"purchasable","48":"product-type-simple"},"bundled_by":[],"bundle_stock_status":"onbackorder","bundle_stock_quantity":0,"bundle_virtual":false,"bundle_layout":"","bundle_add_to_cart_form_location":"","bundle_editable_in_cart":false,"bundle_sold_individually_context":"","bundle_item_grouping":"","bundle_min_size":"","bundle_max_size":"","bundle_price":[],"bundled_items":[],"bundle_sell_ids":[],"exclude_global_add_ons":[],"addons":[],"acf":[],"_links":{"self":[{"href":"https:\/\/kraftwerk-shop.cc\/pl\/wp-json\/wp\/v2\/product\/68292507","targetHints":{"allow":["GET"]}}],"collection":[{"href":"https:\/\/kraftwerk-shop.cc\/pl\/wp-json\/wp\/v2\/product"}],"about":[{"href":"https:\/\/kraftwerk-shop.cc\/pl\/wp-json\/wp\/v2\/types\/product"}],"replies":[{"embeddable":true,"href":"https:\/\/kraftwerk-shop.cc\/pl\/wp-json\/wp\/v2\/comments?post=68292507"}],"version-history":[{"count":0,"href":"https:\/\/kraftwerk-shop.cc\/pl\/wp-json\/wp\/v2\/product\/68292507\/revisions"}],"wp:featuredmedia":[{"embeddable":true,"href":"https:\/\/kraftwerk-shop.cc\/pl\/wp-json\/wp\/v2\/media\/68292509"}],"wp:attachment":[{"href":"https:\/\/kraftwerk-shop.cc\/pl\/wp-json\/wp\/v2\/media?parent=68292507"}],"wp:term":[{"taxonomy":"product_brand","embeddable":true,"href":"https:\/\/kraftwerk-shop.cc\/pl\/wp-json\/wp\/v2\/product_brand?post=68292507"},{"taxonomy":"product_cat","embeddable":true,"href":"https:\/\/kraftwerk-shop.cc\/pl\/wp-json\/wp\/v2\/product_cat?post=68292507"},{"taxonomy":"product_tag","embeddable":true,"href":"https:\/\/kraftwerk-shop.cc\/pl\/wp-json\/wp\/v2\/product_tag?post=68292507"}],"curies":[{"name":"wp","href":"https:\/\/api.w.org\/{rel}","templated":true}]}}