{"id":68292719,"date":"2023-09-23T17:33:13","date_gmt":"2023-09-23T15:33:13","guid":{"rendered":"https:\/\/kraftwerk-shop.cc\/?post_type=product&#038;p=68292719"},"modified":"2026-02-15T01:02:24","modified_gmt":"2026-02-15T00:02:24","slug":"nakretka-sprezynowa-mopar-68057855aa","status":"publish","type":"product","link":"https:\/\/kraftwerk-shop.cc\/pl\/produkt\/mopar-federmutter-68057855aa\/","title":{"rendered":"Nakr\u0119tka spr\u0119\u017cynowa Mopar (68057855AA)"},"content":{"rendered":"<h1>Oryginalna nakr\u0119tka spr\u0119\u017cynowa Mopar 68057855AA do uk\u0142adu wydechowego Jeep Grand Cherokee i Dodge Durango<\/h1>\n<p>&nbsp;<\/p>\n<p><strong>Numer cz\u0119\u015bci Mopar:<\/strong> 68057855AA<br \/>\n<strong>Zast\u0105piony:<\/strong>\u00a0 \u2014<\/p>\n<p>&nbsp;<\/p>\n<p><strong><br \/>\nOdpowiedni dla:<\/strong><\/p>\n<table width=\"972\">\n<tbody>\n<tr>\n<td width=\"80\"><strong>Rok<\/strong><\/td>\n<td width=\"80\"><strong>Marka<\/strong><\/td>\n<td width=\"121\"><strong>Model<\/strong><\/td>\n<td width=\"493\"><strong>Wersja<\/strong><\/td>\n<td width=\"198\"><strong>Silnik<\/strong><\/td>\n<\/tr>\n<tr>\n<td width=\"80\">2025<\/td>\n<td width=\"80\">Dodge<\/td>\n<td width=\"121\">Durango<\/td>\n<td width=\"493\">R\/T, R\/T Plus, R\/T Premium, SRT Hellcat Hammerhead, SRT Hellcat Plus, SRT Hellcat Premium, SRT Hellcat Silver Bullet, Special Service<\/td>\n<td width=\"198\">3.6L, 5.7L, 6.2L<\/td>\n<\/tr>\n<tr>\n<td width=\"80\">2024<\/td>\n<td width=\"80\">Dodge<\/td>\n<td width=\"121\">Durango<\/td>\n<td width=\"493\">Citadel, GT, GT Plus, GT Premium, Pursuit, R\/T, R\/T Plus, R\/T Premium, SRT 392, SRT 392 Plus, SRT 392 Premium, SRT Hellcat, SRT Hellcat Plus, SRT Hellcat Premium, SXT, SXT Plus, Special Service<\/td>\n<td width=\"198\">3.6L, 5.7L, 6.2L, 6.4L<\/td>\n<\/tr>\n<tr>\n<td width=\"80\">2023<\/td>\n<td width=\"80\">Dodge<\/td>\n<td width=\"121\">Durango<\/td>\n<td width=\"493\">Citadel, GT, GT Plus, GT Premium, R\/T, R\/T Hemi Orange, R\/T Plus, R\/T Premium, SRT 392, SRT 392 Plus, SRT 392 Premium, SRT Hellcat, SRT Hellcat Plus, SRT Hellcat Premium, SXT, SXT Plus<\/td>\n<td width=\"198\">3.6L, 5.7L, 6.2L, 6.4L<\/td>\n<\/tr>\n<tr>\n<td width=\"80\">2022<\/td>\n<td width=\"80\">Dodge<\/td>\n<td width=\"121\">Durango<\/td>\n<td width=\"493\">Citadel, GT, GT Plus, R\/T, R\/T Plus, SRT 392, SXT<\/td>\n<td width=\"198\">3.6L, 5.7L, 6.4L<\/td>\n<\/tr>\n<tr>\n<td width=\"80\">2022<\/td>\n<td width=\"80\">Jeep<\/td>\n<td width=\"121\">Grand Cherokee WK<\/td>\n<td width=\"493\">Laredo E, Laredo X, Limited<\/td>\n<td width=\"198\">3.6L V6 - Flex<\/td>\n<\/tr>\n<tr>\n<td width=\"80\">2021<\/td>\n<td width=\"80\">Dodge<\/td>\n<td width=\"121\">Durango<\/td>\n<td width=\"493\">Citadel, GT, GT Plus, Pursuit, R\/T, SRT, SRT Hellcat, SXT, SXT Plus, Special Service<\/td>\n<td width=\"198\">3.6L, 5.7L, 6.2L, 6.4L<\/td>\n<\/tr>\n<tr>\n<td width=\"80\">2021<\/td>\n<td width=\"80\">Jeep<\/td>\n<td width=\"121\">Grand Cherokee<\/td>\n<td width=\"493\">80th Anniversary, High Altitude, Laredo E, Laredo X, Limited, Limited X, Overland, SRT, Summit, Trackhawk, Trailhawk<\/td>\n<td width=\"198\">3.6L V6 - Flex, 5.7L, 6.2L, 6.4L<\/td>\n<\/tr>\n<tr>\n<td width=\"80\">2020<\/td>\n<td width=\"80\">Dodge<\/td>\n<td width=\"121\">Durango<\/td>\n<td width=\"493\">Citadel, GT, GT Plus, Pursuit, R\/T, SRT, SXT, SXT Plus, Special Service<\/td>\n<td width=\"198\">3.6L, 5.7L, 6.4L<\/td>\n<\/tr>\n<tr>\n<td width=\"80\">2020<\/td>\n<td width=\"80\">Jeep<\/td>\n<td width=\"121\">Grand Cherokee<\/td>\n<td width=\"493\">Altitude, High Altitude, Laredo, Limited, Limited X, Overland, SRT, Summit, Trackhawk, Trailhawk, Upland<\/td>\n<td width=\"198\">3.6L V6 - Flex, 5.7L, 6.2L, 6.4L<\/td>\n<\/tr>\n<tr>\n<td width=\"80\">2019<\/td>\n<td width=\"80\">Dodge<\/td>\n<td width=\"121\">Durango<\/td>\n<td width=\"493\">Citadel, GT, Pursuit, R\/T, SRT, SXT, SXT Plus, Special Service<\/td>\n<td width=\"198\">3.6L, 5.7L, 6.4L<\/td>\n<\/tr>\n<tr>\n<td width=\"80\">2019<\/td>\n<td width=\"80\">Jeep<\/td>\n<td width=\"121\">Grand Cherokee<\/td>\n<td width=\"493\">Altitude, High Altitude, Laredo, Limited, Limited X, Overland, SRT, Summit, Trackhawk, Trailhawk, Upland<\/td>\n<td width=\"198\">3.0L V6 - Diesel, 3.6L V6 - Flex, 5.7L, 6.2L, 6.4L<\/td>\n<\/tr>\n<tr>\n<td width=\"80\">2018<\/td>\n<td width=\"80\">Dodge<\/td>\n<td width=\"121\">Durango<\/td>\n<td width=\"493\">Citadel, GT, R\/T, SRT, SXT, SXT Plus, Special Service<\/td>\n<td width=\"198\">3.6L, 5.7L, 6.4L<\/td>\n<\/tr>\n<tr>\n<td width=\"80\">2018<\/td>\n<td width=\"80\">Jeep<\/td>\n<td width=\"121\">Grand Cherokee<\/td>\n<td width=\"493\">Altitude, High Altitude, Laredo, Limited, Overland, SRT, Summit, Trackhawk, Trailhawk<\/td>\n<td width=\"198\">3.0L V6 - Diesel, 3.6L V6 - Flex, 5.7L, 6.2L, 6.4L<\/td>\n<\/tr>\n<tr>\n<td width=\"80\">2017<\/td>\n<td width=\"80\">Dodge<\/td>\n<td width=\"121\">Durango<\/td>\n<td width=\"493\">Citadel, GT, R\/T, SXT, Special Service<\/td>\n<td width=\"198\">3.6L V6 - Flex, 5.7L<\/td>\n<\/tr>\n<tr>\n<td width=\"80\">2017<\/td>\n<td width=\"80\">Jeep<\/td>\n<td width=\"121\">Grand Cherokee<\/td>\n<td width=\"493\">Laredo, Limited, Overland, SRT, Summit, Trailhawk<\/td>\n<td width=\"198\">3.0L V6 - Diesel, 3.6L V6 - Flex, 5.7L, 6.4L<\/td>\n<\/tr>\n<tr>\n<td width=\"80\">2016<\/td>\n<td width=\"80\">Dodge<\/td>\n<td width=\"121\">Durango<\/td>\n<td width=\"493\">Citadel, Limited, R\/T, SXT, Special Service<\/td>\n<td width=\"198\">3.6L V6 - Flex, 5.7L<\/td>\n<\/tr>\n<tr>\n<td width=\"80\">2016<\/td>\n<td width=\"80\">Jeep<\/td>\n<td width=\"121\">Grand Cherokee<\/td>\n<td width=\"493\">75. rocznica, Laredo, Limited, Overland, SRT, Summit<\/td>\n<td width=\"198\">3.0L V6 - Diesel, 3.6L V6 - Flex, 5.7L, 6.4L<\/td>\n<\/tr>\n<tr>\n<td width=\"80\">2015<\/td>\n<td width=\"80\">Dodge<\/td>\n<td width=\"121\">Durango<\/td>\n<td width=\"493\">Citadel, Limited, R\/T, SXT, Special Service<\/td>\n<td width=\"198\">3.6L V6 - Flex, 5.7L<\/td>\n<\/tr>\n<tr>\n<td width=\"80\">2015<\/td>\n<td width=\"80\">Jeep<\/td>\n<td width=\"121\">Grand Cherokee<\/td>\n<td width=\"493\">Laredo, Limited, Overland, SRT, Summit<\/td>\n<td width=\"198\">3.0L V6 - Diesel, 3.6L V6 - Flex, 5.7L, 6.4L<\/td>\n<\/tr>\n<tr>\n<td width=\"80\">2014<\/td>\n<td width=\"80\">Dodge<\/td>\n<td width=\"121\">Durango<\/td>\n<td width=\"493\">Citadel, Limited, R\/T, SXT, Special Service<\/td>\n<td width=\"198\">3.6L V6 - Flex, 5.7L<\/td>\n<\/tr>\n<tr>\n<td width=\"80\">2014<\/td>\n<td width=\"80\">Jeep<\/td>\n<td width=\"121\">Grand Cherokee<\/td>\n<td width=\"493\">Laredo, Limited, Overland, SRT, Summit<\/td>\n<td width=\"198\">3.0L V6 - Diesel, 3.6L V6 - Flex, 5.7L, 6.4L<\/td>\n<\/tr>\n<tr>\n<td width=\"80\">2013<\/td>\n<td width=\"80\">Dodge<\/td>\n<td width=\"121\">Durango<\/td>\n<td width=\"493\">Citadel, Crew, R\/T, SXT, Special Service<\/td>\n<td width=\"198\">3.6L V6 - Flex, 5.7L<\/td>\n<\/tr>\n<tr>\n<td width=\"80\">2013<\/td>\n<td width=\"80\">Jeep<\/td>\n<td width=\"121\">Grand Cherokee<\/td>\n<td width=\"493\">Laredo, Limited, Overland, SRT8<\/td>\n<td width=\"198\">3.6L V6 - Flex, 5.7L, 6.4L<\/td>\n<\/tr>\n<tr>\n<td width=\"80\">2012<\/td>\n<td width=\"80\">Dodge<\/td>\n<td width=\"121\">Durango<\/td>\n<td width=\"493\">Citadel, Crew, R\/T, SXT, Special Service<\/td>\n<td width=\"198\">3.6L V6 - Flex, 5.7L<\/td>\n<\/tr>\n<tr>\n<td width=\"80\">2012<\/td>\n<td width=\"80\">Jeep<\/td>\n<td width=\"121\">Grand Cherokee<\/td>\n<td width=\"493\">Laredo, Limited, Overland, Overland Summit, SRT8<\/td>\n<td width=\"198\">3.6L V6 - Flex, 5.7L, 6.4L<\/td>\n<\/tr>\n<tr>\n<td width=\"80\">2011<\/td>\n<td width=\"80\">Dodge<\/td>\n<td width=\"121\">Durango<\/td>\n<td width=\"493\">Citadel, Crew, Express, Heat, R\/T<\/td>\n<td width=\"198\">3.6L V6 - Flex, 5.7L<\/td>\n<\/tr>\n<tr>\n<td width=\"80\">2011<\/td>\n<td width=\"80\">Jeep<\/td>\n<td width=\"121\">Grand Cherokee<\/td>\n<td width=\"493\">Laredo, Limited, Overland<\/td>\n<td width=\"198\">3.6L V6 - Flex, 5.7L<\/td>\n<\/tr>\n<\/tbody>\n<\/table>\n<p>&nbsp;<\/p>\n<h4>Dlaczego warto wybra\u0107 oryginalne cz\u0119\u015bci zamienne Mopar?<\/h4>\n<p><strong>Idealne dopasowanie i najwy\u017csza jako\u015b\u0107:<\/strong> Oryginalne cz\u0119\u015bci zamienne Mopar s\u0105 produkowane zgodnie ze \u015bcis\u0142ymi specyfikacjami producenta, co oznacza, \u017ce idealnie pasuj\u0105 do Twojego pojazdu. Zapewnia to nie tylko \u0142atw\u0105 instalacj\u0119, ale tak\u017ce optymaln\u0105 funkcjonalno\u015b\u0107 i bezpiecze\u0144stwo.<\/p>\n<p><strong>Niezawodno\u015b\u0107 i trwa\u0142o\u015b\u0107:<\/strong> Dzi\u0119ki zastosowaniu wysokiej jako\u015bci materia\u0142\u00f3w i rygorystycznej kontroli jako\u015bci, cz\u0119\u015bci zamienne Mopar zapewniaj\u0105 niezawodne dzia\u0142anie pojazdu nawet w ekstremalnych warunkach. Zosta\u0142y zaprojektowane z my\u015bl\u0105 o trwa\u0142o\u015bci i maksymalizacji osi\u0105g\u00f3w pojazdu.<\/p>\n<p>&nbsp;<\/p>\n<p>&nbsp;<\/p>","protected":false},"excerpt":{"rendered":"<p>Oryginalna cz\u0119\u015b\u0107 Mopar<\/p>\n<p>2011\u20132025<\/p>","protected":false},"featured_media":68292722,"comment_status":"open","ping_status":"closed","template":"","meta":{"_acf_changed":false},"product_brand":[16270],"product_cat":[2603,6613,6601,6587,2664,6631,6634,6592],"product_tag":[6334,1035,546,49,4432,95,2781,6335,56,50,4425,31,8813,9424,16271,16273,16275,16272,16274,7221,5171],"class_list":{"0":"post-68292719","1":"product","2":"type-product","3":"status-publish","4":"has-post-thumbnail","6":"product_brand-mopar","7":"product_cat-durango-36-abgasanlage","8":"product_cat-durango-57-abgasanlage-dichtungen-hardware","9":"product_cat-durango-hellcat-abgasanlage-dichtungen-hardware","10":"product_cat-durango-64-abgasanlage-dichtungen-hardware","11":"product_cat-grand-cherokee-36-abgasanlage","12":"product_cat-grand-cherokee-57-2011-2021-abgasanlage-dichtungen-hardware","13":"product_cat-trackhawk-abgasanlage-dichtungen-hardware","14":"product_cat-grand-cherokee-64-abgasanlage-dichtungen-hardware","15":"product_tag-68057855aa","16":"product_tag-abgasanlage","17":"product_tag-auspuff","18":"product_tag-dodge","19":"product_tag-dodge-durango","20":"product_tag-durango","21":"product_tag-feder","22":"product_tag-federmutter","23":"product_tag-grand-cherokee","24":"product_tag-jeep","25":"product_tag-jeep-grand-cherokee","26":"product_tag-mopar","27":"product_tag-mopar-autoteile","28":"product_tag-mopar-ersatzteile","29":"product_tag-mopar-ersatzteile-kaufen","30":"product_tag-mopar-performance-teile","31":"product_tag-mopar-teile-katalog","32":"product_tag-mopar-teile-online","33":"product_tag-mopar-tuningteile","34":"product_tag-mopar10","35":"product_tag-mutter","37":"first","38":"instock","39":"taxable","40":"shipping-taxable","41":"purchasable","42":"product-type-simple"},"bundled_by":[],"bundle_stock_status":"instock","bundle_stock_quantity":4,"bundle_virtual":false,"bundle_layout":"","bundle_add_to_cart_form_location":"","bundle_editable_in_cart":false,"bundle_sold_individually_context":"","bundle_item_grouping":"","bundle_min_size":"","bundle_max_size":"","bundle_price":[],"bundled_items":[],"bundle_sell_ids":[],"exclude_global_add_ons":[],"addons":[],"acf":[],"_links":{"self":[{"href":"https:\/\/kraftwerk-shop.cc\/pl\/wp-json\/wp\/v2\/product\/68292719","targetHints":{"allow":["GET"]}}],"collection":[{"href":"https:\/\/kraftwerk-shop.cc\/pl\/wp-json\/wp\/v2\/product"}],"about":[{"href":"https:\/\/kraftwerk-shop.cc\/pl\/wp-json\/wp\/v2\/types\/product"}],"replies":[{"embeddable":true,"href":"https:\/\/kraftwerk-shop.cc\/pl\/wp-json\/wp\/v2\/comments?post=68292719"}],"version-history":[{"count":0,"href":"https:\/\/kraftwerk-shop.cc\/pl\/wp-json\/wp\/v2\/product\/68292719\/revisions"}],"wp:featuredmedia":[{"embeddable":true,"href":"https:\/\/kraftwerk-shop.cc\/pl\/wp-json\/wp\/v2\/media\/68292722"}],"wp:attachment":[{"href":"https:\/\/kraftwerk-shop.cc\/pl\/wp-json\/wp\/v2\/media?parent=68292719"}],"wp:term":[{"taxonomy":"product_brand","embeddable":true,"href":"https:\/\/kraftwerk-shop.cc\/pl\/wp-json\/wp\/v2\/product_brand?post=68292719"},{"taxonomy":"product_cat","embeddable":true,"href":"https:\/\/kraftwerk-shop.cc\/pl\/wp-json\/wp\/v2\/product_cat?post=68292719"},{"taxonomy":"product_tag","embeddable":true,"href":"https:\/\/kraftwerk-shop.cc\/pl\/wp-json\/wp\/v2\/product_tag?post=68292719"}],"curies":[{"name":"wp","href":"https:\/\/api.w.org\/{rel}","templated":true}]}}