{"id":68292892,"date":"2023-09-26T13:40:53","date_gmt":"2023-09-26T11:40:53","guid":{"rendered":"https:\/\/kraftwerk-shop.cc\/?post_type=product&#038;p=68292892"},"modified":"2026-02-15T01:06:46","modified_gmt":"2026-02-15T00:06:46","slug":"borla-140745-uklad-wydechowy-ford-mustang","status":"publish","type":"product","link":"https:\/\/kraftwerk-shop.cc\/pl\/produkt\/borla-140745-auspuffanlage-ford-mustang\/","title":{"rendered":"Uk\u0142ad wydechowy BORLA S-Type dla Ford Mustang Bullitt \/ GT 5.0"},"content":{"rendered":"<h1>Wysokowydajny uk\u0142ad wydechowy BORLA S-Type do Forda Mustanga Bullitt \/ GT 5.0 model 2018 - 2023<\/h1>\n<p>G\u0142\u0119boki, mocny d\u017awi\u0119k jest g\u0142o\u015bniejszy ni\u017c standardowy uk\u0142ad wydechowy Forda Mustanga i podkre\u015bla charakter jego silnika.<br \/>\nChocia\u017c nie jest to dozwolone, d\u017awi\u0119k nie jest tak g\u0142o\u015bny, aby powodowa\u0107 problemy.<\/p>\n<p><strong>Uk\u0142ad wydechowy S-Type jest \u015brodkowym z trzech wariant\u00f3w d\u017awi\u0119kowych Borla.<\/strong><\/p>\n<p>Podczas opracowywania tego uk\u0142adu wydechowego priorytetem by\u0142a aerodynamika i aerodynamika, a nast\u0119pnie in\u017cynieria d\u017awi\u0119ku.<br \/>\nTo skomplikowane podej\u015bcie, kt\u00f3re jest rzadko praktykowane w bran\u017cy, oznacza, \u017ce moc i moment obrotowy nie s\u0105 po\u015bwi\u0119cane na rzecz d\u017awi\u0119ku, ale s\u0105 ze sob\u0105 zharmonizowane.<\/p>\n<p>To szczeg\u00f3lne osi\u0105gni\u0119cie Borli. Nie zawsze jest rozpoznawalny na pierwszy rzut oka - ale to du\u017ca r\u00f3\u017cnica mi\u0119dzy przeci\u0119tno\u015bci\u0105 a techniczn\u0105 doskona\u0142o\u015bci\u0105.<\/p>\n<p>W przypadku wielu innych uk\u0142ad\u00f3w wydechowych koszty rozwoju s\u0105 utrzymywane na niskim poziomie, a uwag\u0119 zwraca si\u0119 jedynie na d\u017awi\u0119k. W rezultacie uk\u0142ady te cz\u0119sto brzmi\u0105 dobrze, ale powoduj\u0105 utrat\u0119 mocy i dlatego nie zas\u0142uguj\u0105 na miano \"sportowego uk\u0142adu wydechowego\".<\/p>\n<p>Powiniene\u015b by\u0107 tego \u015bwiadomy. Dzi\u0119ki tej wiedzy mo\u017cesz podj\u0105\u0107 \u015bwiadom\u0105 decyzj\u0119 za lub przeciw konkretnemu sportowemu uk\u0142adowi wydechowemu.<\/p>\n<p>Sportowe uk\u0142ady wydechowe Borla s\u0105 produkowane z wysokostopowej stali nierdzewnej serii T304 zgodnie z ameryka\u0144skim standardem AISI.<\/p>\n<p>&nbsp;<\/p>\n<p>Uk\u0142ad wydechowy typu cat-back Borla 140745 S-Type pasuje do nast\u0119puj\u0105cych modeli BEZ aktywnej klapy wydechowej:<\/p>\n<table width=\"449\">\n<tbody>\n<tr>\n<td width=\"115\"><strong>Marka<\/strong><\/td>\n<td width=\"145\"><strong>Model<\/strong><\/td>\n<td width=\"106\">Silnik<\/td>\n<td width=\"83\"><strong>Rok<\/strong><\/td>\n<\/tr>\n<tr>\n<td>Ford<\/td>\n<td>Mustang GT (bez kabrioletu)<\/td>\n<td>5.0<\/td>\n<td>2018\u20132023<\/td>\n<\/tr>\n<tr>\n<td>Ford<\/td>\n<td>Mustang Bullitt (bez kabrioletu)<\/td>\n<td>5.0<\/td>\n<td>2019\u20132020<\/td>\n<\/tr>\n<\/tbody>\n<\/table>\n<p>&nbsp;<\/p>\n<p><iframe loading=\"lazy\" title=\"Sportowy uk\u0142ad wydechowy Borla #140745 Touring \/ #140746 ATAK Ford Mustang GT 5.0\" src=\"https:\/\/www.youtube.com\/embed\/T8prJJXXhE0\" width=\"882\" height=\"496\" frameborder=\"0\" allowfullscreen=\"allowfullscreen\"><\/iframe><\/p>","protected":false},"excerpt":{"rendered":"<p>2018\u20132023<\/p>","protected":false},"featured_media":68293065,"comment_status":"open","ping_status":"closed","template":"","meta":{"_acf_changed":false},"product_brand":[17170],"product_cat":[3024,4033],"product_tag":[6358,252,419,420,2066,2373,4526,4024,4030,1035,1036,546,1037,1032,2443,3954,1047,2210,662,1039,1042,2786,917,784,3962,4029,2934,532,529,20273,2211,1044,3872,1181,1033,1045,1041,547,1034,1038,6356],"class_list":{"0":"post-68292892","1":"product","2":"type-product","3":"status-publish","4":"has-post-thumbnail","6":"product_brand-borla","7":"product_cat-nicht-nach-eu","8":"product_cat-mustang-50-gt-abgasanlage","9":"product_tag-6358","10":"product_tag-252","11":"product_tag-419","12":"product_tag-420","13":"product_tag-2066","14":"product_tag-2373","15":"product_tag-4526","16":"product_tag-3zoll","17":"product_tag-5-0","18":"product_tag-abgasanlage","19":"product_tag-abgassystem","20":"product_tag-auspuff","21":"product_tag-auspuffsystem","22":"product_tag-borla","23":"product_tag-borla-exhaust","24":"product_tag-bullitt","25":"product_tag-cat-back","26":"product_tag-catback","27":"product_tag-edelstahl","28":"product_tag-endschalldaempfer","29":"product_tag-endtopf","30":"product_tag-exhaust","31":"product_tag-ford","32":"product_tag-gt","33":"product_tag-gt-5-0","34":"product_tag-gt5-0","35":"product_tag-harder","36":"product_tag-kat","37":"product_tag-katalysator","38":"product_tag-keintuev","39":"product_tag-klang","40":"product_tag-mittelschalldaempfer","41":"product_tag-mustang","42":"product_tag-race","43":"product_tag-s-type","44":"product_tag-sound","45":"product_tag-sport","46":"product_tag-sportauspuff","47":"product_tag-sportauspuffanlage","48":"product_tag-sportendschalldaempfer","49":"product_tag-stype","50":"product_shipping_class-spedition-1","52":"first","53":"onbackorder","54":"taxable","55":"shipping-taxable","56":"purchasable","57":"product-type-simple"},"bundled_by":[],"bundle_stock_status":"onbackorder","bundle_stock_quantity":0,"bundle_virtual":false,"bundle_layout":"","bundle_add_to_cart_form_location":"","bundle_editable_in_cart":false,"bundle_sold_individually_context":"","bundle_item_grouping":"","bundle_min_size":"","bundle_max_size":"","bundle_price":[],"bundled_items":[],"bundle_sell_ids":[],"exclude_global_add_ons":[],"addons":[],"acf":[],"_links":{"self":[{"href":"https:\/\/kraftwerk-shop.cc\/pl\/wp-json\/wp\/v2\/product\/68292892","targetHints":{"allow":["GET"]}}],"collection":[{"href":"https:\/\/kraftwerk-shop.cc\/pl\/wp-json\/wp\/v2\/product"}],"about":[{"href":"https:\/\/kraftwerk-shop.cc\/pl\/wp-json\/wp\/v2\/types\/product"}],"replies":[{"embeddable":true,"href":"https:\/\/kraftwerk-shop.cc\/pl\/wp-json\/wp\/v2\/comments?post=68292892"}],"version-history":[{"count":0,"href":"https:\/\/kraftwerk-shop.cc\/pl\/wp-json\/wp\/v2\/product\/68292892\/revisions"}],"wp:featuredmedia":[{"embeddable":true,"href":"https:\/\/kraftwerk-shop.cc\/pl\/wp-json\/wp\/v2\/media\/68293065"}],"wp:attachment":[{"href":"https:\/\/kraftwerk-shop.cc\/pl\/wp-json\/wp\/v2\/media?parent=68292892"}],"wp:term":[{"taxonomy":"product_brand","embeddable":true,"href":"https:\/\/kraftwerk-shop.cc\/pl\/wp-json\/wp\/v2\/product_brand?post=68292892"},{"taxonomy":"product_cat","embeddable":true,"href":"https:\/\/kraftwerk-shop.cc\/pl\/wp-json\/wp\/v2\/product_cat?post=68292892"},{"taxonomy":"product_tag","embeddable":true,"href":"https:\/\/kraftwerk-shop.cc\/pl\/wp-json\/wp\/v2\/product_tag?post=68292892"}],"curies":[{"name":"wp","href":"https:\/\/api.w.org\/{rel}","templated":true}]}}