{"id":68293130,"date":"2023-09-30T17:35:56","date_gmt":"2023-09-30T15:35:56","guid":{"rendered":"https:\/\/kraftwerk-shop.cc\/?post_type=product&#038;p=68293130"},"modified":"2026-02-15T01:07:53","modified_gmt":"2026-02-15T00:07:53","slug":"jba-kolektor-wydechowy-srt-hellcat","status":"publish","type":"product","link":"https:\/\/kraftwerk-shop.cc\/pl\/produkt\/jba-shorty-kruemmer-srt-hellcat\/","title":{"rendered":"Kolektor JBA Shorty dla SRT i Hellcat"},"content":{"rendered":"<h1>Kolektor JBA 1-7\/8 Shorty do Chrysler 300C SRT, Dodge Challenger i Charger SRT i Hellcat<\/h1>\n<p>&nbsp;<\/p>\n<p>Kolektory JBA Shorty to jedne z najlepszych ulepsze\u0144 osi\u0105g\u00f3w dost\u0119pnych dla Twojego pojazdu.<br \/>\nKolektory JBA Shorty s\u0105 znacznie mniej restrykcyjne ni\u017c standardowe kolektory w poje\u017adzie i zwi\u0119kszaj\u0105 osi\u0105gi i wydajno\u015b\u0107 silnika.<br \/>\nOryginalna konstrukcja shorty od JBA jest rozwini\u0119ciem starego kolektora longtube.<br \/>\nNowe kolektory Shorty zapewniaj\u0105 wysoki wzrost osi\u0105g\u00f3w, kt\u00f3ry inni producenci osi\u0105gaj\u0105 tylko dzi\u0119ki kolektorom Longtube.<br \/>\nS\u0105 one wykonane z wytrzyma\u0142ej stali nierdzewnej i mog\u0105 wytrzyma\u0107 zar\u00f3wno napr\u0119\u017cenia podczas wy\u015bcig\u00f3w, jak i codziennej jazdy.<\/p>\n<p>Dzi\u0119ki wysokiej no\u015bno\u015bci i innowacyjnej technologii, takiej jak rozdzielacz JBA Firecone, rozdzielacze JBA Shorty s\u0105 w stanie wytworzy\u0107 wi\u0119cej mocy ni\u017c jakikolwiek inny rozdzielacz Shorty na rynku.<\/p>\n<p>Ka\u017cdy system zawiera wysokiej jako\u015bci materia\u0142y mocuj\u0105ce i szczeg\u00f3\u0142owe instrukcje dotycz\u0105ce profesjonalnej instalacji bez wyciek\u00f3w.<\/p>\n<p>&nbsp;<\/p>\n<ul>\n<li style=\"list-style-type: none;\">\n<ul>\n<li>Wygi\u0119te rury g\u0142\u00f3wne 1 7\/8\u2033 ze stali nierdzewnej<br \/>\n- Najlepszy przep\u0142yw, trwa\u0142o\u015b\u0107, lepsza reakcja<\/li>\n<li>Innowacyjny kolektor JBA Firecone<br \/>\n- Sprawdzona w wy\u015bcigach technologia zapewniaj\u0105ca maksymalny wzrost wydajno\u015bci<\/li>\n<li>Po\u0142\u0105czenia fabryczne<br \/>\n- \u0141atwiejsza instalacja<\/li>\n<li>Bardzo grube kopu\u0142y kolektora<br \/>\n- Brak wypacze\u0144, jak w przypadku kolektor\u00f3w gorszej jako\u015bci, brak wyciek\u00f3w<\/li>\n<li>Odznaka JBA<br \/>\n- Oryginalna jako\u015b\u0107 JBA<\/li>\n<li>Obrabiane ko\u0142nierze o grubo\u015bci 3\/8\u2033<br \/>\n- Odporny na odkszta\u0142cenia, zapobiega wyciekom i u\u0142atwia monta\u017c<\/li>\n<li>Ponadwymiarowe otwory wylotowe<br \/>\n- Zwi\u0119kszone nat\u0119\u017cenie przep\u0142ywu umo\u017cliwia regulacj\u0119 otwarcia g\u0142owicy cylindr\u00f3w<\/li>\n<li>Dost\u0119pne z opcjonaln\u0105 pow\u0142ok\u0105<br \/>\n- Polerowany metal-ceramika, zwi\u0119kszona ochrona przed korozj\u0105, bariera termiczna dla ni\u017cszych temperatur pod mask\u0105<\/li>\n<\/ul>\n<\/li>\n<\/ul>\n<p>&nbsp;<\/p>\n<p><strong>Odpowiedni dla:<\/strong><\/p>\n<table width=\"437\">\n<tbody>\n<tr>\n<td width=\"83\"><strong>Marka<\/strong><\/td>\n<td width=\"122\"><strong>Model<\/strong><\/td>\n<td width=\"136\"><strong>Silnik<\/strong><\/td>\n<td width=\"96\"><strong>Rok<\/strong><\/td>\n<\/tr>\n<tr>\n<td width=\"83\">Chrysler<\/td>\n<td width=\"122\">300C<\/td>\n<td>6.4<\/td>\n<td width=\"96\">2012\u20132023<\/td>\n<\/tr>\n<tr>\n<td width=\"83\">Dodge<\/td>\n<td width=\"122\">Challenger<\/td>\n<td width=\"136\">6.2 Hellcat<\/td>\n<td width=\"96\">2015\u20132023<\/td>\n<\/tr>\n<tr>\n<td width=\"83\">Dodge<\/td>\n<td width=\"122\">Challenger<\/td>\n<td>6.4<\/td>\n<td width=\"96\">2011\u20132023<\/td>\n<\/tr>\n<tr>\n<td width=\"83\">Dodge<\/td>\n<td width=\"122\">Charger<\/td>\n<td width=\"136\">6.2 Hellcat<\/td>\n<td width=\"96\">2015\u20132023<\/td>\n<\/tr>\n<tr>\n<td width=\"83\">Dodge<\/td>\n<td width=\"122\">Charger<\/td>\n<td>6.4<\/td>\n<td width=\"96\">2011\u20132023<\/td>\n<\/tr>\n<\/tbody>\n<\/table>\n<p>&nbsp;<\/p>","protected":false},"excerpt":{"rendered":"<p>2011\u20132023<\/p>","protected":false},"featured_media":68292772,"comment_status":"open","ping_status":"closed","template":"","meta":{"_acf_changed":false},"product_brand":[17175],"product_cat":[6583,6594,6521,6597,6559],"product_tag":[6347,3624,52,217,101,93,1035,546,3626,54,53,48,536,49,3853,3854,692,543,549,100,126,3625,3630,532,20273,550,34,186,3369,3368,3340,3055,547,96],"class_list":{"0":"post-68293130","1":"product","2":"type-product","3":"status-publish","4":"has-post-thumbnail","6":"product_brand-jba","7":"product_cat-300c-64-abgaskruemmer-katalysatoren","8":"product_cat-challenger-hellcat-abgaskruemmer-katalysatoren","9":"product_cat-challenger-64-abgaskruemmer-katalysatoren","10":"product_cat-charger-hellcat-abgaskruemmer-katalysatoren","11":"product_cat-charger-64-abgaskruemmer-katalysatoren","12":"product_tag-1968s","13":"product_tag-1968sjs","14":"product_tag-300c","15":"product_tag-217","16":"product_tag-6-2","17":"product_tag-6-4","18":"product_tag-abgasanlage","19":"product_tag-auspuff","20":"product_tag-cat4ward","21":"product_tag-challenger","22":"product_tag-charger","23":"product_tag-chrysler","24":"product_tag-chrysler-300c","25":"product_tag-dodge","26":"product_tag-dodge-challenger","27":"product_tag-dodge-charger","28":"product_tag-ersatzteil","29":"product_tag-faecherkruemmer","30":"product_tag-header","31":"product_tag-hellcat","32":"product_tag-hemi","33":"product_tag-jba","34":"product_tag-jbaperformance","35":"product_tag-kat","36":"product_tag-keintuev","37":"product_tag-kruemmer","38":"product_tag-original","39":"product_tag-performance","40":"product_tag-short-tube","41":"product_tag-shorties","42":"product_tag-shorty","43":"product_tag-sportabgasanlage","44":"product_tag-sportauspuff","45":"product_tag-srt","46":"product_shipping_class-paket-l","48":"first","49":"onbackorder","50":"taxable","51":"shipping-taxable","52":"purchasable","53":"product-type-variable"},"bundled_by":[],"bundle_stock_status":"onbackorder","bundle_stock_quantity":0,"bundle_virtual":false,"bundle_layout":"","bundle_add_to_cart_form_location":"","bundle_editable_in_cart":false,"bundle_sold_individually_context":"","bundle_item_grouping":"","bundle_min_size":"","bundle_max_size":"","bundle_price":[],"bundled_items":[],"bundle_sell_ids":[],"exclude_global_add_ons":[],"addons":[],"acf":[],"_links":{"self":[{"href":"https:\/\/kraftwerk-shop.cc\/pl\/wp-json\/wp\/v2\/product\/68293130","targetHints":{"allow":["GET"]}}],"collection":[{"href":"https:\/\/kraftwerk-shop.cc\/pl\/wp-json\/wp\/v2\/product"}],"about":[{"href":"https:\/\/kraftwerk-shop.cc\/pl\/wp-json\/wp\/v2\/types\/product"}],"replies":[{"embeddable":true,"href":"https:\/\/kraftwerk-shop.cc\/pl\/wp-json\/wp\/v2\/comments?post=68293130"}],"version-history":[{"count":0,"href":"https:\/\/kraftwerk-shop.cc\/pl\/wp-json\/wp\/v2\/product\/68293130\/revisions"}],"wp:featuredmedia":[{"embeddable":true,"href":"https:\/\/kraftwerk-shop.cc\/pl\/wp-json\/wp\/v2\/media\/68292772"}],"wp:attachment":[{"href":"https:\/\/kraftwerk-shop.cc\/pl\/wp-json\/wp\/v2\/media?parent=68293130"}],"wp:term":[{"taxonomy":"product_brand","embeddable":true,"href":"https:\/\/kraftwerk-shop.cc\/pl\/wp-json\/wp\/v2\/product_brand?post=68293130"},{"taxonomy":"product_cat","embeddable":true,"href":"https:\/\/kraftwerk-shop.cc\/pl\/wp-json\/wp\/v2\/product_cat?post=68293130"},{"taxonomy":"product_tag","embeddable":true,"href":"https:\/\/kraftwerk-shop.cc\/pl\/wp-json\/wp\/v2\/product_tag?post=68293130"}],"curies":[{"name":"wp","href":"https:\/\/api.w.org\/{rel}","templated":true}]}}