{"id":68293174,"date":"2023-10-01T16:02:30","date_gmt":"2023-10-01T14:02:30","guid":{"rendered":"https:\/\/kraftwerk-shop.cc\/?post_type=product&#038;p=68293174"},"modified":"2026-03-13T14:21:27","modified_gmt":"2026-03-13T13:21:27","slug":"bmr-usztywnienie-kolumny-dodge-challenger-charger-przod","status":"publish","type":"product","link":"https:\/\/kraftwerk-shop.cc\/pl\/produkt\/bmr-domstrebe-dodge-challenger-charger-vorne\/","title":{"rendered":"BMR usztywnienie kolumny Dodge Challenger &amp; Charger (prz\u00f3d)"},"content":{"rendered":"<h1>Usztywnienie kolumny BMR STB110 (prz\u00f3d) dla Dodge Challenger i Charger<\/h1>\n<p>&nbsp;<\/p>\n<p>Podwozie Dodge Challenger i Charger znacznie si\u0119 skr\u0119ca, nawet przy niewielkich obci\u0105\u017ceniach.<br \/>\nUsztywnienia kolumn BMR s\u0105 wykonane z wytrzyma\u0142ych rur i laserowo wycinanych p\u0142yt stalowych, aby wzmocni\u0107 ram\u0119 i podwozie.<br \/>\nTa dwupunktowa konstrukcja mocno \u0142\u0105czy kolumny przedniego zawieszenia i zapewnia wi\u0119ksz\u0105 stabilno\u015b\u0107 ca\u0142ego przedniego nadwozia i zawieszenia.<br \/>\nUsztywnienie kolumny BMR STB110 jest przykr\u0119cane do 100%. Oznacza to, \u017ce mo\u017cna go \u0142atwo zamontowa\u0107 za pomoc\u0105 prostych narz\u0119dzi r\u0119cznych i nie jest wymagane spawanie.<\/p>\n<p>&nbsp;<\/p>\n<ul>\n<li>W pe\u0142ni spawany metod\u0105 MIG<\/li>\n<li>Zawiera wszystkie wymagane wsporniki i osprz\u0119t<\/li>\n<li>Opracowany z my\u015bl\u0105 o osi\u0105gach ulicznych, wy\u015bcigach drag racing i zastosowaniach zwi\u0105zanych z prowadzeniem.<\/li>\n<li>Sprawdzona, wyj\u0105tkowa trwa\u0142o\u015b\u0107 i jako\u015b\u0107<\/li>\n<li>Wyprodukowane z naciskiem na najlepsze materia\u0142y i jako\u015b\u0107<\/li>\n<li>Dost\u0119pne w kolorze czerwonym i czarnym<\/li>\n<\/ul>\n<p>&nbsp;<\/p>\n<p><strong>Odpowiedni dla:<\/strong><\/p>\n<p>2008 - 2023 Dodge Challenger<br \/>\n2015 - 2023 Dodge Charger<\/p>\n<p>&nbsp;<\/p>\n<p><strong>Uwagi:<\/strong><\/p>\n<ul>\n<li>Nie pasuje do pojazd\u00f3w Hellcat, Shaker, T\/A lub V6<\/li>\n<li>Pasuje do pojazd\u00f3w 5.7 R\/T tylko ze zdj\u0119t\u0105 pokryw\u0105 silnika<\/li>\n<li>W niekt\u00f3rych modelach Challenger i Charger z lat 2021\/2022\/2023 wyst\u0119puj\u0105 problemy z odleg\u0142o\u015bci\u0105 mi\u0119dzy przewodem EVAP prowadz\u0105cym do uk\u0142adu dolotowego a STB110. Po instalacji upewnij si\u0119, \u017ce w pokazanym obszarze jest wystarczaj\u0105co du\u017co miejsca<\/li>\n<li>Nie pasuje do zmodernizowanych system\u00f3w spr\u0119\u017carek<\/li>\n<\/ul>","protected":false},"excerpt":{"rendered":"<p>2008\u20132023<\/p>","protected":false},"featured_media":68293179,"comment_status":"open","ping_status":"closed","template":"","meta":{"_acf_changed":false},"product_brand":[],"product_cat":[1676,1700,5156,1635],"product_tag":[169,91,101,93,3760,54,53,49,3853,6366,743,100,126,222,783,6360,151,787,782,6364,96,767,769,3891,6365,3850,6361,841],"class_list":{"0":"post-68293174","1":"product","2":"type-product","3":"status-publish","4":"has-post-thumbnail","6":"product_cat-challenger-57-fahrwerk","7":"product_cat-challenger-64-fahrwerk","8":"product_cat-charger-57-2011-2023-fahrwerk","9":"product_cat-charger-64-fahrwerk","10":"product_tag-3-6","11":"product_tag-5-7","12":"product_tag-6-2","13":"product_tag-6-4","14":"product_tag-bmr","15":"product_tag-challenger","16":"product_tag-charger","17":"product_tag-dodge","18":"product_tag-dodge-challenger","19":"product_tag-domstrebe","20":"product_tag-fahrwerk","21":"product_tag-hellcat","22":"product_tag-hemi","23":"product_tag-kit","24":"product_tag-r-t","25":"product_tag-rahmen","26":"product_tag-redeye","27":"product_tag-rt","28":"product_tag-scat-pack","29":"product_tag-sfc110","30":"product_tag-srt","31":"product_tag-stabi","32":"product_tag-stabilisator","33":"product_tag-stabilisatoren","34":"product_tag-stb110","35":"product_tag-versteifung","36":"product_tag-vertaerkung","37":"product_tag-vorne","38":"product_shipping_class-paket-l","40":"first","41":"instock","42":"taxable","43":"shipping-taxable","44":"purchasable","45":"product-type-variable"},"bundled_by":[],"bundle_stock_status":"instock","bundle_stock_quantity":3,"bundle_virtual":false,"bundle_layout":"","bundle_add_to_cart_form_location":"","bundle_editable_in_cart":false,"bundle_sold_individually_context":"","bundle_item_grouping":"","bundle_min_size":"","bundle_max_size":"","bundle_price":[],"bundled_items":[],"bundle_sell_ids":[],"exclude_global_add_ons":[],"addons":[],"acf":[],"_links":{"self":[{"href":"https:\/\/kraftwerk-shop.cc\/pl\/wp-json\/wp\/v2\/product\/68293174","targetHints":{"allow":["GET"]}}],"collection":[{"href":"https:\/\/kraftwerk-shop.cc\/pl\/wp-json\/wp\/v2\/product"}],"about":[{"href":"https:\/\/kraftwerk-shop.cc\/pl\/wp-json\/wp\/v2\/types\/product"}],"replies":[{"embeddable":true,"href":"https:\/\/kraftwerk-shop.cc\/pl\/wp-json\/wp\/v2\/comments?post=68293174"}],"version-history":[{"count":0,"href":"https:\/\/kraftwerk-shop.cc\/pl\/wp-json\/wp\/v2\/product\/68293174\/revisions"}],"wp:featuredmedia":[{"embeddable":true,"href":"https:\/\/kraftwerk-shop.cc\/pl\/wp-json\/wp\/v2\/media\/68293179"}],"wp:attachment":[{"href":"https:\/\/kraftwerk-shop.cc\/pl\/wp-json\/wp\/v2\/media?parent=68293174"}],"wp:term":[{"taxonomy":"product_brand","embeddable":true,"href":"https:\/\/kraftwerk-shop.cc\/pl\/wp-json\/wp\/v2\/product_brand?post=68293174"},{"taxonomy":"product_cat","embeddable":true,"href":"https:\/\/kraftwerk-shop.cc\/pl\/wp-json\/wp\/v2\/product_cat?post=68293174"},{"taxonomy":"product_tag","embeddable":true,"href":"https:\/\/kraftwerk-shop.cc\/pl\/wp-json\/wp\/v2\/product_tag?post=68293174"}],"curies":[{"name":"wp","href":"https:\/\/api.w.org\/{rel}","templated":true}]}}