{"id":68293418,"date":"2023-10-13T13:30:41","date_gmt":"2023-10-13T11:30:41","guid":{"rendered":"https:\/\/kraftwerk-shop.cc\/?post_type=product&#038;p=68293418"},"modified":"2026-02-15T01:06:53","modified_gmt":"2026-02-15T00:06:53","slug":"mishimoto-kuehler-mustang-gt","status":"publish","type":"product","link":"https:\/\/kraftwerk-shop.cc\/pl\/produkt\/mishimoto-kuehler-mustang-gt\/","title":{"rendered":"Aluminiowa ch\u0142odnica Mishimoto Ford Mustang GT 5.0 \/ Shelby GT350"},"content":{"rendered":"<h1>Aluminiowa ch\u0142odnica Mishimoto do Forda Mustanga GT 5.0 i Shelby GT350<\/h1>\n<p>Aluminiowa ch\u0142odnica Mishimoto do Forda Mustanga zosta\u0142a zaprojektowana tak, aby przewy\u017csza\u0107 fabryczn\u0105 ch\u0142odnic\u0119 i wytrzyma\u0107 ca\u0142e \u017cycie samochodu przy pe\u0142nym gazie i codziennej je\u017adzie.<br \/>\nPrzekszta\u0142\u0107 swojego Mustanga z delikatnych plastikowych zbiornik\u00f3w ko\u0144cowych ch\u0142odnicy w solidn\u0105, w pe\u0142ni spawan\u0105 aluminiow\u0105 konstrukcj\u0119.<br \/>\nNigdy wi\u0119cej nie martw si\u0119 p\u0119kni\u0119tym plastikiem lub nieszczelnymi w\u0119\u017cami, kt\u00f3re pozostawiaj\u0105 ci\u0119 na poboczu drogi lub przedwcze\u015bnie ko\u0144cz\u0105 dzie\u0144 na torze.<br \/>\nCh\u0142odnica Mishimoto LX jest wykonana w ca\u0142o\u015bci z aluminium i ma powierzchni\u0119 zwi\u0119kszon\u0105 o 55 % oraz pojemno\u015b\u0107 p\u0142ynu ch\u0142odz\u0105cego zwi\u0119kszon\u0105 o 129% litr\u00f3w.<br \/>\nZosta\u0142 zaprojektowany tak, aby wytrzyma\u0107 nawet najtrudniejsze warunki.<br \/>\nObrabiane CNC wloty i wyloty zapewniaj\u0105 bezpieczne mocowanie w\u0119\u017cy bez wyciek\u00f3w.<br \/>\nJak ka\u017cda ch\u0142odnica Mishimoto, ta ch\u0142odnica jest bezpo\u015brednim rozwi\u0105zaniem, wi\u0119c instalacja jest tak prosta, jak usuni\u0119cie cz\u0119\u015bci fabrycznej.<\/p>\n<p><strong>W\u0142a\u015bciwo\u015bci:<\/strong><\/p>\n<ul>\n<li>Bezpo\u015brednie dopasowanie do Forda Mustanga GT i Shelby GT350<\/li>\n<li>Ca\u0142kowicie aluminiowa konstrukcja z trwa\u0142ymi, spawanymi metod\u0105 TIG pojemnikami na ch\u0142odziwo<\/li>\n<li>Trzyrz\u0119dowy, lutowany rdze\u0144 aluminiowy o grubo\u015bci 52 mm zapewnia idealn\u0105 temperatur\u0119 p\u0142ynu ch\u0142odz\u0105cego zar\u00f3wno na drodze, jak i na torze wy\u015bcigowym.<\/li>\n<li>Zawiera magnetyczny korek spustowy do zbierania metalowych zanieczyszcze\u0144\/fragment\u00f3w w uk\u0142adzie ch\u0142odzenia.<\/li>\n<\/ul>\n<p><strong>Odpowiedni dla:<\/strong><\/p>\n<table width=\"558\">\n<tbody>\n<tr>\n<td width=\"83\"><strong>Marka<\/strong><\/td>\n<td width=\"96\"><strong>Model<\/strong><\/td>\n<td width=\"73\"><strong>Silnik<\/strong><\/td>\n<td width=\"306\"><strong>Rok<\/strong><\/td>\n<\/tr>\n<tr>\n<td>Ford<\/td>\n<td>Mustang GT<\/td>\n<td>5.0<\/td>\n<td>2015\u20132021<\/td>\n<\/tr>\n<tr>\n<td width=\"83\">Ford<\/td>\n<td width=\"96\">Shelby GT350<\/td>\n<td>5.2<\/td>\n<td width=\"306\">2016\u20132020<\/td>\n<\/tr>\n<\/tbody>\n<\/table>\n<p><iframe loading=\"lazy\" title=\"Mishimoto MMRAD-MUS8-15 Wydajna ch\u0142odnica Ford Mustang GT\" src=\"https:\/\/www.youtube.com\/embed\/M6gd57pVIT4\" width=\"882\" height=\"496\" frameborder=\"0\" allowfullscreen=\"allowfullscreen\"><\/iframe><\/p>","protected":false},"excerpt":{"rendered":"<p>Aluminiowa ch\u0142odnica Mishimoto do Ford Mustang GT 5.0 i Shelby GT350 Aluminiowa ch\u0142odnica Mishimoto do Ford Mustang zosta\u0142a zaprojektowana w taki spos\u00f3b, \u017ce<\/p>","protected":false},"featured_media":68293440,"comment_status":"open","ping_status":"closed","template":"","meta":{"_acf_changed":false},"product_brand":[18924],"product_cat":[6381,6382],"product_tag":[4533,204,917,3959,2934,405,269,274,6377,4534,3872,3958,6379,216],"class_list":{"0":"post-68293418","1":"product","2":"type-product","3":"status-publish","4":"has-post-thumbnail","6":"product_brand-mishimoto","7":"product_cat-mustang-50-gt-kuehlung","8":"product_cat-shelby-gt350-kuehlung","9":"product_tag-aluminiumkuehler","10":"product_tag-ersatz","11":"product_tag-ford","12":"product_tag-gt350","13":"product_tag-harder","14":"product_tag-kuehler","15":"product_tag-kuehlwasser","16":"product_tag-mishimoto","17":"product_tag-mmrad-mus8-15","18":"product_tag-motorkuehler","19":"product_tag-mustang","20":"product_tag-shelby","21":"product_tag-shelby-gt350","22":"product_tag-upgrade","23":"product_shipping_class-paket-l","25":"first","26":"onbackorder","27":"taxable","28":"shipping-taxable","29":"purchasable","30":"product-type-simple"},"bundled_by":[],"bundle_stock_status":"onbackorder","bundle_stock_quantity":0,"bundle_virtual":false,"bundle_layout":"","bundle_add_to_cart_form_location":"","bundle_editable_in_cart":false,"bundle_sold_individually_context":"","bundle_item_grouping":"","bundle_min_size":"","bundle_max_size":"","bundle_price":[],"bundled_items":[],"bundle_sell_ids":[],"exclude_global_add_ons":[],"addons":[],"acf":[],"_links":{"self":[{"href":"https:\/\/kraftwerk-shop.cc\/pl\/wp-json\/wp\/v2\/product\/68293418","targetHints":{"allow":["GET"]}}],"collection":[{"href":"https:\/\/kraftwerk-shop.cc\/pl\/wp-json\/wp\/v2\/product"}],"about":[{"href":"https:\/\/kraftwerk-shop.cc\/pl\/wp-json\/wp\/v2\/types\/product"}],"replies":[{"embeddable":true,"href":"https:\/\/kraftwerk-shop.cc\/pl\/wp-json\/wp\/v2\/comments?post=68293418"}],"version-history":[{"count":0,"href":"https:\/\/kraftwerk-shop.cc\/pl\/wp-json\/wp\/v2\/product\/68293418\/revisions"}],"wp:featuredmedia":[{"embeddable":true,"href":"https:\/\/kraftwerk-shop.cc\/pl\/wp-json\/wp\/v2\/media\/68293440"}],"wp:attachment":[{"href":"https:\/\/kraftwerk-shop.cc\/pl\/wp-json\/wp\/v2\/media?parent=68293418"}],"wp:term":[{"taxonomy":"product_brand","embeddable":true,"href":"https:\/\/kraftwerk-shop.cc\/pl\/wp-json\/wp\/v2\/product_brand?post=68293418"},{"taxonomy":"product_cat","embeddable":true,"href":"https:\/\/kraftwerk-shop.cc\/pl\/wp-json\/wp\/v2\/product_cat?post=68293418"},{"taxonomy":"product_tag","embeddable":true,"href":"https:\/\/kraftwerk-shop.cc\/pl\/wp-json\/wp\/v2\/product_tag?post=68293418"}],"curies":[{"name":"wp","href":"https:\/\/api.w.org\/{rel}","templated":true}]}}