{"id":68293696,"date":"2023-10-27T23:06:28","date_gmt":"2023-10-27T21:06:28","guid":{"rendered":"https:\/\/kraftwerk-shop.cc\/?post_type=product&#038;p=68293696"},"modified":"2026-04-15T11:37:27","modified_gmt":"2026-04-15T09:37:27","slug":"kompletny-zestaw-do-demontazu-mds-ram-57","status":"publish","type":"product","link":"https:\/\/kraftwerk-shop.cc\/pl\/produkt\/mds-entfernung-ram-57-komplettkit\/","title":{"rendered":"Usuwanie MDS RAM 5.7 Hemi (kompletny zestaw)"},"content":{"rendered":"<h1>Zestaw do konwersji do mechanicznego usuwania dezaktywacji cylindr\u00f3w dla RAM 5.7<\/h1>\n<p>&nbsp;<\/p>\n<p>Niestety, zu\u017cyte wa\u0142ki rozrz\u0105du i wadliwe popychacze hydrauliczne MDS nie s\u0105 rzadko\u015bci\u0105 w silnikach RAM 5.7.<\/p>\n<p>Dzi\u0119ki temu zestawowi mo\u017cna ca\u0142kowicie usun\u0105\u0107 dezaktywacj\u0119 cylindr\u00f3w.<br \/>\nNadaje si\u0119 do napraw i zapobiegania.<\/p>\n<p>Ponadto dezaktywacja cylindr\u00f3w musi zosta\u0107 wy\u0142\u0105czona w jednostce steruj\u0105cej silnika.<br \/>\nMo\u017cemy r\u00f3wnie\u017c przeprowadzi\u0107 to programowanie. W tym celu prosimy o kontakt.<\/p>\n<p>Oferujemy zestaw do konwersji do usuwania MDS w 2 wersjach: standardowej i premium.<br \/>\nNasze zestawy do konwersji umo\u017cliwiaj\u0105 proste i skuteczne usuni\u0119cie systemu MDS dla RAM 5.7 Hemi.<\/p>\n<p><strong><br \/>\nZestaw 1:<\/strong><\/p>\n<ul>\n<li>Oryginalny wa\u0142ek rozrz\u0105du Mopar RAM 5.7 bez funkcji MDS<\/li>\n<li>Oryginalna \u015bruba wa\u0142ka rozrz\u0105du Mopar<\/li>\n<li>Oryginalne popychacze hydrauliczne Mopar Hellcat (16 sztuk)<\/li>\n<li>oryginalna za\u015blepka Mopar MDS (4 sztuki)<\/li>\n<li>oryginalny zestaw \u0142a\u0144cucha rozrz\u0105du Mopar<\/li>\n<\/ul>\n<p>&nbsp;<\/p>\n<p><strong>Zestaw 2:<\/strong><\/p>\n<ul>\n<li>Oryginalny wa\u0142ek rozrz\u0105du Mopar RAM 5.7 bez funkcji MDS<\/li>\n<li>Oryginalna \u015bruba wa\u0142ka rozrz\u0105du Mopar<\/li>\n<li>Oryginalne popychacze hydrauliczne Mopar Hellcat (16 sztuk)<\/li>\n<li>oryginalna za\u015blepka Mopar MDS (4 sztuki)<\/li>\n<li>oryginalny zestaw \u0142a\u0144cucha rozrz\u0105du Mopar<\/li>\n<li>Oryginalna przednia uszczelka olejowa Mopar<\/li>\n<li>Oryginalna uszczelka przedniej pokrywy Mopar<\/li>\n<li>Oryginalne uszczelki g\u0142owicy cylindr\u00f3w Mopar<\/li>\n<li>Wysokiej jako\u015bci \u015bruby g\u0142owicy cylindr\u00f3w<\/li>\n<\/ul>\n<p>&nbsp;<\/p>\n<p><strong>Odpowiedni dla:<\/strong><\/p>\n<table width=\"437\">\n<tbody>\n<tr>\n<td width=\"122\"><strong>Marka<\/strong><\/td>\n<td width=\"136\"><strong>Model<\/strong><\/td>\n<td width=\"96\"><strong>Silnik<\/strong><\/td>\n<td width=\"83\"><strong>Rok<\/strong><\/td>\n<\/tr>\n<tr>\n<td>RAM<\/td>\n<td>1500<\/td>\n<td>5.7<\/td>\n<td>2009\u20132018<\/td>\n<\/tr>\n<tr>\n<td>RAM<\/td>\n<td>1500 Classic<\/td>\n<td>5.7<\/td>\n<td>2019\u20132023<\/td>\n<\/tr>\n<tr>\n<td>RAM<\/td>\n<td>1500<\/td>\n<td>5.7<\/td>\n<td>2019\u20132023<\/td>\n<\/tr>\n<\/tbody>\n<\/table>\n<p>&nbsp;<\/p>","protected":false},"excerpt":{"rendered":"<p>Umbausatz zum mechanischen Entfernen der Zylinderabschaltung f\u00fcr RAM 5.7 &nbsp; Eingelaufene Nockenwellen und defekte MDS-Hydrost\u00f6\u00dfel sind beim RAM 5.7 leider<\/p>","protected":false},"featured_media":68293702,"comment_status":"open","ping_status":"closed","template":"","meta":{"_acf_changed":false},"product_brand":[],"product_cat":[6748,6753],"product_tag":[91,331,1158,1052,49,4965,477,476,2475,119,2342,100,126,335,222,2476,2477,333,328,2478,336,86,3507,180,818,356,329],"class_list":{"0":"post-68293696","1":"product","2":"type-product","3":"status-publish","4":"has-post-thumbnail","6":"product_cat-1500-57-2009-2018-classic-nockenwelle-ventiltrieb","7":"product_cat-1500-57-dt-nockenwelle-ventiltrieb","8":"product_tag-5-7","9":"product_tag-deaktivieren","10":"product_tag-deaktivierung","11":"product_tag-delete","12":"product_tag-dodge","13":"product_tag-dodge-ram","14":"product_tag-ds","15":"product_tag-dt","16":"product_tag-eingelaufen","17":"product_tag-entfernen","18":"product_tag-entfernung","19":"product_tag-hellcat","20":"product_tag-hemi","21":"product_tag-hydrostoessel","22":"product_tag-kit","23":"product_tag-komplett","24":"product_tag-komplettkit","25":"product_tag-lifter","26":"product_tag-mds","27":"product_tag-mdskit","28":"product_tag-nockenwelle","29":"product_tag-ram","30":"product_tag-ram1500","31":"product_tag-umbau","32":"product_tag-umbausatz","33":"product_tag-vvt","34":"product_tag-zylinderabschaltung","36":"first","37":"instock","38":"taxable","39":"shipping-taxable","40":"purchasable","41":"product-type-variable"},"bundled_by":[],"bundle_stock_status":"instock","bundle_stock_quantity":3,"bundle_virtual":false,"bundle_layout":"","bundle_add_to_cart_form_location":"","bundle_editable_in_cart":false,"bundle_sold_individually_context":"","bundle_item_grouping":"","bundle_min_size":"","bundle_max_size":"","bundle_price":[],"bundled_items":[],"bundle_sell_ids":[],"exclude_global_add_ons":[],"addons":[],"acf":[],"_links":{"self":[{"href":"https:\/\/kraftwerk-shop.cc\/pl\/wp-json\/wp\/v2\/product\/68293696","targetHints":{"allow":["GET"]}}],"collection":[{"href":"https:\/\/kraftwerk-shop.cc\/pl\/wp-json\/wp\/v2\/product"}],"about":[{"href":"https:\/\/kraftwerk-shop.cc\/pl\/wp-json\/wp\/v2\/types\/product"}],"replies":[{"embeddable":true,"href":"https:\/\/kraftwerk-shop.cc\/pl\/wp-json\/wp\/v2\/comments?post=68293696"}],"version-history":[{"count":0,"href":"https:\/\/kraftwerk-shop.cc\/pl\/wp-json\/wp\/v2\/product\/68293696\/revisions"}],"wp:featuredmedia":[{"embeddable":true,"href":"https:\/\/kraftwerk-shop.cc\/pl\/wp-json\/wp\/v2\/media\/68293702"}],"wp:attachment":[{"href":"https:\/\/kraftwerk-shop.cc\/pl\/wp-json\/wp\/v2\/media?parent=68293696"}],"wp:term":[{"taxonomy":"product_brand","embeddable":true,"href":"https:\/\/kraftwerk-shop.cc\/pl\/wp-json\/wp\/v2\/product_brand?post=68293696"},{"taxonomy":"product_cat","embeddable":true,"href":"https:\/\/kraftwerk-shop.cc\/pl\/wp-json\/wp\/v2\/product_cat?post=68293696"},{"taxonomy":"product_tag","embeddable":true,"href":"https:\/\/kraftwerk-shop.cc\/pl\/wp-json\/wp\/v2\/product_tag?post=68293696"}],"curies":[{"name":"wp","href":"https:\/\/api.w.org\/{rel}","templated":true}]}}