{"id":68293746,"date":"2023-10-28T17:06:31","date_gmt":"2023-10-28T15:06:31","guid":{"rendered":"https:\/\/kraftwerk-shop.cc\/?post_type=product&#038;p=68293746"},"modified":"2026-03-27T12:46:41","modified_gmt":"2026-03-27T11:46:41","slug":"modernizacja-pompy-wody-chlodzacej-68311108ae-grand-cherokee-durango-36","status":"publish","type":"product","link":"https:\/\/kraftwerk-shop.cc\/pl\/produkt\/upgrade-kuehlwasserpumpe-68311108ae-grand-cherokee-durango-36\/","title":{"rendered":"Modernizacja pompy wody ch\u0142odz\u0105cej Grand Cherokee i Durango 3.6"},"content":{"rendered":"<h1>Ulepszona pompa wody ch\u0142odz\u0105cej do Jeep Grand Cherokee i Dodge Durango 3.6<\/h1>\n<p>&nbsp;<\/p>\n<p><strong>Liczby por\u00f3wnawcze Mopar:<\/strong> 68311108AA, 68311108AE<\/p>\n<p>&nbsp;<\/p>\n<p><strong>W\u0142a\u015bciwo\u015bci<\/strong><\/p>\n<ul>\n<li>Hartowane \u0142o\u017cyska<\/li>\n<li>Precyzyjnie obrabiane CNC powierzchnie<\/li>\n<li>Metalowe ko\u0142o (oryginalna cz\u0119\u015b\u0107 Mopar wykorzystuje kruche plastikowe ko\u0142o)<\/li>\n<li>W tym uszczelka pompy wodnej<\/li>\n<\/ul>\n<p>&nbsp;<\/p>\n<p><strong>Zalety \u0142o\u017cysk utwardzanych powierzchniowo<\/strong><\/p>\n<p>Ta pompa wody ch\u0142odz\u0105cej wykorzystuje hartowane \u0142o\u017cyska opracowane zgodnie ze specyfikacjami oryginalnego producenta, aby spe\u0142ni\u0107 okre\u015blone wymagania dotycz\u0105ce momentu promieniowego i obci\u0105\u017cenia osiowego dla ka\u017cdego zastosowania.<br \/>\nTe wysokiej jako\u015bci hartowane \u0142o\u017cyska maj\u0105 wy\u017csz\u0105 no\u015bno\u015b\u0107 i s\u0105 wytrzyma\u0142e na zewn\u0105trz, ale elastyczne wewn\u0105trz. Dzi\u0119ki temu idealnie nadaj\u0105 si\u0119 do przeciwdzia\u0142ania niewywa\u017ceniu lub wibracjom w uk\u0142adzie ch\u0142odzenia.<\/p>\n<p>&nbsp;<\/p>\n<ul>\n<li>D\u0142uga \u017cywotno\u015b\u0107<\/li>\n<li>Wysoka no\u015bno\u015b\u0107<\/li>\n<li>Twarda na zewn\u0105trz i elastyczna wewn\u0105trz<\/li>\n<li>Odporno\u015b\u0107 na niewywa\u017cenie lub wibracje w uk\u0142adzie ch\u0142odzenia<\/li>\n<\/ul>\n<p>&nbsp;<\/p>\n<p><strong>Zalety precyzyjnych powierzchni frezowanych CNC<\/strong><\/p>\n<p>Pompa wody jest produkowana zgodnie ze specyfikacj\u0105 oryginalnego odlewu, a wszystkie powierzchnie monta\u017cowe s\u0105 nast\u0119pnie frezowane CNC.<br \/>\nUmo\u017cliwia to \u0142atw\u0105 instalacj\u0119 i zapewnia precyzyjne uszczelnienie wszystkich \u0142\u0105czonych powierzchni. Szczelne po\u0142\u0105czenie zapewnia d\u0142ug\u0105 \u017cywotno\u015b\u0107 komponent\u00f3w i maksymaln\u0105 wydajno\u015b\u0107.<\/p>\n<p>&nbsp;<\/p>\n<ul>\n<li>Gwarantowana dok\u0142adno\u015b\u0107 dopasowania z dopasowanymi komponentami<\/li>\n<li>Zapobiega wyciekom<\/li>\n<li>Sprawdzone i przetestowane zgodnie z normami ISO9001:2015<\/li>\n<\/ul>\n<p>&nbsp;<\/p>\n<p><strong>Zalety wirnik\u00f3w metalowych<\/strong><\/p>\n<p>Wirniki metalowe s\u0105 znacznie lepsze od wirnik\u00f3w plastikowych. Dzi\u0119ki zastosowaniu metalowych wirnik\u00f3w, pompa wodna mo\u017ce sprosta\u0107 wy\u017cszym momentom obrotowym i wy\u017cszym temperaturom.<br \/>\nPomaga to nie tylko poprawi\u0107 wydajno\u015b\u0107, ale tak\u017ce zapobiega awariom podzespo\u0142\u00f3w spowodowanym przez p\u0119kni\u0119te lub zdeformowane ko\u0142a.<\/p>\n<p>&nbsp;<\/p>\n<ul>\n<li>Wytrzymuje wysokie temperatury<\/li>\n<li>Odporno\u015b\u0107 na chemikalia<\/li>\n<li>Du\u017ca moc przy wysokich pr\u0119dko\u015bciach<\/li>\n<li>Nie odkszta\u0142ca si\u0119<\/li>\n<li>Wytrzymuje wysokie momenty obrotowe<\/li>\n<li>Nie ulega fragmentacji<\/li>\n<li>Brak p\u0119kni\u0119\u0107 podczas pasowania<\/li>\n<li>Wyj\u0105tkowa wytrzyma\u0142o\u015b\u0107<\/li>\n<li>Wytrzymuje tolerancje w silnikach o du\u017cym przebiegu<\/li>\n<\/ul>\n<p>&nbsp;<\/p>\n<p>&nbsp;<\/p>\n<p><strong>Odpowiedni dla:<\/strong><\/p>\n<table width=\"972\">\n<tbody>\n<tr>\n<td width=\"80\"><strong>Rok<\/strong><\/td>\n<td width=\"80\"><strong>Marka<\/strong><\/td>\n<td width=\"121\"><strong>Model<\/strong><\/td>\n<td width=\"493\"><strong>Wersja<\/strong><\/td>\n<td width=\"198\"><strong>Silnik<\/strong><\/td>\n<\/tr>\n<tr>\n<td width=\"80\">2025<\/td>\n<td width=\"80\">Dodge<\/td>\n<td width=\"121\">Durango<\/td>\n<td width=\"493\">GT, GT Plus<\/td>\n<td width=\"198\">3.6L<\/td>\n<\/tr>\n<tr>\n<td width=\"80\">2024<\/td>\n<td width=\"80\">Dodge<\/td>\n<td width=\"121\">Durango<\/td>\n<td width=\"493\">Citadel, GT, GT Plus, GT Premium, Pursuit, SXT, SXT Plus<\/td>\n<td width=\"198\">3.6L<\/td>\n<\/tr>\n<tr>\n<td width=\"80\">2024<\/td>\n<td width=\"80\">Jeep<\/td>\n<td width=\"121\">Grand Cherokee<\/td>\n<td width=\"493\">Altitude, Altitude X, Laredo, Laredo A, Laredo X, Limited, Overland, Summit, Summit Reserve<\/td>\n<td width=\"198\">3.6L V6 - Flex, 3.6L<\/td>\n<\/tr>\n<tr>\n<td width=\"80\">2024<\/td>\n<td width=\"80\">Jeep<\/td>\n<td width=\"121\">Grand Cherokee L<\/td>\n<td width=\"493\">Altitude, Altitude X, Laredo, Laredo X, Limited, Overland, Summit, Summit Reserve<\/td>\n<td width=\"198\">3.6L V6 - Flex<\/td>\n<\/tr>\n<tr>\n<td width=\"80\">2023<\/td>\n<td width=\"80\">Dodge<\/td>\n<td width=\"121\">Durango<\/td>\n<td width=\"493\">Citadel, GT, GT Plus, GT Premium, SXT, SXT Plus<\/td>\n<td width=\"198\">3.6L<\/td>\n<\/tr>\n<tr>\n<td width=\"80\">2023<\/td>\n<td width=\"80\">Jeep<\/td>\n<td width=\"121\">Grand Cherokee<\/td>\n<td width=\"493\">Altitude, Laredo, Limited, Overland, Summit, Summit Reserve<\/td>\n<td width=\"198\">3.6L V6 - Flex<\/td>\n<\/tr>\n<tr>\n<td width=\"80\">2023<\/td>\n<td width=\"80\">Jeep<\/td>\n<td width=\"121\">Grand Cherokee L<\/td>\n<td width=\"493\">Altitude, Laredo, Limited, Overland, Summit, Summit Reserve<\/td>\n<td width=\"198\">3.6L V6 - Flex<\/td>\n<\/tr>\n<tr>\n<td width=\"80\">2022<\/td>\n<td width=\"80\">Dodge<\/td>\n<td width=\"121\">Durango<\/td>\n<td width=\"493\">Citadel, GT, GT Plus, SXT<\/td>\n<td width=\"198\">3.6L<\/td>\n<\/tr>\n<tr>\n<td width=\"80\">2022<\/td>\n<td width=\"80\">Jeep<\/td>\n<td width=\"121\">Grand Cherokee<\/td>\n<td width=\"493\">Altitude, Laredo, Limited, Overland, Summit, Summit Reserve, Trailhawk<\/td>\n<td width=\"198\">3.6L V6 - Flex<\/td>\n<\/tr>\n<tr>\n<td width=\"80\">2022<\/td>\n<td width=\"80\">Jeep<\/td>\n<td width=\"121\">Grand Cherokee L<\/td>\n<td width=\"493\">Altitude, Laredo, Limited, Overland, Summit<\/td>\n<td width=\"198\">3.6L V6 - Flex<\/td>\n<\/tr>\n<tr>\n<td width=\"80\">2022<\/td>\n<td width=\"80\">Jeep<\/td>\n<td width=\"121\">Grand Cherokee WK<\/td>\n<td width=\"493\">Laredo E, Laredo X, Limited<\/td>\n<td width=\"198\">3.6L V6 - Flex<\/td>\n<\/tr>\n<tr>\n<td width=\"80\">2021<\/td>\n<td width=\"80\">Dodge<\/td>\n<td width=\"121\">Durango<\/td>\n<td width=\"493\">Citadel, GT, GT Plus, Pursuit, SXT, SXT Plus<\/td>\n<td width=\"198\">3.6L<\/td>\n<\/tr>\n<tr>\n<td width=\"80\">2021<\/td>\n<td width=\"80\">Jeep<\/td>\n<td width=\"121\">Grand Cherokee<\/td>\n<td width=\"493\">80th Anniversary, High Altitude, Laredo E, Laredo X, Limited, Limited X, Overland, Summit, Trailhawk<\/td>\n<td width=\"198\">3.6L V6 - Flex<\/td>\n<\/tr>\n<tr>\n<td width=\"80\">2021<\/td>\n<td width=\"80\">Jeep<\/td>\n<td width=\"121\">Grand Cherokee L<\/td>\n<td width=\"493\">Altitude, Laredo, Limited, Overland, Summit, Summit Reserve<\/td>\n<td width=\"198\">3.6L V6 - Flex<\/td>\n<\/tr>\n<tr>\n<td width=\"80\">2020<\/td>\n<td width=\"80\">Dodge<\/td>\n<td width=\"121\">Durango<\/td>\n<td width=\"493\">Citadel, GT, GT Plus, Pursuit, SXT, SXT Plus, Special Service<\/td>\n<td width=\"198\">3.6L<\/td>\n<\/tr>\n<tr>\n<td width=\"80\">2020<\/td>\n<td width=\"80\">Jeep<\/td>\n<td width=\"121\">Grand Cherokee<\/td>\n<td width=\"493\">Altitude, High Altitude, Laredo, Limited, Limited X, Overland, Summit, Trailhawk, Upland<\/td>\n<td width=\"198\">3.6L V6 - Flex<\/td>\n<\/tr>\n<tr>\n<td width=\"80\">2019<\/td>\n<td width=\"80\">Dodge<\/td>\n<td width=\"121\">Durango<\/td>\n<td width=\"493\">Citadel, GT, Pursuit, SXT, SXT Plus, Special Service<\/td>\n<td width=\"198\">3.6L<\/td>\n<\/tr>\n<tr>\n<td width=\"80\">2019<\/td>\n<td width=\"80\">Jeep<\/td>\n<td width=\"121\">Grand Cherokee<\/td>\n<td width=\"493\">Altitude, High Altitude, Laredo, Limited, Limited X, Overland, Summit, Trailhawk, Upland<\/td>\n<td width=\"198\">3.6L V6 - Flex<\/td>\n<\/tr>\n<tr>\n<td width=\"80\">2018<\/td>\n<td width=\"80\">Dodge<\/td>\n<td width=\"121\">Durango<\/td>\n<td width=\"493\">Citadel, GT, SXT, SXT Plus, Special Service<\/td>\n<td width=\"198\">3.6L<\/td>\n<\/tr>\n<tr>\n<td width=\"80\">2018<\/td>\n<td width=\"80\">Jeep<\/td>\n<td width=\"121\">Grand Cherokee<\/td>\n<td width=\"493\">Altitude, High Altitude, Laredo, Limited, Overland, Summit, Trailhawk<\/td>\n<td width=\"198\">3.6L V6 - Flex<\/td>\n<\/tr>\n<tr>\n<td width=\"80\">2017<\/td>\n<td width=\"80\">Dodge<\/td>\n<td width=\"121\">Durango<\/td>\n<td width=\"493\">Citadel, GT, SXT, Special Service<\/td>\n<td width=\"198\">3.6L V6 - Flex<\/td>\n<\/tr>\n<tr>\n<td width=\"80\">2017<\/td>\n<td width=\"80\">Jeep<\/td>\n<td width=\"121\">Grand Cherokee<\/td>\n<td width=\"493\">Laredo, Limited, Overland, Summit, Trailhawk<\/td>\n<td width=\"198\">3.6L V6 - Flex<\/td>\n<\/tr>\n<tr>\n<td width=\"80\">2016<\/td>\n<td width=\"80\">Dodge<\/td>\n<td width=\"121\">Durango<\/td>\n<td width=\"493\">Citadel, Limited, SXT, Special Service<\/td>\n<td width=\"198\">3.6L V6 - Flex<\/td>\n<\/tr>\n<tr>\n<td width=\"80\">2016<\/td>\n<td width=\"80\">Jeep<\/td>\n<td width=\"121\">Grand Cherokee<\/td>\n<td width=\"493\">75th Anniversary, Laredo, Limited, Overland, Summit<\/td>\n<td width=\"198\">3.6L V6 - Flex<\/td>\n<\/tr>\n<\/tbody>\n<\/table>\n<p>&nbsp;<\/p>","protected":false},"excerpt":{"rendered":"<p>2016 +<\/p>","protected":false},"featured_media":68293750,"comment_status":"open","ping_status":"closed","template":"","meta":{"_acf_changed":false},"product_brand":[],"product_cat":[4567,2542],"product_tag":[169,6408,6409,49,95,56,50,5255,170,216,6430,5254,673],"class_list":{"0":"post-68293746","1":"product","2":"type-product","3":"status-publish","4":"has-post-thumbnail","6":"product_cat-durango-36-kuehlung","7":"product_cat-grand-cherokee-36-kuehlung","8":"product_tag-3-6","9":"product_tag-68311108aa","10":"product_tag-68311108ae","11":"product_tag-dodge","12":"product_tag-durango","13":"product_tag-grand-cherokee","14":"product_tag-jeep","15":"product_tag-kuehlwasserpumpe","16":"product_tag-pentastar","17":"product_tag-upgrade","18":"product_tag-usmotor","19":"product_tag-wasserpumpe","20":"product_tag-zubehoer","22":"first","23":"instock","24":"taxable","25":"shipping-taxable","26":"purchasable","27":"product-type-simple"},"bundled_by":[],"bundle_stock_status":"instock","bundle_stock_quantity":2,"bundle_virtual":false,"bundle_layout":"","bundle_add_to_cart_form_location":"","bundle_editable_in_cart":false,"bundle_sold_individually_context":"","bundle_item_grouping":"","bundle_min_size":"","bundle_max_size":"","bundle_price":[],"bundled_items":[],"bundle_sell_ids":[],"exclude_global_add_ons":[],"addons":[],"acf":[],"_links":{"self":[{"href":"https:\/\/kraftwerk-shop.cc\/pl\/wp-json\/wp\/v2\/product\/68293746","targetHints":{"allow":["GET"]}}],"collection":[{"href":"https:\/\/kraftwerk-shop.cc\/pl\/wp-json\/wp\/v2\/product"}],"about":[{"href":"https:\/\/kraftwerk-shop.cc\/pl\/wp-json\/wp\/v2\/types\/product"}],"replies":[{"embeddable":true,"href":"https:\/\/kraftwerk-shop.cc\/pl\/wp-json\/wp\/v2\/comments?post=68293746"}],"version-history":[{"count":0,"href":"https:\/\/kraftwerk-shop.cc\/pl\/wp-json\/wp\/v2\/product\/68293746\/revisions"}],"wp:featuredmedia":[{"embeddable":true,"href":"https:\/\/kraftwerk-shop.cc\/pl\/wp-json\/wp\/v2\/media\/68293750"}],"wp:attachment":[{"href":"https:\/\/kraftwerk-shop.cc\/pl\/wp-json\/wp\/v2\/media?parent=68293746"}],"wp:term":[{"taxonomy":"product_brand","embeddable":true,"href":"https:\/\/kraftwerk-shop.cc\/pl\/wp-json\/wp\/v2\/product_brand?post=68293746"},{"taxonomy":"product_cat","embeddable":true,"href":"https:\/\/kraftwerk-shop.cc\/pl\/wp-json\/wp\/v2\/product_cat?post=68293746"},{"taxonomy":"product_tag","embeddable":true,"href":"https:\/\/kraftwerk-shop.cc\/pl\/wp-json\/wp\/v2\/product_tag?post=68293746"}],"curies":[{"name":"wp","href":"https:\/\/api.w.org\/{rel}","templated":true}]}}