{"id":68294000,"date":"2023-11-11T14:26:19","date_gmt":"2023-11-11T13:26:19","guid":{"rendered":"https:\/\/kraftwerk-shop.cc\/?post_type=product&#038;p=68294000"},"modified":"2026-04-01T14:05:02","modified_gmt":"2026-04-01T12:05:02","slug":"zestaw-o-ringow-dysz-wtryskiwaczy-68267618ab","status":"publish","type":"product","link":"https:\/\/kraftwerk-shop.cc\/pl\/produkt\/einspritzduesen-o-ring-kit-68267618ab\/","title":{"rendered":"Zestaw o-ring\u00f3w wtryskiwacza paliwa Mopar (68267618AB)"},"content":{"rendered":"<h1>Oryginalny zestaw o-ring\u00f3w wtryskiwaczy paliwa Mopar (68267618AB) dla Dodge, Challenger, Charger i Durango, Hellcat, Jeep, Trackhawk i RAM 5.7 i TRX.<\/h1>\n<p>&nbsp;<\/p>\n<p><strong>Numer cz\u0119\u015bci Mopar:<\/strong> 68267618AB<br \/>\n<strong>Zast\u0105piony:<\/strong> 68267618AA<\/p>\n<p><strong><br \/>\nOdpowiedni dla:<\/strong><\/p>\n<table width=\"996\">\n<tbody>\n<tr>\n<td width=\"138\"><strong>Rok<\/strong><\/td>\n<td width=\"168\"><strong>Marka<\/strong><\/td>\n<td width=\"144\"><strong>Model<\/strong><\/td>\n<td width=\"290\"><strong>Wersja<\/strong><\/td>\n<td width=\"256\"><strong>Silnik<\/strong><\/td>\n<\/tr>\n<tr>\n<td width=\"138\">2026<\/td>\n<td width=\"168\">Dodge<\/td>\n<td width=\"144\">Durango<\/td>\n<td width=\"290\">GT, GT Plus, GT Premium, Pursuit<\/td>\n<td width=\"256\">5.7L<\/td>\n<\/tr>\n<tr>\n<td width=\"138\">2026<\/td>\n<td width=\"168\">Ram<\/td>\n<td width=\"144\">1500<\/td>\n<td width=\"290\">Big Horn, Express, Laramie, Limited, Longhorn, Lone Star, Tradesman, Warlock<\/td>\n<td width=\"256\">5.7L V8 - Elektryczny\/Gazowy<\/td>\n<\/tr>\n<tr>\n<td width=\"138\">2025<\/td>\n<td width=\"168\">Dodge<\/td>\n<td width=\"144\">Durango<\/td>\n<td width=\"290\">R\/T, R\/T Plus, R\/T Premium, us\u0142uga specjalna<\/td>\n<td width=\"256\">5.7L<\/td>\n<\/tr>\n<tr>\n<td width=\"138\">2024<\/td>\n<td width=\"168\">Dodge<\/td>\n<td width=\"144\">Durango<\/td>\n<td width=\"290\">SRT Hellcat, SRT Hellcat Plus, SRT Hellcat Premium<\/td>\n<td width=\"256\">6.2L<\/td>\n<\/tr>\n<tr>\n<td width=\"138\">2024<\/td>\n<td width=\"168\">Jeep<\/td>\n<td width=\"144\">Grand Cherokee L<\/td>\n<td width=\"290\">Overland, Summit, Summit Reserve<\/td>\n<td width=\"256\">5.7L<\/td>\n<\/tr>\n<tr>\n<td width=\"138\">2024<\/td>\n<td width=\"168\">Ram<\/td>\n<td width=\"144\">1500<\/td>\n<td width=\"290\">Big Horn, Laramie, Limited, Limited Longhorn, Lone Star, Rebel, TRX, Tradesman<\/td>\n<td width=\"256\">5.7L V8 - elektryczny\/gazowy, 5.7L, 6.2L<\/td>\n<\/tr>\n<tr>\n<td width=\"138\">2024<\/td>\n<td width=\"168\">Ram<\/td>\n<td width=\"144\">1500 Classic<\/td>\n<td width=\"290\">Tradesman, Warlock<\/td>\n<td width=\"256\">5.7L<\/td>\n<\/tr>\n<tr>\n<td width=\"138\">2023<\/td>\n<td width=\"168\">Chrysler<\/td>\n<td width=\"144\">300<\/td>\n<td width=\"290\">S<\/td>\n<td width=\"256\">5.7L<\/td>\n<\/tr>\n<tr>\n<td width=\"138\">2023<\/td>\n<td width=\"168\">Dodge<\/td>\n<td width=\"144\">Challenger<\/td>\n<td width=\"290\">SRT Hellcat Jailbreak, SRT Hellcat Redeye Jailbreak, SRT Hellcat Redeye Widebody Jailbreak, SRT Hellcat Widebody Jailbreak, SRT Super Stock<\/td>\n<td width=\"256\">6.2L<\/td>\n<\/tr>\n<tr>\n<td width=\"138\">2023<\/td>\n<td width=\"168\">Dodge<\/td>\n<td width=\"144\">Charger<\/td>\n<td width=\"290\">Pursuit, R\/T, SRT Hellcat Redeye Widebody, SRT Hellcat Widebody, SRT Hellcat Widebody Jailbreak<\/td>\n<td width=\"256\">5.7L, 6.2L<\/td>\n<\/tr>\n<tr>\n<td width=\"138\">2023<\/td>\n<td width=\"168\">Dodge<\/td>\n<td width=\"144\">Durango<\/td>\n<td width=\"290\">Citadel, R\/T, R\/T Hemi Orange, R\/T Plus, R\/T Premium, SRT Hellcat, SRT Hellcat Plus, SRT Hellcat Premium<\/td>\n<td width=\"256\">5.7L, 6.2L<\/td>\n<\/tr>\n<tr>\n<td width=\"138\">2023<\/td>\n<td width=\"168\">Jeep<\/td>\n<td width=\"144\">Grand Cherokee<\/td>\n<td width=\"290\">Overland, Summit, Summit Reserve<\/td>\n<td width=\"256\">5.7L<\/td>\n<\/tr>\n<tr>\n<td width=\"138\">2023<\/td>\n<td width=\"168\">Jeep<\/td>\n<td width=\"144\">Grand Cherokee L<\/td>\n<td width=\"290\">Overland, Summit, Summit Reserve<\/td>\n<td width=\"256\">5.7L<\/td>\n<\/tr>\n<tr>\n<td width=\"138\">2023<\/td>\n<td width=\"168\">Jeep<\/td>\n<td width=\"144\">Wagoneer<\/td>\n<td width=\"290\">Base<\/td>\n<td width=\"256\">5.7L V8 - Elektryczny\/Gazowy<\/td>\n<\/tr>\n<tr>\n<td width=\"138\">2023<\/td>\n<td width=\"168\">Ram<\/td>\n<td width=\"144\">1500<\/td>\n<td width=\"290\">Big Horn, Laramie, Limited, Limited Longhorn, Lone Star, Rebel, TRX, Tradesman<\/td>\n<td width=\"256\">5.7L V8 - elektryczny\/gazowy, 5.7L, 6.2L<\/td>\n<\/tr>\n<tr>\n<td width=\"138\">2023<\/td>\n<td width=\"168\">Ram<\/td>\n<td width=\"144\">1500 Classic<\/td>\n<td width=\"290\">Tradesman, Warlock<\/td>\n<td width=\"256\">5.7L<\/td>\n<\/tr>\n<tr>\n<td width=\"138\">2022<\/td>\n<td width=\"168\">Chrysler<\/td>\n<td width=\"144\">300<\/td>\n<td width=\"290\">S<\/td>\n<td width=\"256\">5.7L<\/td>\n<\/tr>\n<tr>\n<td width=\"138\">2022<\/td>\n<td width=\"168\">Dodge<\/td>\n<td width=\"144\">Challenger<\/td>\n<td width=\"290\">SRT Hellcat, SRT Hellcat Redeye, SRT Hellcat Redeye Widebody, SRT Hellcat Widebody, SRT Jailbreak, SRT Super Stock<\/td>\n<td width=\"256\">6.2L<\/td>\n<\/tr>\n<tr>\n<td width=\"138\">2022<\/td>\n<td width=\"168\">Dodge<\/td>\n<td width=\"144\">Charger<\/td>\n<td width=\"290\">R\/T, SRT Hellcat Redeye Widebody, SRT Hellcat Widebody, SRT Jailbreak<\/td>\n<td width=\"256\">5.7L, 6.2L<\/td>\n<\/tr>\n<tr>\n<td width=\"138\">2022<\/td>\n<td width=\"168\">Dodge<\/td>\n<td width=\"144\">Durango<\/td>\n<td width=\"290\">Citadel, R\/T, R\/T Plus<\/td>\n<td width=\"256\">5.7L<\/td>\n<\/tr>\n<tr>\n<td width=\"138\">2022<\/td>\n<td width=\"168\">Jeep<\/td>\n<td width=\"144\">Grand Cherokee<\/td>\n<td width=\"290\">Overland, Summit, Summit Reserve, Trailhawk<\/td>\n<td width=\"256\">5.7L<\/td>\n<\/tr>\n<tr>\n<td width=\"138\">2022<\/td>\n<td width=\"168\">Jeep<\/td>\n<td width=\"144\">Grand Cherokee L<\/td>\n<td width=\"290\">Overland, Summit, Summit Reserve<\/td>\n<td width=\"256\">5.7L<\/td>\n<\/tr>\n<tr>\n<td width=\"138\">2022<\/td>\n<td width=\"168\">Jeep<\/td>\n<td width=\"144\">Grand Wagoneer<\/td>\n<td width=\"290\">Obsidian, Series I, Series II, Series III<\/td>\n<td width=\"256\">6.4L<\/td>\n<\/tr>\n<tr>\n<td width=\"138\">2022<\/td>\n<td width=\"168\">Jeep<\/td>\n<td width=\"144\">Wagoneer<\/td>\n<td width=\"290\">Series II, Series III<\/td>\n<td width=\"256\">5.7L V8 - Elektryczny\/Gazowy<\/td>\n<\/tr>\n<tr>\n<td width=\"138\">2022<\/td>\n<td width=\"168\">Ram<\/td>\n<td width=\"144\">1500<\/td>\n<td width=\"290\">Big Horn, Laramie, Limited, Limited Longhorn, Lone Star, Rebel, TRX, Tradesman<\/td>\n<td width=\"256\">5.7L V8 - elektryczny\/gazowy, 5.7L, 6.2L<\/td>\n<\/tr>\n<tr>\n<td width=\"138\">2022<\/td>\n<td width=\"168\">Ram<\/td>\n<td width=\"144\">1500 Classic<\/td>\n<td width=\"290\">Express, SLT, Tradesman, Warlock<\/td>\n<td width=\"256\">5.7L<\/td>\n<\/tr>\n<tr>\n<td width=\"138\">2021<\/td>\n<td width=\"168\">Dodge<\/td>\n<td width=\"144\">Challenger<\/td>\n<td width=\"290\">SRT Hellcat, SRT Hellcat Redeye, SRT Hellcat Redeye Widebody, SRT Hellcat Widebody, SRT Super Stock<\/td>\n<td width=\"256\">6.2L<\/td>\n<\/tr>\n<tr>\n<td width=\"138\">2021<\/td>\n<td width=\"168\">Dodge<\/td>\n<td width=\"144\">Charger<\/td>\n<td width=\"290\">SRT Hellcat Redeye Widebody, SRT Hellcat Widebody<\/td>\n<td width=\"256\">6.2L<\/td>\n<\/tr>\n<tr>\n<td width=\"138\">2021<\/td>\n<td width=\"168\">Dodge<\/td>\n<td width=\"144\">Durango<\/td>\n<td width=\"290\">Citadel, Pursuit, R\/T, SRT Hellcat, Special Service<\/td>\n<td width=\"256\">5.7L, 6.2L<\/td>\n<\/tr>\n<tr>\n<td width=\"138\">2021<\/td>\n<td width=\"168\">Jeep<\/td>\n<td width=\"144\">Grand Cherokee<\/td>\n<td width=\"290\">Trackhawk<\/td>\n<td width=\"256\">6.2L<\/td>\n<\/tr>\n<tr>\n<td width=\"138\">2021<\/td>\n<td width=\"168\">Jeep<\/td>\n<td width=\"144\">Grand Cherokee L<\/td>\n<td width=\"290\">Overland, Summit, Summit Reserve<\/td>\n<td width=\"256\">5.7L<\/td>\n<\/tr>\n<tr>\n<td width=\"138\">2021<\/td>\n<td width=\"168\">Ram<\/td>\n<td width=\"144\">1500<\/td>\n<td width=\"290\">Big Horn, Laramie, Limited, Limited Longhorn, Lone Star, Rebel, TRX, Tradesman<\/td>\n<td width=\"256\">5.7L V8 - elektryczny\/gazowy, 5.7L, 6.2L<\/td>\n<\/tr>\n<tr>\n<td width=\"138\">2020<\/td>\n<td width=\"168\">Dodge<\/td>\n<td width=\"144\">Challenger<\/td>\n<td width=\"290\">SRT Hellcat, SRT Hellcat Redeye, SRT Hellcat Redeye Widebody, SRT Hellcat Widebody<\/td>\n<td width=\"256\">6.2L<\/td>\n<\/tr>\n<tr>\n<td width=\"138\">2020<\/td>\n<td width=\"168\">Dodge<\/td>\n<td width=\"144\">Charger<\/td>\n<td width=\"290\">SRT Hellcat Widebody<\/td>\n<td width=\"256\">6.2L<\/td>\n<\/tr>\n<tr>\n<td width=\"138\">2020<\/td>\n<td width=\"168\">Jeep<\/td>\n<td width=\"144\">Grand Cherokee<\/td>\n<td width=\"290\">Trackhawk<\/td>\n<td width=\"256\">6.2L<\/td>\n<\/tr>\n<tr>\n<td width=\"138\">2020<\/td>\n<td width=\"168\">Ram<\/td>\n<td width=\"144\">1500<\/td>\n<td width=\"290\">Big Horn, Laramie, Laramie Longhorn, Limited, Lone Star, Rebel, Tradesman<\/td>\n<td width=\"256\">5.7L V8 - Elektryczny\/Gazowy, 5.7L<\/td>\n<\/tr>\n<tr>\n<td width=\"138\">2019<\/td>\n<td width=\"168\">Dodge<\/td>\n<td width=\"144\">Challenger<\/td>\n<td width=\"290\">SRT Hellcat, SRT Hellcat Redeye, SRT Hellcat Redeye Widebody, SRT Hellcat Widebody<\/td>\n<td width=\"256\">6.2L<\/td>\n<\/tr>\n<tr>\n<td width=\"138\">2019<\/td>\n<td width=\"168\">Dodge<\/td>\n<td width=\"144\">Charger<\/td>\n<td width=\"290\">SRT Hellcat<\/td>\n<td width=\"256\">6.2L<\/td>\n<\/tr>\n<tr>\n<td width=\"138\">2019<\/td>\n<td width=\"168\">Jeep<\/td>\n<td width=\"144\">Grand Cherokee<\/td>\n<td width=\"290\">Trackhawk<\/td>\n<td width=\"256\">6.2L<\/td>\n<\/tr>\n<tr>\n<td width=\"138\">2019<\/td>\n<td width=\"168\">Ram<\/td>\n<td width=\"144\">1500<\/td>\n<td width=\"290\">Big Horn, Laramie, Laramie Longhorn, Limited, Lone Star, Rebel, Tradesman<\/td>\n<td width=\"256\">5.7L V8 - Elektryczny\/Gazowy, 5.7L<\/td>\n<\/tr>\n<tr>\n<td width=\"138\">2018<\/td>\n<td width=\"168\">Dodge<\/td>\n<td width=\"144\">Challenger<\/td>\n<td width=\"290\">SRT Demon, SRT Hellcat, SRT Hellcat Widebody<\/td>\n<td width=\"256\">6.2L<\/td>\n<\/tr>\n<tr>\n<td width=\"138\">2018<\/td>\n<td width=\"168\">Dodge<\/td>\n<td width=\"144\">Charger<\/td>\n<td width=\"290\">SRT Hellcat<\/td>\n<td width=\"256\">6.2L<\/td>\n<\/tr>\n<tr>\n<td width=\"138\">2018<\/td>\n<td width=\"168\">Jeep<\/td>\n<td width=\"144\">Grand Cherokee<\/td>\n<td width=\"290\">Trackhawk<\/td>\n<td width=\"256\">6.2L<\/td>\n<\/tr>\n<tr>\n<td width=\"138\">2017<\/td>\n<td width=\"168\">Dodge<\/td>\n<td width=\"144\">Challenger<\/td>\n<td width=\"290\">SRT Hellcat<\/td>\n<td width=\"256\">6.2L<\/td>\n<\/tr>\n<tr>\n<td width=\"138\">2017<\/td>\n<td width=\"168\">Dodge<\/td>\n<td width=\"144\">Charger<\/td>\n<td width=\"290\">SRT Hellcat<\/td>\n<td width=\"256\">6.2L<\/td>\n<\/tr>\n<tr>\n<td width=\"138\">2016<\/td>\n<td width=\"168\">Dodge<\/td>\n<td width=\"144\">Challenger<\/td>\n<td width=\"290\">SRT Hellcat<\/td>\n<td width=\"256\">6.2L<\/td>\n<\/tr>\n<tr>\n<td width=\"138\">2016<\/td>\n<td width=\"168\">Dodge<\/td>\n<td width=\"144\">Charger<\/td>\n<td width=\"290\">SRT Hellcat<\/td>\n<td width=\"256\">6.2L<\/td>\n<\/tr>\n<tr>\n<td width=\"138\">2015<\/td>\n<td width=\"168\">Dodge<\/td>\n<td width=\"144\">Challenger<\/td>\n<td width=\"290\">SRT Hellcat<\/td>\n<td width=\"256\">6.2L<\/td>\n<\/tr>\n<tr>\n<td width=\"138\">2015<\/td>\n<td width=\"168\">Dodge<\/td>\n<td width=\"144\">Charger<\/td>\n<td width=\"290\">SRT Hellcat<\/td>\n<td width=\"256\">6.2L<\/td>\n<\/tr>\n<\/tbody>\n<\/table>\n<p>&nbsp;<\/p>\n<p><strong>Zakres dostawy:<\/strong><\/p>\n<ul>\n<li>Zestaw o-ring\u00f3w dla 1 dyszy wtryskowej<\/li>\n<\/ul>\n<p>&nbsp;<\/p>\n<p>&nbsp;<\/p>\n<h4>Dlaczego warto wybra\u0107 oryginalne cz\u0119\u015bci zamienne Mopar?<\/h4>\n<p><strong>Idealne dopasowanie i najwy\u017csza jako\u015b\u0107:<\/strong> Oryginalne cz\u0119\u015bci zamienne Mopar s\u0105 produkowane zgodnie ze \u015bcis\u0142ymi specyfikacjami producenta, co oznacza, \u017ce idealnie pasuj\u0105 do Twojego pojazdu. Zapewnia to nie tylko \u0142atw\u0105 instalacj\u0119, ale tak\u017ce optymaln\u0105 funkcjonalno\u015b\u0107 i bezpiecze\u0144stwo.<\/p>\n<p><strong>Niezawodno\u015b\u0107 i trwa\u0142o\u015b\u0107:<\/strong> Dzi\u0119ki zastosowaniu wysokiej jako\u015bci materia\u0142\u00f3w i rygorystycznej kontroli jako\u015bci, cz\u0119\u015bci zamienne Mopar zapewniaj\u0105 niezawodne dzia\u0142anie pojazdu nawet w ekstremalnych warunkach. Zosta\u0142y zaprojektowane z my\u015bl\u0105 o trwa\u0142o\u015bci i maksymalizacji osi\u0105g\u00f3w pojazdu.<\/p>\n<p>&nbsp;<\/p>","protected":false},"excerpt":{"rendered":"<p>Oryginalna cz\u0119\u015b\u0107 Mopar<\/p>","protected":false},"featured_media":68294001,"comment_status":"open","ping_status":"closed","template":"","meta":{"_acf_changed":false},"product_brand":[16270],"product_cat":[2881,2885,2888,2889,2894,5016,2897],"product_tag":[91,101,6443,21058,54,53,571,49,3853,95,2869,999,56,100,2867,1000,50,31,8813,9424,16271,16273,16275,16272,16274,7221,6444,86,102,2353],"class_list":{"0":"post-68294000","1":"product","2":"type-product","3":"status-publish","4":"has-post-thumbnail","6":"product_brand-mopar","7":"product_cat-challenger-hellcat-kraftstoffversorgung","8":"product_cat-charger-hellcat-kraftstoffversorgung","9":"product_cat-durango-57-kraftstoffversorgung","10":"product_cat-durango-hellcat-kraftstoffversorgung","11":"product_cat-trackhawk-kraftstoffversorgung","12":"product_cat-1500-57-dt-kraftstoffversorgung","13":"product_cat-trx-kraftstoffversorgung","14":"product_tag-5-7","15":"product_tag-6-2","16":"product_tag-68267618aa","17":"product_tag-68267618ab","18":"product_tag-challenger","19":"product_tag-charger","20":"product_tag-dichtung","21":"product_tag-dodge","22":"product_tag-dodge-challenger","23":"product_tag-durango","24":"product_tag-einspritzduese","25":"product_tag-einspritzduesen","26":"product_tag-grand-cherokee","27":"product_tag-hellcat","28":"product_tag-injektor","29":"product_tag-injektoren","30":"product_tag-jeep","31":"product_tag-mopar","32":"product_tag-mopar-autoteile","33":"product_tag-mopar-ersatzteile","34":"product_tag-mopar-ersatzteile-kaufen","35":"product_tag-mopar-performance-teile","36":"product_tag-mopar-teile-katalog","37":"product_tag-mopar-teile-online","38":"product_tag-mopar-tuningteile","39":"product_tag-mopar10","40":"product_tag-o-ring","41":"product_tag-ram","42":"product_tag-trackhawk","43":"product_tag-trx","45":"first","46":"instock","47":"taxable","48":"shipping-taxable","49":"purchasable","50":"product-type-simple"},"bundled_by":[],"bundle_stock_status":"instock","bundle_stock_quantity":18,"bundle_virtual":false,"bundle_layout":"","bundle_add_to_cart_form_location":"","bundle_editable_in_cart":false,"bundle_sold_individually_context":"","bundle_item_grouping":"","bundle_min_size":"","bundle_max_size":"","bundle_price":[],"bundled_items":[],"bundle_sell_ids":[],"exclude_global_add_ons":[],"addons":[],"acf":[],"_links":{"self":[{"href":"https:\/\/kraftwerk-shop.cc\/pl\/wp-json\/wp\/v2\/product\/68294000","targetHints":{"allow":["GET"]}}],"collection":[{"href":"https:\/\/kraftwerk-shop.cc\/pl\/wp-json\/wp\/v2\/product"}],"about":[{"href":"https:\/\/kraftwerk-shop.cc\/pl\/wp-json\/wp\/v2\/types\/product"}],"replies":[{"embeddable":true,"href":"https:\/\/kraftwerk-shop.cc\/pl\/wp-json\/wp\/v2\/comments?post=68294000"}],"version-history":[{"count":0,"href":"https:\/\/kraftwerk-shop.cc\/pl\/wp-json\/wp\/v2\/product\/68294000\/revisions"}],"wp:featuredmedia":[{"embeddable":true,"href":"https:\/\/kraftwerk-shop.cc\/pl\/wp-json\/wp\/v2\/media\/68294001"}],"wp:attachment":[{"href":"https:\/\/kraftwerk-shop.cc\/pl\/wp-json\/wp\/v2\/media?parent=68294000"}],"wp:term":[{"taxonomy":"product_brand","embeddable":true,"href":"https:\/\/kraftwerk-shop.cc\/pl\/wp-json\/wp\/v2\/product_brand?post=68294000"},{"taxonomy":"product_cat","embeddable":true,"href":"https:\/\/kraftwerk-shop.cc\/pl\/wp-json\/wp\/v2\/product_cat?post=68294000"},{"taxonomy":"product_tag","embeddable":true,"href":"https:\/\/kraftwerk-shop.cc\/pl\/wp-json\/wp\/v2\/product_tag?post=68294000"}],"curies":[{"name":"wp","href":"https:\/\/api.w.org\/{rel}","templated":true}]}}