{"id":68294336,"date":"2023-11-19T20:31:50","date_gmt":"2023-11-19T19:31:50","guid":{"rendered":"https:\/\/kraftwerk-shop.cc\/?post_type=product&#038;p=68294336"},"modified":"2026-02-15T01:07:34","modified_gmt":"2026-02-15T00:07:34","slug":"pompa-oleju-melling-srt8-m362","status":"publish","type":"product","link":"https:\/\/kraftwerk-shop.cc\/pl\/produkt\/melling-oelpumpe-srt8-m362\/","title":{"rendered":"Pompa oleju Melling 6.1 SRT8"},"content":{"rendered":"<h1>Pompa oleju Melling M362 do Chrysler 300C, Dodge Challenger, Charger, Magnum i Jeep Grand Cherokee 6.1 SRT8<\/h1>\n<p>&nbsp;<\/p>\n<p>Pompa oleju Melling M521 do silnik\u00f3w Chrysler i Dodge 2.7, 3.5 i 4.0 V6 to wysokiej jako\u015bci produkt wykonany z najwy\u017csz\u0105 precyzj\u0105 i jako\u015bci\u0105. Ka\u017cda pompa oleju Melling jest produkowana zgodnie z najnowszymi standardami technicznymi i przy u\u017cyciu wysokiej jako\u015bci materia\u0142\u00f3w. Zastosowanie najnowszej konstrukcji przek\u0142adni i technologii wirnika zapewnia wyj\u0105tkow\u0105 wydajno\u015b\u0107 i jako\u015b\u0107.<\/p>\n<p>Ko\u0142a z\u0119bate s\u0105 wykonane z najwy\u017csz\u0105 precyzj\u0105, aby zapewni\u0107 prawid\u0142owe ci\u015bnienie oleju silnikowego i wydajne dzia\u0142anie pompy. P\u0142ytki ko\u0144cowe s\u0105 precyzyjnie szlifowane, aby zapewni\u0107 maksymaln\u0105 odporno\u015b\u0107 na zu\u017cycie. Ka\u017cda pompa oleju Melling jest indywidualnie testowana pod k\u0105tem ci\u015bnienia i przep\u0142ywu w warunkach odpowiadaj\u0105cych rzeczywistym warunkom pracy silnika.<\/p>\n<p>Pompa oleju Melling M342 to produkt gwarantuj\u0105cy maksymaln\u0105 wydajno\u015b\u0107 i niezawodno\u015b\u0107. Zaufaj firmie Melling, renomowanemu producentowi z wieloletnim do\u015bwiadczeniem w bran\u017cy motoryzacyjnej.<\/p>\n<p>Pompa oleju M521 to standardowa cz\u0119\u015b\u0107 zamienna o standardowej pojemno\u015bci i ci\u015bnieniu. Wykonana z aluminium, jest dostarczana z uszczelk\u0105. Idealna do konserwacji i naprawy pojazd\u00f3w.<\/p>\n<p>&nbsp;<\/p>\n<p><strong>Liczby por\u00f3wnawcze:<\/strong> 05037687AA, <span class=\"list-value sku-display\">05037687AB<\/span><\/p>\n<p>&nbsp;<\/p>\n<p><strong>Odpowiedni dla:<\/strong><\/p>\n<table width=\"415\">\n<tbody>\n<tr>\n<td width=\"83\"><strong>Rok<\/strong><\/td>\n<td width=\"83\"><strong>Marka<\/strong><\/td>\n<td width=\"83\"><strong>Model<\/strong><\/td>\n<td width=\"83\"><strong>Wersja<\/strong><\/td>\n<td width=\"83\"><strong>Silnik<\/strong><\/td>\n<\/tr>\n<tr>\n<td width=\"83\">2010<\/td>\n<td width=\"83\">Chrysler<\/td>\n<td width=\"83\">300C<\/td>\n<td width=\"83\">SRT8<\/td>\n<td width=\"83\">6.1L V8<\/td>\n<\/tr>\n<tr>\n<td width=\"83\">2010<\/td>\n<td width=\"83\">Dodge<\/td>\n<td width=\"83\">Challenger<\/td>\n<td width=\"83\">SRT8<\/td>\n<td width=\"83\">6.1L V8<\/td>\n<\/tr>\n<tr>\n<td width=\"83\">2010<\/td>\n<td width=\"83\">Dodge<\/td>\n<td width=\"83\">Charger<\/td>\n<td width=\"83\">SRT8<\/td>\n<td width=\"83\">6.1L V8<\/td>\n<\/tr>\n<tr>\n<td width=\"83\">2010<\/td>\n<td width=\"83\">Jeep<\/td>\n<td width=\"83\">Grand Cherokee<\/td>\n<td width=\"83\">SRT8<\/td>\n<td width=\"83\">6.1L V8<\/td>\n<\/tr>\n<tr>\n<td width=\"83\">2009<\/td>\n<td width=\"83\">Chrysler<\/td>\n<td width=\"83\">300C<\/td>\n<td width=\"83\">SRT8<\/td>\n<td width=\"83\">6.1L V8<\/td>\n<\/tr>\n<tr>\n<td width=\"83\">2009<\/td>\n<td width=\"83\">Dodge<\/td>\n<td width=\"83\">Challenger<\/td>\n<td width=\"83\">SRT8<\/td>\n<td width=\"83\">6.1L V8<\/td>\n<\/tr>\n<tr>\n<td width=\"83\">2009<\/td>\n<td width=\"83\">Dodge<\/td>\n<td width=\"83\">Charger<\/td>\n<td width=\"83\">SRT8<\/td>\n<td width=\"83\">6.1L V8<\/td>\n<\/tr>\n<tr>\n<td width=\"83\">2009<\/td>\n<td width=\"83\">Jeep<\/td>\n<td width=\"83\">Grand Cherokee<\/td>\n<td width=\"83\">SRT8<\/td>\n<td width=\"83\">6.1L V8<\/td>\n<\/tr>\n<tr>\n<td width=\"83\">2008<\/td>\n<td width=\"83\">Chrysler<\/td>\n<td width=\"83\">300C<\/td>\n<td width=\"83\">SRT8<\/td>\n<td width=\"83\">6.1L V8<\/td>\n<\/tr>\n<tr>\n<td width=\"83\">2008<\/td>\n<td width=\"83\">Dodge<\/td>\n<td width=\"83\">Challenger<\/td>\n<td width=\"83\">SRT8<\/td>\n<td width=\"83\">6.1L V8<\/td>\n<\/tr>\n<tr>\n<td width=\"83\">2008<\/td>\n<td width=\"83\">Dodge<\/td>\n<td width=\"83\">Charger<\/td>\n<td width=\"83\">SRT8<\/td>\n<td width=\"83\">6.1L V8<\/td>\n<\/tr>\n<tr>\n<td width=\"83\">2008<\/td>\n<td width=\"83\">Dodge<\/td>\n<td width=\"83\">Magnum<\/td>\n<td width=\"83\">SRT8<\/td>\n<td width=\"83\">6.1L V8<\/td>\n<\/tr>\n<tr>\n<td width=\"83\">2008<\/td>\n<td width=\"83\">Jeep<\/td>\n<td width=\"83\">Grand Cherokee<\/td>\n<td width=\"83\">SRT8<\/td>\n<td width=\"83\">6.1L V8<\/td>\n<\/tr>\n<tr>\n<td width=\"83\">2007<\/td>\n<td width=\"83\">Chrysler<\/td>\n<td width=\"83\">300C<\/td>\n<td width=\"83\">SRT8<\/td>\n<td width=\"83\">6.1L V8<\/td>\n<\/tr>\n<tr>\n<td width=\"83\">2007<\/td>\n<td width=\"83\">Dodge<\/td>\n<td width=\"83\">Charger<\/td>\n<td width=\"83\">SRT8<\/td>\n<td width=\"83\">6.1L V8<\/td>\n<\/tr>\n<tr>\n<td width=\"83\">2007<\/td>\n<td width=\"83\">Dodge<\/td>\n<td width=\"83\">Magnum<\/td>\n<td width=\"83\">SRT8<\/td>\n<td width=\"83\">6.1L V8<\/td>\n<\/tr>\n<tr>\n<td width=\"83\">2007<\/td>\n<td width=\"83\">Jeep<\/td>\n<td width=\"83\">Grand Cherokee<\/td>\n<td width=\"83\">SRT8<\/td>\n<td width=\"83\">6.1L V8<\/td>\n<\/tr>\n<tr>\n<td width=\"83\">2006<\/td>\n<td width=\"83\">Dodge<\/td>\n<td width=\"83\">Charger<\/td>\n<td width=\"83\">SRT8<\/td>\n<td width=\"83\">6.1L V8<\/td>\n<\/tr>\n<tr>\n<td width=\"83\">2006<\/td>\n<td width=\"83\">Dodge<\/td>\n<td width=\"83\">Magnum<\/td>\n<td width=\"83\">SRT8<\/td>\n<td width=\"83\">6.1L V8<\/td>\n<\/tr>\n<tr>\n<td width=\"83\">2006<\/td>\n<td width=\"83\">Jeep<\/td>\n<td width=\"83\">Grand Cherokee<\/td>\n<td width=\"83\">SRT8<\/td>\n<td width=\"83\">6.1L V8<\/td>\n<\/tr>\n<\/tbody>\n<\/table>","protected":false},"excerpt":{"rendered":"<p>Pompa oleju Melling M362 do Chrysler 300C, Dodge Challenger, Charger, Magnum i Jeep Grand Cherokee 6.1 SRT8 Melling M362<\/p>","protected":false},"featured_media":68294340,"comment_status":"open","ping_status":"closed","template":"","meta":{"_acf_changed":false},"product_brand":[],"product_cat":[6682,6687,6692,6696,6701],"product_tag":[4445,68,11100,11099,54,48,536,49,3853,3854,63,50,4425,6478,6440,67,64,96,1056,164,38],"class_list":{"0":"post-68294336","1":"product","2":"type-product","3":"status-publish","4":"has-post-thumbnail","6":"product_cat-300c-61-oelversorgung","7":"product_cat-challenger-61-oelversorgung","8":"product_cat-charger-61-oelversorgung","9":"product_cat-magnum-61-oelversorgung","10":"product_cat-grand-cherokee-61-oelversorgung","11":"product_tag-05037687aa","12":"product_tag-05037687ab","13":"product_tag-5037687aa","14":"product_tag-5037687ab","15":"product_tag-challenger","16":"product_tag-chrysler","17":"product_tag-chrysler-300c","18":"product_tag-dodge","19":"product_tag-dodge-challenger","20":"product_tag-dodge-charger","21":"product_tag-ersatzteile","22":"product_tag-jeep","23":"product_tag-jeep-grand-cherokee","24":"product_tag-m362","25":"product_tag-melling","26":"product_tag-oelpumpe","27":"product_tag-reparatur","28":"product_tag-srt","29":"product_tag-srt-8","30":"product_tag-srt8","31":"product_tag-teile","33":"first","34":"instock","35":"taxable","36":"shipping-taxable","37":"purchasable","38":"product-type-simple"},"bundled_by":[],"bundle_stock_status":"instock","bundle_stock_quantity":1,"bundle_virtual":false,"bundle_layout":"","bundle_add_to_cart_form_location":"","bundle_editable_in_cart":false,"bundle_sold_individually_context":"","bundle_item_grouping":"","bundle_min_size":"","bundle_max_size":"","bundle_price":[],"bundled_items":[],"bundle_sell_ids":[],"exclude_global_add_ons":[],"addons":[],"acf":[],"_links":{"self":[{"href":"https:\/\/kraftwerk-shop.cc\/pl\/wp-json\/wp\/v2\/product\/68294336","targetHints":{"allow":["GET"]}}],"collection":[{"href":"https:\/\/kraftwerk-shop.cc\/pl\/wp-json\/wp\/v2\/product"}],"about":[{"href":"https:\/\/kraftwerk-shop.cc\/pl\/wp-json\/wp\/v2\/types\/product"}],"replies":[{"embeddable":true,"href":"https:\/\/kraftwerk-shop.cc\/pl\/wp-json\/wp\/v2\/comments?post=68294336"}],"version-history":[{"count":0,"href":"https:\/\/kraftwerk-shop.cc\/pl\/wp-json\/wp\/v2\/product\/68294336\/revisions"}],"wp:featuredmedia":[{"embeddable":true,"href":"https:\/\/kraftwerk-shop.cc\/pl\/wp-json\/wp\/v2\/media\/68294340"}],"wp:attachment":[{"href":"https:\/\/kraftwerk-shop.cc\/pl\/wp-json\/wp\/v2\/media?parent=68294336"}],"wp:term":[{"taxonomy":"product_brand","embeddable":true,"href":"https:\/\/kraftwerk-shop.cc\/pl\/wp-json\/wp\/v2\/product_brand?post=68294336"},{"taxonomy":"product_cat","embeddable":true,"href":"https:\/\/kraftwerk-shop.cc\/pl\/wp-json\/wp\/v2\/product_cat?post=68294336"},{"taxonomy":"product_tag","embeddable":true,"href":"https:\/\/kraftwerk-shop.cc\/pl\/wp-json\/wp\/v2\/product_tag?post=68294336"}],"curies":[{"name":"wp","href":"https:\/\/api.w.org\/{rel}","templated":true}]}}