{"id":68295072,"date":"2023-12-10T15:18:09","date_gmt":"2023-12-10T14:18:09","guid":{"rendered":"https:\/\/kraftwerk-shop.cc\/?post_type=product&#038;p=68295072"},"modified":"2026-04-09T11:09:24","modified_gmt":"2026-04-09T09:09:24","slug":"kolektor-wydechowy-bd-ram-57","status":"publish","type":"product","link":"https:\/\/kraftwerk-shop.cc\/pl\/produkt\/bd-abgaskruemmer-kit-ram-57\/","title":{"rendered":"BD Zestaw kolektora wydechowego RAM 5.7"},"content":{"rendered":"<h1>Zestaw kolektora wydechowego dla RAM 5.7 od 2009 do 2018 i Classic 2019 - 2024<\/h1>\n<p>&nbsp;<\/p>\n<p>Niestety, p\u0119kni\u0119te i nieszczelne kolektory wydechowe s\u0105 raczej regu\u0142\u0105 ni\u017c wyj\u0105tkiem w RAM. Osi\u0105gnij wi\u0119ksz\u0105 trwa\u0142o\u015b\u0107 dzi\u0119ki ulepszonemu zestawowi kolektora wydechowego do ci\u0119\u017car\u00f3wek Dodge\/RAM, opracowanemu specjalnie dla silnik\u00f3w 5.7L HEMI.<br \/>\nKolektory BD Upgrade rozwi\u0105zuj\u0105 typowe problemy ze \u015brubami kolektora, wykorzystuj\u0105c przed\u0142u\u017cone elementy mocuj\u0105ce i przek\u0142adki, kt\u00f3re skutecznie przeciwdzia\u0142aj\u0105 rozszerzalno\u015bci cieplnej.<br \/>\nPonadto zaprojektowano niezale\u017cne punkty monta\u017cowe dla os\u0142ony termicznej, aby oddzieli\u0107 j\u0105 od \u015brub monta\u017cowych i jeszcze bardziej zwi\u0119kszy\u0107 niezawodno\u015b\u0107.<br \/>\nWykonane z wysok\u0105 precyzj\u0105, kolektory BD charakteryzuj\u0105 si\u0119 solidn\u0105, grubo\u015bcienn\u0105 konstrukcj\u0105 i s\u0105 wykonane z wysokokrzemowego \u017celiwa sferoidalnego, aby przeciwdzia\u0142a\u0107 odkszta\u0142ceniom i zapewni\u0107, \u017ce pojazd pozostanie w doskona\u0142ej formie przez d\u0142ugi czas.<\/p>\n<p>&nbsp;<\/p>\n<p><strong>Liczby por\u00f3wnawcze Mopar:<\/strong> 8045559AB, 53034137AC, 68045559AA, 68045559AB, 5045486AA, 68045560AB, 53034138AC, 68045560AA, 68591585AA, 68591586AA<\/p>\n<p>&nbsp;<\/p>\n<p><strong>Cechy<\/strong><\/p>\n<ul>\n<li>Wysokokrzemowe odlewy z \u017celiwa sferoidalnego<\/li>\n<li>D\u0142u\u017csze elementy mocuj\u0105ce z przek\u0142adkami<\/li>\n<li>Zestaw zawiera 2 kolektory, wszystkie uszczelki i elementy mocuj\u0105ce<\/li>\n<\/ul>\n<p>&nbsp;<\/p>\n<p><strong>Odpowiedni dla:<\/strong><\/p>\n<table width=\"437\">\n<tbody>\n<tr>\n<td width=\"122\"><strong>Marka<\/strong><\/td>\n<td width=\"136\"><strong>Model<\/strong><\/td>\n<td width=\"96\"><strong>Silnik<\/strong><\/td>\n<td width=\"83\"><strong>Rok<\/strong><\/td>\n<\/tr>\n<tr>\n<td>RAM<\/td>\n<td>1500<\/td>\n<td>5.7<\/td>\n<td>2009\u20132018<\/td>\n<\/tr>\n<tr>\n<td>RAM<\/td>\n<td>1500 Classic<\/td>\n<td>5.7<\/td>\n<td>2019\u20132024<\/td>\n<\/tr>\n<\/tbody>\n<\/table>\n<p>Te kolektory pasuj\u0105 tylko do modelu Classic DS z lat 2009-2023, a nie do modelu DT od 2019 roku.<\/p>\n<p>&nbsp;<\/p>\n<p><iframe loading=\"lazy\" title=\"Kolektor wydechowy BD RAM 5.7\" width=\"500\" height=\"281\" src=\"https:\/\/www.youtube.com\/embed\/zUHyrdU6E4I?feature=oembed\" frameborder=\"0\" allow=\"accelerometer; autoplay; clipboard-write; encrypted-media; gyroscope; picture-in-picture; web-share\" referrerpolicy=\"strict-origin-when-cross-origin\" allowfullscreen><\/iframe><\/p>\n<p>&nbsp;<\/p>\n<p><strong>O producencie<\/strong><\/p>\n<p>Firma BD zosta\u0142a za\u0142o\u017cona w 1972 roku jako Valley Fuel Injection Ltd. i zyska\u0142a s\u0142aw\u0119 w 1989 roku, kiedy wprowadzi\u0142a pierwszy hamulec wydechowy dla wschodz\u0105cego rynku pick-up\u00f3w z silnikiem Diesla. Dzi\u015b Valley Fuel Injection (obecnie BD Diesel Truck Service &amp; Performance Centre) i BD Diesel Performance to jedna firma z wyspecjalizowanymi dzia\u0142ami zajmuj\u0105cymi si\u0119 komponentami uk\u0142adu nap\u0119dowego z silnikiem wysokopr\u0119\u017cnym. BD jest innowacyjn\u0105 i globaln\u0105 firm\u0105, kt\u00f3ra dystrybuuje produkty na rynek p\u00f3\u0142nocnoameryka\u0144ski, zar\u00f3wno do silnik\u00f3w wysokopr\u0119\u017cnych, jak i benzynowych. Nasz zestaw kolektora wydechowego RAM 5.7 to wysokiej jako\u015bci produkt dla Twojego RAM, kt\u00f3ry zapewnia optymalne osi\u0105gi i wydajno\u015b\u0107.<\/p>\n<p>&nbsp;<\/p>\n<p>&nbsp;<\/p>","protected":false},"excerpt":{"rendered":"<p>2009 - 2018 i Classic 2019 - 2024<\/p>","protected":false},"featured_media":68295080,"comment_status":"open","ping_status":"closed","template":"","meta":{"_acf_changed":false},"product_brand":[20019],"product_cat":[6621],"product_tag":[18447,18446,18448,18445,6573,926,6575,6554,6577,6555,6556,6578,6576,10883,9408,6574,1035,605,10895,10899,9619,10893,9626,9613,9616,10889,10897,9623,10908,10911,10914,9607,9609,10891,10906,9635,10885,5124,6557,6579,20099,20100,477,10964,10953,10966,550,10887,10901,10907,10900,10905,10892,10902,10894,10904,10909,10903,10898,10888,10896,10884,5123,10890,10886,10968,86,3507,10939,10948,10910,10971,10913,10925,10951,10963,10946,10958,10940,10973,10923,10917,10934,10921,10954,10949,10961,10943,10947,10967,10965,10960,10919,10930,10918,10938,10926,10970,10929,10920,10928,10932,10935,10915,10924,10942,10950,10944,10937,10962,10972,10959,10956,10952,10916,10945,10969,10927,10931,10936,10933,10957,10922,10912,10955,10941],"class_list":{"0":"post-68295072","1":"product","2":"type-product","3":"status-publish","4":"has-post-thumbnail","6":"product_brand-bd-diesel","7":"product_cat-1500-57-2009-2018-classic-abgaskruemmer-katalysatoren","8":"product_tag-05045486aa","9":"product_tag-053034137ac","10":"product_tag-053034138ac","11":"product_tag-08045559ab","12":"product_tag-6573","13":"product_tag-5-7-hemi","14":"product_tag-5045486aa","15":"product_tag-53034137ac","16":"product_tag-53034138ac","17":"product_tag-68045559aa","18":"product_tag-68045559ab","19":"product_tag-68045560aa","20":"product_tag-68045560ab","21":"product_tag-68591585aa","22":"product_tag-68591586aa","23":"product_tag-8045559ab","24":"product_tag-abgasanlage","25":"product_tag-abgaskruemmer","26":"product_tag-abgaskruemmer-aftermarket","27":"product_tag-abgaskruemmer-edelstahl","28":"product_tag-abgaskruemmer-erfahrungen","29":"product_tag-abgaskruemmer-ersatzteil","30":"product_tag-abgaskruemmer-garantie","31":"product_tag-abgaskruemmer-installation","32":"product_tag-abgaskruemmer-kaufen","33":"product_tag-abgaskruemmer-leck","34":"product_tag-abgaskruemmer-leistung","35":"product_tag-abgaskruemmer-qualitaet","36":"product_tag-abgaskruemmer-ram-1500","37":"product_tag-abgaskruemmer-ram-1500-5-7-hemi","38":"product_tag-abgaskruemmer-ram-1500-5-7-kaufen","39":"product_tag-abgaskruemmer-reparatur","40":"product_tag-abgaskruemmer-riss","41":"product_tag-abgaskruemmer-symptome","42":"product_tag-abgaskruemmer-vergleich","43":"product_tag-abgaskruemmer-werkstatt","44":"product_tag-abgaskruemmerbolzen","45":"product_tag-abgaskruemmerdichtung","46":"product_tag-auspuffkruemmer","47":"product_tag-bd","48":"product_tag-bd-diesel","49":"product_tag-bd-diesel-performance","50":"product_tag-ds","51":"product_tag-faecherkruemmer-ram-1500-tuning","52":"product_tag-high-flow-kruemmer-ram-1500","53":"product_tag-keramikbeschichteter-abgaskruemmer-ram-1500","54":"product_tag-kruemmer","55":"product_tag-kruemmer-austausch","56":"product_tag-kruemmer-bestellen","57":"product_tag-kruemmer-bewertungen","58":"product_tag-kruemmer-guss","59":"product_tag-kruemmer-hersteller","60":"product_tag-kruemmer-kosten","61":"product_tag-kruemmer-montage","62":"product_tag-kruemmer-oem","63":"product_tag-kruemmer-passgenauigkeit","64":"product_tag-kruemmer-ram-1500-5-7","65":"product_tag-kruemmer-reparaturset","66":"product_tag-kruemmer-tuning","67":"product_tag-kruemmer-undichtigkeit","68":"product_tag-kruemmer-upgrade","69":"product_tag-kruemmerbolzen","70":"product_tag-kruemmerdichtung","71":"product_tag-kruemmerdichtung-wechseln","72":"product_tag-kruemmerdichtungssatz","73":"product_tag-leistungssteigerung-durch-kruemmer-ram-1500","74":"product_tag-ram","75":"product_tag-ram1500","76":"product_tag-ram-1500-5-7-abgaskruemmer-einbau","77":"product_tag-ram-1500-5-7-abgaskruemmer-tuning","78":"product_tag-ram-1500-5-7-abgaskruemmer-wechseln","79":"product_tag-ram-1500-5-7-aftermarket-kruemmer","80":"product_tag-ram-1500-5-7-auspuffkruemmer","81":"product_tag-ram-1500-5-7-edelstahl-abgaskruemmer","82":"product_tag-ram-1500-5-7-edelstahl-kruemmer","83":"product_tag-ram-1500-5-7-faecherkruemmer-edelstahl","84":"product_tag-ram-1500-5-7-hemi-abgaskruemmer-defekt","85":"product_tag-ram-1500-5-7-hemi-abgaskruemmer-rennsport","86":"product_tag-ram-1500-5-7-hemi-auspuffkruemmer","87":"product_tag-ram-1500-5-7-hemi-headers-kit","88":"product_tag-ram-1500-5-7-hemi-kruemmer-problem","89":"product_tag-ram-1500-5-7-hemi-kruemmer-undichtigkeit","90":"product_tag-ram-1500-5-7-hemi-kruemmer-upgrade","91":"product_tag-ram-1500-5-7-hemi-kruemmerdichtungssatz","92":"product_tag-ram-1500-5-7-hemi-long-tube-headers","93":"product_tag-ram-1500-5-7-hemi-performance-kruemmer","94":"product_tag-ram-1500-5-7-high-performance-auspuffkruemmer","95":"product_tag-ram-1500-5-7-kruemmer-abdichten","96":"product_tag-ram-1500-5-7-kruemmer-austausch-anleitung","97":"product_tag-ram-1500-5-7-kruemmer-fuer-besseren-abgasfluss","98":"product_tag-ram-1500-5-7-kruemmer-mit-keramikbeschichtung","99":"product_tag-ram-1500-5-7-kruemmer-mit-leistungssteigerung","100":"product_tag-ram-1500-5-7-kruemmer-reparatur","101":"product_tag-ram-1500-5-7-kruemmer-symptome","102":"product_tag-ram-1500-5-7-kruemmerdichtung-wechseln","103":"product_tag-ram-1500-5-7-kruemmerprobleme-beheben","104":"product_tag-ram-1500-5-7-performance-kruemmer","105":"product_tag-ram-1500-5-7-tuning-kruemmer-kit","106":"product_tag-ram-1500-5-7-v8-abgaskruemmer","107":"product_tag-ram-1500-abgaskruemmer-defekt","108":"product_tag-ram-1500-abgaskruemmer-ersatz","109":"product_tag-ram-1500-abgaskruemmer-kaufen-guenstig","110":"product_tag-ram-1500-abgaskruemmer-original","111":"product_tag-ram-1500-abgaskruemmer-riss","112":"product_tag-ram-1500-abgaskruemmer-set","113":"product_tag-ram-1500-abgaskruemmer-symptome-erkennen","114":"product_tag-ram-1500-abgaskruemmer-upgrade","115":"product_tag-ram-1500-abgaskruemmer-werkstatt","116":"product_tag-ram-1500-abgaskruemmer-zubehoer","117":"product_tag-ram-1500-faecherkruemmer","118":"product_tag-ram-1500-hemi-custom-kruemmer","119":"product_tag-ram-1500-hemi-kruemmer-power","120":"product_tag-ram-1500-hemi-kruemmer-sportausfuehrung","121":"product_tag-ram-1500-hemi-tuning-kruemmer","122":"product_tag-ram-1500-kruemmer-austausch","123":"product_tag-ram-1500-kruemmer-ersatzteile","124":"product_tag-ram-1500-kruemmer-fuer-sound-upgrade","125":"product_tag-ram-1500-kruemmer-kit","126":"product_tag-ram-1500-kruemmer-kosten","127":"product_tag-ram-1500-kruemmer-nachbau","128":"product_tag-ram-1500-kruemmer-reparaturset","129":"product_tag-ram-1500-kruemmer-tuning-set","130":"product_tag-ram-1500-kruemmerbolzen-abgerissen","131":"product_tag-ram-1500-kruemmerdichtung","132":"product_tag-ram-1500-shorty-headers","133":"product_tag-ram-1500-v8-kruemmer-reparatur","134":"product_shipping_class-paket-l","136":"first","137":"instock","138":"taxable","139":"shipping-taxable","140":"purchasable","141":"product-type-simple"},"bundled_by":[],"bundle_stock_status":"instock","bundle_stock_quantity":8,"bundle_virtual":false,"bundle_layout":"","bundle_add_to_cart_form_location":"","bundle_editable_in_cart":false,"bundle_sold_individually_context":"","bundle_item_grouping":"","bundle_min_size":"","bundle_max_size":"","bundle_price":[],"bundled_items":[],"bundle_sell_ids":[],"exclude_global_add_ons":[],"addons":[],"acf":[],"_links":{"self":[{"href":"https:\/\/kraftwerk-shop.cc\/pl\/wp-json\/wp\/v2\/product\/68295072","targetHints":{"allow":["GET"]}}],"collection":[{"href":"https:\/\/kraftwerk-shop.cc\/pl\/wp-json\/wp\/v2\/product"}],"about":[{"href":"https:\/\/kraftwerk-shop.cc\/pl\/wp-json\/wp\/v2\/types\/product"}],"replies":[{"embeddable":true,"href":"https:\/\/kraftwerk-shop.cc\/pl\/wp-json\/wp\/v2\/comments?post=68295072"}],"version-history":[{"count":0,"href":"https:\/\/kraftwerk-shop.cc\/pl\/wp-json\/wp\/v2\/product\/68295072\/revisions"}],"wp:featuredmedia":[{"embeddable":true,"href":"https:\/\/kraftwerk-shop.cc\/pl\/wp-json\/wp\/v2\/media\/68295080"}],"wp:attachment":[{"href":"https:\/\/kraftwerk-shop.cc\/pl\/wp-json\/wp\/v2\/media?parent=68295072"}],"wp:term":[{"taxonomy":"product_brand","embeddable":true,"href":"https:\/\/kraftwerk-shop.cc\/pl\/wp-json\/wp\/v2\/product_brand?post=68295072"},{"taxonomy":"product_cat","embeddable":true,"href":"https:\/\/kraftwerk-shop.cc\/pl\/wp-json\/wp\/v2\/product_cat?post=68295072"},{"taxonomy":"product_tag","embeddable":true,"href":"https:\/\/kraftwerk-shop.cc\/pl\/wp-json\/wp\/v2\/product_tag?post=68295072"}],"curies":[{"name":"wp","href":"https:\/\/api.w.org\/{rel}","templated":true}]}}