{"id":68295372,"date":"2023-12-20T00:09:45","date_gmt":"2023-12-19T23:09:45","guid":{"rendered":"https:\/\/kraftwerk-shop.cc\/?post_type=product&#038;p=68295372"},"modified":"2026-03-30T11:40:29","modified_gmt":"2026-03-30T09:40:29","slug":"nieaktywny-modul-wydechowy","status":"publish","type":"product","link":"https:\/\/kraftwerk-shop.cc\/pl\/produkt\/inactive-exhaust-modul\/","title":{"rendered":"Nieaktywny modu\u0142 wydechowy"},"content":{"rendered":"<h1>Modu\u0142 elektroniczny do dezaktywacji oryginalnych klap wydechowych<\/h1>\n<p>&nbsp;<\/p>\n<p>Je\u015bli chcesz usun\u0105\u0107 aktywne klapy wydechowe w swoim Dodge'u lub Chryslerze, b\u0119dziesz potrzebowa\u0107 tego symulatora, aby unikn\u0105\u0107 kontrolki silnika (zwykle zg\u0142aszane s\u0105 kody b\u0142\u0119d\u00f3w U113F i U1140).<\/p>\n<p>Inne opcje dost\u0119pne na rynku s\u0105 czysto mechaniczne i wymagaj\u0105 ponownego u\u017cycia si\u0142ownik\u00f3w i zamontowania ich na dodatkowej p\u0142ycie.<\/p>\n<p>&nbsp;<\/p>\n<p><strong>Instalacja:<\/strong><\/p>\n<p>1: Wejd\u017a pod pojazd i od\u0142\u0105cz wtyczki dw\u00f3ch aktywnych klap wydechowych.<\/p>\n<p>2: Pod\u0142\u0105cz nieaktywny modu\u0142 wydechowy. Zabezpiecz je opask\u0105 kablow\u0105.<\/p>\n<p>3: Gotowe. Mo\u017cesz pozostawi\u0107 serwomotory na miejscu, je\u015bli masz standardowy system i chcesz, aby klapy by\u0142y otwarte przez ca\u0142y czas. Mo\u017cesz je te\u017c ca\u0142kowicie usun\u0105\u0107.<\/p>\n<p>&nbsp;<\/p>\n<p>Idealny dla tych, kt\u00f3rzy:<\/p>\n<ul>\n<li>chc\u0105 mie\u0107 tylko stale otwarte klapy<\/li>\n<li>chc\u0105 usun\u0105\u0107 lub dezaktywowa\u0107 \"grzechocz\u0105ce klapy wydechowe\", poniewa\u017c cz\u0119sto maj\u0105 problemy z niepokoj\u0105cymi d\u017awi\u0119kami<\/li>\n<li>maj\u0105 wadliwe serwomotory i nie chc\u0105 ponosi\u0107 (wysokich) koszt\u00f3w ich wymiany<\/li>\n<li>chc\u0119 zainstalowa\u0107 zmodernizowany wydech i ca\u0142kowicie usun\u0105\u0107 zawory<\/li>\n<\/ul>\n<p>&nbsp;<\/p>\n<p>Zestaw sk\u0142ada si\u0119 z<\/p>\n<ul>\n<li>modu\u0142 wydechowy z mikroprocesorem klasy samochodowej, kt\u00f3ry komunikuje si\u0119 z pojazdem i oszukuje go, \u017ce zawory s\u0105 zainstalowane i dzia\u0142aj\u0105 prawid\u0142owo<\/li>\n<li>Wodoodporne za\u015blepki, kt\u00f3re chroni\u0105 wtyczki przed korozj\u0105<\/li>\n<\/ul>\n<p>&nbsp;<\/p>\n<p>Pasuje do samochod\u00f3w Chrysler 300C, Dodge Challenger i Charger od 2015 roku.<\/p>\n<p>&nbsp;<\/p>\n<p><strong>Zakres dostawy:<\/strong><\/p>\n<ul>\n<li>1 zestaw dla obu klap k\u0105towych<\/li>\n<\/ul>\n<p>Wymagany jest 1 zestaw na pojazd.<\/p>\n<p>&nbsp;<\/p>","protected":false},"excerpt":{"rendered":"<p>Modu\u0142 elektroniczny do dezaktywacji oryginalnych klap wydechowych Je\u015bli chcesz usun\u0105\u0107 aktywne klapy wydechowe w swoim Dodge lub Chrysler, potrzebujesz modu\u0142u elektronicznego do dezaktywacji oryginalnych klap wydechowych.<\/p>","protected":false},"featured_media":68295551,"comment_status":"open","ping_status":"closed","template":"","meta":{"_acf_changed":false},"product_brand":[],"product_cat":[6619,2570,6604,6595,6519,6610,6598,6560],"product_tag":[52,546,2993,54,53,48,536,331,49,3853,3854,2786,521,2992,2780,1040,472,3021,438,581,2994,713,525,120,3019,3020,2995,470,2991,440],"class_list":{"0":"post-68295372","1":"product","2":"type-product","3":"status-publish","4":"has-post-thumbnail","6":"product_cat-300c-57-2011-2023-abgasanlage-dichtungen-hardware","7":"product_cat-300c-64-abgasanlage","8":"product_cat-challenger-57-abgasanlage-dichtungen-hardware","9":"product_cat-challenger-hellcat-abgasanlage-dichtungen-hardware","10":"product_cat-challenger-64-abgasanlage-dichtungen-hardware","11":"product_cat-charger-57-2011-2023-abgasanlage-dichtungen-hardware","12":"product_cat-charger-hellcat-abgasanlage-dichtungen-hardware","13":"product_cat-charger-64-abgasanlage-dichtungen-hardware","14":"product_tag-300c","15":"product_tag-auspuff","16":"product_tag-auspuffklappen","17":"product_tag-challenger","18":"product_tag-charger","19":"product_tag-chrysler","20":"product_tag-chrysler-300c","21":"product_tag-deaktivieren","22":"product_tag-dodge","23":"product_tag-dodge-challenger","24":"product_tag-dodge-charger","25":"product_tag-exhaust","26":"product_tag-fehlercode","27":"product_tag-inactive","28":"product_tag-klappen","29":"product_tag-laut","30":"product_tag-modul","31":"product_tag-motorkontrolllampe","32":"product_tag-obd","33":"product_tag-offen","34":"product_tag-oeffnen","35":"product_tag-sensor","36":"product_tag-simulator","37":"product_tag-stilllegen","38":"product_tag-u113f","39":"product_tag-u1140","40":"product_tag-z-automotive","41":"product_tag-z-auto","42":"product_tag-zauto","43":"product_tag-zautotech","45":"first","46":"instock","47":"taxable","48":"shipping-taxable","49":"purchasable","50":"product-type-simple"},"bundled_by":[],"bundle_stock_status":"instock","bundle_stock_quantity":2,"bundle_virtual":false,"bundle_layout":"","bundle_add_to_cart_form_location":"","bundle_editable_in_cart":false,"bundle_sold_individually_context":"","bundle_item_grouping":"","bundle_min_size":"","bundle_max_size":"","bundle_price":[],"bundled_items":[],"bundle_sell_ids":[],"exclude_global_add_ons":[],"addons":[],"acf":[],"_links":{"self":[{"href":"https:\/\/kraftwerk-shop.cc\/pl\/wp-json\/wp\/v2\/product\/68295372","targetHints":{"allow":["GET"]}}],"collection":[{"href":"https:\/\/kraftwerk-shop.cc\/pl\/wp-json\/wp\/v2\/product"}],"about":[{"href":"https:\/\/kraftwerk-shop.cc\/pl\/wp-json\/wp\/v2\/types\/product"}],"replies":[{"embeddable":true,"href":"https:\/\/kraftwerk-shop.cc\/pl\/wp-json\/wp\/v2\/comments?post=68295372"}],"version-history":[{"count":0,"href":"https:\/\/kraftwerk-shop.cc\/pl\/wp-json\/wp\/v2\/product\/68295372\/revisions"}],"wp:featuredmedia":[{"embeddable":true,"href":"https:\/\/kraftwerk-shop.cc\/pl\/wp-json\/wp\/v2\/media\/68295551"}],"wp:attachment":[{"href":"https:\/\/kraftwerk-shop.cc\/pl\/wp-json\/wp\/v2\/media?parent=68295372"}],"wp:term":[{"taxonomy":"product_brand","embeddable":true,"href":"https:\/\/kraftwerk-shop.cc\/pl\/wp-json\/wp\/v2\/product_brand?post=68295372"},{"taxonomy":"product_cat","embeddable":true,"href":"https:\/\/kraftwerk-shop.cc\/pl\/wp-json\/wp\/v2\/product_cat?post=68295372"},{"taxonomy":"product_tag","embeddable":true,"href":"https:\/\/kraftwerk-shop.cc\/pl\/wp-json\/wp\/v2\/product_tag?post=68295372"}],"curies":[{"name":"wp","href":"https:\/\/api.w.org\/{rel}","templated":true}]}}