{"id":68295375,"date":"2023-12-20T00:09:45","date_gmt":"2023-12-19T23:09:45","guid":{"rendered":"https:\/\/kraftwerk-shop.cc\/?post_type=product&#038;p=68295375"},"modified":"2026-02-15T00:05:00","modified_gmt":"2026-02-14T23:05:00","slug":"oslony-rozdzielacza-dodge-challenger","status":"publish","type":"product","link":"https:\/\/kraftwerk-shop.cc\/pl\/produkt\/splitter-guards-dodge-challenger\/","title":{"rendered":"Os\u0142ony rozdzielacza Dodge Challenger"},"content":{"rendered":"<h1>Os\u0142ony splittera do Dodge Challenger 2015 - 2023 chroni\u0105ce oryginalny przedni splitter podczas przyziemienia.<\/h1>\n<p>&nbsp;<\/p>\n<p>Prosty monta\u017c za pomoc\u0105 wkr\u0119t\u00f3w samogwintuj\u0105cych.<\/p>\n<p>Pasuje do Dodge Challenger Scat Pack i innych wariant\u00f3w z warg\u0105 1\/2\u2033.<\/p>\n<p><u>Nie<\/u> odpowiedni dla Hellcat i Widebody.<br \/>\n<u>Nie<\/u> nadaje si\u0119 do naszych przednich rozszerze\u0144 splittera.<\/p>\n<p>&nbsp;<\/p>","protected":false},"excerpt":{"rendered":"<p>2015\u20132023<\/p>","protected":false},"featured_media":68295387,"comment_status":"open","ping_status":"closed","template":"","meta":{"_acf_changed":false},"product_brand":[],"product_cat":[2579,2581,2587],"product_tag":[763,54,49,3853,781,779,100,126,36,764,96,759],"class_list":{"0":"post-68295375","1":"product","2":"type-product","3":"status-publish","4":"has-post-thumbnail","6":"product_cat-challenger-36-body","7":"product_cat-challenger-57-body","8":"product_cat-challenger-64-body","9":"product_tag-bodykit","10":"product_tag-challenger","11":"product_tag-dodge","12":"product_tag-dodge-challenger","13":"product_tag-guard","14":"product_tag-guards","15":"product_tag-hellcat","16":"product_tag-hemi","17":"product_tag-kraftwerk","18":"product_tag-splitter","19":"product_tag-srt","20":"product_tag-zl1addons","21":"product_shipping_class-deutschlandohne","23":"first","24":"instock","25":"sale","26":"taxable","27":"shipping-taxable","28":"purchasable","29":"product-type-simple"},"bundled_by":[],"bundle_stock_status":"instock","bundle_stock_quantity":1,"bundle_virtual":false,"bundle_layout":"","bundle_add_to_cart_form_location":"","bundle_editable_in_cart":false,"bundle_sold_individually_context":"","bundle_item_grouping":"","bundle_min_size":"","bundle_max_size":"","bundle_price":[],"bundled_items":[],"bundle_sell_ids":[],"exclude_global_add_ons":[],"addons":[],"acf":[],"_links":{"self":[{"href":"https:\/\/kraftwerk-shop.cc\/pl\/wp-json\/wp\/v2\/product\/68295375","targetHints":{"allow":["GET"]}}],"collection":[{"href":"https:\/\/kraftwerk-shop.cc\/pl\/wp-json\/wp\/v2\/product"}],"about":[{"href":"https:\/\/kraftwerk-shop.cc\/pl\/wp-json\/wp\/v2\/types\/product"}],"replies":[{"embeddable":true,"href":"https:\/\/kraftwerk-shop.cc\/pl\/wp-json\/wp\/v2\/comments?post=68295375"}],"version-history":[{"count":0,"href":"https:\/\/kraftwerk-shop.cc\/pl\/wp-json\/wp\/v2\/product\/68295375\/revisions"}],"wp:featuredmedia":[{"embeddable":true,"href":"https:\/\/kraftwerk-shop.cc\/pl\/wp-json\/wp\/v2\/media\/68295387"}],"wp:attachment":[{"href":"https:\/\/kraftwerk-shop.cc\/pl\/wp-json\/wp\/v2\/media?parent=68295375"}],"wp:term":[{"taxonomy":"product_brand","embeddable":true,"href":"https:\/\/kraftwerk-shop.cc\/pl\/wp-json\/wp\/v2\/product_brand?post=68295375"},{"taxonomy":"product_cat","embeddable":true,"href":"https:\/\/kraftwerk-shop.cc\/pl\/wp-json\/wp\/v2\/product_cat?post=68295375"},{"taxonomy":"product_tag","embeddable":true,"href":"https:\/\/kraftwerk-shop.cc\/pl\/wp-json\/wp\/v2\/product_tag?post=68295375"}],"curies":[{"name":"wp","href":"https:\/\/api.w.org\/{rel}","templated":true}]}}