{"id":68295492,"date":"2023-12-20T00:10:58","date_gmt":"2023-12-19T23:10:58","guid":{"rendered":"https:\/\/kraftwerk-shop.cc\/?post_type=product&#038;p=68295492"},"modified":"2026-03-17T15:20:20","modified_gmt":"2026-03-17T14:20:20","slug":"programator-diablosport-intune-i3-chevrolet-cadillac-gmc-hummer-pontiac","status":"publish","type":"product","link":"https:\/\/kraftwerk-shop.cc\/pl\/produkt\/diablosport-intune-i3-chevrolet-cadillac-gmc-hummer-pontiac-programmiergeraet\/","title":{"rendered":"Diablosport inTune i3 Platinum GM"},"content":{"rendered":"<h1>Diablosport inTune i3 dla Chevroleta, Cadillaca, GMC, Hummera i Pontiaca<\/h1>\n<p><span style=\"font-size: 16px;\"><span style=\"font-family: Arial,Verdana,Helvetica; line-height: 15.6px;\"><br \/>\nDiabloport <strong>inTune i3 <\/strong>zast\u0119puje inTune <strong>i2<\/strong>.<\/span><\/span><\/p>\n<p><span style=\"font-size: 16px;\"><span style=\"font-family: Arial,Verdana,Helvetica; line-height: 15.6px;\">Jeste\u015bmy <strong><u>bardziej autoryzowany<\/u> <\/strong>Dealer Diablosport.<\/span><\/span><\/p>\n<p>Dostarczamy tylko <strong><em>Platyna <\/em><\/strong>kt\u00f3ra w przeciwie\u0144stwie do zwyk\u0142ej wersji oferuje wi\u0119cej opcji ustawie\u0144 i umo\u017cliwia korzystanie z niestandardowych melodii (indywidualnie tworzone oprogramowanie przez dostawc\u00f3w zewn\u0119trznych).<br \/>\n<span style=\"font-size: 16px;\">Diablosport inTune i3 mo\u017ce by\u0107 u\u017cywany do ka\u017cdego pojazdu wymienionego na li\u015bcie pojazd\u00f3w. *<br \/>\nAktualizacje i oprogramowanie dla nowych modeli s\u0105 przesy\u0142ane do urz\u0105dzenia za po\u015brednictwem portu USB.<\/span><\/p>\n<p>Opr\u00f3cz standardowego tuningu** zawartego w urz\u0105dzeniu, inTune i3 mo\u017ce r\u00f3wnie\u017c rejestrowa\u0107 dane OBD, odczytywa\u0107 i usuwa\u0107 kody b\u0142\u0119d\u00f3w oraz programowa\u0107 \"niestandardowe tuningi\", tj. indywidualnie tworzone przez nas statusy danych w poje\u017adzie.<\/p>\n<p><span style=\"font-size: 16px;\">\u00a0 \u00a0\u00a0<\/span><\/p>\n<p><strong><span style=\"font-size: 16px;\">Zakres dostawy:<\/span><\/strong><\/p>\n<ul>\n<li><span style=\"font-size: 16px;\">inTune i3 dla Chrysler, Dodge, Jeep i RAM<\/span><\/li>\n<li><span style=\"font-size: 16px;\">Kabel OBD<\/span><\/li>\n<li><span style=\"font-size: 16px;\">Kabel USB<\/span><\/li>\n<li><span style=\"font-size: 16px;\">Instrukcja obs\u0142ugi (w j\u0119zyku angielskim)<br \/>\n<\/span><\/li>\n<\/ul>\n<p><span style=\"font-size: 16px;\">Uwaga: nie oferujemy wsparcia ani instrukcji dla urz\u0105dze\u0144, kt\u00f3re nie zosta\u0142y zakupione od nas.<\/span><\/p>\n<p><span style=\"font-size: 16px;\"><br \/>\nPrzed wysy\u0142k\u0105 aktualizujemy ka\u017cde urz\u0105dzenie do najnowszej wersji oprogramowania.<\/span><\/p>\n<p>&nbsp;<\/p>\n<p><span style=\"font-size: 16px;\"><strong>Obs\u0142ugiwane pojazdy inTune i3:<\/strong><\/span><\/p>\n<table border=\"0\" width=\"989\" cellspacing=\"0\" cellpadding=\"0\">\n<colgroup>\n<col span=\"2\" \/>\n<col \/>\n<col span=\"2\" \/> <\/colgroup>\n<tbody>\n<tr>\n<td style=\"height: 21px; width: 183px;\" height=\"21\">Marka<\/td>\n<td style=\"width: 183px;\">Model<\/td>\n<td style=\"width: 257px;\">Silnik<\/td>\n<td style=\"width: 183px;\">Od<\/td>\n<td style=\"width: 183px;\">Do<\/td>\n<\/tr>\n<tr>\n<td style=\"height: 21px; width: 183px;\" height=\"21\">Buick<\/td>\n<td style=\"width: 183px;\">Encore<\/td>\n<td style=\"width: 257px;\">1.4L Turbo<\/td>\n<td style=\"width: 183px;\" align=\"right\">2013<\/td>\n<td style=\"width: 183px;\" align=\"right\">2015<\/td>\n<\/tr>\n<tr>\n<td style=\"height: 21px; width: 183px;\" height=\"21\">Cadillac<\/td>\n<td style=\"width: 183px;\">ATS<\/td>\n<td style=\"width: 257px;\">2.0L Turbo<\/td>\n<td style=\"width: 183px;\" align=\"right\">2013<\/td>\n<td style=\"width: 183px;\" align=\"right\">2015<\/td>\n<\/tr>\n<tr>\n<td style=\"height: 21px; width: 183px;\" height=\"21\">Cadillac<\/td>\n<td style=\"width: 183px;\">ATS<\/td>\n<td style=\"width: 257px;\">3.6L<\/td>\n<td style=\"width: 183px;\" align=\"right\">2012<\/td>\n<td style=\"width: 183px;\" align=\"right\">2015<\/td>\n<\/tr>\n<tr>\n<td style=\"height: 21px; width: 183px;\" height=\"21\">Cadillac<\/td>\n<td style=\"width: 183px;\">CTS<\/td>\n<td style=\"width: 257px;\">2.0L Turbo<\/td>\n<td style=\"width: 183px;\" align=\"right\">2014<\/td>\n<td style=\"width: 183px;\" align=\"right\">2015<\/td>\n<\/tr>\n<tr>\n<td style=\"height: 21px; width: 183px;\" height=\"21\">Cadillac<\/td>\n<td style=\"width: 183px;\">CTS<\/td>\n<td style=\"width: 257px;\">3.6L<\/td>\n<td style=\"width: 183px;\" align=\"right\">2012<\/td>\n<td style=\"width: 183px;\" align=\"right\">2015<\/td>\n<\/tr>\n<tr>\n<td style=\"height: 21px; width: 183px;\" height=\"21\">Cadillac<\/td>\n<td style=\"width: 183px;\">CTS-V<\/td>\n<td style=\"width: 257px;\">5.7L \/ 6.0L \/ 6.2L<\/td>\n<td style=\"width: 183px;\" align=\"right\">2004<\/td>\n<td style=\"width: 183px;\" align=\"right\">2015<\/td>\n<\/tr>\n<tr>\n<td style=\"height: 21px; width: 183px;\" height=\"21\">Cadillac<\/td>\n<td style=\"width: 183px;\">Escalade<\/td>\n<td style=\"width: 257px;\">6.0L \/ 6.2L<\/td>\n<td style=\"width: 183px;\" align=\"right\">1999<\/td>\n<td style=\"width: 183px;\" align=\"right\">2018<\/td>\n<\/tr>\n<tr>\n<td style=\"height: 21px; width: 183px;\" height=\"21\">Chevrolet<\/td>\n<td style=\"width: 183px;\">Avalanche<\/td>\n<td style=\"width: 257px;\">4.8L \/ 5.3L \/ 6.0L \/ 8.1L<\/td>\n<td style=\"width: 183px;\" align=\"right\">1999<\/td>\n<td style=\"width: 183px;\" align=\"right\">2013<\/td>\n<\/tr>\n<tr>\n<td style=\"height: 21px; width: 183px;\" height=\"21\">Chevrolet<\/td>\n<td style=\"width: 183px;\">Camaro SS \/ Z28 \/ ZL1<\/td>\n<td style=\"width: 257px;\">5.7L \/ 6.2L \/ 7.0L<\/td>\n<td style=\"width: 183px;\" align=\"right\">1999<\/td>\n<td style=\"width: 183px;\" align=\"right\">2018<\/td>\n<\/tr>\n<tr>\n<td style=\"height: 21px; width: 183px;\" height=\"21\">Chevrolet<\/td>\n<td style=\"width: 183px;\">Kolorado<\/td>\n<td style=\"width: 257px;\">2.9L \/ 3.6L \/ 3.7L \/ 5.3L<\/td>\n<td style=\"width: 183px;\" align=\"right\">2008<\/td>\n<td style=\"width: 183px;\" align=\"right\">2016<\/td>\n<\/tr>\n<tr>\n<td style=\"height: 21px; width: 183px;\" height=\"21\">Chevrolet<\/td>\n<td style=\"width: 183px;\">Corvette \/ Z06<\/td>\n<td style=\"width: 257px;\">5.7L \/ 6.0L \/ 6.2L \/ 7.0L<\/td>\n<td style=\"width: 183px;\" align=\"right\">1999<\/td>\n<td style=\"width: 183px;\" align=\"right\">2018<\/td>\n<\/tr>\n<tr>\n<td style=\"height: 21px; width: 183px;\" height=\"21\">Chevrolet<\/td>\n<td style=\"width: 183px;\">Impala SS<\/td>\n<td style=\"width: 257px;\">5.3L LS4<\/td>\n<td style=\"width: 183px;\" align=\"right\">2006<\/td>\n<td style=\"width: 183px;\" align=\"right\">2009<\/td>\n<\/tr>\n<tr>\n<td style=\"height: 21px; width: 183px;\" height=\"21\">Chevrolet<\/td>\n<td style=\"width: 183px;\">Monte Carlo SS<\/td>\n<td style=\"width: 257px;\">5.3L LS4<\/td>\n<td style=\"width: 183px;\" align=\"right\">2006<\/td>\n<td style=\"width: 183px;\" align=\"right\">2009<\/td>\n<\/tr>\n<tr>\n<td style=\"height: 21px; width: 183px;\" height=\"21\">Chevrolet<\/td>\n<td style=\"width: 183px;\">Silverado<\/td>\n<td style=\"width: 257px;\">4.8L \/ 5.3L \/ 6.0L \/ 6.2L \/ 8.1L<\/td>\n<td style=\"width: 183px;\" align=\"right\">1999<\/td>\n<td style=\"width: 183px;\" align=\"right\">2018<\/td>\n<\/tr>\n<tr>\n<td style=\"height: 21px; width: 183px;\" height=\"21\">Chevrolet<\/td>\n<td style=\"width: 183px;\">Silverado<\/td>\n<td style=\"width: 257px;\">4.3L V6<\/td>\n<td style=\"width: 183px;\" align=\"right\">2014<\/td>\n<td style=\"width: 183px;\" align=\"right\">2018<\/td>\n<\/tr>\n<tr>\n<td style=\"height: 21px; width: 183px;\" height=\"21\">Chevrolet<\/td>\n<td style=\"width: 183px;\">Silverado<\/td>\n<td style=\"width: 257px;\">5.3L \/ 6.2L<\/td>\n<td style=\"width: 183px;\" align=\"right\">2016<\/td>\n<td style=\"width: 183px;\" align=\"right\">2018<\/td>\n<\/tr>\n<tr>\n<td style=\"height: 21px; width: 183px;\" height=\"21\">Chevrolet<\/td>\n<td style=\"width: 183px;\">Silverado HD<\/td>\n<td style=\"width: 257px;\">6.6L Duramax<\/td>\n<td style=\"width: 183px;\" align=\"right\">2001<\/td>\n<td style=\"width: 183px;\" align=\"right\">2010<\/td>\n<\/tr>\n<tr>\n<td style=\"height: 21px; width: 183px;\" height=\"21\">Chevrolet<\/td>\n<td style=\"width: 183px;\">Sonic<\/td>\n<td style=\"width: 257px;\">1.4L Turbo<\/td>\n<td style=\"width: 183px;\" align=\"right\">2012<\/td>\n<td style=\"width: 183px;\" align=\"right\">2015<\/td>\n<\/tr>\n<tr>\n<td style=\"height: 21px; width: 183px;\" height=\"21\">Chevrolet<\/td>\n<td style=\"width: 183px;\">Cruze<\/td>\n<td style=\"width: 257px;\">1.4L Turbo<\/td>\n<td style=\"width: 183px;\" align=\"right\">2011<\/td>\n<td style=\"width: 183px;\" align=\"right\">2015<\/td>\n<\/tr>\n<tr>\n<td style=\"height: 21px; width: 183px;\" height=\"21\">Chevrolet<\/td>\n<td style=\"width: 183px;\">SS Sedan<\/td>\n<td style=\"width: 257px;\">6.2L<\/td>\n<td style=\"width: 183px;\" align=\"right\">2014<\/td>\n<td style=\"width: 183px;\" align=\"right\">2016<\/td>\n<\/tr>\n<tr>\n<td style=\"height: 21px; width: 183px;\" height=\"21\">Chevrolet<\/td>\n<td style=\"width: 183px;\">SSR<\/td>\n<td style=\"width: 257px;\">5.3L \/ 6.0L<\/td>\n<td style=\"width: 183px;\" align=\"right\">2003<\/td>\n<td style=\"width: 183px;\" align=\"right\">2006<\/td>\n<\/tr>\n<tr>\n<td style=\"height: 21px; width: 183px;\" height=\"21\">Chevrolet<\/td>\n<td style=\"width: 183px;\">Tahoe<\/td>\n<td style=\"width: 257px;\">4.8L \/ 5.3L \/ 6.0L \/ 6.2L \/ 8.1L<\/td>\n<td style=\"width: 183px;\" align=\"right\">1999<\/td>\n<td style=\"width: 183px;\" align=\"right\">2018<\/td>\n<\/tr>\n<tr>\n<td style=\"height: 21px; width: 183px;\" height=\"21\">Chevrolet<\/td>\n<td style=\"width: 183px;\">Trax<\/td>\n<td style=\"width: 257px;\">1.4L Turbo<\/td>\n<td style=\"width: 183px;\" align=\"right\">2015<\/td>\n<td style=\"width: 183px;\" align=\"right\">2015<\/td>\n<\/tr>\n<tr>\n<td style=\"height: 21px; width: 183px;\" height=\"21\">Chevrolet<\/td>\n<td style=\"width: 183px;\">Suburban<\/td>\n<td style=\"width: 257px;\">4.8L \/ 5.3L \/ 6.0L \/ 8.1L<\/td>\n<td style=\"width: 183px;\" align=\"right\">1999<\/td>\n<td style=\"width: 183px;\" align=\"right\">2018<\/td>\n<\/tr>\n<tr>\n<td style=\"height: 21px; width: 183px;\" height=\"21\">Chevrolet<\/td>\n<td style=\"width: 183px;\">Trailblazer<\/td>\n<td style=\"width: 257px;\">5.3L<\/td>\n<td style=\"width: 183px;\" align=\"right\">2006<\/td>\n<td style=\"width: 183px;\" align=\"right\">2006<\/td>\n<\/tr>\n<tr>\n<td style=\"height: 21px; width: 183px;\" height=\"21\">Chevrolet<\/td>\n<td style=\"width: 183px;\">Trailblazer SS<\/td>\n<td style=\"width: 257px;\">6.0L<\/td>\n<td style=\"width: 183px;\" align=\"right\">2006<\/td>\n<td style=\"width: 183px;\" align=\"right\">2009<\/td>\n<\/tr>\n<tr>\n<td style=\"height: 21px; width: 183px;\" height=\"21\">GMC<\/td>\n<td style=\"width: 183px;\">Kanion<\/td>\n<td style=\"width: 257px;\">2.9L \/ 3.6L \/ 3.7L \/ 5.3L<\/td>\n<td style=\"width: 183px;\" align=\"right\">2008<\/td>\n<td style=\"width: 183px;\" align=\"right\">2016<\/td>\n<\/tr>\n<tr>\n<td style=\"height: 21px; width: 183px;\" height=\"21\">GMC<\/td>\n<td style=\"width: 183px;\">Wys\u0142annik<\/td>\n<td style=\"width: 257px;\">5.3L<\/td>\n<td style=\"width: 183px;\" align=\"right\">2006<\/td>\n<td style=\"width: 183px;\" align=\"right\">2006<\/td>\n<\/tr>\n<tr>\n<td style=\"height: 21px; width: 183px;\" height=\"21\">GMC<\/td>\n<td style=\"width: 183px;\">Sierra<\/td>\n<td style=\"width: 257px;\">4.3L V6<\/td>\n<td style=\"width: 183px;\" align=\"right\">2014<\/td>\n<td style=\"width: 183px;\" align=\"right\">2018<\/td>\n<\/tr>\n<tr>\n<td style=\"height: 21px; width: 183px;\" height=\"21\">GMC<\/td>\n<td style=\"width: 183px;\">Sierra<\/td>\n<td style=\"width: 257px;\">4.8L \/ 5.3L \/ 6.0L \/ 6.2L \/ 8.1L<\/td>\n<td style=\"width: 183px;\" align=\"right\">1999<\/td>\n<td style=\"width: 183px;\" align=\"right\">2018<\/td>\n<\/tr>\n<tr>\n<td style=\"height: 21px; width: 183px;\" height=\"21\">GMC<\/td>\n<td style=\"width: 183px;\">Sierra<\/td>\n<td style=\"width: 257px;\">5.3L \/ 6.2L<\/td>\n<td style=\"width: 183px;\" align=\"right\">2016<\/td>\n<td style=\"width: 183px;\" align=\"right\">2018<\/td>\n<\/tr>\n<tr>\n<td style=\"height: 21px; width: 183px;\" height=\"21\">GMC<\/td>\n<td style=\"width: 183px;\">Sierra<\/td>\n<td style=\"width: 257px;\">6.6L Duramax<\/td>\n<td style=\"width: 183px;\" align=\"right\">2001<\/td>\n<td style=\"width: 183px;\" align=\"right\">2010<\/td>\n<\/tr>\n<tr>\n<td style=\"height: 21px; width: 183px;\" height=\"21\">GMC<\/td>\n<td style=\"width: 183px;\">Yukon \/ Yukon XL<\/td>\n<td style=\"width: 257px;\">4.8L \/ 5.3L \/ 6.0L \/ 6.2L \/ 8.1L<\/td>\n<td style=\"width: 183px;\" align=\"right\">1999<\/td>\n<td style=\"width: 183px;\" align=\"right\">2018<\/td>\n<\/tr>\n<tr>\n<td style=\"height: 21px; width: 183px;\" height=\"21\">Hummer<\/td>\n<td style=\"width: 183px;\">H1 \/ H2 \/ H3<\/td>\n<td style=\"width: 257px;\">3.7L \/ 5.3L \/ 6.0L \/ 6.2L \/ 6.6L Diesel<\/td>\n<td style=\"width: 183px;\" align=\"right\">2003<\/td>\n<td style=\"width: 183px;\" align=\"right\">2010<\/td>\n<\/tr>\n<tr>\n<td style=\"height: 21px; width: 183px;\" height=\"21\">Pontiac<\/td>\n<td style=\"width: 183px;\">Firebird \/ Trans Am<\/td>\n<td style=\"width: 257px;\">5.7L<\/td>\n<td style=\"width: 183px;\" align=\"right\">1999<\/td>\n<td style=\"width: 183px;\" align=\"right\">2002<\/td>\n<\/tr>\n<tr>\n<td style=\"height: 21px; width: 183px;\" height=\"21\">Pontiac<\/td>\n<td style=\"width: 183px;\">G8<\/td>\n<td style=\"width: 257px;\">6.0L \/ 6.2L<\/td>\n<td style=\"width: 183px;\" align=\"right\">2008<\/td>\n<td style=\"width: 183px;\" align=\"right\">2009<\/td>\n<\/tr>\n<tr>\n<td style=\"height: 21px; width: 183px;\" height=\"21\">Pontiac<\/td>\n<td style=\"width: 183px;\">Grand Prix GXP<\/td>\n<td style=\"width: 257px;\">5.3L LS4<\/td>\n<td style=\"width: 183px;\" align=\"right\">2005<\/td>\n<td style=\"width: 183px;\" align=\"right\">2009<\/td>\n<\/tr>\n<tr>\n<td style=\"height: 21px; width: 183px;\" height=\"21\">Pontiac<\/td>\n<td style=\"width: 183px;\">GTO<\/td>\n<td style=\"width: 257px;\">5.7L \/ 6.0L<\/td>\n<td style=\"width: 183px;\" align=\"right\">2004<\/td>\n<td style=\"width: 183px;\" align=\"right\">2006<\/td>\n<\/tr>\n<\/tbody>\n<\/table>\n<p>&nbsp;<\/p>\n<p>&nbsp;<\/p>\n<p><span style=\"font-size: 16px;\"><span style=\"line-height: 1.3;\">* Urz\u0105dzenie jest dostarczane z licencj\u0105 do u\u017cytku w poje\u017adzie. Dodatkowe licencje mo\u017cna naby\u0107 oddzielnie.<br \/>\n** Nie przyjmujemy \u017cadnej gwarancji \/ odpowiedzialno\u015bci za dane tuningowe zawarte w urz\u0105dzeniu przez producenta lub za uszkodzenie pojazdu.<\/span><\/span><\/p>\n<p><span style=\"font-size: 16px;\">S\u0105 one sprzedawane wy\u0142\u0105cznie jako artyku\u0142y do sport\u00f3w motorowych.<br \/>\nPrzed u\u017cyciem wymagana jest znajomo\u015b\u0107 j\u0119zyka angielskiego i przeczytanie instrukcji obs\u0142ugi w j\u0119zyku angielskim.<br \/>\nW przypadku Chryslera, Dodge'a, Jeepa i RAM, indywidualny tuning jest dost\u0119pny zgodnie z nasz\u0105 ofert\u0105. <a href=\"http:\/\/www.kraftwerk.cc\/de\/fahrzeugauswahl\" target=\"_blank\" rel=\"noopener\">Ulepszenia wydajno\u015bci<\/a>\u00a0dost\u0119pny r\u00f3wnie\u017c dla inTune i3.<\/span><\/p>\n<p>&nbsp;<\/p>","protected":false},"excerpt":{"rendered":"<p>Programator Chevrolet, Cadillac, GMC, Hummer i Pontiac<\/p>","protected":false},"featured_media":68295493,"comment_status":"open","ping_status":"closed","template":"","meta":{"_acf_changed":false},"product_brand":[],"product_cat":[1522,3981,3985,1535,3081,3121,3132,3982,3989,3987,3991],"product_tag":[1227,1203,1156,1205,915,278,191,1214,189,190,515,1206,281,1211,1204,279,429,427,2038,119,1215,288,1219,1221,2039,1157,1318,1201,1222,1223,1218,301,302,300,1224,1207,428,441,36,1208,438,1202,517,463,1216,299,1209,1210,291,1212,298,293,289,1220,1213,233,919,1155,1217,329],"class_list":{"0":"post-68295492","1":"product","2":"type-product","3":"status-publish","4":"has-post-thumbnail","6":"product_cat-cts-v","7":"product_cat-escalade-motor","8":"product_cat-avalanche-motor","9":"product_cat-camaro-62-2010-2015-motor","10":"product_cat-camaro-62-2016-motor","11":"product_cat-corvette-c6-motor","12":"product_cat-corvette-c7-motor","13":"product_cat-silverado-motor","14":"product_cat-suburban-motor","15":"product_cat-tahoe-motor","16":"product_cat-trailblazer-motor","17":"product_tag-1227","18":"product_tag-ats","19":"product_tag-aufhebung","20":"product_tag-avalanche","21":"product_tag-bestellen","22":"product_tag-cadillac","23":"product_tag-camaro","24":"product_tag-canyon","25":"product_tag-chevrolet","26":"product_tag-chevy","27":"product_tag-chiptuning","28":"product_tag-colorado","29":"product_tag-corvette","30":"product_tag-cruze","31":"product_tag-cts","32":"product_tag-cts-v","33":"product_tag-deutschland","34":"product_tag-diablosport","35":"product_tag-encore","36":"product_tag-entfernen","37":"product_tag-envoy","38":"product_tag-escalade","39":"product_tag-firebird","40":"product_tag-g8","41":"product_tag-g8-grand-prix","42":"product_tag-geschwindigkeitsbegrenzer","43":"product_tag-gm","44":"product_tag-gmc","45":"product_tag-grand-prix","46":"product_tag-gto","47":"product_tag-h1","48":"product_tag-h2","49":"product_tag-h3","50":"product_tag-hummer","51":"product_tag-i3","52":"product_tag-impala","53":"product_tag-intune","54":"product_tag-kaufen","55":"product_tag-kraftwerk","56":"product_tag-monte-carlo","57":"product_tag-obd","58":"product_tag-pontiac","59":"product_tag-programmiergeraet","60":"product_tag-shop","61":"product_tag-sierra","62":"product_tag-silverado","63":"product_tag-silveraldo","64":"product_tag-sonic","65":"product_tag-ss","66":"product_tag-ssr","67":"product_tag-suburban","68":"product_tag-tahoe","69":"product_tag-trailblazer","70":"product_tag-tranam","71":"product_tag-trax","72":"product_tag-tuning","73":"product_tag-tuninggeraet","74":"product_tag-vmax","75":"product_tag-yukon","76":"product_tag-zylinderabschaltung","78":"first","79":"instock","80":"taxable","81":"shipping-taxable","82":"purchasable","83":"product-type-simple"},"bundled_by":[],"bundle_stock_status":"instock","bundle_stock_quantity":2,"bundle_virtual":false,"bundle_layout":"","bundle_add_to_cart_form_location":"","bundle_editable_in_cart":false,"bundle_sold_individually_context":"","bundle_item_grouping":"","bundle_min_size":"","bundle_max_size":"","bundle_price":[],"bundled_items":[],"bundle_sell_ids":[],"exclude_global_add_ons":[],"addons":[],"acf":[],"_links":{"self":[{"href":"https:\/\/kraftwerk-shop.cc\/pl\/wp-json\/wp\/v2\/product\/68295492","targetHints":{"allow":["GET"]}}],"collection":[{"href":"https:\/\/kraftwerk-shop.cc\/pl\/wp-json\/wp\/v2\/product"}],"about":[{"href":"https:\/\/kraftwerk-shop.cc\/pl\/wp-json\/wp\/v2\/types\/product"}],"replies":[{"embeddable":true,"href":"https:\/\/kraftwerk-shop.cc\/pl\/wp-json\/wp\/v2\/comments?post=68295492"}],"version-history":[{"count":0,"href":"https:\/\/kraftwerk-shop.cc\/pl\/wp-json\/wp\/v2\/product\/68295492\/revisions"}],"wp:featuredmedia":[{"embeddable":true,"href":"https:\/\/kraftwerk-shop.cc\/pl\/wp-json\/wp\/v2\/media\/68295493"}],"wp:attachment":[{"href":"https:\/\/kraftwerk-shop.cc\/pl\/wp-json\/wp\/v2\/media?parent=68295492"}],"wp:term":[{"taxonomy":"product_brand","embeddable":true,"href":"https:\/\/kraftwerk-shop.cc\/pl\/wp-json\/wp\/v2\/product_brand?post=68295492"},{"taxonomy":"product_cat","embeddable":true,"href":"https:\/\/kraftwerk-shop.cc\/pl\/wp-json\/wp\/v2\/product_cat?post=68295492"},{"taxonomy":"product_tag","embeddable":true,"href":"https:\/\/kraftwerk-shop.cc\/pl\/wp-json\/wp\/v2\/product_tag?post=68295492"}],"curies":[{"name":"wp","href":"https:\/\/api.w.org\/{rel}","templated":true}]}}