{"id":68295507,"date":"2023-12-20T00:11:12","date_gmt":"2023-12-19T23:11:12","guid":{"rendered":"https:\/\/kraftwerk-shop.cc\/?post_type=product&#038;p=68295507"},"modified":"2026-02-15T00:07:24","modified_gmt":"2026-02-14T23:07:24","slug":"5-7-hemi-vvt-nsr-zestaw-walkow-rozrzadu-wydajnosc","status":"publish","type":"product","link":"https:\/\/kraftwerk-shop.cc\/pl\/produkt\/5-7-hemi-vvt-nsr-nockenwellen-kit-performance\/","title":{"rendered":"Zestaw wa\u0142k\u00f3w rozrz\u0105du 5.7 Hemi VVT NSR \"Performance\""},"content":{"rendered":"<h1>Zestaw wa\u0142k\u00f3w rozrz\u0105du 5.7 Hemi VVT NSR \"Performance\"<\/h1>\n<p>&nbsp;<\/p>\n<p>Nasze zestawy wa\u0142k\u00f3w rozrz\u0105du HEMI zosta\u0142y opracowane tak, aby dob\u00f3r odpowiedniego wa\u0142ka rozrz\u0105du do pojazdu by\u0142 niezwykle prosty.<br \/>\nMo\u017cesz mie\u0107 pewno\u015b\u0107, \u017ce otrzymujesz najwy\u017cszej jako\u015bci cz\u0119\u015bci i najlepsz\u0105 konstrukcj\u0119 wa\u0142ka rozrz\u0105du, stworzon\u0105 dla Ciebie przez najbardziej do\u015bwiadczonych technik\u00f3w w bran\u017cy.<br \/>\n<strong>NSR<\/strong> oznacza <strong>N<\/strong>o <strong>S<\/strong>pier\u015bcienie <strong>R<\/strong>wymagane.<br \/>\nTen wa\u0142ek rozrz\u0105du mo\u017ce by\u0107 u\u017cywany bez wzmocnionych spr\u0119\u017cyn zaworowych.<\/p>\n<p>Ten wa\u0142ek rozrz\u0105du zosta\u0142 zaprojektowany z my\u015bl\u0105 o maksymalizacji osi\u0105g\u00f3w przy zachowaniu oryginalnych spr\u0119\u017cyn zaworowych.<\/p>\n<p>Do 5-biegowych skrzy\u0144 bieg\u00f3w NAG1 zalecamy inny przemiennik momentu obrotowego.<br \/>\nW przypadku 8-biegowych skrzy\u0144 bieg\u00f3w nie jest wymagany \u017caden inny przemiennik momentu obrotowego.<br \/>\nNadaje si\u0119 r\u00f3wnie\u017c do manualnych skrzy\u0144 bieg\u00f3w.<\/p>\n<p>&nbsp;<\/p>\n<p><strong>Zestaw zawiera:<\/strong><\/p>\n<ul>\n<li>Wa\u0142ek rozrz\u0105du Comp Cams 5.7 Hemi VVT NSR zgodny z naszymi specyfikacjami<\/li>\n<li>Pasuj\u0105ce popychacze<\/li>\n<li>Cam Phaser Limiter<\/li>\n<li>Kompletny zestaw podno\u015bnik\u00f3w innych ni\u017c MDS (16 sztuk)<\/li>\n<li>\u015aruba wa\u0142ka rozrz\u0105du<\/li>\n<li>Smar monta\u017cowy<\/li>\n<\/ul>\n<p>&nbsp;<\/p>\n<p><strong>Odpowiedni dla:<\/strong><\/p>\n<table width=\"437\">\n<tbody>\n<tr>\n<td width=\"83\"><strong>Marka<\/strong><\/td>\n<td width=\"122\"><strong>Model<\/strong><\/td>\n<td width=\"136\"><strong>Silnik<\/strong><\/td>\n<td width=\"96\"><strong>Rok<\/strong><\/td>\n<\/tr>\n<tr>\n<td>Chrysler<\/td>\n<td>300C<\/td>\n<td>5.7<\/td>\n<td>2009\u20132023<\/td>\n<\/tr>\n<tr>\n<td>Dodge<\/td>\n<td>Challenger<\/td>\n<td>5.7<\/td>\n<td>2009\u20132023<\/td>\n<\/tr>\n<tr>\n<td>Dodge<\/td>\n<td>Charger<\/td>\n<td>5.7<\/td>\n<td>2009\u20132023<\/td>\n<\/tr>\n<tr>\n<td>Dodge<\/td>\n<td>Durango<\/td>\n<td>5.7<\/td>\n<td>2009\u20132025<\/td>\n<\/tr>\n<tr>\n<td>Jeep<\/td>\n<td>Grand Cherokee<\/td>\n<td>5.7<\/td>\n<td>2009\u20132021<\/td>\n<\/tr>\n<tr>\n<td>Jeep<\/td>\n<td>Commander<\/td>\n<td>5.7<\/td>\n<td>2009\u20132010<\/td>\n<\/tr>\n<tr>\n<td>RAM<\/td>\n<td>1500 \/ 2500 \/ 3500<\/td>\n<td>5.7<\/td>\n<td>2009\u20132024<\/td>\n<\/tr>\n<\/tbody>\n<\/table>\n<p>&nbsp;<\/p>","protected":false},"excerpt":{"rendered":"<p>Zestaw wa\u0142k\u00f3w rozrz\u0105du 5.7 Hemi VVT NSR \"Performance\" Nasze zestawy wa\u0142k\u00f3w rozrz\u0105du HEMI zosta\u0142y opracowane w celu u\u0142atwienia doboru odpowiedniego wa\u0142ka rozrz\u0105du do danego silnika.<\/p>","protected":false},"featured_media":68295511,"comment_status":"open","ping_status":"closed","template":"","meta":{"_acf_changed":false},"product_brand":[],"product_cat":[6708,6723,6728,6713,6733,6738,19348,6718,6743,6748,6753,9961],"product_tag":[52,91,365,340,54,53,821,48,536,339,341,2329,49,3853,3854,56,126,50,4425,36,55,336,2449,186,86,337,338,356],"class_list":{"0":"post-68295507","1":"product","2":"type-product","3":"status-publish","4":"has-post-thumbnail","6":"product_cat-300c-57-2005-2010-nockenwelle-ventiltrieb","7":"product_cat-300c-57-2011-2023-nockenwelle-ventiltrieb","8":"product_cat-challenger-57-nockenwelle-ventiltrieb","9":"product_cat-charger-57-nockenwelle-ventiltrieb","10":"product_cat-charger-57-2011-2023-nockenwelle-ventiltrieb","11":"product_cat-durango-57-nockenwelle-ventiltrieb","12":"product_cat-commander-57-nockenwelle-ventiltrieb","13":"product_cat-grand-cherokee-57-2005-2010-nockenwelle-ventiltrieb","14":"product_cat-grand-cherokee-57-2011-2021-nockenwelle-ventiltrieb","15":"product_cat-1500-57-2009-2018-classic-nockenwelle-ventiltrieb","16":"product_cat-1500-57-dt-nockenwelle-ventiltrieb","17":"product_cat-2500-3500-57-nockenwelle-ventiltrieb","18":"product_tag-300c","19":"product_tag-5-7","20":"product_tag-cam","21":"product_tag-cams","22":"product_tag-challenger","23":"product_tag-charger","24":"product_tag-chopstix","25":"product_tag-chrysler","26":"product_tag-chrysler-300c","27":"product_tag-comp","28":"product_tag-compcam","29":"product_tag-compcams","30":"product_tag-dodge","31":"product_tag-dodge-challenger","32":"product_tag-dodge-charger","33":"product_tag-grand-cherokee","34":"product_tag-hemi","35":"product_tag-jeep","36":"product_tag-jeep-grand-cherokee","37":"product_tag-kraftwerk","38":"product_tag-magnum","39":"product_tag-nockenwelle","40":"product_tag-nockenwellenkit","41":"product_tag-performance","42":"product_tag-ram","43":"product_tag-scharfe","44":"product_tag-standgas","45":"product_tag-vvt","47":"first","48":"onbackorder","49":"taxable","50":"shipping-taxable","51":"purchasable","52":"product-type-simple"},"bundled_by":[],"bundle_stock_status":"onbackorder","bundle_stock_quantity":0,"bundle_virtual":false,"bundle_layout":"","bundle_add_to_cart_form_location":"","bundle_editable_in_cart":false,"bundle_sold_individually_context":"","bundle_item_grouping":"","bundle_min_size":"","bundle_max_size":"","bundle_price":[],"bundled_items":[],"bundle_sell_ids":[],"exclude_global_add_ons":[],"addons":[],"acf":[],"_links":{"self":[{"href":"https:\/\/kraftwerk-shop.cc\/pl\/wp-json\/wp\/v2\/product\/68295507","targetHints":{"allow":["GET"]}}],"collection":[{"href":"https:\/\/kraftwerk-shop.cc\/pl\/wp-json\/wp\/v2\/product"}],"about":[{"href":"https:\/\/kraftwerk-shop.cc\/pl\/wp-json\/wp\/v2\/types\/product"}],"replies":[{"embeddable":true,"href":"https:\/\/kraftwerk-shop.cc\/pl\/wp-json\/wp\/v2\/comments?post=68295507"}],"version-history":[{"count":0,"href":"https:\/\/kraftwerk-shop.cc\/pl\/wp-json\/wp\/v2\/product\/68295507\/revisions"}],"wp:featuredmedia":[{"embeddable":true,"href":"https:\/\/kraftwerk-shop.cc\/pl\/wp-json\/wp\/v2\/media\/68295511"}],"wp:attachment":[{"href":"https:\/\/kraftwerk-shop.cc\/pl\/wp-json\/wp\/v2\/media?parent=68295507"}],"wp:term":[{"taxonomy":"product_brand","embeddable":true,"href":"https:\/\/kraftwerk-shop.cc\/pl\/wp-json\/wp\/v2\/product_brand?post=68295507"},{"taxonomy":"product_cat","embeddable":true,"href":"https:\/\/kraftwerk-shop.cc\/pl\/wp-json\/wp\/v2\/product_cat?post=68295507"},{"taxonomy":"product_tag","embeddable":true,"href":"https:\/\/kraftwerk-shop.cc\/pl\/wp-json\/wp\/v2\/product_tag?post=68295507"}],"curies":[{"name":"wp","href":"https:\/\/api.w.org\/{rel}","templated":true}]}}