{"id":68295580,"date":"2023-12-20T00:12:05","date_gmt":"2023-12-19T23:12:05","guid":{"rendered":"https:\/\/kraftwerk-shop.cc\/?post_type=product&#038;p=68295580"},"modified":"2026-03-23T12:16:27","modified_gmt":"2026-03-23T11:16:27","slug":"klapy-wydechowe-qtp-aggressor-ram-1500-dt","status":"publish","type":"product","link":"https:\/\/kraftwerk-shop.cc\/pl\/produkt\/qtp-aggressor-auspuffklappen-ram-1500-dt\/","title":{"rendered":"Zestaw klap wydechowych QTP Aggressor dla RAM 5.7 Hemi"},"content":{"rendered":"<h1>Zestaw klap wydechowych QTP Aggressor dla RAM 5.7 Hemi<\/h1>\n<p>&nbsp;<\/p>\n<p>Aggressor to zestaw monta\u017cowy z wyci\u0119ciem elektrycznym dostosowany do pojazdu.<br \/>\nQuick Time Performance (QTP) zaprojektowa\u0142 ka\u017cd\u0105 aplikacj\u0119 dla optymalnej pozycji instalacji, d\u017awi\u0119ku i wydajno\u015bci.<br \/>\nNie musisz martwi\u0107 si\u0119 o miejsce instalacji. Ten problem zosta\u0142 ju\u017c rozwi\u0105zany. Wi\u0119kszo\u015b\u0107 zestaw\u00f3w nie wymaga \u017cadnych prac spawalniczych.<\/p>\n<p>Przejd\u017a od fabrycznej ciszy do zamieszek! Wystarczy je przykr\u0119ci\u0107 i rozp\u0119ta si\u0119 piek\u0142o.<\/p>\n<p>Wszystkie systemy s\u0105 wykonane ze stali nierdzewnej i wyprodukowane w USA.<\/p>\n<p>&nbsp;<\/p>\n<ul>\n<li>Nadaje si\u0119 do 2019-2022 Ram 1500 5.7L<\/li>\n<li>Odpowiedni dla kabiny za\u0142ogowej \/ kr\u00f3tkiego \u0142\u00f3\u017cka<\/li>\n<li>Wsp\u00f3\u0142pracuje z dodatkowymi uk\u0142adami wydechowymi<\/li>\n<li>Nie pasuje do kolanek wentylatora longtube<\/li>\n<li>Nie wymaga spawania<\/li>\n<li>Pe\u0142na kontrola u\u017cytkownika nad wydajno\u015bci\u0105 i d\u017awi\u0119kiem<\/li>\n<li>Konstrukcja ze stali nierdzewnej 304<\/li>\n<li>Od cichego do g\u0142o\u015bnego za naci\u015bni\u0119ciem przycisku<\/li>\n<li>Wyprodukowano w USA.<\/li>\n<\/ul>\n<p>&nbsp;<\/p>\n<p><strong>Zakres dostawy:<\/strong><\/p>\n<ul>\n<li>System klap wydechowych dla RAM 1500<\/li>\n<li>Za\u015blepka<\/li>\n<li>Wi\u0105zka przewod\u00f3w<\/li>\n<li>Uszczelka<\/li>\n<li>Instrukcje instalacji<\/li>\n<\/ul>\n<p>&nbsp;<\/p>\n<p><strong>Odpowiedni dla:<\/strong><\/p>\n<table width=\"437\">\n<tbody>\n<tr>\n<td width=\"83\"><strong>Marka<\/strong><\/td>\n<td width=\"122\"><strong>Model<\/strong><\/td>\n<td width=\"136\"><strong>Silnik<\/strong><\/td>\n<td width=\"96\"><strong>Rok<\/strong><\/td>\n<\/tr>\n<tr>\n<td>RAM<\/td>\n<td>1500<\/td>\n<td>5.7<\/td>\n<td>2019\u20132024<\/td>\n<\/tr>\n<\/tbody>\n<\/table>\n<p>&nbsp;<\/p>","protected":false},"excerpt":{"rendered":"<p>2019\u20132024<\/p>","protected":false},"featured_media":68295593,"comment_status":"open","ping_status":"closed","template":"","meta":{"_acf_changed":false},"product_brand":[],"product_cat":[6623],"product_tag":[475,419,420,2066,2373,4526,6297,91,3383,1035,3381,3378,546,2993,3382,49,476,692,549,126,20273,34,186,3379,7223,3380,86,3368,3055,547],"class_list":{"0":"post-68295580","1":"product","2":"type-product","3":"status-publish","4":"has-post-thumbnail","6":"product_cat-1500-57-dt-abgasanlage-catback","7":"product_tag-475","8":"product_tag-419","9":"product_tag-420","10":"product_tag-2066","11":"product_tag-2373","12":"product_tag-4526","13":"product_tag-6297","14":"product_tag-5-7","15":"product_tag-3383","16":"product_tag-abgasanlage","17":"product_tag-abgasklappen","18":"product_tag-aggressor","19":"product_tag-auspuff","20":"product_tag-auspuffklappen","21":"product_tag-cutout","22":"product_tag-dodge","23":"product_tag-dt","24":"product_tag-ersatzteil","25":"product_tag-header","26":"product_tag-hemi","27":"product_tag-keintuev","28":"product_tag-original","29":"product_tag-performance","30":"product_tag-qtp","31":"product_tag-qtp10","32":"product_tag-quick-time-performance","33":"product_tag-ram","34":"product_tag-shorties","35":"product_tag-sportabgasanlage","36":"product_tag-sportauspuff","37":"product_shipping_class-deutschlandohne","39":"first","40":"onbackorder","41":"taxable","42":"shipping-taxable","43":"purchasable","44":"product-type-simple"},"bundled_by":[],"bundle_stock_status":"onbackorder","bundle_stock_quantity":0,"bundle_virtual":false,"bundle_layout":"","bundle_add_to_cart_form_location":"","bundle_editable_in_cart":false,"bundle_sold_individually_context":"","bundle_item_grouping":"","bundle_min_size":"","bundle_max_size":"","bundle_price":[],"bundled_items":[],"bundle_sell_ids":[],"exclude_global_add_ons":[],"addons":[],"acf":[],"_links":{"self":[{"href":"https:\/\/kraftwerk-shop.cc\/pl\/wp-json\/wp\/v2\/product\/68295580","targetHints":{"allow":["GET"]}}],"collection":[{"href":"https:\/\/kraftwerk-shop.cc\/pl\/wp-json\/wp\/v2\/product"}],"about":[{"href":"https:\/\/kraftwerk-shop.cc\/pl\/wp-json\/wp\/v2\/types\/product"}],"replies":[{"embeddable":true,"href":"https:\/\/kraftwerk-shop.cc\/pl\/wp-json\/wp\/v2\/comments?post=68295580"}],"version-history":[{"count":0,"href":"https:\/\/kraftwerk-shop.cc\/pl\/wp-json\/wp\/v2\/product\/68295580\/revisions"}],"wp:featuredmedia":[{"embeddable":true,"href":"https:\/\/kraftwerk-shop.cc\/pl\/wp-json\/wp\/v2\/media\/68295593"}],"wp:attachment":[{"href":"https:\/\/kraftwerk-shop.cc\/pl\/wp-json\/wp\/v2\/media?parent=68295580"}],"wp:term":[{"taxonomy":"product_brand","embeddable":true,"href":"https:\/\/kraftwerk-shop.cc\/pl\/wp-json\/wp\/v2\/product_brand?post=68295580"},{"taxonomy":"product_cat","embeddable":true,"href":"https:\/\/kraftwerk-shop.cc\/pl\/wp-json\/wp\/v2\/product_cat?post=68295580"},{"taxonomy":"product_tag","embeddable":true,"href":"https:\/\/kraftwerk-shop.cc\/pl\/wp-json\/wp\/v2\/product_tag?post=68295580"}],"curies":[{"name":"wp","href":"https:\/\/api.w.org\/{rel}","templated":true}]}}