{"id":68295601,"date":"2023-12-20T00:12:18","date_gmt":"2023-12-19T23:12:18","guid":{"rendered":"https:\/\/kraftwerk-shop.cc\/?post_type=product&#038;p=68295601"},"modified":"2026-02-15T00:07:52","modified_gmt":"2026-02-14T23:07:52","slug":"mcleod-rxt-hd-sprzeglo-dwutarczowe-dodge-challenger-1200","status":"publish","type":"product","link":"https:\/\/kraftwerk-shop.cc\/pl\/produkt\/mcleod-rxt-hd-zweischeibenkupplung-dodge-challenger-1200\/","title":{"rendered":"Sprz\u0119g\u0142o dwutarczowe McLeod RXT HD dla Dodge Challenger o mocy do 1200 KM"},"content":{"rendered":"<h1>Sprz\u0119g\u0142o dwutarczowe McLeod RXT HD dla Dodge Challenger o mocy do 1200 KM<\/h1>\n<p>&nbsp;<\/p>\n<p>Sprz\u0119g\u0142o dwutarczowe McLeod RXT HD to niedrogi zestaw sprz\u0119g\u0142a dwutarczowego do jazdy szosowej i sport\u00f3w motorowych.<\/p>\n<p>Chocia\u017c jest w stanie obs\u0142u\u017cy\u0107 1200 KM, to wzmocnione sprz\u0119g\u0142o nadal nadaje si\u0119 do jazdy po drogach.<br \/>\nTarcze sprz\u0119g\u0142a z pow\u0142ok\u0105 ceramiczn\u0105 zapewniaj\u0105 p\u0142ynne za\u0142\u0105czanie sprz\u0119g\u0142a przy niewielkim nacisku na peda\u0142. To sprawia, \u017ce ten zestaw sprz\u0119g\u0142a jest idealny do u\u017cytku drogowego.<\/p>\n<p>To sprz\u0119g\u0142o jest idealne dla tych, kt\u00f3rzy chc\u0105 mie\u0107 to, co najlepsze z obu \u015bwiat\u00f3w. Je\u015bli chcesz pojecha\u0107 na tor wy\u015bcigowy, aby zrobi\u0107 kilka okr\u0105\u017ce\u0144, a nast\u0119pnie wr\u00f3ci\u0107 do domu, to RXT HD jest w\u0142a\u015bnie dla Ciebie.<\/p>\n<p>Jest to modu\u0142owa konstrukcja sprz\u0119g\u0142a ze stalow\u0105 p\u0142yt\u0105 adaptera, kt\u00f3ra s\u0142u\u017cy jako nowa powierzchnia nap\u0119dowa.<br \/>\nUmo\u017cliwia to przykr\u0119cenie sprz\u0119g\u0142a do fabrycznego ko\u0142a zamachowego bez konieczno\u015bci przerabiania ko\u0142a zamachowego OEM, poniewa\u017c stalowa p\u0142yta adaptera jest tym, o co ocieraj\u0105 si\u0119 tarcze.<br \/>\nPo zamontowaniu modu\u0142owego zespo\u0142u sprz\u0119g\u0142a na ko\u0142kach rozporowych i dokr\u0119ceniu \u015brub, ko\u0142o zamachowe jest u\u017cywane wy\u0142\u0105cznie jako ko\u0142o koronowe do uruchamiania pojazdu.<\/p>\n<p>&nbsp;<\/p>\n<p><strong>Zakres dostawy:<\/strong><\/p>\n<ul>\n<li>P\u0142yta dociskowa<\/li>\n<li>Dwie tarcze z pow\u0142ok\u0105 ceramiczn\u0105<\/li>\n<li>P\u0142ytka p\u0142ywaka<\/li>\n<li>Stalowa p\u0142yta adaptera<\/li>\n<li>Narz\u0119dzie pilota\u017cowe<\/li>\n<\/ul>\n<p>&nbsp;<\/p>\n<p><strong>Odpowiedni dla:<\/strong><\/p>\n<p>Dodge Challenger z manualn\u0105 skrzyni\u0105 bieg\u00f3w od 2013 do 2023 roku do 1200 KM<\/p>","protected":false},"excerpt":{"rendered":"<p>2013\u20132023<\/p>","protected":false},"featured_media":68295607,"comment_status":"open","ping_status":"closed","template":"","meta":{"_acf_changed":false},"product_brand":[],"product_cat":[1678,1694,1702],"product_tag":[217,93,3465,54,49,3853,738,100,1166,3046,399,3453,3459,783,787,3463,3464,3456,3457,3458,96,391,3460,4065],"class_list":{"0":"post-68295601","1":"product","2":"type-product","3":"status-publish","4":"has-post-thumbnail","6":"product_cat-challenger-57-getriebe","7":"product_cat-challenger-hellcat-getriebe","8":"product_cat-challenger-64-getriebe","9":"product_tag-217","10":"product_tag-6-4","11":"product_tag-6975-07hd","12":"product_tag-challenger","13":"product_tag-dodge","14":"product_tag-dodge-challenger","15":"product_tag-hd","16":"product_tag-hellcat","17":"product_tag-keramik","18":"product_tag-keramikbeschichtet","19":"product_tag-kupplung","20":"product_tag-mcleod","21":"product_tag-mehrscheiben","22":"product_tag-r-t","23":"product_tag-rt","24":"product_tag-rxt","25":"product_tag-rxt-hd","26":"product_tag-schalter","27":"product_tag-schaltgetriebe","28":"product_tag-sportkupplung","29":"product_tag-srt","30":"product_tag-verstaerkt","31":"product_tag-zweischeiben","32":"product_tag-zweischeibenkupplung","34":"first","35":"onbackorder","36":"taxable","37":"shipping-taxable","38":"purchasable","39":"product-type-simple"},"bundled_by":[],"bundle_stock_status":"onbackorder","bundle_stock_quantity":0,"bundle_virtual":false,"bundle_layout":"","bundle_add_to_cart_form_location":"","bundle_editable_in_cart":false,"bundle_sold_individually_context":"","bundle_item_grouping":"","bundle_min_size":"","bundle_max_size":"","bundle_price":[],"bundled_items":[],"bundle_sell_ids":[],"exclude_global_add_ons":[],"addons":[],"acf":[],"_links":{"self":[{"href":"https:\/\/kraftwerk-shop.cc\/pl\/wp-json\/wp\/v2\/product\/68295601","targetHints":{"allow":["GET"]}}],"collection":[{"href":"https:\/\/kraftwerk-shop.cc\/pl\/wp-json\/wp\/v2\/product"}],"about":[{"href":"https:\/\/kraftwerk-shop.cc\/pl\/wp-json\/wp\/v2\/types\/product"}],"replies":[{"embeddable":true,"href":"https:\/\/kraftwerk-shop.cc\/pl\/wp-json\/wp\/v2\/comments?post=68295601"}],"version-history":[{"count":0,"href":"https:\/\/kraftwerk-shop.cc\/pl\/wp-json\/wp\/v2\/product\/68295601\/revisions"}],"wp:featuredmedia":[{"embeddable":true,"href":"https:\/\/kraftwerk-shop.cc\/pl\/wp-json\/wp\/v2\/media\/68295607"}],"wp:attachment":[{"href":"https:\/\/kraftwerk-shop.cc\/pl\/wp-json\/wp\/v2\/media?parent=68295601"}],"wp:term":[{"taxonomy":"product_brand","embeddable":true,"href":"https:\/\/kraftwerk-shop.cc\/pl\/wp-json\/wp\/v2\/product_brand?post=68295601"},{"taxonomy":"product_cat","embeddable":true,"href":"https:\/\/kraftwerk-shop.cc\/pl\/wp-json\/wp\/v2\/product_cat?post=68295601"},{"taxonomy":"product_tag","embeddable":true,"href":"https:\/\/kraftwerk-shop.cc\/pl\/wp-json\/wp\/v2\/product_tag?post=68295601"}],"curies":[{"name":"wp","href":"https:\/\/api.w.org\/{rel}","templated":true}]}}