{"id":68295670,"date":"2023-12-20T00:12:56","date_gmt":"2023-12-19T23:12:56","guid":{"rendered":"https:\/\/kraftwerk-shop.cc\/?post_type=product&#038;p=68295670"},"modified":"2026-03-30T02:20:23","modified_gmt":"2026-03-30T00:20:23","slug":"corsa-sport-filtr-powietrza-uklad-dolotowy-ram-ds","status":"publish","type":"product","link":"https:\/\/kraftwerk-shop.cc\/pl\/produkt\/corsa-sportluftfilter-ansaugsystem-ram-ds\/","title":{"rendered":"Sportowy filtr powietrza \/ uk\u0142ad dolotowy Corsa dla RAM 5.7"},"content":{"rendered":"<h1>Sportowy filtr powietrza \/ uk\u0142ad dolotowy Corsa dla RAM 5.7 od 2009 do 2018 i Classic 2019 - 2024<\/h1>\n<p>&nbsp;<\/p>\n<p>Zamkni\u0119ty uk\u0142ad dolotowy z 5-warstwowym, olejowym filtrem powietrza Corsa\u00ae.<br \/>\nUtrzymuj silnik w pe\u0142nej sprawno\u015bci, wybieraj\u0105c z naszej szerokiej gamy wysokiej jako\u015bci uk\u0142ad\u00f3w dolotowych.<br \/>\nWloty zimnego powietrza Corsa s\u0105 produkowane przez wiod\u0105cych w bran\u017cy profesjonalist\u00f3w przy u\u017cyciu najbardziej zaawansowanych materia\u0142\u00f3w i technik produkcyjnych, zwi\u0119kszaj\u0105c przep\u0142yw powietrza i obni\u017caj\u0105c temperatur\u0119 powietrza w celu zwi\u0119kszenia wydajno\u015bci silnika.<br \/>\nPoddane rygorystycznym testom cz\u0119\u015bci gwarantuj\u0105 doskona\u0142\u0105 prac\u0119 nawet w najbardziej wymagaj\u0105cych \u015brodowiskach.<\/p>\n<p>&nbsp;<\/p>\n<p><strong>W\u0142a\u015bciwo\u015bci:<\/strong><\/p>\n<ul>\n<li>Wi\u0119kszy przep\u0142yw powietrza ni\u017c w standardowym filtrze<\/li>\n<li>Poprawia wydajno\u015b\u0107<\/li>\n<li>chroni przed ciep\u0142em silnika i obni\u017ca temperatur\u0119 powietrza dolotowego<\/li>\n<li>Wst\u0119pnie naoliwiony filtr powietrza<\/li>\n<li>99,99% Skuteczno\u015b\u0107 filtracji<\/li>\n<li>Instalacja w zaledwie kilka minut<\/li>\n<li>Nie wymaga tuningu, ale mo\u017ce dodatkowo poprawi\u0107 wydajno\u015b\u0107<\/li>\n<li>Wyprodukowano w USA<\/li>\n<li>Niemieckie instrukcje instalacji<\/li>\n<\/ul>\n<p>&nbsp;<\/p>\n<p><strong>Odpowiedni dla:<\/strong><\/p>\n<table width=\"655\">\n<tbody>\n<tr>\n<td width=\"154\"><strong>Rok<\/strong><\/td>\n<td width=\"117\"><strong>Marka<\/strong><\/td>\n<td width=\"146\"><strong>Model<\/strong><\/td>\n<td width=\"174\"><strong>Wariant<\/strong><\/td>\n<td width=\"64\"><strong>Silnik<\/strong><\/td>\n<\/tr>\n<tr>\n<td width=\"154\">2013-2018<\/td>\n<td width=\"117\">Dodge<\/td>\n<td width=\"146\">1500<\/td>\n<td width=\"174\">5.7 Hemi<\/td>\n<td width=\"64\">V8 5.7L<\/td>\n<\/tr>\n<tr>\n<td width=\"154\">2013-2018<\/td>\n<td width=\"117\">RAM<\/td>\n<td width=\"146\">1500<\/td>\n<td width=\"174\">5.7 Hemi<\/td>\n<td width=\"64\">V8 5.7L<\/td>\n<\/tr>\n<tr>\n<td width=\"154\">2019-2024<\/td>\n<td width=\"117\">RAM<\/td>\n<td width=\"146\">1500 Classic<\/td>\n<td width=\"174\">5.7 Hemi<\/td>\n<td width=\"64\">V8 5.7L<\/td>\n<\/tr>\n<\/tbody>\n<\/table>\n<p><strong>\u00a0<\/strong><\/p>\n<p>Uk\u0142ady dolotowe Corsa Performance s\u0105 specjalnie zaprojektowane, aby obni\u017cy\u0107 temperatur\u0119 powietrza dolotowego i zwi\u0119kszy\u0107 ilo\u015b\u0107 zimnego powietrza dostaj\u0105cego si\u0119 do silnika, zwi\u0119kszaj\u0105c w ten spos\u00f3b moc silnika, moment obrotowy i og\u00f3ln\u0105 wydajno\u015b\u0107.<br \/>\nUk\u0142ady dolotowe Corsa s\u0105 szybkie i \u0142atwe w monta\u017cu.<br \/>\nKa\u017cdy zestaw zawiera szczeg\u00f3\u0142owe instrukcje i niezb\u0119dne materia\u0142y monta\u017cowe.<\/p>\n<p>Je\u015bli szukasz zwi\u0119kszenia osi\u0105g\u00f3w silnika, uk\u0142ad dolotowy zimnego powietrza CORSA PERFORMANCE jest w\u0142a\u015bnie dla Ciebie.<br \/>\nDzi\u0119ki wydajnemu uk\u0142adowi dolotowemu CORSA Ty i Tw\u00f3j pojazd mo\u017cecie oddycha\u0107 g\u0142\u0119biej!<br \/>\nUk\u0142ady dolotowe zimnego powietrza oferuj\u0105 wiele korzy\u015bci dla samochodu lub ci\u0119\u017car\u00f3wki, optymalizuj\u0105c osi\u0105gi silnika, moment obrotowy, zu\u017cycie paliwa i wiele wi\u0119cej.<br \/>\nNieoryginalny uk\u0142ad dolotowy jest jednym z najlepszych ulepsze\u0144 wydajno\u015bci, jakie mo\u017cna zainstalowa\u0107 w poje\u017adzie, a CORSA ma najlepsze uk\u0142ady dolotowe na rynku dla szerokiej gamy pojazd\u00f3w. Niezale\u017cnie od tego, czy szukasz uk\u0142ad\u00f3w dolotowych do samochod\u00f3w typu muscle car, takich jak Camaro, Mustang i Challenger, ci\u0119\u017car\u00f3wek, takich jak Silverado, Sierra, F-150 i RAM, czy SUV-\u00f3w, takich jak Grand Cherokee lub Durango, eksperci CORSA zapewni\u0105 Ci ochron\u0119.<br \/>\nPotrzebujesz uk\u0142adu dolotowego do swojego Grand Cherokee lub Durango? Chcesz ulepszy\u0107 sw\u00f3j Dodge Charger, Chrysler 300 lub Jeep Wrangler? Nie ma problemu! Zapoznaj si\u0119 z nasz\u0105 ofert\u0105 zestaw\u00f3w dolotowych zimnego powietrza i zapewnij swojemu pojazdowi powietrze, na jakie zas\u0142uguje.<br \/>\nW po\u0142\u0105czeniu z naszymi wysokowydajnymi uk\u0142adami wydechowymi i kolektorami, mo\u017cesz osi\u0105gn\u0105\u0107 najwy\u017cszy poziom personalizacji pojazdu i osi\u0105g\u00f3w.<\/p>\n<p>Od 2012 roku CORSA jest obecna na rynku uk\u0142ad\u00f3w dolotowych z gam\u0105 produkt\u00f3w wykorzystuj\u0105cych zaawansowan\u0105 wiedz\u0119 CORSA na temat przep\u0142ywu powietrza. Jako pionier w projektowaniu przelotowych uk\u0142ad\u00f3w wydechowych RSC\u00ae, kt\u00f3re zapewniaj\u0105 radykalny wzrost wydajno\u015bci, CORSA wykorzysta\u0142a t\u0119 wiedz\u0119 o przep\u0142ywie powietrza do opracowania swobodnych, bezpo\u015brednich uk\u0142ad\u00f3w dolotowych.<\/p>\n<p>D\u0105\u017c\u0105c do najwy\u017cszej wydajno\u015bci, CORSA nawi\u0105za\u0142a wy\u0142\u0105czn\u0105 wsp\u00f3\u0142prac\u0119 z Donaldson\u00ae Filtration Solutions i z dum\u0105 oferuje szerok\u0105 gam\u0119 uk\u0142ad\u00f3w dolotowych wyposa\u017conych w technologi\u0119 filtracji Donaldson PowerCore\u00ae. Technologia filtracji PowerCore\u00ae przewy\u017csza konwencjonalne filtry celulozowe, zapewniaj\u0105c wy\u017csz\u0105 wydajno\u015b\u0107 filtracji, czystszy przep\u0142yw powietrza i bezobs\u0142ugow\u0105 prac\u0119 do 150 000 mil.<\/p>\n<p>Filtry CORSA Performance MaxFlow 5 s\u0105 zmywalnym i wielokrotnego u\u017cytku zamiennikiem standardowego filtra powietrza, umo\u017cliwiaj\u0105cym wi\u0119kszy przep\u0142yw powietrza, a tym samym zwi\u0119kszon\u0105 wydajno\u015b\u0107. Ka\u017cdy filtr MaxFlow 5 zosta\u0142 zaprojektowany ze starannie dobranych materia\u0142\u00f3w filtracyjnych, kt\u00f3re zapewniaj\u0105 doskona\u0142\u0105 ochron\u0119 silnika i skuteczno\u015b\u0107 filtracji do 98 % przy maksymalnym przep\u0142ywie. Dzi\u0119ki starannemu zaprojektowaniu struktury plis filtra MaxFlow 5, zwi\u0119kszono jego obci\u0105\u017calno\u015b\u0107, co pozwala na d\u0142u\u017csze interwa\u0142y serwisowe (do 40 000 km).<\/p>\n<p>Ka\u017cdy filtr jest produkowany z poliuretanow\u0105 ram\u0105 100 % i progresywnie dopasowanymi ko\u0142nierzami, aby stworzy\u0107 niezawodny, szczelny punkt po\u0142\u0105czenia mi\u0119dzy filtrem a kana\u0142em powietrznym.<\/p>\n<p>Zalecany do pojazd\u00f3w drogowych o wysokich osi\u0105gach w poszukiwaniu maksymalnej mocy silnika i zwi\u0119kszonego momentu obrotowego.<\/p>","protected":false},"excerpt":{"rendered":"<p>2013 - 2018 i Classic 2019 - 2024<\/p>","protected":false},"featured_media":68295673,"comment_status":"open","ping_status":"closed","template":"","meta":{"_acf_changed":false},"product_brand":[],"product_cat":[1512],"product_tag":[475,419,420,2066,3727,91,826,824,825,3586,3724,49,3853,3854,3725,3726,2225,126,50,4425,20273,57,3728,186,828,86,500],"class_list":{"0":"post-68295670","1":"product","2":"type-product","3":"status-publish","4":"has-post-thumbnail","6":"product_cat-1500-57-2009-2018-classic-ansaugung","7":"product_tag-475","8":"product_tag-419","9":"product_tag-420","10":"product_tag-2066","11":"product_tag-3727","12":"product_tag-5-7","13":"product_tag-ansaugung","14":"product_tag-cai","15":"product_tag-cold-air-intake","16":"product_tag-corsa","17":"product_tag-corsa-performance","18":"product_tag-dodge","19":"product_tag-dodge-challenger","20":"product_tag-dodge-charger","21":"product_tag-dry","22":"product_tag-drytech","23":"product_tag-etorque","24":"product_tag-hemi","25":"product_tag-jeep","26":"product_tag-jeep-grand-cherokee","27":"product_tag-keintuev","28":"product_tag-luftfilter","29":"product_tag-maxflow","30":"product_tag-performance","31":"product_tag-pickup","32":"product_tag-ram","33":"product_tag-sportluftfilter","34":"product_shipping_class-deutschlandohne","36":"first","37":"onbackorder","38":"taxable","39":"shipping-taxable","40":"purchasable","41":"product-type-simple"},"bundled_by":[],"bundle_stock_status":"onbackorder","bundle_stock_quantity":0,"bundle_virtual":false,"bundle_layout":"","bundle_add_to_cart_form_location":"","bundle_editable_in_cart":false,"bundle_sold_individually_context":"","bundle_item_grouping":"","bundle_min_size":"","bundle_max_size":"","bundle_price":[],"bundled_items":[],"bundle_sell_ids":[],"exclude_global_add_ons":[],"addons":[],"acf":[],"_links":{"self":[{"href":"https:\/\/kraftwerk-shop.cc\/pl\/wp-json\/wp\/v2\/product\/68295670","targetHints":{"allow":["GET"]}}],"collection":[{"href":"https:\/\/kraftwerk-shop.cc\/pl\/wp-json\/wp\/v2\/product"}],"about":[{"href":"https:\/\/kraftwerk-shop.cc\/pl\/wp-json\/wp\/v2\/types\/product"}],"replies":[{"embeddable":true,"href":"https:\/\/kraftwerk-shop.cc\/pl\/wp-json\/wp\/v2\/comments?post=68295670"}],"version-history":[{"count":0,"href":"https:\/\/kraftwerk-shop.cc\/pl\/wp-json\/wp\/v2\/product\/68295670\/revisions"}],"wp:featuredmedia":[{"embeddable":true,"href":"https:\/\/kraftwerk-shop.cc\/pl\/wp-json\/wp\/v2\/media\/68295673"}],"wp:attachment":[{"href":"https:\/\/kraftwerk-shop.cc\/pl\/wp-json\/wp\/v2\/media?parent=68295670"}],"wp:term":[{"taxonomy":"product_brand","embeddable":true,"href":"https:\/\/kraftwerk-shop.cc\/pl\/wp-json\/wp\/v2\/product_brand?post=68295670"},{"taxonomy":"product_cat","embeddable":true,"href":"https:\/\/kraftwerk-shop.cc\/pl\/wp-json\/wp\/v2\/product_cat?post=68295670"},{"taxonomy":"product_tag","embeddable":true,"href":"https:\/\/kraftwerk-shop.cc\/pl\/wp-json\/wp\/v2\/product_tag?post=68295670"}],"curies":[{"name":"wp","href":"https:\/\/api.w.org\/{rel}","templated":true}]}}