{"id":68295702,"date":"2023-12-20T00:13:35","date_gmt":"2023-12-19T23:13:35","guid":{"rendered":"https:\/\/kraftwerk-shop.cc\/?post_type=product&#038;p=68295702"},"modified":"2026-02-15T00:04:23","modified_gmt":"2026-02-14T23:04:23","slug":"afe-46-34011-silver-bullet-przekladka-korpusu-przepustnicy-camaro-corvette-c7","status":"publish","type":"product","link":"https:\/\/kraftwerk-shop.cc\/pl\/produkt\/afe-46-34011-silver-bullet-drosselklappen-spacer-camaro-corvette-c7\/","title":{"rendered":"Podk\u0142adka dystansowa korpusu przepustnicy Silver Bullet do Camaro i Corvette C7"},"content":{"rendered":"<h1>Podk\u0142adka dystansowa korpusu przepustnicy Silver Bullet do Chevroleta Camaro i Corvette C7<\/h1>\n<p>&nbsp;<\/p>\n<p>Element dystansowy korpusu przepustnicy Silver Bullet jest wykonany z precyzyjnie obrobionego aluminium 6061-T6 i ma z\u0105bkowan\u0105 \/ spiraln\u0105 konstrukcj\u0119, kt\u00f3ra tworzy turbulencje w przep\u0142ywie powietrza w punkcie tu\u017c przed wej\u015bciem do silnika, optymalizuj\u0105c cykl spalania.<\/p>\n<p>Turbulencje te przyczyniaj\u0105 si\u0119 do ca\u0142kowitego spalania mieszanki paliwowo-powietrznej i zapewniaj\u0105 wi\u0119ksz\u0105 moc, moment obrotowy i lepsz\u0105 reakcj\u0119 przepustnicy.<br \/>\nTen element dystansowy wsp\u00f3\u0142pracuje z oryginalnymi systemami filtr\u00f3w powietrza aFe POWER.<\/p>\n<p>&nbsp;<\/p>\n<p><strong>Konstrukcja z\u0119bata\/spiralna<\/strong><\/p>\n<p>Z\u0119bata\/spiralna konstrukcja tworzy turbulencje wlotowe w komorze spalania. Turbulencje te rozbijaj\u0105 paliwo, tworz\u0105c pe\u0142niejszy cykl spalania, kt\u00f3ry zwi\u0119ksza moc i moment obrotowy oraz poprawia reakcj\u0119 przepustnicy.<br \/>\nKonstrukcja \u0142\u0105cz\u0105ca z\u0105bki i spiral\u0119 redukuje r\u00f3wnie\u017c gwizd wlotowy, kt\u00f3ry wyst\u0119puje w przypadku innych konstrukcji z sam\u0105 spiral\u0105.<\/p>\n<p>&nbsp;<\/p>\n<p><strong>Konstrukcja z aluminium 6061-T6<\/strong><\/p>\n<p>Wszystkie elementy dystansowe korpusu przepustnicy Silver Bullet s\u0105 precyzyjnie obrabiane z k\u0119s\u00f3w aluminium 6061-T6, aby zapewni\u0107 nisk\u0105 wag\u0119, wysok\u0105 wytrzyma\u0142o\u015b\u0107 oraz doskona\u0142e dopasowanie i wyko\u0144czenie.<\/p>\n<p>&nbsp;<\/p>\n<p><strong>D\u0142u\u017cszy uk\u0142ad dolotowy<\/strong><\/p>\n<p>Dodanie elementu dystansowego korpusu przepustnicy Silver Bullet wyd\u0142u\u017ca kana\u0142 dolotowy, co zwi\u0119ksza pr\u0119dko\u015b\u0107 zasysanego powietrza, poprawia osi\u0105gi i reakcj\u0119 przepustnicy.<\/p>\n<p>&nbsp;<\/p>\n<p>&nbsp;<\/p>\n<p><strong>Odpowiedni dla:<\/strong><\/p>\n<table width=\"776\">\n<tbody>\n<tr>\n<td width=\"178\"><strong>Rok<\/strong><\/td>\n<td width=\"226\"><strong>Marka<\/strong><\/td>\n<td width=\"120\"><strong>Model<\/strong><\/td>\n<td width=\"172\"><strong>Wariant<\/strong><\/td>\n<td width=\"80\"><strong>Silnik<\/strong><\/td>\n<\/tr>\n<tr>\n<td width=\"178\">2016-2022<\/td>\n<td width=\"226\">Chevrolet<\/td>\n<td width=\"120\">Camaro SS<\/td>\n<td width=\"172\"><\/td>\n<td width=\"80\">V8 6.2L<\/td>\n<\/tr>\n<tr>\n<td width=\"178\">2014-2019<\/td>\n<td width=\"226\">Chevrolet<\/td>\n<td width=\"120\">Corvette<\/td>\n<td width=\"172\">(C7)<\/td>\n<td width=\"80\">V8 6.2L<\/td>\n<\/tr>\n<\/tbody>\n<\/table>\n<p><strong><br \/>\nNadaje si\u0119 tylko do oryginalnych przepustnic!<\/strong><\/p>\n<p>Ten element wsp\u00f3\u0142pracuje z oryginalnym uk\u0142adem dolotowym lub aFe POWER 51\/54-74201.<\/p>","protected":false},"excerpt":{"rendered":"<p>Silver Bullet Drosselklappen-Spacer f\u00fcr Chevrolet Camaro und Corvette C7 &nbsp; Der Silver Bullet Drosselklappen-Spacer ist aus pr\u00e4zisionsbearbeitetem 6061-T6-Block-Aluminium gefertigt und<\/p>","protected":false},"featured_media":68295703,"comment_status":"open","ping_status":"closed","template":"","meta":{"_acf_changed":false},"product_brand":[16879],"product_cat":[3074,3126],"product_tag":[248,249,250,251,252,419,420,2066,2373,4381,16880,498,2441,826,3087,191,189,281,158,159,160,20273,36,898,186,741,500],"class_list":{"0":"post-68295702","1":"product","2":"type-product","3":"status-publish","4":"has-post-thumbnail","6":"product_brand-afe-power","7":"product_cat-camaro-62-2016-ansaugung","8":"product_cat-corvette-c7-ansaugung","9":"product_tag-248","10":"product_tag-249","11":"product_tag-250","12":"product_tag-251","13":"product_tag-252","14":"product_tag-419","15":"product_tag-420","16":"product_tag-2066","17":"product_tag-2373","18":"product_tag-46-34011","19":"product_tag-advanced-flow-engineering","20":"product_tag-afe","21":"product_tag-afe-power","22":"product_tag-ansaugung","23":"product_tag-c7","24":"product_tag-camaro","25":"product_tag-chevrolet","26":"product_tag-corvette","27":"product_tag-drosselklappe","28":"product_tag-gross","29":"product_tag-groesser","30":"product_tag-keintuev","31":"product_tag-kraftwerk","32":"product_tag-lt1","33":"product_tag-performance","34":"product_tag-spacer","35":"product_tag-sportluftfilter","37":"first","38":"onbackorder","39":"taxable","40":"shipping-taxable","41":"purchasable","42":"product-type-simple"},"bundled_by":[],"bundle_stock_status":"onbackorder","bundle_stock_quantity":0,"bundle_virtual":false,"bundle_layout":"","bundle_add_to_cart_form_location":"","bundle_editable_in_cart":false,"bundle_sold_individually_context":"","bundle_item_grouping":"","bundle_min_size":"","bundle_max_size":"","bundle_price":[],"bundled_items":[],"bundle_sell_ids":[],"exclude_global_add_ons":[],"addons":[],"acf":[],"_links":{"self":[{"href":"https:\/\/kraftwerk-shop.cc\/pl\/wp-json\/wp\/v2\/product\/68295702","targetHints":{"allow":["GET"]}}],"collection":[{"href":"https:\/\/kraftwerk-shop.cc\/pl\/wp-json\/wp\/v2\/product"}],"about":[{"href":"https:\/\/kraftwerk-shop.cc\/pl\/wp-json\/wp\/v2\/types\/product"}],"replies":[{"embeddable":true,"href":"https:\/\/kraftwerk-shop.cc\/pl\/wp-json\/wp\/v2\/comments?post=68295702"}],"version-history":[{"count":0,"href":"https:\/\/kraftwerk-shop.cc\/pl\/wp-json\/wp\/v2\/product\/68295702\/revisions"}],"wp:featuredmedia":[{"embeddable":true,"href":"https:\/\/kraftwerk-shop.cc\/pl\/wp-json\/wp\/v2\/media\/68295703"}],"wp:attachment":[{"href":"https:\/\/kraftwerk-shop.cc\/pl\/wp-json\/wp\/v2\/media?parent=68295702"}],"wp:term":[{"taxonomy":"product_brand","embeddable":true,"href":"https:\/\/kraftwerk-shop.cc\/pl\/wp-json\/wp\/v2\/product_brand?post=68295702"},{"taxonomy":"product_cat","embeddable":true,"href":"https:\/\/kraftwerk-shop.cc\/pl\/wp-json\/wp\/v2\/product_cat?post=68295702"},{"taxonomy":"product_tag","embeddable":true,"href":"https:\/\/kraftwerk-shop.cc\/pl\/wp-json\/wp\/v2\/product_tag?post=68295702"}],"curies":[{"name":"wp","href":"https:\/\/api.w.org\/{rel}","templated":true}]}}