{"id":68295725,"date":"2023-12-20T00:13:53","date_gmt":"2023-12-19T23:13:53","guid":{"rendered":"https:\/\/kraftwerk-shop.cc\/?post_type=product&#038;p=68295725"},"modified":"2026-04-02T10:47:14","modified_gmt":"2026-04-02T08:47:14","slug":"klocki-hamulcowe-dba-db2216xp-grand-cherokee-durango","status":"publish","type":"product","link":"https:\/\/kraftwerk-shop.cc\/pl\/produkt\/dba-bremsbelaege-db2216xp-grand-cherokee-durango\/","title":{"rendered":"Klocki hamulcowe DBA DB2216XP Grand Cherokee &amp; Durango"},"content":{"rendered":"<h1>Klocki hamulcowe DBA do Jeep Grand Cherokee i Dodge Durango (o\u015b przednia)<\/h1>\n<p>&nbsp;<\/p>\n<p>Klocki hamulcowe Xtreme Performance firmy DBA zosta\u0142y opracowane dla kierowc\u00f3w, kt\u00f3rzy oczekuj\u0105 wysokiej przyczepno\u015bci pocz\u0105tkowej i odporno\u015bci na tarcie w niskich i wysokich temperaturach.<br \/>\nSeria XP zosta\u0142a zaprojektowana do ci\u0119\u017ckich zastosowa\u0144, w kt\u00f3rych wymagany jest wy\u017cszy poziom tarcia w celu bezpiecznego hamowania w ekstremalnych warunkach.<\/p>\n<p>DBA zaleca po\u0142\u0105czenie z tarczami szczelinowymi T3 z serii 4000 i 5000 w celu uzyskania optymalnej skuteczno\u015bci hamowania.<br \/>\nSpecyfikacje:<\/p>\n<ul>\n<li>P\u00f3\u0142metaliczny materia\u0142 cierny wzmocniony w\u0142\u00f3knem w\u0119glowym<\/li>\n<li>Wsp\u00f3\u0142czynnik tarcia wynosi \u015brednio 0,45 od niskich do wysokich temperatur.<\/li>\n<li>\u00a0Wyj\u0105tkowa wydajno\u015b\u0107 w wysokich temperaturach<\/li>\n<li>Optymalna sp\u00f3jno\u015b\u0107 hamowania do 550<span style=\"font-family: cambria math,serif;\">\u2103<\/span> (1022<span style=\"font-family: cambria math,serif;\">\u2109<\/span>)<\/li>\n<\/ul>\n<p>Numery referencyjne Mopar: 68052369AA, 68052369AB<\/p>\n<p>&nbsp;<\/p>\n<p><strong>Odpowiedni dla:<\/strong><\/p>\n<table width=\"695\">\n<tbody>\n<tr>\n<td width=\"178\">Dodge<\/td>\n<td width=\"225\">Durango<\/td>\n<td width=\"120\">3.6<\/td>\n<td width=\"172\">2011\u20132025<\/td>\n<\/tr>\n<tr>\n<td width=\"178\">Dodge<\/td>\n<td width=\"225\">Durango<\/td>\n<td width=\"120\">5.7<\/td>\n<td width=\"172\">2011\u20132025<\/td>\n<\/tr>\n<tr>\n<td width=\"178\">Jeep<\/td>\n<td width=\"225\">Grand Cherokee<\/td>\n<td width=\"120\">3.0 MultiJet<\/td>\n<td width=\"172\">2011\u20132021<\/td>\n<\/tr>\n<tr>\n<td width=\"178\">Jeep<\/td>\n<td width=\"225\">Grand Cherokee<\/td>\n<td width=\"120\">3.6<\/td>\n<td width=\"172\">2011\u20132022<\/td>\n<\/tr>\n<tr>\n<td width=\"178\">Jeep<\/td>\n<td width=\"225\">Grand Cherokee<\/td>\n<td width=\"120\">5.7<\/td>\n<td width=\"172\">2011\u20132021<\/td>\n<\/tr>\n<\/tbody>\n<\/table>\n<p>&nbsp;<\/p>\n<p><strong>Autoryzacja:<\/strong> ECE R90<\/p>\n<p>&nbsp;<\/p>\n<p>Cena dotyczy 1 zestawu dla kompletnej osi przedniej.<\/p>\n<p>&nbsp;<\/p>\n<p>&nbsp;<\/p>","protected":false},"excerpt":{"rendered":"<p>2011\u20132023<\/p>","protected":false},"featured_media":68295737,"comment_status":"open","ping_status":"closed","template":"","meta":{"_acf_changed":false},"product_brand":[18922],"product_cat":[17916,17920,17936,17941,17951],"product_tag":[1187,1188,1046,832,838,590,795,839,840,4554,789,49,95,2325,692,56,1070,50,4425,31,2139,842,841,673,2137],"class_list":{"0":"post-68295725","1":"product","2":"type-product","3":"status-publish","4":"has-post-thumbnail","6":"product_brand-dba","7":"product_cat-durango-36-bremsbelaege-vorne","8":"product_cat-durango-57-bremsbelaege-vorne","9":"product_cat-grand-cherokee-30-diesel-bremsbelaege-vorne","10":"product_cat-grand-cherokee-36-bremsbelaege-vorne","11":"product_cat-grand-cherokee-57-2011-2021-bremsbelaege-vorne","12":"product_tag-68052369aa","13":"product_tag-68052369ab","14":"product_tag-abe","15":"product_tag-brembo","16":"product_tag-bremsbelag","17":"product_tag-bremsbelaege","18":"product_tag-bremse","19":"product_tag-bremsklotz","20":"product_tag-bremskloetze","21":"product_tag-db2216xp","22":"product_tag-dba","23":"product_tag-dodge","24":"product_tag-durango","25":"product_tag-eg","26":"product_tag-ersatzteil","27":"product_tag-grand-cherokee","28":"product_tag-hawk","29":"product_tag-jeep","30":"product_tag-jeep-grand-cherokee","31":"product_tag-mopar","32":"product_tag-tuev","33":"product_tag-vorderachse","34":"product_tag-vorne","35":"product_tag-zubehoer","36":"product_tag-zulassung","38":"first","39":"instock","40":"taxable","41":"shipping-taxable","42":"purchasable","43":"product-type-simple"},"bundled_by":[],"bundle_stock_status":"instock","bundle_stock_quantity":3,"bundle_virtual":false,"bundle_layout":"","bundle_add_to_cart_form_location":"","bundle_editable_in_cart":false,"bundle_sold_individually_context":"","bundle_item_grouping":"","bundle_min_size":"","bundle_max_size":"","bundle_price":[],"bundled_items":[],"bundle_sell_ids":[],"exclude_global_add_ons":[],"addons":[],"acf":[],"_links":{"self":[{"href":"https:\/\/kraftwerk-shop.cc\/pl\/wp-json\/wp\/v2\/product\/68295725","targetHints":{"allow":["GET"]}}],"collection":[{"href":"https:\/\/kraftwerk-shop.cc\/pl\/wp-json\/wp\/v2\/product"}],"about":[{"href":"https:\/\/kraftwerk-shop.cc\/pl\/wp-json\/wp\/v2\/types\/product"}],"replies":[{"embeddable":true,"href":"https:\/\/kraftwerk-shop.cc\/pl\/wp-json\/wp\/v2\/comments?post=68295725"}],"version-history":[{"count":0,"href":"https:\/\/kraftwerk-shop.cc\/pl\/wp-json\/wp\/v2\/product\/68295725\/revisions"}],"wp:featuredmedia":[{"embeddable":true,"href":"https:\/\/kraftwerk-shop.cc\/pl\/wp-json\/wp\/v2\/media\/68295737"}],"wp:attachment":[{"href":"https:\/\/kraftwerk-shop.cc\/pl\/wp-json\/wp\/v2\/media?parent=68295725"}],"wp:term":[{"taxonomy":"product_brand","embeddable":true,"href":"https:\/\/kraftwerk-shop.cc\/pl\/wp-json\/wp\/v2\/product_brand?post=68295725"},{"taxonomy":"product_cat","embeddable":true,"href":"https:\/\/kraftwerk-shop.cc\/pl\/wp-json\/wp\/v2\/product_cat?post=68295725"},{"taxonomy":"product_tag","embeddable":true,"href":"https:\/\/kraftwerk-shop.cc\/pl\/wp-json\/wp\/v2\/product_tag?post=68295725"}],"curies":[{"name":"wp","href":"https:\/\/api.w.org\/{rel}","templated":true}]}}