{"id":68295750,"date":"2023-12-20T00:14:12","date_gmt":"2023-12-19T23:14:12","guid":{"rendered":"https:\/\/kraftwerk-shop.cc\/?post_type=product&#038;p=68295750"},"modified":"2026-02-15T00:04:30","modified_gmt":"2026-02-14T23:04:30","slug":"separator-oleju-ford-mustang-shelby-gt350","status":"publish","type":"product","link":"https:\/\/kraftwerk-shop.cc\/pl\/produkt\/ford-oelabscheider-mustang-shelby-gt350\/","title":{"rendered":"Separator oleju Ford Performance Mustang Shelby GT350 - strona kierowcy"},"content":{"rendered":"<h1>Separator oleju Ford Performance M-6766-A50S do Forda Mustanga Shelby GT350 po stronie kierowcy<\/h1>\n<p>Ten separator oleju jest niezb\u0119dny dla ka\u017cdego, kto chce utrzyma\u0107 sw\u00f3j silnik w czysto\u015bci.<br \/>\nTen Oil Catch Can jest zainstalowany po stronie pasa\u017cera silnika.<br \/>\nSpecjalnie opracowany i zaprojektowany do monta\u017cu w silnikach z rodziny Ford 5.2L Coyote.<br \/>\nWszystkie w\u0119\u017ce i z\u0142\u0105cza s\u0105 jako\u015bci OEM, aby zapewni\u0107 \u0142atw\u0105 instalacj\u0119 i doskona\u0142e dzia\u0142anie.<br \/>\nZbiornik separatora oleju powinien by\u0107 opr\u00f3\u017cniany w regularnych odst\u0119pach czasu.<\/p>\n<p><strong>Jak dzia\u0142a system?<\/strong><\/p>\n<p>Gdy ci\u015bnienie ze skrzyni korbowej jest odprowadzane przez przew\u00f3d dolotowy, du\u017ce ilo\u015bci oleju dostaj\u0105 si\u0119 do kolektora dolotowego i kolektor\u00f3w dolotowych w postaci opar\u00f3w, a nawet rozcie\u0144czaj\u0105 benzyn\u0119, powoduj\u0105c spadek liczby oktanowej.<br \/>\nZjawisko to wyst\u0119puje we wszystkich silnikach i jest jeszcze bardziej widoczne w pojazdach z wymuszonym do\u0142adowaniem (do\u0142adowaniem i turbospr\u0119\u017cark\u0105), poniewa\u017c wzrasta ci\u015bnienie w skrzyni korbowej.<br \/>\nAby temu przeciwdzia\u0142a\u0107, opracowano separator oleju.<\/p>\n<p><strong>Odpowiedni dla:<br \/>\n<\/strong><\/p>\n<table width=\"498\">\n<tbody>\n<tr>\n<td width=\"94\">Ford<\/td>\n<td width=\"158\">Mustang<\/td>\n<td width=\"134\">GT350 5.2L<\/td>\n<td width=\"112\">2015\u20132020<\/td>\n<\/tr>\n<\/tbody>\n<\/table>\n<p>&nbsp;<\/p>\n<p><strong>Zakres dostawy:<\/strong><\/p>\n<ul>\n<li>Separator oleju po stronie kierowcy<\/li>\n<li>Wspornik<\/li>\n<li>W\u0119\u017ce<\/li>\n<li>Po\u0142\u0105czenia<\/li>\n<\/ul>","protected":false},"excerpt":{"rendered":"<p>2015\u20132020<\/p>","protected":false},"featured_media":68295756,"comment_status":"open","ping_status":"closed","template":"","meta":{"_acf_changed":false},"product_brand":[],"product_cat":[3952],"product_tag":[4626,917,4625,784,3959,4038,2934,36,84,4631,4634,3872,4587,82,85,3243,406,83,3244,3958],"class_list":{"0":"post-68295750","1":"product","2":"type-product","3":"status-publish","4":"has-post-thumbnail","6":"product_cat-shelby-gt350-oil-catch-can","7":"product_tag-catch-can","8":"product_tag-ford","9":"product_tag-ford-performance","10":"product_tag-gt","11":"product_tag-gt350","12":"product_tag-gt350r","13":"product_tag-harder","14":"product_tag-kraftwerk","15":"product_tag-kurbelgehaeuseentlueftung","16":"product_tag-m-6766-a50","17":"product_tag-m-6766-a50s","18":"product_tag-mustang","19":"product_tag-mustang-gt","20":"product_tag-oil-catch-can","21":"product_tag-oil-catch-tank","22":"product_tag-oil-separator","23":"product_tag-oel","24":"product_tag-oelabscheider","25":"product_tag-separator","26":"product_tag-shelby","27":"product_shipping_class-deutschlandohne","29":"first","30":"instock","31":"taxable","32":"shipping-taxable","33":"purchasable","34":"product-type-simple"},"bundled_by":[],"bundle_stock_status":"instock","bundle_stock_quantity":1,"bundle_virtual":false,"bundle_layout":"","bundle_add_to_cart_form_location":"","bundle_editable_in_cart":false,"bundle_sold_individually_context":"","bundle_item_grouping":"","bundle_min_size":"","bundle_max_size":"","bundle_price":[],"bundled_items":[],"bundle_sell_ids":[],"exclude_global_add_ons":[],"addons":[],"acf":[],"_links":{"self":[{"href":"https:\/\/kraftwerk-shop.cc\/pl\/wp-json\/wp\/v2\/product\/68295750","targetHints":{"allow":["GET"]}}],"collection":[{"href":"https:\/\/kraftwerk-shop.cc\/pl\/wp-json\/wp\/v2\/product"}],"about":[{"href":"https:\/\/kraftwerk-shop.cc\/pl\/wp-json\/wp\/v2\/types\/product"}],"replies":[{"embeddable":true,"href":"https:\/\/kraftwerk-shop.cc\/pl\/wp-json\/wp\/v2\/comments?post=68295750"}],"version-history":[{"count":0,"href":"https:\/\/kraftwerk-shop.cc\/pl\/wp-json\/wp\/v2\/product\/68295750\/revisions"}],"wp:featuredmedia":[{"embeddable":true,"href":"https:\/\/kraftwerk-shop.cc\/pl\/wp-json\/wp\/v2\/media\/68295756"}],"wp:attachment":[{"href":"https:\/\/kraftwerk-shop.cc\/pl\/wp-json\/wp\/v2\/media?parent=68295750"}],"wp:term":[{"taxonomy":"product_brand","embeddable":true,"href":"https:\/\/kraftwerk-shop.cc\/pl\/wp-json\/wp\/v2\/product_brand?post=68295750"},{"taxonomy":"product_cat","embeddable":true,"href":"https:\/\/kraftwerk-shop.cc\/pl\/wp-json\/wp\/v2\/product_cat?post=68295750"},{"taxonomy":"product_tag","embeddable":true,"href":"https:\/\/kraftwerk-shop.cc\/pl\/wp-json\/wp\/v2\/product_tag?post=68295750"}],"curies":[{"name":"wp","href":"https:\/\/api.w.org\/{rel}","templated":true}]}}