{"id":68295765,"date":"2023-12-20T00:14:27","date_gmt":"2023-12-19T23:14:27","guid":{"rendered":"https:\/\/kraftwerk-shop.cc\/?post_type=product&#038;p=68295765"},"modified":"2026-04-10T16:43:38","modified_gmt":"2026-04-10T14:43:38","slug":"klocki-hamulcowe-powerstop-z36-2179-ram","status":"publish","type":"product","link":"https:\/\/kraftwerk-shop.cc\/pl\/produkt\/powerstop-z36-2179-bremsbelaege-ram\/","title":{"rendered":"Klocki hamulcowe PowerStop Z36 Extreme Street RAM"},"content":{"rendered":"<h1>Klocki hamulcowe PowerStop Z36 do RAM 3.0 EcoDiesel, 3.6, 5.7 i 6.2 TRX (przednia o\u015b), od 2019 r.<\/h1>\n<p>&nbsp;<\/p>\n<p>Z36 Extreme Street Performance Carbon - ceramiczne klocki hamulcowe<\/p>\n<ul>\n<li>Znaczne ograniczenie powstawania py\u0142u hamulcowego<\/li>\n<li>Wyj\u0105tkowo du\u017ca si\u0142a hamowania dla ci\u0119\u017ckich pojazd\u00f3w<\/li>\n<li>Zawiera past\u0119 monta\u017cow\u0105 i zestaw osprz\u0119tu ze stali nierdzewnej<\/li>\n<\/ul>\n<p>&nbsp;<\/p>\n<p><strong>Numer por\u00f3wnawczy Mopar:<\/strong>\u00a0\u00a0<span class=\"list-value\">68520814AA<\/span>, <span class=\"list-value\">68520814AB<\/span>, 68520814AC, 68520814AC, 68412557AA, 68412557AB, 68412557AC, 68412557AD, 68412557AE<\/p>\n<p>&nbsp;<\/p>\n<p><strong>Odpowiedni dla:<\/strong><\/p>\n<table width=\"596\">\n<tbody>\n<tr>\n<td width=\"114\"><strong>Marka<\/strong><\/td>\n<td width=\"121\"><strong>Model<\/strong><\/td>\n<td width=\"122\"><strong>Silnik<\/strong><\/td>\n<td width=\"141\"><strong>Rok<\/strong><\/td>\n<td width=\"98\"><strong>Kod hamulca<\/strong><\/td>\n<\/tr>\n<tr>\n<td width=\"114\">RAM<\/td>\n<td width=\"121\">1500<\/td>\n<td width=\"122\">3.0 EcoDiesel<\/td>\n<td width=\"141\">2020\u20132023<\/td>\n<td>BNN<\/td>\n<\/tr>\n<tr>\n<td width=\"114\">RAM<\/td>\n<td width=\"121\">1500<\/td>\n<td width=\"122\">3.6<\/td>\n<td width=\"141\">2019\u20132024<\/td>\n<td>BNN<\/td>\n<\/tr>\n<tr>\n<td width=\"114\">RAM<\/td>\n<td width=\"121\">1500<\/td>\n<td width=\"122\">5.7<\/td>\n<td width=\"141\">2019\u20132024<\/td>\n<td>BNN<\/td>\n<\/tr>\n<tr>\n<td width=\"114\">RAM<\/td>\n<td width=\"121\">1500<\/td>\n<td width=\"122\">6.2 TRX<\/td>\n<td width=\"141\">2020\u20132024<\/td>\n<td>BNN<\/td>\n<\/tr>\n<\/tbody>\n<\/table>\n<p>Cena dotyczy 1 zestawu dla kompletnej osi przedniej.<\/p>\n<p>&nbsp;<\/p>\n<p>PowerStop postawi\u0142 sobie za zadanie zaoferowanie ka\u017cdemu kierowcy prostego i niedrogiego sposobu na popraw\u0119 hamulc\u00f3w - niezale\u017cnie od tego, gdzie i w jaki spos\u00f3b korzysta z pojazdu.<br \/>\nCeramiczne klocki hamulcowe PowerStop Z36 Truck &amp; Tow z w\u0142\u00f3kna w\u0119glowego zosta\u0142y opracowane jako ulepszenie w stosunku do standardowych hamulc\u00f3w w celu zmniejszenia py\u0142u hamulcowego i wyeliminowania ha\u0142asu dla kierowc\u00f3w, kt\u00f3rzy holuj\u0105 i przewo\u017c\u0105, a tak\u017ce entuzjast\u00f3w jazdy terenowej.<br \/>\nTe klocki hamulcowe s\u0105 wykonane z niskopy\u0142owej formu\u0142y ceramicznej wzbogaconej w\u0142\u00f3knami w\u0119glowymi, kt\u00f3re wzmacniaj\u0105 mieszank\u0119 i zapewniaj\u0105 wysok\u0105 skuteczno\u015b\u0107 hamowania w samochodach ci\u0119\u017carowych i SUV-ach.<br \/>\nKlocki hamulcowe Z36 s\u0105 dostarczane z wysokiej jako\u015bci materia\u0142em monta\u017cowym ze stali nierdzewnej i ceramicznym smarem hamulcowym, kt\u00f3ry u\u0142atwia prac\u0119 z hamulcami. U\u017cyj klock\u00f3w hamulcowych Z36 Truck &amp; Tow, aby zapewni\u0107 swojemu pickupowi lub pojazdowi terenowemu si\u0142\u0119 hamowania, na jak\u0105 zas\u0142uguje.<\/p>","protected":false},"excerpt":{"rendered":"<p>2019\u20132024<\/p>","protected":false},"featured_media":68295772,"comment_status":"open","ping_status":"closed","template":"","meta":{"_acf_changed":false},"product_brand":[],"product_cat":[19406,19677,5012,4704],"product_tag":[475,4508,169,91,101,4721,4722,4723,4724,4725,6852,6773,4702,2437,838,590,795,839,840,773,476,692,1166,1167,36,953,954,2445,86,1168,2353,842,841,4700,4699,4701,673],"class_list":{"0":"post-68295765","1":"product","2":"type-product","3":"status-publish","4":"has-post-thumbnail","6":"product_cat-1500-ecodiesel-2020-2023-bremsen-vorne","7":"product_cat-1500-36-dt-bremsen-vorne","8":"product_cat-1500-57-dt-bremsen-vorne","9":"product_cat-trx-bremsen-vorne","10":"product_tag-475","11":"product_tag-3-0-ecodiesel","12":"product_tag-3-6","13":"product_tag-5-7","14":"product_tag-6-2","15":"product_tag-68412557aa","16":"product_tag-68412557ab","17":"product_tag-68412557ac","18":"product_tag-68412557ad","19":"product_tag-68412557ae","20":"product_tag-68520814aa","21":"product_tag-68520814ab","22":"product_tag-68520814ac","23":"product_tag-bnn","24":"product_tag-bremsbelag","25":"product_tag-bremsbelaege","26":"product_tag-bremse","27":"product_tag-bremsklotz","28":"product_tag-bremskloetze","29":"product_tag-carbon","30":"product_tag-dt","31":"product_tag-ersatzteil","32":"product_tag-keramik","33":"product_tag-keramisch","34":"product_tag-kraftwerk","35":"product_tag-power-stop","36":"product_tag-powerstop","37":"product_tag-powerstop-pads","38":"product_tag-ram","39":"product_tag-staubfrei","40":"product_tag-trx","41":"product_tag-vorderachse","42":"product_tag-vorne","43":"product_tag-z36","44":"product_tag-z36-2179","45":"product_tag-z362179","46":"product_tag-zubehoer","48":"first","49":"instock","50":"taxable","51":"shipping-taxable","52":"purchasable","53":"product-type-simple"},"bundled_by":[],"bundle_stock_status":"instock","bundle_stock_quantity":2,"bundle_virtual":false,"bundle_layout":"","bundle_add_to_cart_form_location":"","bundle_editable_in_cart":false,"bundle_sold_individually_context":"","bundle_item_grouping":"","bundle_min_size":"","bundle_max_size":"","bundle_price":[],"bundled_items":[],"bundle_sell_ids":[],"exclude_global_add_ons":[],"addons":[],"acf":[],"_links":{"self":[{"href":"https:\/\/kraftwerk-shop.cc\/pl\/wp-json\/wp\/v2\/product\/68295765","targetHints":{"allow":["GET"]}}],"collection":[{"href":"https:\/\/kraftwerk-shop.cc\/pl\/wp-json\/wp\/v2\/product"}],"about":[{"href":"https:\/\/kraftwerk-shop.cc\/pl\/wp-json\/wp\/v2\/types\/product"}],"replies":[{"embeddable":true,"href":"https:\/\/kraftwerk-shop.cc\/pl\/wp-json\/wp\/v2\/comments?post=68295765"}],"version-history":[{"count":0,"href":"https:\/\/kraftwerk-shop.cc\/pl\/wp-json\/wp\/v2\/product\/68295765\/revisions"}],"wp:featuredmedia":[{"embeddable":true,"href":"https:\/\/kraftwerk-shop.cc\/pl\/wp-json\/wp\/v2\/media\/68295772"}],"wp:attachment":[{"href":"https:\/\/kraftwerk-shop.cc\/pl\/wp-json\/wp\/v2\/media?parent=68295765"}],"wp:term":[{"taxonomy":"product_brand","embeddable":true,"href":"https:\/\/kraftwerk-shop.cc\/pl\/wp-json\/wp\/v2\/product_brand?post=68295765"},{"taxonomy":"product_cat","embeddable":true,"href":"https:\/\/kraftwerk-shop.cc\/pl\/wp-json\/wp\/v2\/product_cat?post=68295765"},{"taxonomy":"product_tag","embeddable":true,"href":"https:\/\/kraftwerk-shop.cc\/pl\/wp-json\/wp\/v2\/product_tag?post=68295765"}],"curies":[{"name":"wp","href":"https:\/\/api.w.org\/{rel}","templated":true}]}}