{"id":68295770,"date":"2023-12-20T00:14:28","date_gmt":"2023-12-19T23:14:28","guid":{"rendered":"https:\/\/kraftwerk-shop.cc\/?post_type=product&#038;p=68295770"},"modified":"2026-02-15T00:04:35","modified_gmt":"2026-02-14T23:04:35","slug":"ford-x-pipe-m-5251-m8-mustang-gt","status":"publish","type":"product","link":"https:\/\/kraftwerk-shop.cc\/pl\/produkt\/ford-x-pipe-m-5251-m8-mustang-gt\/","title":{"rendered":"Ford Performance Racing X-Pipe Mustang GT 5.0 (S550)"},"content":{"rendered":"<h1><strong>Ford Performance X-Pipe dla Mustanga GT 5.0 (S550)<\/strong><\/h1>\n<p>Ford Performance X-Pipe M-5251-M8 oferuje lepszy przep\u0142yw powietrza i mocny d\u017awi\u0119k dla Forda Mustanga GT 5.0. Wykonany z wysokiej jako\u015bci stali nierdzewnej, zmniejsza zak\u0142\u00f3cenia wn\u0119ki i zwi\u0119ksza wydajno\u015b\u0107 silnika. Zakres dostawy obejmuje rur\u0119 X-pipe i dwa zaciski, co pozwala na \u0142atw\u0105 instalacj\u0119. Idealny dla entuzjast\u00f3w Mustanga poszukuj\u0105cych wi\u0119kszej mocy i bardziej agresywnego d\u017awi\u0119ku.<\/p>\n<p><strong>Odpowiedni dla:<\/strong><\/p>\n<table width=\"530\">\n<tbody>\n<tr>\n<td width=\"141\"><strong>Marka<\/strong><\/td>\n<td width=\"116\"><strong>Model<\/strong><\/td>\n<td width=\"176\"><strong>Silnik<\/strong><\/td>\n<td width=\"97\"><strong>Rok<\/strong><\/td>\n<\/tr>\n<tr>\n<td width=\"141\">Ford<\/td>\n<td width=\"116\">Mustang<\/td>\n<td width=\"176\">GT 5.0 (S550)<\/td>\n<td width=\"97\">2015\u20132023<\/td>\n<\/tr>\n<\/tbody>\n<\/table>\n<p>&nbsp;<\/p>\n<p><strong>Zakres dostawy<\/strong><\/p>\n<ul>\n<li>Rura X Ford Performance M-5251-M8<\/li>\n<li>2 x zaciski<\/li>\n<\/ul>\n<p>&nbsp;<\/p>\n<p>Ford Racing (Ford Performance) to oddzia\u0142 Forda zajmuj\u0105cy si\u0119 tuningiem i sportami motorowymi, oferuj\u0105cy wysokiej jako\u015bci produkty do Forda Mustanga Shelby GT350\/GT500, Forda GT (S197, S297, S550) i pickup\u00f3w F-150. Produkty te s\u0105 optymalnie przetworzone i bardzo dobrej jako\u015bci.<\/p>","protected":false},"excerpt":{"rendered":"<p>2015\u20132023<\/p>","protected":false},"featured_media":68295788,"comment_status":"open","ping_status":"closed","template":"","meta":{"_acf_changed":false},"product_brand":[],"product_cat":[4033],"product_tag":[249,250,251,252,419,420,2066,2373,4526,546,692,2786,917,4786,4625,4785,3962,2934,36,4782,1044,3872,4787,4587,4783,2899,4784,673],"class_list":{"0":"post-68295770","1":"product","2":"type-product","3":"status-publish","4":"has-post-thumbnail","6":"product_cat-mustang-50-gt-abgasanlage","7":"product_tag-249","8":"product_tag-250","9":"product_tag-251","10":"product_tag-252","11":"product_tag-419","12":"product_tag-420","13":"product_tag-2066","14":"product_tag-2373","15":"product_tag-4526","16":"product_tag-auspuff","17":"product_tag-ersatzteil","18":"product_tag-exhaust","19":"product_tag-ford","20":"product_tag-ford-exhaust","21":"product_tag-ford-performance","22":"product_tag-ford-racing","23":"product_tag-gt-5-0","24":"product_tag-harder","25":"product_tag-kraftwerk","26":"product_tag-m-5251-m8","27":"product_tag-mittelschalldaempfer","28":"product_tag-mustang","29":"product_tag-mustang-exhaust","30":"product_tag-mustang-gt","31":"product_tag-s550","32":"product_tag-schalldaempfer","33":"product_tag-x-pipe","34":"product_tag-zubehoer","36":"first","37":"onbackorder","38":"taxable","39":"shipping-taxable","40":"purchasable","41":"product-type-simple"},"bundled_by":[],"bundle_stock_status":"onbackorder","bundle_stock_quantity":0,"bundle_virtual":false,"bundle_layout":"","bundle_add_to_cart_form_location":"","bundle_editable_in_cart":false,"bundle_sold_individually_context":"","bundle_item_grouping":"","bundle_min_size":"","bundle_max_size":"","bundle_price":[],"bundled_items":[],"bundle_sell_ids":[],"exclude_global_add_ons":[],"addons":[],"acf":[],"_links":{"self":[{"href":"https:\/\/kraftwerk-shop.cc\/pl\/wp-json\/wp\/v2\/product\/68295770","targetHints":{"allow":["GET"]}}],"collection":[{"href":"https:\/\/kraftwerk-shop.cc\/pl\/wp-json\/wp\/v2\/product"}],"about":[{"href":"https:\/\/kraftwerk-shop.cc\/pl\/wp-json\/wp\/v2\/types\/product"}],"replies":[{"embeddable":true,"href":"https:\/\/kraftwerk-shop.cc\/pl\/wp-json\/wp\/v2\/comments?post=68295770"}],"version-history":[{"count":0,"href":"https:\/\/kraftwerk-shop.cc\/pl\/wp-json\/wp\/v2\/product\/68295770\/revisions"}],"wp:featuredmedia":[{"embeddable":true,"href":"https:\/\/kraftwerk-shop.cc\/pl\/wp-json\/wp\/v2\/media\/68295788"}],"wp:attachment":[{"href":"https:\/\/kraftwerk-shop.cc\/pl\/wp-json\/wp\/v2\/media?parent=68295770"}],"wp:term":[{"taxonomy":"product_brand","embeddable":true,"href":"https:\/\/kraftwerk-shop.cc\/pl\/wp-json\/wp\/v2\/product_brand?post=68295770"},{"taxonomy":"product_cat","embeddable":true,"href":"https:\/\/kraftwerk-shop.cc\/pl\/wp-json\/wp\/v2\/product_cat?post=68295770"},{"taxonomy":"product_tag","embeddable":true,"href":"https:\/\/kraftwerk-shop.cc\/pl\/wp-json\/wp\/v2\/product_tag?post=68295770"}],"curies":[{"name":"wp","href":"https:\/\/api.w.org\/{rel}","templated":true}]}}