{"id":68295926,"date":"2023-12-21T16:14:21","date_gmt":"2023-12-21T15:14:21","guid":{"rendered":"https:\/\/kraftwerk-shop.cc\/?post_type=product&#038;p=68295926"},"modified":"2025-09-17T00:58:45","modified_gmt":"2025-09-16T22:58:45","slug":"filtr-oleju-jeep-compass","status":"publish","type":"product","link":"https:\/\/kraftwerk-shop.cc\/pl\/produkt\/kn-oelfilter-jeep-compass\/","title":{"rendered":"Filtr oleju K&amp;N Jeep Compass"},"content":{"rendered":"<h1>Filtr oleju K&amp;N Pro Series Jeep Compass<\/h1>\n<p>&nbsp;<\/p>\n<p>Filtry oleju K&amp;N Performance zosta\u0142y opracowane specjalnie do profesjonalnego u\u017cytku w warsztatach i serwisach.<br \/>\nIch wysokoprzep\u0142ywowa konstrukcja mo\u017ce pom\u00f3c poprawi\u0107 osi\u0105gi silnika Jeepa Compassa poprzez zmniejszenie ogranicze\u0144 filtra oleju.<br \/>\nFiltry oleju K&amp;N Pro Series maj\u0105 \u017cebrowany kszta\u0142t obudowy, dzi\u0119ki czemu mo\u017cna je wymienia\u0107 za pomoc\u0105 konwencjonalnego klucza do filtr\u00f3w oleju.<br \/>\nZapewniaj\u0105 one doskona\u0142\u0105 filtracj\u0119 i ochron\u0119 silnika Jeepa Compassa przez ca\u0142y okres eksploatacji.<br \/>\nFiltry oleju K&amp;N nadaj\u0105 si\u0119 do wszystkich syntetycznych, konwencjonalnych i mieszanych olej\u00f3w silnikowych. Plisowane wk\u0142ady filtracyjne zapewniaj\u0105 wysok\u0105 wydajno\u015b\u0107 filtracji, dzi\u0119ki czemu nadaj\u0105 si\u0119 do wyd\u0142u\u017conych okres\u00f3w wymiany oleju, je\u015bli s\u0105 u\u017cywane zgodnie z zaleceniami producenta pojazdu i oleju silnikowego.<\/p>\n<p>Chro\u0144 sw\u00f3j silnik dzi\u0119ki wysokiej jako\u015bci filtrom oleju K&amp;N\u00ae, kt\u00f3re niezawodnie odfiltrowuj\u0105 zanieczyszczenia z oleju silnikowego.<br \/>\nFiltry oleju K&amp;N s\u0105 opracowywane zgodnie z tymi samymi rygorystycznymi standardami jako\u015bci, co znane na ca\u0142ym \u015bwiecie filtry powietrza K&amp;N i charakteryzuj\u0105 si\u0119 trwa\u0142\u0105 konstrukcj\u0105 i wysokoprzep\u0142ywowymi wk\u0142adami filtracyjnymi, aby zapewni\u0107 doskona\u0142\u0105 filtracj\u0119 oleju.<\/p>\n<p>&nbsp;<\/p>\n<p><span lang=\"DE\">Dzi\u0119ki specjalnej syntetycznej mieszance materia\u0142u filtruj\u0105cego filtrowana jest wi\u0119ksza ilo\u015b\u0107 zanieczyszcze\u0144 przy wy\u017cszym nat\u0119\u017ceniu przep\u0142ywu.<\/span><\/p>\n<ul>\n<li>Opracowany dla wsp\u00f3\u0142czesnych wysokowydajnych olej\u00f3w syntetycznych<\/li>\n<li>Zaw\u00f3r zwrotny zapobiega opr\u00f3\u017cnieniu filtra i uruchomieniu go na sucho<\/li>\n<li>Zaw\u00f3r obej\u015bciowy<\/li>\n<li>Przekracza wszystkie specyfikacje producenta oryginalnego sprz\u0119tu<\/li>\n<\/ul>","protected":false},"excerpt":{"rendered":"<p>Filtry oleju K&amp;N Pro Series Jeep Compass Wydajne filtry oleju K&amp;N s\u0105 specjalnie zaprojektowane do profesjonalnego u\u017cytku w warsztatach i firmach serwisowych.<\/p>","protected":false},"featured_media":68295325,"comment_status":"open","ping_status":"closed","template":"","meta":{"_acf_changed":false},"product_brand":[19067],"product_cat":[1497],"product_tag":[677,648,675,50,670,36,404,2320,406,647,2453,655,672,674,37,673],"class_list":{"0":"post-68295926","1":"product","2":"type-product","3":"status-publish","4":"has-post-thumbnail","6":"product_brand-kn","7":"product_cat-compass-motor","8":"product_tag-compass","9":"product_tag-filter","10":"product_tag-inspektion","11":"product_tag-jeep","12":"product_tag-kn","13":"product_tag-kraftwerk","14":"product_tag-motoroel","15":"product_tag-motoroelfilter","16":"product_tag-oel","17":"product_tag-oelfilter","18":"product_tag-oelfilter10","19":"product_tag-oelwechsel","20":"product_tag-pro-series","21":"product_tag-service","22":"product_tag-wartung","23":"product_tag-zubehoer","24":"pa_motor-2-0-2","25":"pa_motor-2-4-2","27":"first","28":"instock","29":"taxable","30":"shipping-taxable","31":"purchasable","32":"product-type-variable"},"bundled_by":[],"bundle_stock_status":"instock","bundle_stock_quantity":null,"bundle_virtual":false,"bundle_layout":"","bundle_add_to_cart_form_location":"","bundle_editable_in_cart":false,"bundle_sold_individually_context":"","bundle_item_grouping":"","bundle_min_size":"","bundle_max_size":"","bundle_price":[],"bundled_items":[],"bundle_sell_ids":[],"exclude_global_add_ons":[],"addons":[],"acf":[],"_links":{"self":[{"href":"https:\/\/kraftwerk-shop.cc\/pl\/wp-json\/wp\/v2\/product\/68295926","targetHints":{"allow":["GET"]}}],"collection":[{"href":"https:\/\/kraftwerk-shop.cc\/pl\/wp-json\/wp\/v2\/product"}],"about":[{"href":"https:\/\/kraftwerk-shop.cc\/pl\/wp-json\/wp\/v2\/types\/product"}],"replies":[{"embeddable":true,"href":"https:\/\/kraftwerk-shop.cc\/pl\/wp-json\/wp\/v2\/comments?post=68295926"}],"version-history":[{"count":0,"href":"https:\/\/kraftwerk-shop.cc\/pl\/wp-json\/wp\/v2\/product\/68295926\/revisions"}],"wp:featuredmedia":[{"embeddable":true,"href":"https:\/\/kraftwerk-shop.cc\/pl\/wp-json\/wp\/v2\/media\/68295325"}],"wp:attachment":[{"href":"https:\/\/kraftwerk-shop.cc\/pl\/wp-json\/wp\/v2\/media?parent=68295926"}],"wp:term":[{"taxonomy":"product_brand","embeddable":true,"href":"https:\/\/kraftwerk-shop.cc\/pl\/wp-json\/wp\/v2\/product_brand?post=68295926"},{"taxonomy":"product_cat","embeddable":true,"href":"https:\/\/kraftwerk-shop.cc\/pl\/wp-json\/wp\/v2\/product_cat?post=68295926"},{"taxonomy":"product_tag","embeddable":true,"href":"https:\/\/kraftwerk-shop.cc\/pl\/wp-json\/wp\/v2\/product_tag?post=68295926"}],"curies":[{"name":"wp","href":"https:\/\/api.w.org\/{rel}","templated":true}]}}