{"id":68295940,"date":"2023-12-21T16:14:31","date_gmt":"2023-12-21T15:14:31","guid":{"rendered":"https:\/\/kraftwerk-shop.cc\/?post_type=product&#038;p=68295940"},"modified":"2026-04-10T14:41:36","modified_gmt":"2026-04-10T12:41:36","slug":"filtr-oleju-mopar-ram","status":"publish","type":"product","link":"https:\/\/kraftwerk-shop.cc\/pl\/produkt\/mopar-oelfilter-ram\/","title":{"rendered":"Filtr oleju Mopar RAM"},"content":{"rendered":"<h1>Filtr oleju Mopar RAM - <span lang=\"DE\">Oryginalna cz\u0119\u015b\u0107 zamienna<\/span><\/h1>\n<p>&nbsp;<\/p>\n<p><strong>Numery cz\u0119\u015bci Mopar:<\/strong> 5281090AB, 04884899AC, 4884899AC, 04892339AB, 4892339AB<br \/>\n<strong>Zast\u0105piony:<\/strong> 53020311, 5281090AA, 04884899AA, 04884899AB, 4884899AA, 4884899AB, 04892339AA, 4892339AA<\/p>\n<p>&nbsp;<\/p>\n<p>Aby silnik RAM dzia\u0142a\u0142 prawid\u0142owo, musi by\u0107 zasilany czystym olejem silnikowym.<br \/>\nProblem polega na tym, \u017ce nawet nowy olej silnikowy mo\u017ce zawiera\u0107 zanieczyszczenia. Kiedy przep\u0142ywaj\u0105 one przez silnik, zbieraj\u0105 si\u0119 na r\u00f3\u017cnych jego cz\u0119\u015bciach i pogarszaj\u0105 jego wydajno\u015b\u0107.<br \/>\nWraz z innymi zanieczyszczeniami, kt\u00f3re olej silnikowy zbiera na swojej drodze przez silnik, mo\u017ce to prowadzi\u0107 do jego uszkodzenia.<br \/>\nW tym miejscu do gry wkracza oryginalny filtr oleju Mopar.<br \/>\nPrzechwytuje on te mikroskopijne zanieczyszczenia na drodze oleju, dzi\u0119ki czemu tylko czysty olej przep\u0142ywa z powrotem do silnika i smaruje r\u00f3\u017cne jego cz\u0119\u015bci. Z czasem jednak nawet wysokiej jako\u015bci filtr oleju ulega uszkodzeniu lub zatkaniu.<\/p>\n<p>Je\u015bli filtr oleju wymaga wymiany, nale\u017cy upewni\u0107 si\u0119, \u017ce u\u017cywany jest oryginalny filtr oleju Mopar.<br \/>\nS\u0105 to jedyne filtry gwarantuj\u0105ce kompatybilno\u015b\u0107 z silnikiem RAM, wi\u0119c mo\u017cesz polega\u0107 na ich dopasowaniu i wydajno\u015bci.<br \/>\nFiltr oleju od zewn\u0119trznego dostawcy mo\u017ce nie by\u0107 idealnie dopasowany, co mo\u017ce prowadzi\u0107 do wyciek\u00f3w lub nawet powa\u017cniejszych problem\u00f3w z silnikiem.<\/p>\n<p>W naszym sklepie internetowym znajdziesz oryginalne filtry oleju Mopar, kt\u00f3re s\u0105 odpowiednie dla Twojej pami\u0119ci RAM.<\/p>\n<p>Ta oryginalna cz\u0119\u015b\u0107 Mopar spe\u0142nia wszystkie wymagania gwarancji fabrycznej.<\/p>\n<p>&nbsp;<\/p>","protected":false},"excerpt":{"rendered":"<p><span lang=\"DE\" style=\"display: inline;\">Oryginalna cz\u0119\u015b\u0107 Mopar<\/span><\/p>","protected":false},"featured_media":68295344,"comment_status":"open","ping_status":"closed","template":"","meta":{"_acf_changed":false},"product_brand":[16270],"product_cat":[1521,5021,2922,2706],"product_tag":[4988,4989,4993,4249,4250,217,4990,4991,685,4992,689,91,5081,686,5080,92,93,49,2321,648,126,675,36,4987,31,8813,9424,16271,16273,16275,16272,16274,7221,404,2320,1091,647,2453,655,34,35,86,674,96,38,37,673],"class_list":{"0":"post-68295940","1":"product","2":"type-product","3":"status-publish","4":"has-post-thumbnail","6":"product_brand-mopar","7":"product_cat-1500-57-2009-2018-classic-wartung","8":"product_cat-1500-57-dt-wartung","9":"product_cat-2500-3500-64-wartung","10":"product_cat-trx-wartung","11":"product_tag-04884899aa","12":"product_tag-04884899ab","13":"product_tag-04884899ac","14":"product_tag-04892339aa","15":"product_tag-04892339ab","16":"product_tag-217","17":"product_tag-4884899aa","18":"product_tag-4884899ab","19":"product_tag-4884899ac","20":"product_tag-4892339aa","21":"product_tag-4892339ab","22":"product_tag-5-7","23":"product_tag-5281090aa","24":"product_tag-5281090ab","25":"product_tag-5080","26":"product_tag-6-1","27":"product_tag-6-4","28":"product_tag-dodge","29":"product_tag-erstausruester","30":"product_tag-filter","31":"product_tag-hemi","32":"product_tag-inspektion","33":"product_tag-kraftwerk","34":"product_tag-mo-339","35":"product_tag-mopar","36":"product_tag-mopar-autoteile","37":"product_tag-mopar-ersatzteile","38":"product_tag-mopar-ersatzteile-kaufen","39":"product_tag-mopar-performance-teile","40":"product_tag-mopar-teile-katalog","41":"product_tag-mopar-teile-online","42":"product_tag-mopar-tuningteile","43":"product_tag-mopar10","44":"product_tag-motoroel","45":"product_tag-motoroelfilter","46":"product_tag-oem","47":"product_tag-oelfilter","48":"product_tag-oelfilter10","49":"product_tag-oelwechsel","50":"product_tag-original","51":"product_tag-originalersatzteil","52":"product_tag-ram","53":"product_tag-service","54":"product_tag-srt","55":"product_tag-teile","56":"product_tag-wartung","57":"product_tag-zubehoer","59":"first","60":"instock","61":"taxable","62":"shipping-taxable","63":"purchasable","64":"product-type-variable"},"bundled_by":[],"bundle_stock_status":"instock","bundle_stock_quantity":502,"bundle_virtual":false,"bundle_layout":"","bundle_add_to_cart_form_location":"","bundle_editable_in_cart":false,"bundle_sold_individually_context":"","bundle_item_grouping":"","bundle_min_size":"","bundle_max_size":"","bundle_price":[],"bundled_items":[],"bundle_sell_ids":[],"exclude_global_add_ons":[],"addons":[],"acf":[],"_links":{"self":[{"href":"https:\/\/kraftwerk-shop.cc\/pl\/wp-json\/wp\/v2\/product\/68295940","targetHints":{"allow":["GET"]}}],"collection":[{"href":"https:\/\/kraftwerk-shop.cc\/pl\/wp-json\/wp\/v2\/product"}],"about":[{"href":"https:\/\/kraftwerk-shop.cc\/pl\/wp-json\/wp\/v2\/types\/product"}],"replies":[{"embeddable":true,"href":"https:\/\/kraftwerk-shop.cc\/pl\/wp-json\/wp\/v2\/comments?post=68295940"}],"version-history":[{"count":0,"href":"https:\/\/kraftwerk-shop.cc\/pl\/wp-json\/wp\/v2\/product\/68295940\/revisions"}],"wp:featuredmedia":[{"embeddable":true,"href":"https:\/\/kraftwerk-shop.cc\/pl\/wp-json\/wp\/v2\/media\/68295344"}],"wp:attachment":[{"href":"https:\/\/kraftwerk-shop.cc\/pl\/wp-json\/wp\/v2\/media?parent=68295940"}],"wp:term":[{"taxonomy":"product_brand","embeddable":true,"href":"https:\/\/kraftwerk-shop.cc\/pl\/wp-json\/wp\/v2\/product_brand?post=68295940"},{"taxonomy":"product_cat","embeddable":true,"href":"https:\/\/kraftwerk-shop.cc\/pl\/wp-json\/wp\/v2\/product_cat?post=68295940"},{"taxonomy":"product_tag","embeddable":true,"href":"https:\/\/kraftwerk-shop.cc\/pl\/wp-json\/wp\/v2\/product_tag?post=68295940"}],"curies":[{"name":"wp","href":"https:\/\/api.w.org\/{rel}","templated":true}]}}