{"id":68296003,"date":"2023-12-21T16:15:27","date_gmt":"2023-12-21T15:15:27","guid":{"rendered":"https:\/\/kraftwerk-shop.cc\/?post_type=product&#038;p=68296003"},"modified":"2026-03-30T11:29:24","modified_gmt":"2026-03-30T09:29:24","slug":"filtr-powietrza-dodge-challenger","status":"publish","type":"product","link":"https:\/\/kraftwerk-shop.cc\/pl\/produkt\/luftfilter-dodge-challenger\/","title":{"rendered":"Filtr powietrza Dodge Challenger"},"content":{"rendered":"<h2>Filtr powietrza do Dodge Challenger<\/h2>\n<p>&nbsp;<\/p>\n<p><strong>Liczby por\u00f3wnawcze Mopar:<\/strong> 5019002AA, 5037615AA, 05019002AA, 05037615AA, 68172459AA, 4861746AB<\/p>\n<p>&nbsp;<\/p>\n<p>Markowe filtry powietrza do Dodge Challenger wykonane ze specjalnie mieszanych medi\u00f3w filtracyjnych, aby zapewni\u0107 optymaln\u0105 zdolno\u015b\u0107 zatrzymywania zanieczyszcze\u0144, skuteczno\u015b\u0107 filtracji i maksymaln\u0105 ochron\u0119 silnika przed szkodliwymi zanieczyszczeniami unosz\u0105cymi si\u0119 w powietrzu.<br \/>\nDopasowanie, funkcjonalno\u015b\u0107 i wydajno\u015b\u0107 odpowiadaj\u0105 lub przewy\u017cszaj\u0105 oryginalne wyposa\u017cenie.<\/p>\n<p>Czyste powietrze ma kluczowe znaczenie dla wydajno\u015bci i \u017cywotno\u015bci silnika Dodge Challenger. W\u0142a\u015bciwa filtracja powietrza jest wa\u017cna, poniewa\u017c niewielka ilo\u015b\u0107 zanieczyszcze\u0144 mo\u017ce spowodowa\u0107 ogromne szkody. Zadaniem filtra powietrza jest zapewnienie d\u0142ugiej \u017cywotno\u015bci uk\u0142adu poprzez utrzymywanie szkodliwych zanieczyszcze\u0144 z dala od wra\u017cliwych element\u00f3w silnika.<\/p>\n<p>&nbsp;<\/p>\n<p><strong>W\u0142a\u015bciwo\u015bci:<\/strong><\/p>\n<ul>\n<li>spe\u0142nia wszystkie specyfikacje oryginalnego wyposa\u017cenia w zakresie jako\u015bci i dopasowania<\/li>\n<li>Wielowarstwowa konstrukcja wychwytuj\u0105ca maksymaln\u0105 liczb\u0119 cz\u0105stek<\/li>\n<li>R\u00f3wnomiernie z\u0142o\u017cony papier zapobiega przywieraniu papieru filtracyjnego i wyd\u0142u\u017ca \u017cywotno\u015b\u0107 filtra.<\/li>\n<li>Elastyczna rama poliuretanowa umo\u017cliwia \u0142atw\u0105 instalacj\u0119<\/li>\n<li>Uszczelka poliuretanowa ma wysok\u0105 odporno\u015b\u0107 na rozdarcie i mo\u017ce wytrzyma\u0107 ekstremalne temperatury i zimno.<\/li>\n<li>Metalowe wzmocnienie z du\u017cym diamentowym wzorem zosta\u0142o opracowane w celu poprawy przep\u0142ywu powietrza<\/li>\n<li>Wysoki przep\u0142yw powietrza poprawia osi\u0105gi i zu\u017cycie paliwa<\/li>\n<li>Maksymalna wydajno\u015b\u0107 zmniejsza zu\u017cycie silnika<\/li>\n<li>Wysoka zdolno\u015b\u0107 poch\u0142aniania cz\u0105stek zapewnia d\u0142ug\u0105 \u017cywotno\u015b\u0107 w ekstremalnych warunkach, takich jak ciep\u0142o, zimno lub zanieczyszczenie chemiczne.<\/li>\n<li>Zapobiega przedwczesnemu zu\u017cyciu zawor\u00f3w, powierzchni bie\u017cnych cylindr\u00f3w, pier\u015bcieni t\u0142okowych, \u0142o\u017cysk i innych element\u00f3w silnika.<\/li>\n<li>\u0141atwa instalacja dzi\u0119ki precyzyjnemu dopasowaniu w jako\u015bci OEM<\/li>\n<\/ul>\n<p>&nbsp;<\/p>\n<p><strong>Zakres dostawy:<\/strong><\/p>\n<ul>\n<li>1 filtr powietrza dla Dodge Challenger<\/li>\n<\/ul>","protected":false},"excerpt":{"rendered":"<p>Filtr powietrza do Dodge Challenger Numery referencyjne Mopar: 5019002AA, 5037615AA, 05019002AA, 05037615AA, 68172459AA, 4861746AB Markowy filtr powietrza do Dodge Challenger wykonany ze specjalnego tworzywa sztucznego.<\/p>","protected":false},"featured_media":68295715,"comment_status":"open","ping_status":"closed","template":"","meta":{"_acf_changed":false},"product_brand":[19068],"product_cat":[2575,1671,1679,1687,1703],"product_tag":[58,59,4479,87,88,169,706,91,708,4478,92,93,707,54,8687,8680,8676,8693,8681,8674,49,3853,8691,8672,8694,8678,8698,8682,8690,8668,8515,692,8640,8635,8643,8684,8688,126,8641,8654,8638,8639,57,8683,8653,8689,8679,8697,8636,8686,31,8692,8673,8645,8646,8699,8667,8642,7221,8644,8637,8685,8634,8677,8675,8695,8664,35,8696,96],"class_list":{"0":"post-68296003","1":"product","2":"type-product","3":"status-publish","4":"has-post-thumbnail","6":"product_brand-kraftwerk","7":"product_cat-challenger-35-wartung","8":"product_cat-challenger-36-wartung","9":"product_cat-challenger-57-wartung","10":"product_cat-challenger-61-wartung","11":"product_cat-challenger-64-wartung","12":"product_tag-04861746ab","13":"product_tag-05019002aa","14":"product_tag-05037615aa","15":"product_tag-2-7","16":"product_tag-3-5","17":"product_tag-3-6","18":"product_tag-4861746ab","19":"product_tag-5-7","20":"product_tag-5019002aa","21":"product_tag-5037615aa","22":"product_tag-6-1","23":"product_tag-6-4","24":"product_tag-68172459aa","25":"product_tag-challenger","26":"product_tag-challenger-ersatzfilter","27":"product_tag-challenger-ersatzteil","28":"product_tag-challenger-filter","29":"product_tag-challenger-hochleistungsfilter","30":"product_tag-challenger-motorfilter","31":"product_tag-challenger-zubehoer","32":"product_tag-dodge","33":"product_tag-dodge-challenger","34":"product_tag-dodge-challenger-filterwechsel","35":"product_tag-dodge-challenger-luftfilter","36":"product_tag-dodge-challenger-motorpflege","37":"product_tag-dodge-challenger-wartung","38":"product_tag-dodge-challenger-zubehoer","39":"product_tag-dodge-ersatzteile","40":"product_tag-dodge-luftfilter-service","41":"product_tag-dodge-zubehoer","42":"product_tag-ersatzfilter","43":"product_tag-ersatzteil","44":"product_tag-fahrzeugkompatibilitaet","45":"product_tag-fahrzeugwartung","46":"product_tag-fahrzeugzubehoer","47":"product_tag-filter-fuer-challenger","48":"product_tag-filter-fuer-sportwagen","49":"product_tag-hemi","50":"product_tag-hochleistungsfilter","51":"product_tag-hochleistungsluftfilter","52":"product_tag-kraftstoffeffizienz","53":"product_tag-langlebigkeit","54":"product_tag-luftfilter","55":"product_tag-luftfilter-fuer-dodge","56":"product_tag-luftfilter-kaufen","57":"product_tag-luftfilter-kaufen-online","58":"product_tag-luftfilter-original","59":"product_tag-luftfilterwechsel","60":"product_tag-luftreinigung","61":"product_tag-luftreinigung-fahrzeug","62":"product_tag-mopar","63":"product_tag-mopar-autozubehoer","64":"product_tag-mopar-challenger-luftfilter","65":"product_tag-mopar-luftfilter","66":"product_tag-mopar-original","67":"product_tag-mopar-originalteil","68":"product_tag-mopar-qualitaet","69":"product_tag-mopar-teile","70":"product_tag-mopar10","71":"product_tag-motorenschutz","72":"product_tag-motorleistung","73":"product_tag-motorleistung-optimieren","74":"product_tag-motorluftfilter","75":"product_tag-motorluftfilter-dodge","76":"product_tag-oem-ersatzteil-luftfilter","77":"product_tag-oem-luftfilter","78":"product_tag-original-mopar-ersatzteile","79":"product_tag-originalersatzteil","80":"product_tag-schmutzpartikel-filtration","81":"product_tag-srt","82":"pa_motor-3-5-2","83":"pa_motor-3-6-2","84":"pa_motor-5-7-ab-2011","85":"pa_motor-5-7-bis-2011","86":"pa_motor-6-1-srt8","87":"pa_motor-6-2-hellcat-2015-2023","88":"pa_motor-6-4-2","90":"first","91":"instock","92":"taxable","93":"shipping-taxable","94":"purchasable","95":"product-type-variable"},"bundled_by":[],"bundle_stock_status":"instock","bundle_stock_quantity":213,"bundle_virtual":false,"bundle_layout":"","bundle_add_to_cart_form_location":"","bundle_editable_in_cart":false,"bundle_sold_individually_context":"","bundle_item_grouping":"","bundle_min_size":"","bundle_max_size":"","bundle_price":[],"bundled_items":[],"bundle_sell_ids":[],"exclude_global_add_ons":[],"addons":[],"acf":[],"_links":{"self":[{"href":"https:\/\/kraftwerk-shop.cc\/pl\/wp-json\/wp\/v2\/product\/68296003","targetHints":{"allow":["GET"]}}],"collection":[{"href":"https:\/\/kraftwerk-shop.cc\/pl\/wp-json\/wp\/v2\/product"}],"about":[{"href":"https:\/\/kraftwerk-shop.cc\/pl\/wp-json\/wp\/v2\/types\/product"}],"replies":[{"embeddable":true,"href":"https:\/\/kraftwerk-shop.cc\/pl\/wp-json\/wp\/v2\/comments?post=68296003"}],"version-history":[{"count":0,"href":"https:\/\/kraftwerk-shop.cc\/pl\/wp-json\/wp\/v2\/product\/68296003\/revisions"}],"wp:featuredmedia":[{"embeddable":true,"href":"https:\/\/kraftwerk-shop.cc\/pl\/wp-json\/wp\/v2\/media\/68295715"}],"wp:attachment":[{"href":"https:\/\/kraftwerk-shop.cc\/pl\/wp-json\/wp\/v2\/media?parent=68296003"}],"wp:term":[{"taxonomy":"product_brand","embeddable":true,"href":"https:\/\/kraftwerk-shop.cc\/pl\/wp-json\/wp\/v2\/product_brand?post=68296003"},{"taxonomy":"product_cat","embeddable":true,"href":"https:\/\/kraftwerk-shop.cc\/pl\/wp-json\/wp\/v2\/product_cat?post=68296003"},{"taxonomy":"product_tag","embeddable":true,"href":"https:\/\/kraftwerk-shop.cc\/pl\/wp-json\/wp\/v2\/product_tag?post=68296003"}],"curies":[{"name":"wp","href":"https:\/\/api.w.org\/{rel}","templated":true}]}}