{"id":68297758,"date":"2024-01-18T13:38:42","date_gmt":"2024-01-18T12:38:42","guid":{"rendered":"https:\/\/kraftwerk-shop.cc\/?post_type=product&#038;p=68297758"},"modified":"2026-02-15T01:08:02","modified_gmt":"2026-02-15T00:08:02","slug":"mbrp-t5197cf-rury-wydechowe-charger-durango","status":"publish","type":"product","link":"https:\/\/kraftwerk-shop.cc\/pl\/produkt\/mbrp-t5197cf-endrohre-charger-durango\/","title":{"rendered":"Rury wydechowe MBRP 5\u2033 Dodge Charger &amp; Durango (Carbon)"},"content":{"rendered":"<h1>5-calowe rury wydechowe MBRP do Dodge Charger i Durango (karbon)<\/h1>\n<p>&nbsp;<\/p>\n<p>Je\u015bli chcesz nada\u0107 uk\u0142adowi wydechowemu swojego Dodge'a Charger nowy wygl\u0105d, nie musisz wymienia\u0107 ca\u0142ego uk\u0142adu.<br \/>\nMo\u017cesz tak\u017ce po prostu u\u017cy\u0107 tych os\u0142on wydechu ze stali nierdzewnej MBRP.<\/p>\n<p>Rury wydechowe s\u0105 grawerowane laserowo z logo MBRP. Ten stylowy wygl\u0105d sprawia, \u017ce uk\u0142ad wydechowy pojazdu wyr\u00f3\u017cnia si\u0119 z t\u0142umu. Ponadto du\u017ca \u015brednica wydechu pomaga poprawi\u0107 przep\u0142yw spalin w poje\u017adzie.<\/p>\n<p>Rury wydechowe s\u0105 wykonane z wytrzyma\u0142ej stali nierdzewnej 304 wewn\u0105trz i w\u0142\u00f3kna w\u0119glowego na zewn\u0105trz, aby sprosta\u0107 wysokim wymaganiom pojazdu.<\/p>\n<p>Te rury wydechowe s\u0105 \u0142atwe do przykr\u0119cenia. Poniewa\u017c zosta\u0142y zaprojektowane jako bezpo\u015brednia cz\u0119\u015b\u0107 zamienna, mo\u017cna je szybko przymocowa\u0107 do fabrycznych punkt\u00f3w pojazdu za pomoc\u0105 standardowych zacisk\u00f3w. Nie jest wymagane spawanie ani ci\u0119cie.<\/p>\n<p>&nbsp;<\/p>\n<p><strong>Odpowiedni dla:<\/strong><\/p>\n<table width=\"449\">\n<tbody>\n<tr>\n<td width=\"115\"><strong>Marka<\/strong><\/td>\n<td width=\"145\"><strong>Model<\/strong><\/td>\n<td width=\"106\"><strong>Silnik<\/strong><\/td>\n<td width=\"83\"><strong>Rok<\/strong><\/td>\n<\/tr>\n<tr>\n<td>Dodge<\/td>\n<td>Charger<\/td>\n<td>5.7, 6.4<\/td>\n<td width=\"83\">2015\u20132023<\/td>\n<\/tr>\n<tr>\n<td width=\"115\">Dodge<\/td>\n<td width=\"145\">Charger Hellcat<\/td>\n<td width=\"106\">6.2<\/td>\n<td width=\"83\">2015\u20132023<\/td>\n<\/tr>\n<tr>\n<td width=\"115\">Dodge<\/td>\n<td width=\"145\">Durango SRT<\/td>\n<td>6.4<\/td>\n<td width=\"83\">2018\u20132024<\/td>\n<\/tr>\n<tr>\n<td width=\"115\">Dodge<\/td>\n<td width=\"145\">Durango Hellcat<\/td>\n<td>6.2<\/td>\n<td width=\"83\">2018\u20132025<\/td>\n<\/tr>\n<\/tbody>\n<\/table>\n<p>&nbsp;<\/p>\n<p><strong>Zakres dostawy:<\/strong><\/p>\n<ul>\n<li>2 rury wydechowe<\/li>\n<\/ul>","protected":false},"excerpt":{"rendered":"<p>5-calowe rury wydechowe MBRP dla Dodge, Charger i Durango (karbon) Je\u015bli chcesz nada\u0107 nowy wygl\u0105d uk\u0142adowi wydechowemu swojego Dodge i Charger, mo\u017cesz to zrobi\u0107 za pomoc\u0105 5-calowych rur wydechowych MBRP.<\/p>","protected":false},"featured_media":68297760,"comment_status":"open","ping_status":"closed","template":"","meta":{"_acf_changed":false},"product_brand":[17169],"product_cat":[6608,6596,6558,6599,6585],"product_tag":[249,250,251,252,419,420,2066,2373,217,91,101,93,1035,1036,546,3720,1037,3045,53,429,49,3854,95,662,1043,1039,3034,1042,2934,100,126,2931,6924,1044,224,783,787,1045,1041,547,1034,1038,96,6808,6810,233],"class_list":{"0":"post-68297758","1":"product","2":"type-product","3":"status-publish","4":"has-post-thumbnail","6":"product_brand-mbrp","7":"product_cat-charger-57-2011-2023-abgasanlage-catback","8":"product_cat-charger-hellcat-abgasanlage-catback","9":"product_cat-charger-64-catback","10":"product_cat-durango-hellcat-abgasanlage-catback","11":"product_cat-durango-64-abgasanlage-catback","12":"product_tag-249","13":"product_tag-250","14":"product_tag-251","15":"product_tag-252","16":"product_tag-419","17":"product_tag-420","18":"product_tag-2066","19":"product_tag-2373","20":"product_tag-217","21":"product_tag-5-7","22":"product_tag-6-2","23":"product_tag-6-4","24":"product_tag-abgasanlage","25":"product_tag-abgassystem","26":"product_tag-auspuff","27":"product_tag-auspuffblende","28":"product_tag-auspuffsystem","29":"product_tag-beschichtet","30":"product_tag-charger","31":"product_tag-deutschland","32":"product_tag-dodge","33":"product_tag-dodge-charger","34":"product_tag-durango","35":"product_tag-edelstahl","36":"product_tag-endrohr","37":"product_tag-endschalldaempfer","38":"product_tag-endstueck","39":"product_tag-endtopf","40":"product_tag-harder","41":"product_tag-hellcat","42":"product_tag-hemi","43":"product_tag-mbrp","44":"product_tag-mbrp10","45":"product_tag-mittelschalldaempfer","46":"product_tag-poliert","47":"product_tag-r-t","48":"product_tag-rt","49":"product_tag-sound","50":"product_tag-sport","51":"product_tag-sportauspuff","52":"product_tag-sportauspuffanlage","53":"product_tag-sportendschalldaempfer","54":"product_tag-srt","55":"product_tag-t5197","56":"product_tag-t5197cf","57":"product_tag-tuning","59":"first","60":"instock","61":"taxable","62":"shipping-taxable","63":"purchasable","64":"product-type-simple"},"bundled_by":[],"bundle_stock_status":"instock","bundle_stock_quantity":1,"bundle_virtual":false,"bundle_layout":"","bundle_add_to_cart_form_location":"","bundle_editable_in_cart":false,"bundle_sold_individually_context":"","bundle_item_grouping":"","bundle_min_size":"","bundle_max_size":"","bundle_price":[],"bundled_items":[],"bundle_sell_ids":[],"exclude_global_add_ons":[],"addons":[],"acf":[],"_links":{"self":[{"href":"https:\/\/kraftwerk-shop.cc\/pl\/wp-json\/wp\/v2\/product\/68297758","targetHints":{"allow":["GET"]}}],"collection":[{"href":"https:\/\/kraftwerk-shop.cc\/pl\/wp-json\/wp\/v2\/product"}],"about":[{"href":"https:\/\/kraftwerk-shop.cc\/pl\/wp-json\/wp\/v2\/types\/product"}],"replies":[{"embeddable":true,"href":"https:\/\/kraftwerk-shop.cc\/pl\/wp-json\/wp\/v2\/comments?post=68297758"}],"version-history":[{"count":0,"href":"https:\/\/kraftwerk-shop.cc\/pl\/wp-json\/wp\/v2\/product\/68297758\/revisions"}],"wp:featuredmedia":[{"embeddable":true,"href":"https:\/\/kraftwerk-shop.cc\/pl\/wp-json\/wp\/v2\/media\/68297760"}],"wp:attachment":[{"href":"https:\/\/kraftwerk-shop.cc\/pl\/wp-json\/wp\/v2\/media?parent=68297758"}],"wp:term":[{"taxonomy":"product_brand","embeddable":true,"href":"https:\/\/kraftwerk-shop.cc\/pl\/wp-json\/wp\/v2\/product_brand?post=68297758"},{"taxonomy":"product_cat","embeddable":true,"href":"https:\/\/kraftwerk-shop.cc\/pl\/wp-json\/wp\/v2\/product_cat?post=68297758"},{"taxonomy":"product_tag","embeddable":true,"href":"https:\/\/kraftwerk-shop.cc\/pl\/wp-json\/wp\/v2\/product_tag?post=68297758"}],"curies":[{"name":"wp","href":"https:\/\/api.w.org\/{rel}","templated":true}]}}