{"id":68298347,"date":"2024-02-18T00:30:05","date_gmt":"2024-02-17T23:30:05","guid":{"rendered":"https:\/\/kraftwerk-shop.cc\/?post_type=product&#038;p=68298347"},"modified":"2026-02-15T01:08:12","modified_gmt":"2026-02-15T00:08:12","slug":"klocki-hamulcowe-hawk-performance-lts-ram","status":"publish","type":"product","link":"https:\/\/kraftwerk-shop.cc\/pl\/produkt\/hawk-performance-lts-bremsbelaege-ram\/","title":{"rendered":"Klocki hamulcowe Hawk Performance LTS RAM (922Y.765)"},"content":{"rendered":"<h1>Hawk Performance LTS <span class=\"sku\">922Y.765<\/span> Klocki hamulcowe do RAM 3.0 EcoDiesel, 3.6, 5.7 i 6.2 TRX (przednia o\u015b) od 2019 r.<\/h1>\n<p>&nbsp;<\/p>\n<p><strong>Hawk Performance LTS<\/strong><\/p>\n<p>Wiemy, \u017ce konwencjonalne klocki hamulcowe do samochod\u00f3w osobowych nie s\u0105 ju\u017c wystarczaj\u0105ce dla dzisiejszych ci\u0119\u017car\u00f3wek.<br \/>\nNasza mieszanka klock\u00f3w hamulcowych LTS (Light Truck and SUV) drastycznie poprawia si\u0142\u0119 hamowania pojazdu i odporno\u015b\u0107 na blakni\u0119cie. Przewy\u017csza r\u00f3wnie\u017c konkurencj\u0119 pod wzgl\u0119dem zu\u017cycia tarcz i klock\u00f3w hamulcowych.<br \/>\nMieszanka LTS zapewnia doskona\u0142\u0105 skuteczno\u015b\u0107 hamowania i d\u0142u\u017csz\u0105 \u017cywotno\u015b\u0107 klock\u00f3w bez nadmiernego ha\u0142asu i generowania py\u0142u.<br \/>\n\u017belazowo-w\u0119glowy materia\u0142 cierny LTS opracowany przez ekspert\u00f3w w dziedzinie klock\u00f3w hamulcowych do samochod\u00f3w ci\u0119\u017carowych to optymalny wyb\u00f3r klock\u00f3w do hamulc\u00f3w RAM.<br \/>\nOczekuj 20-40% wi\u0119kszej si\u0142y hamowania w por\u00f3wnaniu z konwencjonalnymi klockami zamiennymi.<\/p>\n<p>&nbsp;<\/p>\n<p><strong>Zalecenie<\/strong><\/p>\n<p>Hawk LTS to dobry wyb\u00f3r dla RAM, je\u015bli g\u0142\u00f3wnym celem jest zwi\u0119kszenie skuteczno\u015bci hamowania, a nie minimalizacja py\u0142u hamulcowego.<br \/>\nMieszanka LTS jest stosunkowo czysta, ale wytwarza troch\u0119 py\u0142u hamulcowego w por\u00f3wnaniu do Hawk Ceramic.<br \/>\nWydajno\u015b\u0107 LTS jest lepsza ni\u017c Hawk Ceramic i HPS, ale nie tak dobra jak SuperDuty.<br \/>\nW przypadku cz\u0119stego holowania zalecany jest raczej Hawk SuperDuty ni\u017c LTS, poniewa\u017c mieszanka SuperDuty ma znacznie wy\u017cszy zakres temperatur, aby poradzi\u0107 sobie z wysokimi temperaturami osi\u0105ganymi podczas holowania.<br \/>\nJe\u015bli nie holujesz cz\u0119sto, LTS jest najlepszym wyborem.<\/p>\n<p>&nbsp;<\/p>\n<p><strong>Cechy Hawk LTS Compound:<\/strong><\/p>\n<ul>\n<li>Mocny, zr\u00f3wnowa\u017cony pocz\u0105tkowy gryz, gor\u0105cy lub zimny<\/li>\n<li>Doskona\u0142a odporno\u015b\u0107 na zabrudzenia<\/li>\n<li>Mieszanina \u017celazo-w\u0119giel<\/li>\n<li>Niski poziom generowanego py\u0142u<\/li>\n<li>Doskona\u0142a \u017cywotno\u015b\u0107 klock\u00f3w i tarcz hamulcowych<\/li>\n<li>37-370\u00b0C Zakres temperatur pracy<\/li>\n<li>37-370\u00b0C Optymalny zakres temperatur<\/li>\n<\/ul>\n<p>&nbsp;<\/p>\n<p>Numer OE (tylko do cel\u00f3w por\u00f3wnawczych): \u00a0<span class=\"list-value\">68520814AA<\/span>, <span class=\"list-value\">68520814AB<\/span>, 68520814AC, 68520814AC, 68412557AA, 68412557AB, 68412557AC, 68412557AD, 68412557AE<br \/>\nAutoryzacja: nie<\/p>\n<p>Miejsce instalacji: O\u015b przednia<\/p>\n<p>&nbsp;<\/p>\n<p><strong>Odpowiedni dla:<\/strong><\/p>\n<table width=\"596\">\n<tbody>\n<tr>\n<td width=\"114\"><strong>Marka<\/strong><\/td>\n<td width=\"121\"><strong>Model<\/strong><\/td>\n<td width=\"122\"><strong>Silnik<\/strong><\/td>\n<td width=\"141\"><strong>Rok<\/strong><\/td>\n<td width=\"98\"><strong>Kod hamulca<\/strong><\/td>\n<\/tr>\n<tr>\n<td width=\"114\">RAM<\/td>\n<td width=\"121\">1500<\/td>\n<td width=\"122\">3.0 EcoDiesel<\/td>\n<td width=\"141\">2002 - 2023<\/td>\n<td>BNN<\/td>\n<\/tr>\n<tr>\n<td width=\"114\">RAM<\/td>\n<td width=\"121\">1500<\/td>\n<td width=\"122\">3.6<\/td>\n<td width=\"141\">2019\u20132024<\/td>\n<td>BNN<\/td>\n<\/tr>\n<tr>\n<td width=\"114\">RAM<\/td>\n<td width=\"121\">1500<\/td>\n<td width=\"122\">5.7<\/td>\n<td width=\"141\">2019\u20132024<\/td>\n<td>BNN<\/td>\n<\/tr>\n<tr>\n<td width=\"114\">RAM<\/td>\n<td width=\"121\">1500<\/td>\n<td width=\"122\">6.2 TRX<\/td>\n<td width=\"141\">2020\u20132024<\/td>\n<td>BNN<\/td>\n<\/tr>\n<\/tbody>\n<\/table>\n<p>&nbsp;<\/p>\n<p><strong>Zakres dostawy: <\/strong><\/p>\n<p>- 1 zestaw klock\u00f3w hamulcowych (922Y.765) dla osi przedniej<\/p>","protected":false},"excerpt":{"rendered":"<p>2019\u20132024<\/p>","protected":false},"featured_media":68298354,"comment_status":"open","ping_status":"closed","template":"","meta":{"_acf_changed":false},"product_brand":[17621],"product_cat":[19406,19677,5012,4704],"product_tag":[475,4721,4722,4723,4724,4725,6773,4702,6833,1046,590,795,840,1070,6834,7614,36,6835,86,3507,3518,970,592,2353,2139,842,841,673,2135,2137],"class_list":{"0":"post-68298347","1":"product","2":"type-product","3":"status-publish","4":"has-post-thumbnail","6":"product_brand-hawk-performance","7":"product_cat-1500-ecodiesel-2020-2023-bremsen-vorne","8":"product_cat-1500-36-dt-bremsen-vorne","9":"product_cat-1500-57-dt-bremsen-vorne","10":"product_cat-trx-bremsen-vorne","11":"product_tag-475","12":"product_tag-68412557aa","13":"product_tag-68412557ab","14":"product_tag-68412557ac","15":"product_tag-68412557ad","16":"product_tag-68412557ae","17":"product_tag-68520814ab","18":"product_tag-68520814ac","19":"product_tag-922y-765","20":"product_tag-abe","21":"product_tag-bremsbelaege","22":"product_tag-bremse","23":"product_tag-bremskloetze","24":"product_tag-hawk","25":"product_tag-hawk-performance","26":"product_tag-hawk10","27":"product_tag-kraftwerk","28":"product_tag-lts","29":"product_tag-ram","30":"product_tag-ram1500","31":"product_tag-sportbremsbelag","32":"product_tag-sportbremsbelaege","33":"product_tag-sportbremse","34":"product_tag-trx","35":"product_tag-tuev","36":"product_tag-vorderachse","37":"product_tag-vorne","38":"product_tag-zubehoer","39":"product_tag-zubehoerbremsbelaege","40":"product_tag-zulassung","41":"product_shipping_class-deutschlandohne","43":"first","44":"instock","45":"taxable","46":"shipping-taxable","47":"purchasable","48":"product-type-simple"},"bundled_by":[],"bundle_stock_status":"instock","bundle_stock_quantity":2,"bundle_virtual":false,"bundle_layout":"","bundle_add_to_cart_form_location":"","bundle_editable_in_cart":false,"bundle_sold_individually_context":"","bundle_item_grouping":"","bundle_min_size":"","bundle_max_size":"","bundle_price":[],"bundled_items":[],"bundle_sell_ids":[],"exclude_global_add_ons":[],"addons":[],"acf":[],"_links":{"self":[{"href":"https:\/\/kraftwerk-shop.cc\/pl\/wp-json\/wp\/v2\/product\/68298347","targetHints":{"allow":["GET"]}}],"collection":[{"href":"https:\/\/kraftwerk-shop.cc\/pl\/wp-json\/wp\/v2\/product"}],"about":[{"href":"https:\/\/kraftwerk-shop.cc\/pl\/wp-json\/wp\/v2\/types\/product"}],"replies":[{"embeddable":true,"href":"https:\/\/kraftwerk-shop.cc\/pl\/wp-json\/wp\/v2\/comments?post=68298347"}],"version-history":[{"count":0,"href":"https:\/\/kraftwerk-shop.cc\/pl\/wp-json\/wp\/v2\/product\/68298347\/revisions"}],"wp:featuredmedia":[{"embeddable":true,"href":"https:\/\/kraftwerk-shop.cc\/pl\/wp-json\/wp\/v2\/media\/68298354"}],"wp:attachment":[{"href":"https:\/\/kraftwerk-shop.cc\/pl\/wp-json\/wp\/v2\/media?parent=68298347"}],"wp:term":[{"taxonomy":"product_brand","embeddable":true,"href":"https:\/\/kraftwerk-shop.cc\/pl\/wp-json\/wp\/v2\/product_brand?post=68298347"},{"taxonomy":"product_cat","embeddable":true,"href":"https:\/\/kraftwerk-shop.cc\/pl\/wp-json\/wp\/v2\/product_cat?post=68298347"},{"taxonomy":"product_tag","embeddable":true,"href":"https:\/\/kraftwerk-shop.cc\/pl\/wp-json\/wp\/v2\/product_tag?post=68298347"}],"curies":[{"name":"wp","href":"https:\/\/api.w.org\/{rel}","templated":true}]}}