{"id":68298382,"date":"2024-02-18T15:38:01","date_gmt":"2024-02-18T14:38:01","guid":{"rendered":"https:\/\/kraftwerk-shop.cc\/?post_type=product&#038;p=68298382"},"modified":"2026-02-15T01:08:11","modified_gmt":"2026-02-15T00:08:11","slug":"obudowa-termostatu-mopar-53022168ad","status":"publish","type":"product","link":"https:\/\/kraftwerk-shop.cc\/pl\/produkt\/mopar-thermostatgehaeuse-53022168ad\/","title":{"rendered":"Obudowa termostatu Mopar 5.7, 6.1 i 6.4 (53022168AD)"},"content":{"rendered":"<h1>Oryginalna obudowa termostatu Mopar dla Chrysler, Dodge, Jeep i RAM 5.7, 6.1 i 6.4<\/h1>\n<p>&nbsp;<\/p>\n<p><strong>Numer cz\u0119\u015bci Mopar:<\/strong> 53022168AD<br \/>\n<strong>Zast\u0105piony:<\/strong> <span class=\"list-value\">53022168AA, 53022168AB, 53022168AC<\/span><\/p>\n<p>&nbsp;<\/p>\n<p>&nbsp;<\/p>\n<p><strong>Odpowiedni dla:<\/strong><\/p>\n<table width=\"620\">\n<tbody>\n<tr>\n<td width=\"82\"><strong>Rok<\/strong><\/td>\n<td width=\"82\"><strong>Marka<\/strong><\/td>\n<td width=\"154\"><strong>Model<\/strong><\/td>\n<td width=\"220\"><strong>Wariant<\/strong><\/td>\n<td width=\"82\"><strong>Silnik<\/strong><\/td>\n<\/tr>\n<tr>\n<td width=\"82\">2024<\/td>\n<td width=\"82\">Jeep<\/td>\n<td width=\"154\">Grand Wagoneer<\/td>\n<td width=\"220\">Podstawa, Obsidian, seria III<\/td>\n<td width=\"82\">6.4L<\/td>\n<\/tr>\n<tr>\n<td width=\"82\">2024<\/td>\n<td width=\"82\">Ram<\/td>\n<td width=\"154\">1500<\/td>\n<td width=\"220\">Big Horn, Laramie, Limited, Limited Longhorn, Lone Star, Rebel, Tradesman<\/td>\n<td width=\"82\">5.7L V8 - Elektryczny\/Gazowy, 5.7L<\/td>\n<\/tr>\n<tr>\n<td width=\"82\">2023<\/td>\n<td width=\"82\">Dodge<\/td>\n<td width=\"154\">Charger<\/td>\n<td width=\"220\">Pursuit, R\/T<\/td>\n<td width=\"82\">5.7L<\/td>\n<\/tr>\n<tr>\n<td width=\"82\">2023<\/td>\n<td width=\"82\">Jeep<\/td>\n<td width=\"154\">Grand Wagoneer<\/td>\n<td width=\"220\">Base, Obsidian, Series II, Series III, Series III Obsidian<\/td>\n<td width=\"82\">6.4L<\/td>\n<\/tr>\n<tr>\n<td width=\"82\">2023<\/td>\n<td width=\"82\">Jeep<\/td>\n<td width=\"154\">Wagoneer<\/td>\n<td width=\"220\">Base<\/td>\n<td width=\"82\">5.7L V8 - Elektryczny\/Gazowy<\/td>\n<\/tr>\n<tr>\n<td width=\"82\">2023<\/td>\n<td width=\"82\">Ram<\/td>\n<td width=\"154\">1500<\/td>\n<td width=\"220\">Big Horn, Laramie, Limited, Limited Longhorn, Lone Star, Rebel, Tradesman<\/td>\n<td width=\"82\">5.7L V8 - Elektryczny\/Gazowy, 5.7L<\/td>\n<\/tr>\n<tr>\n<td width=\"82\">2023<\/td>\n<td width=\"82\">Ram<\/td>\n<td width=\"154\">1500 Classic<\/td>\n<td width=\"220\">Express, SLT, Tradesman, Warlock<\/td>\n<td width=\"82\">5.7L<\/td>\n<\/tr>\n<tr>\n<td width=\"82\">2022<\/td>\n<td width=\"82\">Dodge<\/td>\n<td width=\"154\">Charger<\/td>\n<td width=\"220\">R\/T<\/td>\n<td width=\"82\">5.7L<\/td>\n<\/tr>\n<tr>\n<td width=\"82\">2022<\/td>\n<td width=\"82\">Jeep<\/td>\n<td width=\"154\">Grand Wagoneer<\/td>\n<td width=\"220\">Obsidian, Series I, Series II, Series III<\/td>\n<td width=\"82\">6.4L<\/td>\n<\/tr>\n<tr>\n<td width=\"82\">2022<\/td>\n<td width=\"82\">Jeep<\/td>\n<td width=\"154\">Wagoneer<\/td>\n<td width=\"220\">Series II, Series III<\/td>\n<td width=\"82\">5.7L V8 - Elektryczny\/Gazowy<\/td>\n<\/tr>\n<tr>\n<td width=\"82\">2022<\/td>\n<td width=\"82\">Ram<\/td>\n<td width=\"154\">1500<\/td>\n<td width=\"220\">Big Horn, Laramie, Limited, Limited Longhorn, Lone Star, Rebel, Tradesman<\/td>\n<td width=\"82\">5.7L V8 - Elektryczny\/Gazowy, 5.7L<\/td>\n<\/tr>\n<tr>\n<td width=\"82\">2022<\/td>\n<td width=\"82\">Ram<\/td>\n<td width=\"154\">1500 Classic<\/td>\n<td width=\"220\">Express, SLT, Tradesman, Warlock<\/td>\n<td width=\"82\">5.7L<\/td>\n<\/tr>\n<tr>\n<td width=\"82\">2021<\/td>\n<td width=\"82\">Dodge<\/td>\n<td width=\"154\">Charger<\/td>\n<td width=\"220\">R\/T<\/td>\n<td width=\"82\">5.7L<\/td>\n<\/tr>\n<tr>\n<td width=\"82\">2021<\/td>\n<td width=\"82\">Ram<\/td>\n<td width=\"154\">1500<\/td>\n<td width=\"220\">Big Horn, Laramie, Limited, Limited Longhorn, Lone Star, Rebel, Tradesman<\/td>\n<td width=\"82\">5.7L V8 - Elektryczny\/Gazowy, 5.7L<\/td>\n<\/tr>\n<tr>\n<td width=\"82\">2021<\/td>\n<td width=\"82\">Ram<\/td>\n<td width=\"154\">1500 Classic<\/td>\n<td width=\"220\">Express, SLT, Tradesman, Warlock<\/td>\n<td width=\"82\">5.7L<\/td>\n<\/tr>\n<tr>\n<td width=\"82\">2020<\/td>\n<td width=\"82\">Dodge<\/td>\n<td width=\"154\">Charger<\/td>\n<td width=\"220\">Pursuit, R\/T<\/td>\n<td width=\"82\">5.7L<\/td>\n<\/tr>\n<tr>\n<td width=\"82\">2020<\/td>\n<td width=\"82\">Ram<\/td>\n<td width=\"154\">1500<\/td>\n<td width=\"220\">Big Horn, Laramie, Laramie Longhorn, Limited, Lone Star, Rebel, Tradesman<\/td>\n<td width=\"82\">5.7L V8 - Elektryczny\/Gazowy, 5.7L<\/td>\n<\/tr>\n<tr>\n<td width=\"82\">2020<\/td>\n<td width=\"82\">Ram<\/td>\n<td width=\"154\">1500 Classic<\/td>\n<td width=\"220\">Express, SLT, Special Service, Tradesman, Warlock<\/td>\n<td width=\"82\">5.7L<\/td>\n<\/tr>\n<tr>\n<td width=\"82\">2019<\/td>\n<td width=\"82\">Dodge<\/td>\n<td width=\"154\">Charger<\/td>\n<td width=\"220\">Pursuit, R\/T<\/td>\n<td width=\"82\">5.7L<\/td>\n<\/tr>\n<tr>\n<td width=\"82\">2019<\/td>\n<td width=\"82\">Ram<\/td>\n<td width=\"154\">1500<\/td>\n<td width=\"220\">Big Horn, Laramie, Laramie Longhorn, Limited, Lone Star, Rebel, Tradesman<\/td>\n<td width=\"82\">5.7L V8 - Elektryczny\/Gazowy, 5.7L<\/td>\n<\/tr>\n<tr>\n<td width=\"82\">2019<\/td>\n<td width=\"82\">Ram<\/td>\n<td width=\"154\">1500 Classic<\/td>\n<td width=\"220\">Big Horn, Express, Lone Star, SLT, Special Service, Tradesman, Warlock<\/td>\n<td width=\"82\">5.7L<\/td>\n<\/tr>\n<tr>\n<td width=\"82\">2018<\/td>\n<td width=\"82\">Dodge<\/td>\n<td width=\"154\">Charger<\/td>\n<td width=\"220\">Daytona, Pursuit, R\/T<\/td>\n<td width=\"82\">5.7L<\/td>\n<\/tr>\n<tr>\n<td width=\"82\">2018<\/td>\n<td width=\"82\">Ram<\/td>\n<td width=\"154\">1500<\/td>\n<td width=\"220\">Big Horn, Express, Laramie, Laramie Longhorn, Limited, Lone Star, Rebel, SLT, Special Service, Sport, Tradesman<\/td>\n<td width=\"82\">5.7L<\/td>\n<\/tr>\n<tr>\n<td width=\"82\">2017<\/td>\n<td width=\"82\">Dodge<\/td>\n<td width=\"154\">Charger<\/td>\n<td width=\"220\">Daytona, Pursuit, R\/T<\/td>\n<td width=\"82\">5.7L<\/td>\n<\/tr>\n<tr>\n<td width=\"82\">2017<\/td>\n<td width=\"82\">Ram<\/td>\n<td width=\"154\">1500<\/td>\n<td width=\"220\">Big Horn, Express, Laramie, Laramie Longhorn, Limited, Lone Star, Rebel, SLT, Special Service, Sport, Tradesman<\/td>\n<td width=\"82\">5.7L<\/td>\n<\/tr>\n<tr>\n<td width=\"82\">2016<\/td>\n<td width=\"82\">Dodge<\/td>\n<td width=\"154\">Charger<\/td>\n<td width=\"220\">Pursuit, R\/T, R\/T Road &amp; Track<\/td>\n<td width=\"82\">5.7L<\/td>\n<\/tr>\n<tr>\n<td width=\"82\">2016<\/td>\n<td width=\"82\">Ram<\/td>\n<td width=\"154\">1500<\/td>\n<td width=\"220\">Big Horn, Express, Laramie, Laramie Longhorn, Limited, Lone Star, Outdoorsman, Rebel, SLT, Special Service, Sport, Tradesman<\/td>\n<td width=\"82\">5.7L<\/td>\n<\/tr>\n<tr>\n<td width=\"82\">2015<\/td>\n<td width=\"82\">Dodge<\/td>\n<td width=\"154\">Charger<\/td>\n<td width=\"220\">Pursuit, R\/T, R\/T Road &amp; Track<\/td>\n<td width=\"82\">5.7L<\/td>\n<\/tr>\n<tr>\n<td width=\"82\">2015<\/td>\n<td width=\"82\">Ram<\/td>\n<td width=\"154\">1500<\/td>\n<td width=\"220\">Big Horn, Express, Laramie, Laramie Limited, Laramie Longhorn, Limited, Lone Star, Outdoorsman, Rebel, SLT, Special Service, Sport, Tradesman<\/td>\n<td width=\"82\">5.7L<\/td>\n<\/tr>\n<tr>\n<td width=\"82\">2014<\/td>\n<td width=\"82\">Chrysler<\/td>\n<td width=\"154\">300<\/td>\n<td width=\"220\">SRT8<\/td>\n<td width=\"82\">6.4L<\/td>\n<\/tr>\n<tr>\n<td width=\"82\">2014<\/td>\n<td width=\"82\">Dodge<\/td>\n<td width=\"154\">Charger<\/td>\n<td width=\"220\">Pursuit, R\/T, SRT8<\/td>\n<td width=\"82\">5.7L, 6.4L<\/td>\n<\/tr>\n<tr>\n<td width=\"82\">2014<\/td>\n<td width=\"82\">Ram<\/td>\n<td width=\"154\">1500<\/td>\n<td width=\"220\">Big Horn, Express, HFE, Laramie, Laramie Limited, Laramie Longhorn, Lone Star, Outdoorsman, SLT, Special Service, Sport, Tradesman<\/td>\n<td width=\"82\">5.7L<\/td>\n<\/tr>\n<tr>\n<td width=\"82\">2013<\/td>\n<td width=\"82\">Chrysler<\/td>\n<td width=\"154\">300<\/td>\n<td width=\"220\">SRT8, SRT8 Core<\/td>\n<td width=\"82\">6.4L<\/td>\n<\/tr>\n<tr>\n<td width=\"82\">2013<\/td>\n<td width=\"82\">Dodge<\/td>\n<td width=\"154\">Challenger<\/td>\n<td width=\"220\">SRT8<\/td>\n<td width=\"82\">6.4L<\/td>\n<\/tr>\n<tr>\n<td width=\"82\">2013<\/td>\n<td width=\"82\">Dodge<\/td>\n<td width=\"154\">Charger<\/td>\n<td width=\"220\">Pursuit, R\/T, SE, SRT8<\/td>\n<td width=\"82\">5.7L, 6.4L<\/td>\n<\/tr>\n<tr>\n<td width=\"82\">2013<\/td>\n<td width=\"82\">Ram<\/td>\n<td width=\"154\">1500<\/td>\n<td width=\"220\">Big Horn, Express, Laramie, Laramie Longhorn, Outdoorsman, R\/T, SLT, Sport, Tradesman<\/td>\n<td width=\"82\">5.7L<\/td>\n<\/tr>\n<tr>\n<td width=\"82\">2012<\/td>\n<td width=\"82\">Chrysler<\/td>\n<td width=\"154\">300<\/td>\n<td width=\"220\">SRT8<\/td>\n<td width=\"82\">6.4L<\/td>\n<\/tr>\n<tr>\n<td width=\"82\">2012<\/td>\n<td width=\"82\">Dodge<\/td>\n<td width=\"154\">Challenger<\/td>\n<td width=\"220\">SRT8<\/td>\n<td width=\"82\">6.4L<\/td>\n<\/tr>\n<tr>\n<td width=\"82\">2012<\/td>\n<td width=\"82\">Dodge<\/td>\n<td width=\"154\">Charger<\/td>\n<td width=\"220\">Pursuit, R\/T, SE, SRT8<\/td>\n<td width=\"82\">5.7L, 6.4L<\/td>\n<\/tr>\n<tr>\n<td width=\"82\">2012<\/td>\n<td width=\"82\">Ram<\/td>\n<td width=\"154\">1500<\/td>\n<td width=\"220\">Big Horn, Express, Laramie, Laramie Longhorn, Outdoorsman, SLT, ST, Sport, Tradesman<\/td>\n<td width=\"82\">5.7L<\/td>\n<\/tr>\n<tr>\n<td width=\"82\">2011<\/td>\n<td width=\"82\">Dodge<\/td>\n<td width=\"154\">Charger<\/td>\n<td width=\"220\">Pursuit, R\/T, SE<\/td>\n<td width=\"82\">5.7L<\/td>\n<\/tr>\n<tr>\n<td width=\"82\">2010<\/td>\n<td width=\"82\">Chrysler<\/td>\n<td width=\"154\">300<\/td>\n<td width=\"220\">C, S<\/td>\n<td width=\"82\">5.7L<\/td>\n<\/tr>\n<tr>\n<td width=\"82\">2010<\/td>\n<td width=\"82\">Dodge<\/td>\n<td width=\"154\">Charger<\/td>\n<td width=\"220\">Pursuit, R\/T, SE<\/td>\n<td width=\"82\">5.7L<\/td>\n<\/tr>\n<tr>\n<td width=\"82\">2009<\/td>\n<td width=\"82\">Chrysler<\/td>\n<td width=\"154\">300<\/td>\n<td width=\"220\">C<\/td>\n<td width=\"82\">5.7L<\/td>\n<\/tr>\n<tr>\n<td width=\"82\">2009<\/td>\n<td width=\"82\">Dodge<\/td>\n<td width=\"154\">Charger<\/td>\n<td width=\"220\">Pursuit, R\/T, SE<\/td>\n<td width=\"82\">5.7L<\/td>\n<\/tr>\n<tr>\n<td width=\"82\">2008<\/td>\n<td width=\"82\">Chrysler<\/td>\n<td width=\"154\">300<\/td>\n<td width=\"220\">C, C SRT8<\/td>\n<td width=\"82\">5.7L, 6.1L<\/td>\n<\/tr>\n<tr>\n<td width=\"82\">2008<\/td>\n<td width=\"82\">Dodge<\/td>\n<td width=\"154\">Charger<\/td>\n<td width=\"220\">Pursuit, R\/T, SE, SRT8<\/td>\n<td width=\"82\">5.7L, 6.1L<\/td>\n<\/tr>\n<tr>\n<td width=\"82\">2008<\/td>\n<td width=\"82\">Dodge<\/td>\n<td width=\"154\">Magnum<\/td>\n<td width=\"220\">R\/T, SRT8<\/td>\n<td width=\"82\">5.7L, 6.1L<\/td>\n<\/tr>\n<tr>\n<td width=\"82\">2007<\/td>\n<td width=\"82\">Chrysler<\/td>\n<td width=\"154\">300<\/td>\n<td width=\"220\">C<\/td>\n<td width=\"82\">5.7L<\/td>\n<\/tr>\n<tr>\n<td width=\"82\">2007<\/td>\n<td width=\"82\">Dodge<\/td>\n<td width=\"154\">Charger<\/td>\n<td width=\"220\">Pursuit, R\/T<\/td>\n<td width=\"82\">5.7L<\/td>\n<\/tr>\n<tr>\n<td width=\"82\">2007<\/td>\n<td width=\"82\">Dodge<\/td>\n<td width=\"154\">Magnum<\/td>\n<td width=\"220\">R\/T<\/td>\n<td width=\"82\">5.7L<\/td>\n<\/tr>\n<tr>\n<td width=\"82\">2006<\/td>\n<td width=\"82\">Chrysler<\/td>\n<td width=\"154\">300<\/td>\n<td width=\"220\">C<\/td>\n<td width=\"82\">5.7L<\/td>\n<\/tr>\n<tr>\n<td width=\"82\">2006<\/td>\n<td width=\"82\">Dodge<\/td>\n<td width=\"154\">Charger<\/td>\n<td width=\"220\">R\/T<\/td>\n<td width=\"82\">5.7L<\/td>\n<\/tr>\n<tr>\n<td width=\"82\">2006<\/td>\n<td width=\"82\">Dodge<\/td>\n<td width=\"154\">Magnum<\/td>\n<td width=\"220\">R\/T<\/td>\n<td width=\"82\">5.7L<\/td>\n<\/tr>\n<\/tbody>\n<\/table>","protected":false},"excerpt":{"rendered":"<p>Oryginalna cz\u0119\u015b\u0107 Mopar<\/p>","protected":false},"featured_media":68298462,"comment_status":"open","ping_status":"closed","template":"","meta":{"_acf_changed":false},"product_brand":[16270],"product_cat":[2549,4981,2545,2546,2530,2548,2547,2537,5160,2536,2534,2533,2531,2544,2543,6383,4806,2541,2540,2538,1517],"product_tag":[18480,18481,18482,18479,217,91,6842,6843,6844,6845,92,93,48,49,3853,613,50,8813,9424,16271,16273,16275,16272,16274,7221,86,267,614],"class_list":{"0":"post-68298382","1":"product","2":"type-product","3":"status-publish","4":"has-post-thumbnail","6":"product_brand-mopar","7":"product_cat-300c-57-2005-2010-kuehlung","8":"product_cat-300c-57-2011-2023-kuehlung","9":"product_cat-300c-61-kuehlung","10":"product_cat-300c-64-kuehlung","11":"product_cat-challenger-57-kuehlung","12":"product_cat-challenger-61-kuehlung","13":"product_cat-challenger-64-kuehlung","14":"product_cat-charger-57-kuehlung","15":"product_cat-charger-57-2011-2023-kuehlung","16":"product_cat-charger-61-kuehlung","17":"product_cat-charger-64-kuehlung","18":"product_cat-durango-57-kuehlung","19":"product_cat-durango-64-kuehlung","20":"product_cat-magnum-57-kuehlung","21":"product_cat-magnum-61-kuehlung","22":"product_cat-commander-kuehlung","23":"product_cat-grand-cherokee-57-2005-2010-kuehlung","24":"product_cat-grand-cherokee-57-2011-2021-kuehlung","25":"product_cat-grand-cherokee-61-kuehlung","26":"product_cat-grand-cherokee-64-kuehlung","27":"product_cat-1500-57-2009-2018-classic-kuehlung","28":"product_tag-053022168aa","29":"product_tag-053022168ab","30":"product_tag-053022168ac","31":"product_tag-053022168ad","32":"product_tag-217","33":"product_tag-5-7","34":"product_tag-53022168aa","35":"product_tag-53022168ab","36":"product_tag-53022168ac","37":"product_tag-53022168ad","38":"product_tag-6-1","39":"product_tag-6-4","40":"product_tag-chrysler","41":"product_tag-dodge","42":"product_tag-dodge-challenger","43":"product_tag-gehaeuse","44":"product_tag-jeep","45":"product_tag-mopar-autoteile","46":"product_tag-mopar-ersatzteile","47":"product_tag-mopar-ersatzteile-kaufen","48":"product_tag-mopar-performance-teile","49":"product_tag-mopar-teile-katalog","50":"product_tag-mopar-teile-online","51":"product_tag-mopar-tuningteile","52":"product_tag-mopar10","53":"product_tag-ram","54":"product_tag-thermostat","55":"product_tag-thermostatgehaeuse","57":"first","58":"instock","59":"taxable","60":"shipping-taxable","61":"purchasable","62":"product-type-simple"},"bundled_by":[],"bundle_stock_status":"instock","bundle_stock_quantity":2,"bundle_virtual":false,"bundle_layout":"","bundle_add_to_cart_form_location":"","bundle_editable_in_cart":false,"bundle_sold_individually_context":"","bundle_item_grouping":"","bundle_min_size":"","bundle_max_size":"","bundle_price":[],"bundled_items":[],"bundle_sell_ids":[],"exclude_global_add_ons":[],"addons":[],"acf":[],"_links":{"self":[{"href":"https:\/\/kraftwerk-shop.cc\/pl\/wp-json\/wp\/v2\/product\/68298382","targetHints":{"allow":["GET"]}}],"collection":[{"href":"https:\/\/kraftwerk-shop.cc\/pl\/wp-json\/wp\/v2\/product"}],"about":[{"href":"https:\/\/kraftwerk-shop.cc\/pl\/wp-json\/wp\/v2\/types\/product"}],"replies":[{"embeddable":true,"href":"https:\/\/kraftwerk-shop.cc\/pl\/wp-json\/wp\/v2\/comments?post=68298382"}],"version-history":[{"count":0,"href":"https:\/\/kraftwerk-shop.cc\/pl\/wp-json\/wp\/v2\/product\/68298382\/revisions"}],"wp:featuredmedia":[{"embeddable":true,"href":"https:\/\/kraftwerk-shop.cc\/pl\/wp-json\/wp\/v2\/media\/68298462"}],"wp:attachment":[{"href":"https:\/\/kraftwerk-shop.cc\/pl\/wp-json\/wp\/v2\/media?parent=68298382"}],"wp:term":[{"taxonomy":"product_brand","embeddable":true,"href":"https:\/\/kraftwerk-shop.cc\/pl\/wp-json\/wp\/v2\/product_brand?post=68298382"},{"taxonomy":"product_cat","embeddable":true,"href":"https:\/\/kraftwerk-shop.cc\/pl\/wp-json\/wp\/v2\/product_cat?post=68298382"},{"taxonomy":"product_tag","embeddable":true,"href":"https:\/\/kraftwerk-shop.cc\/pl\/wp-json\/wp\/v2\/product_tag?post=68298382"}],"curies":[{"name":"wp","href":"https:\/\/api.w.org\/{rel}","templated":true}]}}