{"id":68298404,"date":"2024-02-18T16:52:24","date_gmt":"2024-02-18T15:52:24","guid":{"rendered":"https:\/\/kraftwerk-shop.cc\/?post_type=product&#038;p=68298404"},"modified":"2026-03-10T20:12:48","modified_gmt":"2026-03-10T19:12:48","slug":"przepustnica-granatelli-95","status":"publish","type":"product","link":"https:\/\/kraftwerk-shop.cc\/pl\/produkt\/granatelli-drosselklappe-95\/","title":{"rendered":"Granatelli Motorsports 95 mm korpus przepustnicy 5.7 i 6.4"},"content":{"rendered":"<h1>Korpus przepustnicy Granatelli Motorsports 95 mm do silnik\u00f3w Chrysler, Dodge, Jeep i RAM 5.7 i 6.4 od 2013 r.<\/h1>\n<p>&nbsp;<\/p>\n<p>Granatelli Motorsports z dum\u0105 oferuje 95-milimetrowe korpusy przepustnic do silnik\u00f3w Dodge Hemi Drive-By-Wire z 2013 roku i nowszych.<br \/>\n95-milimetrowe korpusy przepustnic s\u0105 precyzyjnie zaprojektowane, aby przekracza\u0107 wymagania potrzebne do zwi\u0119kszenia przep\u0142ywu powietrza we wszystkich zastosowaniach wyczynowych Hemi, zar\u00f3wno wolnoss\u0105cych, jak i wymuszonych.<\/p>\n<p>Mo\u017ce by\u0107 u\u017cywany z fabrycznym lub nieoryginalnym kolektorem dolotowym. Wykorzystuje z\u0142\u0105cze wi\u0105zki przewod\u00f3w OEM.<\/p>\n<p>&nbsp;<\/p>\n<p><strong>Cechy:<\/strong><\/p>\n<ul>\n<li>\u015arednica wewn\u0119trzna 95 mm<\/li>\n<li>Znaczny wzrost przep\u0142ywu powietrza w ca\u0142ym zakresie pr\u0119dko\u015bci<\/li>\n<li>Lepsza reakcja peda\u0142u przyspieszenia<\/li>\n<li>Bezpo\u015bredni zamiennik standardowej przepustnicy (plug and play)<\/li>\n<li>Umo\u017cliwia lepsze i szybsze przyspieszenie silnika<\/li>\n<li>Prosty monta\u017c<\/li>\n<\/ul>\n<p>&nbsp;<\/p>\n<p>Nadaje si\u0119 do standardowych pojazd\u00f3w i pojazd\u00f3w o zwi\u0119kszonych osi\u0105gach (w tym konwersji do\u0142adowania).<\/p>\n<p>&nbsp;<\/p>\n<p><strong>Odpowiedni dla:<\/strong><\/p>\n<table width=\"449\">\n<tbody>\n<tr>\n<td width=\"115\"><strong>Marka<\/strong><\/td>\n<td width=\"145\"><strong>Model<\/strong><\/td>\n<td width=\"106\"><strong>Silnik<\/strong><\/td>\n<td width=\"83\"><strong>Rok<\/strong><\/td>\n<\/tr>\n<tr>\n<td>Chrysler<\/td>\n<td>300C<\/td>\n<td>5.7<\/td>\n<td>2013\u20132023<\/td>\n<\/tr>\n<tr>\n<td width=\"115\">Chrysler<\/td>\n<td width=\"145\">300C<\/td>\n<td>6.4<\/td>\n<td width=\"83\">2012\u20132023<\/td>\n<\/tr>\n<tr>\n<td>Dodge<\/td>\n<td>Challenger<\/td>\n<td>5.7<\/td>\n<td>2013\u20132023<\/td>\n<\/tr>\n<tr>\n<td width=\"115\">Dodge<\/td>\n<td width=\"145\">Challenger<\/td>\n<td>6.4<\/td>\n<td width=\"83\">2013\u20132023<\/td>\n<\/tr>\n<tr>\n<td>Dodge<\/td>\n<td>Charger<\/td>\n<td>5.7<\/td>\n<td>2013\u20132023<\/td>\n<\/tr>\n<tr>\n<td width=\"115\">Dodge<\/td>\n<td width=\"145\">Charger<\/td>\n<td>6.4<\/td>\n<td width=\"83\">2013\u20132023<\/td>\n<\/tr>\n<tr>\n<td>Dodge<\/td>\n<td>Durango<\/td>\n<td>5.7<\/td>\n<td>2013\u20132025<\/td>\n<\/tr>\n<tr>\n<td>Dodge<\/td>\n<td>Durango<\/td>\n<td>6.4<\/td>\n<td>2018\u20132024<\/td>\n<\/tr>\n<tr>\n<td>Jeep<\/td>\n<td>Grand Cherokee<\/td>\n<td>5.7<\/td>\n<td>2013\u20132023<\/td>\n<\/tr>\n<tr>\n<td>Jeep<\/td>\n<td>Grand Cherokee<\/td>\n<td>6.4<\/td>\n<td>2013 - 2021<\/td>\n<\/tr>\n<tr>\n<td>Jeep<\/td>\n<td>Grand Wagoneer<\/td>\n<td>6.4<\/td>\n<td>2022\u20132023<\/td>\n<\/tr>\n<tr>\n<td>Jeep<\/td>\n<td>Wrangler<\/td>\n<td>6.4<\/td>\n<td>2021\u20132025<\/td>\n<\/tr>\n<tr>\n<td>RAM<\/td>\n<td>1500<\/td>\n<td>5.7<\/td>\n<td>2013\u20132024<\/td>\n<\/tr>\n<tr>\n<td>RAM<\/td>\n<td>2500<\/td>\n<td>6.4<\/td>\n<td>2014\u20132025<\/td>\n<\/tr>\n<\/tbody>\n<\/table>\n<p>&nbsp;<\/p>\n<p>Nale\u017cy zwr\u00f3ci\u0107 uwag\u0119 na prawid\u0142owy rok produkcji, poniewa\u017c istniej\u0105 dwie r\u00f3\u017cne wersje.<br \/>\nPierwszy wariant by\u0142 instalowany do 2012 roku, a drugi od 2013 roku.<br \/>\nTen zaw\u00f3r d\u0142awi\u0105cy mo\u017ce by\u0107 u\u017cywany tylko w wariancie od 2013 roku.<\/p>\n<p>Je\u015bli nie masz pewno\u015bci, por\u00f3wnaj przepustnic\u0119 w swoim poje\u017adzie z tym obrazem, aby sprawdzi\u0107, czy zainstalowany jest wariant do 2012 roku, czy od 2013 roku:<\/p>\n<p><img decoding=\"async\" class=\"aligncenter wp-image-68256549\" src=\"https:\/\/kraftwerk-shop.cc\/wp-content\/uploads\/2021\/09\/Drosselklappe-Zuordnung-1-300x286.jpg\" alt=\"Przypisanie przepustnicy Chrysler, Dodge, Jeep\" width=\"450\" height=\"429\" \/><\/p>","protected":false},"excerpt":{"rendered":"<p>od 2013 r.<\/p>","protected":false},"featured_media":68298521,"comment_status":"open","ping_status":"closed","template":"","meta":{"_acf_changed":false},"product_brand":[20094],"product_cat":[4973,2517,2501,2512,5151,2516,2521,2520,2500,2499,2518,6784,1512,2916],"product_tag":[52,185,91,93,179,6849,54,53,48,536,49,3853,3854,158,95,6846,6847,6848,56,6545,159,160,126,50,4425,36,184,186,86,96],"class_list":{"0":"post-68298404","1":"product","2":"type-product","3":"status-publish","4":"has-post-thumbnail","6":"product_brand-granatelli-motor-sports","7":"product_cat-300c-57-2011-2023-ansaugung","8":"product_cat-300c-64-ansaugung","9":"product_cat-challenger-57-ansaugung","10":"product_cat-challenger-64-ansaugung","11":"product_cat-charger-57-2011-2023-ansaugung","12":"product_cat-charger-64-ansaugung","13":"product_cat-durango-57-ansaugung","14":"product_cat-durango-64-ansaugung","15":"product_cat-grand-cherokee-57-2011-2021-ansaugung","16":"product_cat-grand-cherokee-61-ansaugung","17":"product_cat-grand-cherokee-64-ansaugung","18":"product_cat-wagoneer-64-ansaugung","19":"product_cat-1500-57-2009-2018-classic-ansaugung","20":"product_cat-2500-3500-64-ansaugung","21":"product_tag-300c","22":"product_tag-185","23":"product_tag-5-7","24":"product_tag-6-4","25":"product_tag-95-mm","26":"product_tag-95mm","27":"product_tag-challenger","28":"product_tag-charger","29":"product_tag-chrysler","30":"product_tag-chrysler-300c","31":"product_tag-dodge","32":"product_tag-dodge-challenger","33":"product_tag-dodge-charger","34":"product_tag-drosselklappe","35":"product_tag-durango","36":"product_tag-gmtbhlcb","37":"product_tag-granatelli","38":"product_tag-granatelli-motorsports","39":"product_tag-grand-cherokee","40":"product_tag-grand-wagoneer","41":"product_tag-gross","42":"product_tag-groesser","43":"product_tag-hemi","44":"product_tag-jeep","45":"product_tag-jeep-grand-cherokee","46":"product_tag-kraftwerk","47":"product_tag-mm","48":"product_tag-performance","49":"product_tag-ram","50":"product_tag-srt","52":"first","53":"instock","54":"taxable","55":"shipping-taxable","56":"purchasable","57":"product-type-simple"},"bundled_by":[],"bundle_stock_status":"instock","bundle_stock_quantity":1,"bundle_virtual":false,"bundle_layout":"","bundle_add_to_cart_form_location":"","bundle_editable_in_cart":false,"bundle_sold_individually_context":"","bundle_item_grouping":"","bundle_min_size":"","bundle_max_size":"","bundle_price":[],"bundled_items":[],"bundle_sell_ids":[],"exclude_global_add_ons":[],"addons":[],"acf":[],"_links":{"self":[{"href":"https:\/\/kraftwerk-shop.cc\/pl\/wp-json\/wp\/v2\/product\/68298404","targetHints":{"allow":["GET"]}}],"collection":[{"href":"https:\/\/kraftwerk-shop.cc\/pl\/wp-json\/wp\/v2\/product"}],"about":[{"href":"https:\/\/kraftwerk-shop.cc\/pl\/wp-json\/wp\/v2\/types\/product"}],"replies":[{"embeddable":true,"href":"https:\/\/kraftwerk-shop.cc\/pl\/wp-json\/wp\/v2\/comments?post=68298404"}],"version-history":[{"count":0,"href":"https:\/\/kraftwerk-shop.cc\/pl\/wp-json\/wp\/v2\/product\/68298404\/revisions"}],"wp:featuredmedia":[{"embeddable":true,"href":"https:\/\/kraftwerk-shop.cc\/pl\/wp-json\/wp\/v2\/media\/68298521"}],"wp:attachment":[{"href":"https:\/\/kraftwerk-shop.cc\/pl\/wp-json\/wp\/v2\/media?parent=68298404"}],"wp:term":[{"taxonomy":"product_brand","embeddable":true,"href":"https:\/\/kraftwerk-shop.cc\/pl\/wp-json\/wp\/v2\/product_brand?post=68298404"},{"taxonomy":"product_cat","embeddable":true,"href":"https:\/\/kraftwerk-shop.cc\/pl\/wp-json\/wp\/v2\/product_cat?post=68298404"},{"taxonomy":"product_tag","embeddable":true,"href":"https:\/\/kraftwerk-shop.cc\/pl\/wp-json\/wp\/v2\/product_tag?post=68298404"}],"curies":[{"name":"wp","href":"https:\/\/api.w.org\/{rel}","templated":true}]}}