{"id":68298790,"date":"2024-03-02T00:41:00","date_gmt":"2024-03-01T23:41:00","guid":{"rendered":"https:\/\/kraftwerk-shop.cc\/?post_type=product&#038;p=68298790"},"modified":"2026-02-15T01:08:27","modified_gmt":"2026-02-15T00:08:27","slug":"afe-54-22972-dolot-ford-f-150","status":"publish","type":"product","link":"https:\/\/kraftwerk-shop.cc\/pl\/produkt\/afe-54-22972-intake-ford-f-150\/","title":{"rendered":"Wlot zimnego powietrza aFe Magnum FORCE Stage-2 Ford F-150 3.5 EcoBoost"},"content":{"rendered":"<h1>aFe 54-22972-B Magnum FORCE Stage-2 dolot zimnego powietrza Ford F-150 3.5 EcoBoost<\/h1>\n<p>&nbsp;<\/p>\n<p><strong>2 du\u017ce 5-warstwowe filtry powietrza o wysokiej wydajno\u015bci<\/strong><br \/>\nW\u0119glowy uk\u0142ad dolotowy zimnego powietrza aFe Track Series zosta\u0142 zaprojektowany w oparciu o 2 filtry powietrza o wysoko\u015bci 7\u2033, aby zmaksymalizowa\u0107 skuteczno\u015b\u0107 filtracji i wydajno\u015b\u0107.<br \/>\nZapewnia silnikowi najwi\u0119ksz\u0105 ilo\u015b\u0107 powietrza o zoptymalizowanym przep\u0142ywie i w wi\u0119kszo\u015bci przypadk\u00f3w zapewnia najwy\u017cszy wzrost wydajno\u015bci. Ten zmywalny materia\u0142 filtracyjny z 5 warstwami stopniowo drobniej tkanej bawe\u0142nianej siatki zapewniaj\u0105cej maksymalny przep\u0142yw powietrza i wydajno\u015b\u0107 jest idealny do u\u017cytku ulicznego i \/ lub na torze.<\/p>\n<p><strong>Konstrukcja zabezpieczaj\u0105ca przed przegrzaniem montowana od g\u00f3ry<\/strong><br \/>\nFirma aFe opracowa\u0142a malowan\u0105 proszkowo na czarno aluminiow\u0105 os\u0142on\u0119 termiczn\u0105, kt\u00f3r\u0105 mo\u017cna zamontowa\u0107 w dolnej po\u0142owie oryginalnej obudowy filtra powietrza, aby umo\u017cliwi\u0107 \u0142atw\u0105 instalacj\u0119 przy u\u017cyciu fabrycznych punkt\u00f3w monta\u017cowych.<\/p>\n<p><strong>Du\u017ce, podw\u00f3jne kolektory dolotowe 3\u2033<\/strong><br \/>\nDwie zakrzywione, malowane proszkowo na czarno aluminiowe rury dolotowe s\u0105 wyposa\u017cone w rur\u0119 H, aby wyr\u00f3wna\u0107 ci\u015bnienie w rurze dolotowej i zmaksymalizowa\u0107 przep\u0142yw powietrza i pr\u0119dko\u015b\u0107.<\/p>\n<p><strong>\u0141atwy monta\u017c<\/strong><br \/>\nWszystkie zaciski, z\u0142\u0105czki i materia\u0142y mocuj\u0105ce u\u0142atwiaj\u0105ce instalacj\u0119 wchodz\u0105 w zakres dostawy.<br \/>\nJest to zestaw do bezpo\u015bredniego pod\u0142\u0105czenia, kt\u00f3ry nie wymaga ci\u0119cia ani wiercenia w oryginalnych cz\u0119\u015bciach.<\/p>\n<p>&nbsp;<\/p>\n<p><strong>szczeg\u00f3\u0142y<\/strong><br \/>\n- 71 % wi\u0119kszy przep\u0142yw ni\u017c w przypadku standardowego filtra powietrza<br \/>\n- 3\u2033 zakrzywione, malowane proszkowo na czarno aluminiowe rury wlotowe zapewniaj\u0105 zr\u00f3wnowa\u017cone ci\u015bnienie oraz maksymalny przep\u0142yw i pr\u0119dko\u015b\u0107 powietrza.<br \/>\n- Otwarta konstrukcja podkre\u015bla filtr powietrza i zapewnia agresywny ha\u0142as wlotowy<br \/>\n- Wst\u0119pnie naoliwiony, zmywalny i wielokrotnego u\u017cytku filtr powietrza Pro 10R zapewnia maksymaln\u0105 wydajno\u015b\u0107<br \/>\n- Malowana proszkowo na czarno jednocz\u0119\u015bciowa aluminiowa os\u0142ona termiczna wykorzystuje standardowe punkty mocowania<\/p>\n<p>&nbsp;<\/p>\n<p>&nbsp;<\/p>\n<p><strong>Odpowiedni dla:<\/strong><\/p>\n<table width=\"720\">\n<tbody>\n<tr>\n<td width=\"115\"><strong>Rok<\/strong><\/td>\n<td width=\"145\"><strong>Marka<\/strong><\/td>\n<td width=\"214\"><strong>Model<\/strong><\/td>\n<td width=\"163\"><strong>Wersja<\/strong><\/td>\n<td width=\"83\"><strong>Silnik<\/strong><\/td>\n<\/tr>\n<tr>\n<td width=\"115\">2018-2021<\/td>\n<td width=\"145\">Ford<\/td>\n<td width=\"214\">Ekspedycja<\/td>\n<td width=\"163\">EcoBoost<\/td>\n<td width=\"83\">V6-3.5L (tt)<\/td>\n<\/tr>\n<tr>\n<td width=\"115\">2017-2020<\/td>\n<td width=\"145\">Ford<\/td>\n<td width=\"214\">F-150<\/td>\n<td width=\"163\">EcoBoost<\/td>\n<td width=\"83\">V6-3.5L (tt)<\/td>\n<\/tr>\n<tr>\n<td width=\"115\">2017-2020<\/td>\n<td width=\"145\">Ford<\/td>\n<td width=\"214\">F-150 Raptor<\/td>\n<td width=\"163\">EcoBoost<\/td>\n<td width=\"83\">V6-3.5L (tt)<\/td>\n<\/tr>\n<\/tbody>\n<\/table>","protected":false},"excerpt":{"rendered":"<p>2017\u20132021<\/p>","protected":false},"featured_media":68298794,"comment_status":"open","ping_status":"closed","template":"","meta":{"_acf_changed":false},"product_brand":[16879],"product_cat":[6337],"product_tag":[88,6856,16880,498,2441,3588,826,824,3587,825,3873,4851,4632,3494,917,6315,1094,20273,2211,4859,57,859,6316,6314,4781,4951,500,230,194],"class_list":{"0":"post-68298790","1":"product","2":"type-product","3":"status-publish","4":"has-post-thumbnail","6":"product_brand-afe-power","7":"product_cat-f-150-35-ecoboost-ansaugung","8":"product_tag-3-5","9":"product_tag-54-22972-b","10":"product_tag-advanced-flow-engineering","11":"product_tag-afe","12":"product_tag-afe-power","13":"product_tag-air","14":"product_tag-ansaugung","15":"product_tag-cai","16":"product_tag-cold","17":"product_tag-cold-air-intake","18":"product_tag-ecoboost","19":"product_tag-expedition","20":"product_tag-f-150","21":"product_tag-force","22":"product_tag-ford","23":"product_tag-induction","24":"product_tag-intake","25":"product_tag-keintuev","26":"product_tag-klang","27":"product_tag-lincoln","28":"product_tag-luftfilter","29":"product_tag-magnum-force","30":"product_tag-navigator","31":"product_tag-rapid","32":"product_tag-raptor","33":"product_tag-sportfilter","34":"product_tag-sportluftfilter","35":"product_tag-stage-2","36":"product_tag-v8","37":"product_shipping_class-deutschlandohne","39":"first","40":"instock","41":"taxable","42":"shipping-taxable","43":"purchasable","44":"product-type-simple"},"bundled_by":[],"bundle_stock_status":"instock","bundle_stock_quantity":1,"bundle_virtual":false,"bundle_layout":"","bundle_add_to_cart_form_location":"","bundle_editable_in_cart":false,"bundle_sold_individually_context":"","bundle_item_grouping":"","bundle_min_size":"","bundle_max_size":"","bundle_price":[],"bundled_items":[],"bundle_sell_ids":[],"exclude_global_add_ons":[],"addons":[],"acf":[],"_links":{"self":[{"href":"https:\/\/kraftwerk-shop.cc\/pl\/wp-json\/wp\/v2\/product\/68298790","targetHints":{"allow":["GET"]}}],"collection":[{"href":"https:\/\/kraftwerk-shop.cc\/pl\/wp-json\/wp\/v2\/product"}],"about":[{"href":"https:\/\/kraftwerk-shop.cc\/pl\/wp-json\/wp\/v2\/types\/product"}],"replies":[{"embeddable":true,"href":"https:\/\/kraftwerk-shop.cc\/pl\/wp-json\/wp\/v2\/comments?post=68298790"}],"version-history":[{"count":0,"href":"https:\/\/kraftwerk-shop.cc\/pl\/wp-json\/wp\/v2\/product\/68298790\/revisions"}],"wp:featuredmedia":[{"embeddable":true,"href":"https:\/\/kraftwerk-shop.cc\/pl\/wp-json\/wp\/v2\/media\/68298794"}],"wp:attachment":[{"href":"https:\/\/kraftwerk-shop.cc\/pl\/wp-json\/wp\/v2\/media?parent=68298790"}],"wp:term":[{"taxonomy":"product_brand","embeddable":true,"href":"https:\/\/kraftwerk-shop.cc\/pl\/wp-json\/wp\/v2\/product_brand?post=68298790"},{"taxonomy":"product_cat","embeddable":true,"href":"https:\/\/kraftwerk-shop.cc\/pl\/wp-json\/wp\/v2\/product_cat?post=68298790"},{"taxonomy":"product_tag","embeddable":true,"href":"https:\/\/kraftwerk-shop.cc\/pl\/wp-json\/wp\/v2\/product_tag?post=68298790"}],"curies":[{"name":"wp","href":"https:\/\/api.w.org\/{rel}","templated":true}]}}